{"id":5467,"date":"2026-03-07T02:24:34","date_gmt":"2026-03-07T05:24:34","guid":{"rendered":"https:\/\/isfd52-bue.infd.edu.ar\/sitio\/?page_id=5467"},"modified":"2026-04-06T19:52:13","modified_gmt":"2026-04-06T22:52:13","slug":"horarios-de-cursada-2026","status":"publish","type":"page","link":"https:\/\/isfd52-bue.infd.edu.ar\/sitio\/horarios-de-cursada-2026\/","title":{"rendered":"HORARIOS DE CURSADA 2026"},"content":{"rendered":"\n<p><\/p>\n\n\n\n<p class=\"has-text-color has-medium-font-size\" style=\"color:#152760\"><strong>Profesorado de Ingl\u00e9s<\/strong><\/p>\n\n\n\n<div class=\"wp-block-file\"><a id=\"wp-block-file--media-3e5a00f3-1374-483e-9e26-828e9f075ac1\" href=\"https:\/\/isfd52-bue.infd.edu.ar\/sitio\/wp-content\/uploads\/2026\/03\/2026-HORARIOS-PROFESORADO-DE-INGLES.pdf\">2026-HORARIOS-PROFESORADO-DE-INGLES<\/a><a href=\"https:\/\/isfd52-bue.infd.edu.ar\/sitio\/wp-content\/uploads\/2026\/03\/2026-HORARIOS-PROFESORADO-DE-INGLES.pdf\" class=\"wp-block-file__button wp-element-button\" download aria-describedby=\"wp-block-file--media-3e5a00f3-1374-483e-9e26-828e9f075ac1\">Descarga<\/a><\/div>\n\n\n\n<div class=\"wp-block-file\"><a id=\"wp-block-file--media-ef946d9d-c8d0-4da2-a64d-c4a20045ab13\" href=\"https:\/\/isfd52-bue.infd.edu.ar\/sitio\/wp-content\/uploads\/2026\/03\/2026-INGLES-CRONOGRAMA-PARA-MATERIAS-SEMIPRESENCIALES.pdf\">2026-INGLES-CRONOGRAMA-PARA-MATERIAS-SEMIPRESENCIALES<\/a><a href=\"https:\/\/isfd52-bue.infd.edu.ar\/sitio\/wp-content\/uploads\/2026\/03\/2026-INGLES-CRONOGRAMA-PARA-MATERIAS-SEMIPRESENCIALES.pdf\" class=\"wp-block-file__button wp-element-button\" download aria-describedby=\"wp-block-file--media-ef946d9d-c8d0-4da2-a64d-c4a20045ab13\">Descarga<\/a><\/div>\n\n\n\n<p><\/p>\n\n\n\n<p class=\"has-text-color has-medium-font-size\" style=\"color:#152760\"><strong>Profesorado de Educaci\u00f3n Secundaria en Econom\u00eda<\/strong><\/p>\n\n\n\n<div class=\"wp-block-file\"><a id=\"wp-block-file--media-3f08fcb4-9245-45b5-8313-0e635b9de56c\" href=\"https:\/\/isfd52-bue.infd.edu.ar\/sitio\/wp-content\/uploads\/2026\/04\/HORARIOS-ECONOMIA-2026.pdf\">HORARIOS-ECONOMIA-2026<\/a><a href=\"https:\/\/isfd52-bue.infd.edu.ar\/sitio\/wp-content\/uploads\/2026\/04\/HORARIOS-ECONOMIA-2026.pdf\" class=\"wp-block-file__button wp-element-button\" download aria-describedby=\"wp-block-file--media-3f08fcb4-9245-45b5-8313-0e635b9de56c\">Descarga<\/a><\/div>\n\n\n\n<div class=\"wp-block-file\"><a id=\"wp-block-file--media-ddf3435f-a451-4783-8af8-ea3cb0095d52\" href=\"https:\/\/isfd52-bue.infd.edu.ar\/sitio\/wp-content\/uploads\/2026\/03\/ECONOMIA-equivalentes-de-plan-2026.pdf\">ECONOMIA-equivalentes-de-plan-2026<\/a><a href=\"https:\/\/isfd52-bue.infd.edu.ar\/sitio\/wp-content\/uploads\/2026\/03\/ECONOMIA-equivalentes-de-plan-2026.pdf\" class=\"wp-block-file__button wp-element-button\" download aria-describedby=\"wp-block-file--media-ddf3435f-a451-4783-8af8-ea3cb0095d52\">Descarga<\/a><\/div>\n\n\n\n<p><\/p>\n\n\n\n<p class=\"has-text-color has-medium-font-size\" style=\"color:#152760\"><strong>Profesorado en Tecnolog\u00edas de Equipos e Instalaciones Electromec\u00e1nicas<\/strong><\/p>\n\n\n\n<div class=\"wp-block-file\"><a id=\"wp-block-file--media-e4f5a1ba-2d58-4411-a430-7d206a1a173f\" href=\"https:\/\/isfd52-bue.infd.edu.ar\/sitio\/wp-content\/uploads\/2026\/03\/2026-HORARIOS-PROFESORADO-TECNICO.pdf\">2026-HORARIOS-PROFESORADO-TECNICO<\/a><a href=\"https:\/\/isfd52-bue.infd.edu.ar\/sitio\/wp-content\/uploads\/2026\/03\/2026-HORARIOS-PROFESORADO-TECNICO.pdf\" class=\"wp-block-file__button wp-element-button\" download aria-describedby=\"wp-block-file--media-e4f5a1ba-2d58-4411-a430-7d206a1a173f\">Descarga<\/a><\/div>\n\n\n\n<p><\/p>\n\n\n\n<p class=\"has-text-color has-medium-font-size\" style=\"color:#152760\"><strong>Profesorado de Educaci\u00f3n Primaria Turno Vespertino divisi\u00f3n A <\/strong><\/p>\n\n\n\n<div class=\"wp-block-file\"><a id=\"wp-block-file--media-437d2eea-65c0-4622-bc4b-e10ed8a196e5\" href=\"https:\/\/isfd52-bue.infd.edu.ar\/sitio\/wp-content\/uploads\/2026\/04\/PROFESORADO-DE-PRIMARIA-HORARIOS-CURSOS-A-RIVADAVIA.pdf\">PROFESORADO-DE-PRIMARIA-HORARIOS-CURSOS-A-RIVADAVIA<\/a><a href=\"https:\/\/isfd52-bue.infd.edu.ar\/sitio\/wp-content\/uploads\/2026\/04\/PROFESORADO-DE-PRIMARIA-HORARIOS-CURSOS-A-RIVADAVIA.pdf\" class=\"wp-block-file__button wp-element-button\" download aria-describedby=\"wp-block-file--media-437d2eea-65c0-4622-bc4b-e10ed8a196e5\">Descarga<\/a><\/div>\n\n\n\n<p><\/p>\n\n\n\n<p class=\"has-text-color has-medium-font-size\" style=\"color:#152760\"><strong>Profesorado de Educaci\u00f3n Primaria Turno Vespertino divisi\u00f3n B<\/strong><\/p>\n\n\n\n<div class=\"wp-block-file\"><a id=\"wp-block-file--media-7816cb78-ceb9-4753-a84a-4edb42052d17\" href=\"https:\/\/isfd52-bue.infd.edu.ar\/sitio\/wp-content\/uploads\/2026\/04\/PROFESORADO-DE-PRIMARIA-HORARIOS-CURSOS-B-RIVADAVIA.pdf\">PROFESORADO-DE-PRIMARIA-HORARIOS-CURSOS-B-RIVADAVIA<\/a><a href=\"https:\/\/isfd52-bue.infd.edu.ar\/sitio\/wp-content\/uploads\/2026\/04\/PROFESORADO-DE-PRIMARIA-HORARIOS-CURSOS-B-RIVADAVIA.pdf\" class=\"wp-block-file__button wp-element-button\" download aria-describedby=\"wp-block-file--media-7816cb78-ceb9-4753-a84a-4edb42052d17\">Descarga<\/a><\/div>\n\n\n\n<p><\/p>\n\n\n\n<p class=\"has-text-color has-medium-font-size\" style=\"color:#152760\"><strong>Profesorado de Educaci\u00f3n Primaria Turno Ma\u00f1ana divisi\u00f3n C<\/strong><\/p>\n\n\n\n<div class=\"wp-block-file\"><a id=\"wp-block-file--media-f5f5a54e-1b7c-4133-93b4-68c7a6c5acb8\" href=\"https:\/\/isfd52-bue.infd.edu.ar\/sitio\/wp-content\/uploads\/2026\/04\/PROFESORADO-DE-PRIMARIA-HORARIOS-CURSOS-C-BOULOGNE.pdf\">PROFESORADO-DE-PRIMARIA-HORARIOS-CURSOS-C-BOULOGNE<\/a><a href=\"https:\/\/isfd52-bue.infd.edu.ar\/sitio\/wp-content\/uploads\/2026\/04\/PROFESORADO-DE-PRIMARIA-HORARIOS-CURSOS-C-BOULOGNE.pdf\" class=\"wp-block-file__button wp-element-button\" download aria-describedby=\"wp-block-file--media-f5f5a54e-1b7c-4133-93b4-68c7a6c5acb8\">Descarga<\/a><\/div>\n","protected":false},"excerpt":{"rendered":"<p>Profesorado de Ingl\u00e9s Profesorado de Educaci\u00f3n Secundaria en Econom\u00eda Profesorado en Tecnolog\u00edas de Equipos e Instalaciones Electromec\u00e1nicas Profesorado de Educaci\u00f3n Primaria Turno Vespertino divisi\u00f3n A Profesorado de Educaci\u00f3n Primaria Turno Vespertino divisi\u00f3n B Profesorado de Educaci\u00f3n Primaria Turno Ma\u00f1ana divisi\u00f3n C<\/p>\n","protected":false},"author":1549,"featured_media":0,"parent":0,"menu_order":0,"comment_status":"closed","ping_status":"closed","template":"","meta":[],"acf":[],"_links":{"self":[{"href":"https:\/\/isfd52-bue.infd.edu.ar\/sitio\/wp-json\/wp\/v2\/pages\/5467"}],"collection":[{"href":"https:\/\/isfd52-bue.infd.edu.ar\/sitio\/wp-json\/wp\/v2\/pages"}],"about":[{"href":"https:\/\/isfd52-bue.infd.edu.ar\/sitio\/wp-json\/wp\/v2\/types\/page"}],"author":[{"embeddable":true,"href":"https:\/\/isfd52-bue.infd.edu.ar\/sitio\/wp-json\/wp\/v2\/users\/1549"}],"replies":[{"embeddable":true,"href":"https:\/\/isfd52-bue.infd.edu.ar\/sitio\/wp-json\/wp\/v2\/comments?post=5467"}],"version-history":[{"count":5,"href":"https:\/\/isfd52-bue.infd.edu.ar\/sitio\/wp-json\/wp\/v2\/pages\/5467\/revisions"}],"predecessor-version":[{"id":5522,"href":"https:\/\/isfd52-bue.infd.edu.ar\/sitio\/wp-json\/wp\/v2\/pages\/5467\/revisions\/5522"}],"wp:attachment":[{"href":"https:\/\/isfd52-bue.infd.edu.ar\/sitio\/wp-json\/wp\/v2\/media?parent=5467"}],"curies":[{"name":"wp","href":"https:\/\/api.w.org\/{rel}","templated":true}]}}