{"id":5460,"date":"2026-03-04T09:02:40","date_gmt":"2026-03-04T12:02:40","guid":{"rendered":"https:\/\/isfd52-bue.infd.edu.ar\/sitio\/?page_id=5460"},"modified":"2026-03-07T04:06:22","modified_gmt":"2026-03-07T07:06:22","slug":"inscripcion-a-cursada-2026","status":"publish","type":"page","link":"https:\/\/isfd52-bue.infd.edu.ar\/sitio\/inscripcion-a-cursada-2026\/","title":{"rendered":"INSCRIPCI\u00d3N A CURSADA 2026"},"content":{"rendered":"\n<p class=\"has-text-align-center has-text-color has-background has-medium-font-size\" style=\"color:#183f61;background-color:#4fedff\"><strong>ESTUDIANTES QUE SE INSCRIBEN PARA CURSAR O RECURSAR UNIDADES CURRICULARES DE 1\u00ba, 2\u00b0, 3\u00ba Y\/O 4\u00b0 A\u00d1O <\/strong>                                                                                                                                                    (NO INGRESANTES A 1\u00ba A\u00d1O DE ESTE CICLO LECTIVO)<\/p>\n\n\n\n<p class=\"has-text-align-center has-base-3-color has-text-color has-background has-medium-font-size\" style=\"background-color:#183f61\">FECHAS DE INSCRIPCI\u00d3N POR AUTOGESTI\u00d3N POR SISTEMA SADIS:                                                                    <strong>DESDE LUNES 9\/3\/26 HASTA VIERNES 13\/3\/26 INCLUSIVE<\/strong>                                                                     (TODOS LOS PROFESORADOS)<\/p>\n\n\n\n<p class=\"has-text-align-center has-text-color\" style=\"color:#183f61\"><strong>COMPARTIMOS INSTRUCTIVO DE INSCRIPCI\u00d3N A TRAV\u00c9S DEL SISTEMA DE GESTI\u00d3N SADIS:<\/strong><\/p>\n\n\n\n<p class=\"has-text-align-center has-text-color\" style=\"color:#183f61\"><strong>Para inscribirte ten\u00e9s que ingresar a<\/strong> <a href=\"https:\/\/isfd52-bue.infd.edu.ar\/sitio\/sadis-estudiantes\/\" data-type=\"URL\" data-id=\"https:\/\/isfd52-bue.infd.edu.ar\/sitio\/sadis-estudiantes\/\">https:\/\/isfd52-bue.infd.edu.ar\/sitio\/sadis-estudiantes\/<\/a><\/p>\n\n\n\n<p class=\"has-text-align-center has-text-color\" style=\"color:#183f61\">A continuaci\u00f3n te aparecer\u00e1 el siguiente cuadro, all\u00ed tendr\u00e1s que ingresar tu n\u00famero de<strong>&nbsp;DNI<\/strong>&nbsp;(sin puntos ni espacios), la&nbsp;<strong>CLAVE<\/strong>, y el c\u00f3digo de verificaci\u00f3n que se visualiza<\/p>\n\n\n<div class=\"wp-block-image\">\n<figure class=\"aligncenter size-full is-resized\"><img decoding=\"async\" loading=\"lazy\" src=\"https:\/\/isfd52-bue.infd.edu.ar\/sitio\/wp-content\/uploads\/2026\/03\/image-1.png\" alt=\"\" class=\"wp-image-5462\" width=\"546\" height=\"281\"\/><\/figure><\/div>\n\n\n<p class=\"has-text-align-center has-text-color\" style=\"color:#183f61\">Una vez que hayas ingresado en el sistema visualizar\u00e1s este cuadro<\/p>\n\n\n<div class=\"wp-block-image\">\n<figure class=\"aligncenter size-full\"><img decoding=\"async\" loading=\"lazy\" width=\"728\" height=\"281\" src=\"https:\/\/isfd52-bue.infd.edu.ar\/sitio\/wp-content\/uploads\/2025\/03\/2-1.jpg\" alt=\"\" class=\"wp-image-5210\"\/><\/figure><\/div>\n\n\n<p class=\"has-text-align-center has-text-color\" style=\"color:#183f61\">All\u00ed tendr\u00e1s&nbsp; la opci\u00f3n de inscribirte en materias haciendo click en<\/p>\n\n\n\n<p class=\"has-text-align-center has-text-color\" style=\"color:#183f61\"><strong>Pesta\u00f1a \u00abMatriculaci\u00f3n\u00bb (ubicada arriba hacia la derecha)<\/strong><\/p>\n\n\n\n<p class=\"has-text-align-center has-text-color\" style=\"color:#183f61\"><strong>Luego haciendo click en&nbsp;la pesta\u00f1a \u00abMatricularse a una materia\u00bb (ubicada hacia la izquierda)<\/strong><\/p>\n\n\n\n<p class=\"has-text-align-center has-text-color\" style=\"color:#183f61\">Te aparecer\u00e1 una pantalla con todas las materias y divisiones de la carrera. Tendr\u00e1s que seleccionar la materia en el a\u00f1o, divisi\u00f3n, d\u00eda y horario que&nbsp; cursar\u00e1s este a\u00f1o. Los horarios est\u00e1n publicados en nuestro sitio web, pod\u00e9s visualizarlos accediendo desde el siguiente link <\/p>\n\n\n<div class=\"wp-block-image\">\n<figure class=\"aligncenter size-full\"><img decoding=\"async\" loading=\"lazy\" width=\"1341\" height=\"521\" src=\"https:\/\/isfd52-bue.infd.edu.ar\/sitio\/wp-content\/uploads\/2025\/03\/3.png\" alt=\"\" class=\"wp-image-5211\" srcset=\"https:\/\/isfd52-bue.infd.edu.ar\/sitio\/wp-content\/uploads\/2025\/03\/3.png 1341w, https:\/\/isfd52-bue.infd.edu.ar\/sitio\/wp-content\/uploads\/2025\/03\/3-1000x389.png 1000w, https:\/\/isfd52-bue.infd.edu.ar\/sitio\/wp-content\/uploads\/2025\/03\/3-768x298.png 768w\" sizes=\"(max-width: 1341px) 100vw, 1341px\" \/><\/figure><\/div>\n\n\n<p class=\"has-text-align-center has-text-color\" style=\"color:#183f61\"><strong>Aclaraciones IMPORTANTE<\/strong>S:<\/p>\n\n\n\n<p class=\"has-text-align-center has-text-color\" style=\"color:#183f61\"><strong>Curso:<\/strong>&nbsp;se refiere al a\u00f1o en que se encuentra la materia en el Plan de estudios<\/p>\n\n\n\n<p class=\"has-text-align-center has-text-color\" style=\"color:#183f61\"><strong>Divisi\u00f3n<\/strong>:&nbsp;la correspondencia es la siguiente solamente para las siguientes carreras<strong>:<\/strong><\/p>\n\n\n\n<p class=\"has-text-align-center has-text-color\" style=\"color:#183f61\">-PRIMARIA: Divisi\u00f3n 1=A&nbsp;<em>(sede Rivadavia \u2013 Turno Vespertino)<\/em>&nbsp; \/&nbsp; &nbsp;Divisi\u00f3n 2=B&nbsp;<em>(sede Rivadavia \u2013 Turno Vespertino)<\/em>&nbsp; \/&nbsp; Divisi\u00f3n 3=C&nbsp;&nbsp;<em>(Turno Ma\u00f1ana \u2013 Lunes a viernes sede Los Ceibos, s\u00e1bados sede Rivadavia-)<\/em><\/p>\n\n\n\n<p class=\"has-text-align-center has-text-color\" style=\"color:#183f61\">-INGL\u00c9S:\u00a0Divisi\u00f3n 1=A\u00a0\u00a0\u00a0Divisi\u00f3n 2=B\u00a0 \u00a0Divisi\u00f3n 3=C\u00a0<em>(Todas en sede Rivadavia)<\/em><\/p>\n\n\n\n<p class=\"has-text-align-center has-text-color\" style=\"color:#183f61\">-ECONOM\u00cdA: \u00daNICAMENTE LAS UCO EN NUEVO PLAN DE ESTUDIOS SE ENCUENTRAN ORGANIZADAS DE LA SIGUIENTE FORMA: 1= Producci\u00f3n de materiales de ense\u00f1anza;   2= Experiencias culturales de ciencia y tecnolog\u00eda;   3= Investigaci\u00f3n educativa<\/p>\n\n\n\n<p class=\"has-text-align-center has-text-color\" style=\"color:#183f61\"><strong>Te podr\u00e1s inscribir en la cantidad de materias que quieras, siempre que no exista incompatibilidad horaria y respetando el r\u00e9gimen de correlatividades del plan de estudios de la carrera<\/strong><\/p>\n\n\n\n<p class=\"has-text-align-center has-text-color\" style=\"color:#183f61\">En caso de equivocarse en alguna inscripci\u00f3n, podr\u00e1n eliminarla en la opci\u00f3n \u00abBorrarse\u00bb (cruz roja):<\/p>\n\n\n<div class=\"wp-block-image\">\n<figure class=\"aligncenter size-full\"><img decoding=\"async\" loading=\"lazy\" width=\"746\" height=\"266\" src=\"https:\/\/isfd52-bue.infd.edu.ar\/sitio\/wp-content\/uploads\/2025\/03\/4.png\" alt=\"\" class=\"wp-image-5212\"\/><\/figure><\/div>\n\n\n<p class=\"has-text-align-center has-text-color\" style=\"color:#183f61\">Para revisar si realizaste correctamente la inscripci\u00f3n, podes ir a&nbsp;la pesta\u00f1a \u00abCursadas\u00bb&nbsp;y all\u00ed deber\u00edan aparecer todas las materias que vas a cursar en este ciclo lectivo:<\/p>\n\n\n<div class=\"wp-block-image\">\n<figure class=\"aligncenter size-full\"><img decoding=\"async\" loading=\"lazy\" width=\"741\" height=\"228\" src=\"https:\/\/isfd52-bue.infd.edu.ar\/sitio\/wp-content\/uploads\/2026\/03\/image-2.png\" alt=\"\" class=\"wp-image-5463\"\/><\/figure><\/div>\n\n\n<p class=\"has-text-align-center has-text-color\" style=\"color:#183f61\">Es importante revisar el&nbsp;nombre de la materia, a\u00f1o y, especialmente,&nbsp;la divisi\u00f3n&nbsp;(en el caso de que haya m\u00e1s de una) a fin de evitar inconvenientes posteriores al momento de confeccionar las planillas de asistencia.<\/p>\n\n\n\n<p class=\"has-text-align-center has-base-3-color has-text-color has-background has-medium-font-size\" style=\"background-color:#183f61\"><strong>Por cualquier dificultad no dudes en contactar a tu preceptor\/a&nbsp; o Jefa de \u00e1rea\/coordinadora de carrera durante el per\u00edodo de inscripciones<\/strong><\/p>\n\n\n\n<p class=\"has-text-color has-background has-medium-font-size\" style=\"color:#183f61;background-color:#4fedff\"><strong>Preceptoras\/es<\/strong><\/p>\n\n\n\n<p class=\"has-text-color\" style=\"color:#183f61\"><strong>PRIMARIA :<\/strong>&nbsp;Prof. Miriam Alba y Prof. Gustavo Torelli (turno vespertino) \u2013 Prof. Mercedes Cavaliere (turno ma\u00f1ana)<\/p>\n\n\n\n<p class=\"has-text-color\" style=\"color:#183f61\"><strong>ECONOM\u00cdA:<\/strong>&nbsp;Prof. Mart\u00edn Zankel<\/p>\n\n\n\n<p class=\"has-text-color\" style=\"color:#183f61\"><strong>INGL\u00c9S:&nbsp;<\/strong>Prof. Nora Mart\u00ednez y Prof. M\u00f3nica Chachagua<\/p>\n\n\n\n<p class=\"has-text-color\" style=\"color:#183f61\"><strong>T\u00c9CNICO:&nbsp;<\/strong>Prof. Patricia Morales<\/p>\n\n\n\n<p class=\"has-text-color has-background has-medium-font-size\" style=\"color:#183f61;background-color:#4fedff\"><strong>Jefas de \u00e1rea\/coordinadoras de carrera<\/strong><\/p>\n\n\n\n<p class=\"has-text-color\" style=\"color:#183f61\">PROF. PRIMARIA \u2013 Prof. Graciela Castello, Jefa de \u00c1rea<\/p>\n\n\n\n<p class=\"has-text-color\" style=\"color:#183f61\">PROF. INGL\u00c9S \u2013 Prof. Marcela Santaf\u00e9 y Soriano, Jefa de \u00c1rea<\/p>\n\n\n\n<p class=\"has-text-color\" style=\"color:#183f61\">PROF. T\u00c9CNICO \u2013 Prof. J\u00e9sica Decker, Regente<\/p>\n\n\n\n<p class=\"has-text-color\" style=\"color:#183f61\">PROF. ECONOM\u00cdA \u2013 Prof. Claudia G\u00f3mez (Directora), Beatriz D\u00edaz (Vicedirectora), J\u00e9sica Decker (Regente)<\/p>\n","protected":false},"excerpt":{"rendered":"<p>ESTUDIANTES QUE SE INSCRIBEN PARA CURSAR O RECURSAR UNIDADES CURRICULARES DE 1\u00ba, 2\u00b0, 3\u00ba Y\/O 4\u00b0 A\u00d1O (NO INGRESANTES A 1\u00ba A\u00d1O DE ESTE CICLO LECTIVO) FECHAS DE INSCRIPCI\u00d3N POR AUTOGESTI\u00d3N POR SISTEMA SADIS: DESDE LUNES 9\/3\/26 HASTA VIERNES 13\/3\/26 INCLUSIVE (TODOS LOS PROFESORADOS) COMPARTIMOS INSTRUCTIVO DE INSCRIPCI\u00d3N A TRAV\u00c9S DEL SISTEMA DE GESTI\u00d3N SADIS: &#8230; <a title=\"INSCRIPCI\u00d3N A CURSADA 2026\" class=\"read-more\" href=\"https:\/\/isfd52-bue.infd.edu.ar\/sitio\/inscripcion-a-cursada-2026\/\" aria-label=\"More on INSCRIPCI\u00d3N A CURSADA 2026\">[+]<\/a><\/p>\n","protected":false},"author":1549,"featured_media":0,"parent":0,"menu_order":0,"comment_status":"closed","ping_status":"closed","template":"","meta":[],"acf":[],"_links":{"self":[{"href":"https:\/\/isfd52-bue.infd.edu.ar\/sitio\/wp-json\/wp\/v2\/pages\/5460"}],"collection":[{"href":"https:\/\/isfd52-bue.infd.edu.ar\/sitio\/wp-json\/wp\/v2\/pages"}],"about":[{"href":"https:\/\/isfd52-bue.infd.edu.ar\/sitio\/wp-json\/wp\/v2\/types\/page"}],"author":[{"embeddable":true,"href":"https:\/\/isfd52-bue.infd.edu.ar\/sitio\/wp-json\/wp\/v2\/users\/1549"}],"replies":[{"embeddable":true,"href":"https:\/\/isfd52-bue.infd.edu.ar\/sitio\/wp-json\/wp\/v2\/comments?post=5460"}],"version-history":[{"count":2,"href":"https:\/\/isfd52-bue.infd.edu.ar\/sitio\/wp-json\/wp\/v2\/pages\/5460\/revisions"}],"predecessor-version":[{"id":5480,"href":"https:\/\/isfd52-bue.infd.edu.ar\/sitio\/wp-json\/wp\/v2\/pages\/5460\/revisions\/5480"}],"wp:attachment":[{"href":"https:\/\/isfd52-bue.infd.edu.ar\/sitio\/wp-json\/wp\/v2\/media?parent=5460"}],"curies":[{"name":"wp","href":"https:\/\/api.w.org\/{rel}","templated":true}]}}