{"id":5307,"date":"2025-07-02T21:10:24","date_gmt":"2025-07-03T00:10:24","guid":{"rendered":"https:\/\/isfd52-bue.infd.edu.ar\/sitio\/?page_id=5307"},"modified":"2025-07-17T14:53:20","modified_gmt":"2025-07-17T17:53:20","slug":"mesas-de-examenes-agosto-2025","status":"publish","type":"page","link":"https:\/\/isfd52-bue.infd.edu.ar\/sitio\/mesas-de-examenes-agosto-2025\/","title":{"rendered":"MESAS DE EX\u00c1MENES AGOSTO 2025"},"content":{"rendered":"\n<p class=\"has-text-align-center has-contrast-color has-text-color has-medium-font-size\"><strong>Las inscripciones se realizan por autogesti\u00f3n por:<\/strong><\/p>\n\n\n\n<p class=\"has-text-align-center has-contrast-color has-text-color has-medium-font-size\"><strong>Sistema SADIS (cursadas aprobadas en modalidad regular)<\/strong><\/p>\n\n\n\n<p class=\"has-text-align-center has-contrast-color has-text-color has-medium-font-size\"><strong>GoogleForms (Acreditaci\u00f3n Libre)<\/strong><\/p>\n\n\n\n<p class=\"has-text-align-center has-base-3-color has-accent-background-color has-text-color has-background has-medium-font-size\"><strong>Plazos de INSCRIPCI\u00d3N a mesas de ex\u00e1<strong>menes AGOSTO 2025<\/strong><\/strong>:                                         <strong>DESDE EL JUEVES 17\/7 AL JUEVES 31\/7 INCLUSIVE<\/strong> (POR AUTOGESTI\u00d3N POR SISTEMA SADIS -CURSADAS APROBADAS EN MODALIDAD REGULAR-)<strong> <\/strong>   <\/p>\n\n\n\n<p class=\"has-text-align-center has-base-3-color has-accent-background-color has-text-color has-background has-medium-font-size\">                                                                                                                                                                 Por cualquier inconveniente de inscripci\u00f3n consultar a sus preceptorxs referentes el JUEVES 17\/7 y VIERNES 18\/7<\/p>\n\n\n\n<p class=\"has-text-align-center has-base-3-color has-text-color has-background has-medium-font-size\" style=\"background-color:#086371\"><strong>Plazos de INSCRIPCI\u00d3N diferenciales<\/strong> a mesas de ex\u00e1menes AGOSTO 2025 de Unidades curriculares <strong>CUATRIMESTRALES cursadas y aprobadas en 1\u00ba CUATRIMESTRE 2025<\/strong> de los PROFESORADOS DE EDUCACI\u00d3N SECUNDARIA EN ECONOM\u00cdA Y DE EDUCACI\u00d3N SECUNDARIA T\u00c9CNICOPROFESIONAL EN ELECTROMEC\u00c1NICA: <strong>DESDE EL LUNES 21\/7 AL JUEVES 31\/7 inclusive.<\/strong> Por cualquier inconveniente de inscripci\u00f3n podr\u00e1n consultar a sus preceptorxs referentes&nbsp;<strong>el LUNES 4\/8<\/strong>, por fuera de esa fecha no se recibir\u00e1n reclamos para resolver en este turno de ex\u00e1menes.<\/p>\n\n\n\n<p class=\"has-text-align-center has-contrast-color has-text-color\"><strong>ENLACES A INSCRIPCIONES PARA ACREDITACI\u00d3N LIBRE:<\/strong><\/p>\n\n\n\n<p class=\"has-contrast-color has-text-color\"><strong>PROFESORADO DE ECONOM\u00cdA Res. 13271\/99 \u2013 13297\/99 \u2013 39\/03 \u2013 2789\/09 (PLAN ANTERIOR)<\/strong><\/p>\n\n\n\n<p><a href=\"https:\/\/docs.google.com\/forms\/d\/e\/1FAIpQLSd0og3-dZHrPBIP_n9kRSbJbBCSW-SGAOO9s-nqkd-qrqy8Jg\/viewform?usp=header\">https:\/\/docs.google.com\/forms\/d\/e\/1FAIpQLSd0og3-dZHrPBIP_n9kRSbJbBCSW-SGAOO9s-nqkd-qrqy8Jg\/viewform?usp=header<\/a><\/p>\n\n\n\n<p class=\"has-contrast-color has-text-color\"><strong>PROFESORADO DE ECONOM\u00cdA Res. 3606\/22 (PLAN NUEVO)<\/strong><\/p>\n\n\n\n<p><a href=\"https:\/\/docs.google.com\/forms\/d\/e\/1FAIpQLScl1GotUmjIKegNwfqDKohFYeR3fc1tio-SbK5y4GTwG0AMZg\/viewform?usp=header\">https:\/\/docs.google.com\/forms\/d\/e\/1FAIpQLScl1GotUmjIKegNwfqDKohFYeR3fc1tio-SbK5y4GTwG0AMZg\/viewform?usp=header<\/a><\/p>\n\n\n\n<p class=\"has-contrast-color has-text-color\"><strong>PROFESORADO DE INGL\u00c9S<\/strong><\/p>\n\n\n\n<p><a href=\"https:\/\/docs.google.com\/forms\/d\/e\/1FAIpQLSfpp7rsvgK7b-zd_9RVgZ2s3rF-mZ858bk7qB3AjRgUPAqfwA\/viewform?usp=header\">https:\/\/docs.google.com\/forms\/d\/e\/1FAIpQLSfpp7rsvgK7b-zd_9RVgZ2s3rF-mZ858bk7qB3AjRgUPAqfwA\/viewform?usp=header<\/a><\/p>\n\n\n\n<p class=\"has-contrast-color has-text-color\"><strong>PROFESORADO DE EDUCACI\u00d3N PRIMARIA<\/strong><\/p>\n\n\n\n<p><a href=\"https:\/\/docs.google.com\/forms\/d\/e\/1FAIpQLSdMejyzG1CUPmMUCJvSsoG92pAseUK8rh9Bz8TNTWz3aG4iYg\/viewform?usp=header\">https:\/\/docs.google.com\/forms\/d\/e\/1FAIpQLSdMejyzG1CUPmMUCJvSsoG92pAseUK8rh9Bz8TNTWz3aG4iYg\/viewform?usp=header<\/a><\/p>\n\n\n\n<p class=\"has-contrast-color has-text-color\"><strong>PROFESORADO EN TECNOLOG\u00cdAS DE EQUIPOS E INSTALACIONES ELECTROMEC\u00c1NICAS RES. 362\/03 y 4554\/03 (PLAN ANTERIOR)<\/strong><\/p>\n\n\n\n<p><a href=\"https:\/\/docs.google.com\/forms\/d\/e\/1FAIpQLScEiiqBBomBZhqd9CiJRSXzZnm2DQO3T34-ZWhPA71P5s--2Q\/viewform?usp=sharing&amp;ouid=108368114046602676928\">https:\/\/docs.google.com\/forms\/d\/e\/1FAIpQLScEiiqBBomBZhqd9CiJRSXzZnm2DQO3T34-ZWhPA71P5s&#8211;2Q\/viewform?usp=sharing&amp;ouid=108368114046602676928<\/a><\/p>\n\n\n\n<p class=\"has-contrast-color has-text-color\"><strong>PROFESORADO DE EDUCACI\u00d3N SECUNDARIA T\u00c9CNICO PROFESIONAL EN ELECTROMEC\u00c1NICA RES. 5746\/23 (PLAN NUEVO)<\/strong><\/p>\n\n\n\n<p><a href=\"https:\/\/docs.google.com\/forms\/d\/e\/1FAIpQLScZnj7RX6ByvArODiHlAVJvjc1VZxwOnZyG5p0bn_wqCvs7sg\/viewform?usp=header\">https:\/\/docs.google.com\/forms\/d\/e\/1FAIpQLScZnj7RX6ByvArODiHlAVJvjc1VZxwOnZyG5p0bn_wqCvs7sg\/viewform?usp=header<\/a><\/p>\n\n\n\n<p class=\"has-text-align-center has-contrast-color has-text-color\"><strong>TUTORIAL PARA REALIZAR INSCRIPCIONES EN SISTEMA SADIS<\/strong><\/p>\n\n\n\n<div class=\"wp-block-file\"><a id=\"wp-block-file--media-5ab9112e-2eec-4ca4-b7c7-c9012918cbcf\" href=\"https:\/\/isfd52-bue.infd.edu.ar\/sitio\/wp-content\/uploads\/2025\/07\/INSTRUCTIVO-INSCRIPCION-SADIS.pdf\">INSTRUCTIVO-INSCRIPCION-SADIS<\/a><a href=\"https:\/\/isfd52-bue.infd.edu.ar\/sitio\/wp-content\/uploads\/2025\/07\/INSTRUCTIVO-INSCRIPCION-SADIS.pdf\" class=\"wp-block-file__button wp-element-button\" download aria-describedby=\"wp-block-file--media-5ab9112e-2eec-4ca4-b7c7-c9012918cbcf\">Descarga<\/a><\/div>\n\n\n\n<p><\/p>\n\n\n\n<p class=\"has-text-align-center has-contrast-color has-text-color\"><strong>CRONOGRAMAS DE MESAS DE EX\u00c1MENES TURNO AGOSTO 2025<\/strong>:<\/p>\n\n\n\n<p class=\"has-contrast-color has-text-color\"><strong>-PROFESORADO DE ECONOM\u00cdA<\/strong><\/p>\n\n\n\n<div class=\"wp-block-file\"><a id=\"wp-block-file--media-9d6a48e3-599a-4144-aa97-2395d5c086a8\" href=\"https:\/\/isfd52-bue.infd.edu.ar\/sitio\/wp-content\/uploads\/2025\/07\/MESAS-ECONOMIA-AGOSTO-2025-DEFINITIVAS.pdf\">MESAS-ECONOMIA-AGOSTO-2025-DEFINITIVAS<\/a><a href=\"https:\/\/isfd52-bue.infd.edu.ar\/sitio\/wp-content\/uploads\/2025\/07\/MESAS-ECONOMIA-AGOSTO-2025-DEFINITIVAS.pdf\" class=\"wp-block-file__button wp-element-button\" download aria-describedby=\"wp-block-file--media-9d6a48e3-599a-4144-aa97-2395d5c086a8\">Descarga<\/a><\/div>\n\n\n\n<p><\/p>\n\n\n\n<p class=\"has-contrast-color has-text-color\"><strong>-PROFESORADO T\u00c9CNICO<\/strong><\/p>\n\n\n\n<div class=\"wp-block-file\"><a id=\"wp-block-file--media-ffd4c28b-a8c7-494c-b232-5494681bfd6b\" href=\"https:\/\/isfd52-bue.infd.edu.ar\/sitio\/wp-content\/uploads\/2025\/07\/Mesas-Tecnico-Agosto-2025.xlsx-UNICO-LLAMADO.pdf\">Mesas-Tecnico-Agosto-2025.xlsx-UNICO-LLAMADO<\/a><a href=\"https:\/\/isfd52-bue.infd.edu.ar\/sitio\/wp-content\/uploads\/2025\/07\/Mesas-Tecnico-Agosto-2025.xlsx-UNICO-LLAMADO.pdf\" class=\"wp-block-file__button wp-element-button\" download aria-describedby=\"wp-block-file--media-ffd4c28b-a8c7-494c-b232-5494681bfd6b\">Descarga<\/a><\/div>\n\n\n\n<p><\/p>\n\n\n\n<p class=\"has-contrast-color has-text-color\"><strong>-PROFESORADO DE INGL\u00c9S<\/strong><\/p>\n\n\n\n<div class=\"wp-block-file\"><a id=\"wp-block-file--media-4e32a239-1e9d-4c7f-a93a-77e14a1fcafa\" href=\"https:\/\/isfd52-bue.infd.edu.ar\/sitio\/wp-content\/uploads\/2025\/07\/INGLES-MESAS-AGOSTO-2025-1.pdf\">INGLES-MESAS-AGOSTO-2025-1<\/a><a href=\"https:\/\/isfd52-bue.infd.edu.ar\/sitio\/wp-content\/uploads\/2025\/07\/INGLES-MESAS-AGOSTO-2025-1.pdf\" class=\"wp-block-file__button wp-element-button\" download aria-describedby=\"wp-block-file--media-4e32a239-1e9d-4c7f-a93a-77e14a1fcafa\">Descarga<\/a><\/div>\n\n\n\n<p><\/p>\n\n\n\n<p class=\"has-contrast-color has-text-color\"><strong>-PROFESORADO DE PRIMARIA<\/strong>&nbsp;<strong>TURNO MA\u00d1ANA<\/strong><\/p>\n\n\n\n<div class=\"wp-block-file\"><a id=\"wp-block-file--media-7b361095-a676-4479-a961-0585726bf0f7\" href=\"https:\/\/isfd52-bue.infd.edu.ar\/sitio\/wp-content\/uploads\/2025\/07\/BOULOGNE-AGOSTO-2025.xlsx\">BOULOGNE-AGOSTO-2025<\/a><a href=\"https:\/\/isfd52-bue.infd.edu.ar\/sitio\/wp-content\/uploads\/2025\/07\/BOULOGNE-AGOSTO-2025.xlsx\" class=\"wp-block-file__button wp-element-button\" download aria-describedby=\"wp-block-file--media-7b361095-a676-4479-a961-0585726bf0f7\">Descarga<\/a><\/div>\n\n\n\n<p><\/p>\n\n\n\n<p class=\"has-contrast-color has-text-color\"><strong>-PROFESORADO DE PRIMARIA<\/strong>&nbsp;<strong>TURNO VESPERTINO<\/strong><\/p>\n\n\n\n<div class=\"wp-block-file\"><a id=\"wp-block-file--media-dd991203-d244-40af-bf9b-0027ce1a47a5\" href=\"https:\/\/isfd52-bue.infd.edu.ar\/sitio\/wp-content\/uploads\/2025\/07\/SAN-ISIDRO-AGOSTO-2025.xlsx\">SAN-ISIDRO-AGOSTO-2025<\/a><a href=\"https:\/\/isfd52-bue.infd.edu.ar\/sitio\/wp-content\/uploads\/2025\/07\/SAN-ISIDRO-AGOSTO-2025.xlsx\" class=\"wp-block-file__button wp-element-button\" download aria-describedby=\"wp-block-file--media-dd991203-d244-40af-bf9b-0027ce1a47a5\">Descarga<\/a><\/div>\n","protected":false},"excerpt":{"rendered":"<p>Las inscripciones se realizan por autogesti\u00f3n por: Sistema SADIS (cursadas aprobadas en modalidad regular) GoogleForms (Acreditaci\u00f3n Libre) Plazos de INSCRIPCI\u00d3N a mesas de ex\u00e1menes AGOSTO 2025: DESDE EL JUEVES 17\/7 AL JUEVES 31\/7 INCLUSIVE (POR AUTOGESTI\u00d3N POR SISTEMA SADIS -CURSADAS APROBADAS EN MODALIDAD REGULAR-) Por cualquier inconveniente de inscripci\u00f3n consultar a sus preceptorxs referentes el &#8230; <a title=\"MESAS DE EX\u00c1MENES AGOSTO 2025\" class=\"read-more\" href=\"https:\/\/isfd52-bue.infd.edu.ar\/sitio\/mesas-de-examenes-agosto-2025\/\" aria-label=\"More on MESAS DE EX\u00c1MENES AGOSTO 2025\">[+]<\/a><\/p>\n","protected":false},"author":1549,"featured_media":0,"parent":0,"menu_order":0,"comment_status":"closed","ping_status":"closed","template":"","meta":[],"acf":[],"_links":{"self":[{"href":"https:\/\/isfd52-bue.infd.edu.ar\/sitio\/wp-json\/wp\/v2\/pages\/5307"}],"collection":[{"href":"https:\/\/isfd52-bue.infd.edu.ar\/sitio\/wp-json\/wp\/v2\/pages"}],"about":[{"href":"https:\/\/isfd52-bue.infd.edu.ar\/sitio\/wp-json\/wp\/v2\/types\/page"}],"author":[{"embeddable":true,"href":"https:\/\/isfd52-bue.infd.edu.ar\/sitio\/wp-json\/wp\/v2\/users\/1549"}],"replies":[{"embeddable":true,"href":"https:\/\/isfd52-bue.infd.edu.ar\/sitio\/wp-json\/wp\/v2\/comments?post=5307"}],"version-history":[{"count":12,"href":"https:\/\/isfd52-bue.infd.edu.ar\/sitio\/wp-json\/wp\/v2\/pages\/5307\/revisions"}],"predecessor-version":[{"id":5376,"href":"https:\/\/isfd52-bue.infd.edu.ar\/sitio\/wp-json\/wp\/v2\/pages\/5307\/revisions\/5376"}],"wp:attachment":[{"href":"https:\/\/isfd52-bue.infd.edu.ar\/sitio\/wp-json\/wp\/v2\/media?parent=5307"}],"curies":[{"name":"wp","href":"https:\/\/api.w.org\/{rel}","templated":true}]}}