{"id":5254,"date":"2025-03-19T01:21:40","date_gmt":"2025-03-19T04:21:40","guid":{"rendered":"https:\/\/isfd52-bue.infd.edu.ar\/sitio\/?page_id=5254"},"modified":"2025-03-19T01:21:41","modified_gmt":"2025-03-19T04:21:41","slug":"profesorado-de-economia-detalle-de-acreditacion-promocion-examen","status":"publish","type":"page","link":"https:\/\/isfd52-bue.infd.edu.ar\/sitio\/profesorado-de-economia-detalle-de-acreditacion-promocion-examen\/","title":{"rendered":"PROFESORADO DE ECONOM\u00cdA: DETALLE DE ACREDITACI\u00d3N (PROMOCI\u00d3N\/EXAMEN)"},"content":{"rendered":"\n<div class=\"wp-block-file\"><object class=\"wp-block-file__embed\" data=\"https:\/\/isfd52-bue.infd.edu.ar\/sitio\/wp-content\/uploads\/2025\/03\/PROFESORADO-ECONOMIA-2025-ISFDyT-52.pdf\" type=\"application\/pdf\" style=\"width:100%;height:600px\" aria-label=\"Incrustado de PROFESORADO-ECONOMIA-2025-ISFDyT-52.\"><\/object><a id=\"wp-block-file--media-a1581946-2dc4-47cd-bf94-607343e1f5bb\" href=\"https:\/\/isfd52-bue.infd.edu.ar\/sitio\/wp-content\/uploads\/2025\/03\/PROFESORADO-ECONOMIA-2025-ISFDyT-52.pdf\">PROFESORADO-ECONOMIA-2025-ISFDyT-52<\/a><a href=\"https:\/\/isfd52-bue.infd.edu.ar\/sitio\/wp-content\/uploads\/2025\/03\/PROFESORADO-ECONOMIA-2025-ISFDyT-52.pdf\" class=\"wp-block-file__button wp-element-button\" download aria-describedby=\"wp-block-file--media-a1581946-2dc4-47cd-bf94-607343e1f5bb\">Descarga<\/a><\/div>\n","protected":false},"excerpt":{"rendered":"","protected":false},"author":1549,"featured_media":0,"parent":0,"menu_order":0,"comment_status":"closed","ping_status":"closed","template":"","meta":[],"acf":[],"_links":{"self":[{"href":"https:\/\/isfd52-bue.infd.edu.ar\/sitio\/wp-json\/wp\/v2\/pages\/5254"}],"collection":[{"href":"https:\/\/isfd52-bue.infd.edu.ar\/sitio\/wp-json\/wp\/v2\/pages"}],"about":[{"href":"https:\/\/isfd52-bue.infd.edu.ar\/sitio\/wp-json\/wp\/v2\/types\/page"}],"author":[{"embeddable":true,"href":"https:\/\/isfd52-bue.infd.edu.ar\/sitio\/wp-json\/wp\/v2\/users\/1549"}],"replies":[{"embeddable":true,"href":"https:\/\/isfd52-bue.infd.edu.ar\/sitio\/wp-json\/wp\/v2\/comments?post=5254"}],"version-history":[{"count":1,"href":"https:\/\/isfd52-bue.infd.edu.ar\/sitio\/wp-json\/wp\/v2\/pages\/5254\/revisions"}],"predecessor-version":[{"id":5256,"href":"https:\/\/isfd52-bue.infd.edu.ar\/sitio\/wp-json\/wp\/v2\/pages\/5254\/revisions\/5256"}],"wp:attachment":[{"href":"https:\/\/isfd52-bue.infd.edu.ar\/sitio\/wp-json\/wp\/v2\/media?parent=5254"}],"curies":[{"name":"wp","href":"https:\/\/api.w.org\/{rel}","templated":true}]}}