{"id":5246,"date":"2025-03-19T01:14:50","date_gmt":"2025-03-19T04:14:50","guid":{"rendered":"https:\/\/isfd52-bue.infd.edu.ar\/sitio\/?page_id=5246"},"modified":"2025-03-19T01:14:51","modified_gmt":"2025-03-19T04:14:51","slug":"profesorado-tecnico-detalle-de-acreditacion-promocion-examen","status":"publish","type":"page","link":"https:\/\/isfd52-bue.infd.edu.ar\/sitio\/profesorado-tecnico-detalle-de-acreditacion-promocion-examen\/","title":{"rendered":"PROFESORADO T\u00c9CNICO: DETALLE DE ACREDITACI\u00d3N (PROMOCI\u00d3N\/EXAMEN)"},"content":{"rendered":"\n<div class=\"wp-block-file\"><object class=\"wp-block-file__embed\" data=\"https:\/\/isfd52-bue.infd.edu.ar\/sitio\/wp-content\/uploads\/2025\/03\/PROFESORADO-TECNICO-ISFDyT-52-2025.pdf\" type=\"application\/pdf\" style=\"width:100%;height:600px\" aria-label=\"Incrustado de PROFESORADO-TECNICO-ISFDyT-52-2025.\"><\/object><a id=\"wp-block-file--media-c26184b4-9b20-4f9b-b539-bd2f71f9e344\" href=\"https:\/\/isfd52-bue.infd.edu.ar\/sitio\/wp-content\/uploads\/2025\/03\/PROFESORADO-TECNICO-ISFDyT-52-2025.pdf\">PROFESORADO-TECNICO-ISFDyT-52-2025<\/a><a href=\"https:\/\/isfd52-bue.infd.edu.ar\/sitio\/wp-content\/uploads\/2025\/03\/PROFESORADO-TECNICO-ISFDyT-52-2025.pdf\" class=\"wp-block-file__button wp-element-button\" download aria-describedby=\"wp-block-file--media-c26184b4-9b20-4f9b-b539-bd2f71f9e344\">Descarga<\/a><\/div>\n","protected":false},"excerpt":{"rendered":"","protected":false},"author":1549,"featured_media":0,"parent":0,"menu_order":0,"comment_status":"closed","ping_status":"closed","template":"","meta":[],"acf":[],"_links":{"self":[{"href":"https:\/\/isfd52-bue.infd.edu.ar\/sitio\/wp-json\/wp\/v2\/pages\/5246"}],"collection":[{"href":"https:\/\/isfd52-bue.infd.edu.ar\/sitio\/wp-json\/wp\/v2\/pages"}],"about":[{"href":"https:\/\/isfd52-bue.infd.edu.ar\/sitio\/wp-json\/wp\/v2\/types\/page"}],"author":[{"embeddable":true,"href":"https:\/\/isfd52-bue.infd.edu.ar\/sitio\/wp-json\/wp\/v2\/users\/1549"}],"replies":[{"embeddable":true,"href":"https:\/\/isfd52-bue.infd.edu.ar\/sitio\/wp-json\/wp\/v2\/comments?post=5246"}],"version-history":[{"count":1,"href":"https:\/\/isfd52-bue.infd.edu.ar\/sitio\/wp-json\/wp\/v2\/pages\/5246\/revisions"}],"predecessor-version":[{"id":5248,"href":"https:\/\/isfd52-bue.infd.edu.ar\/sitio\/wp-json\/wp\/v2\/pages\/5246\/revisions\/5248"}],"wp:attachment":[{"href":"https:\/\/isfd52-bue.infd.edu.ar\/sitio\/wp-json\/wp\/v2\/media?parent=5246"}],"curies":[{"name":"wp","href":"https:\/\/api.w.org\/{rel}","templated":true}]}}