{"id":5241,"date":"2025-03-19T01:11:07","date_gmt":"2025-03-19T04:11:07","guid":{"rendered":"https:\/\/isfd52-bue.infd.edu.ar\/sitio\/?page_id=5241"},"modified":"2025-03-25T18:50:42","modified_gmt":"2025-03-25T21:50:42","slug":"profesorado-de-ingles-detalle-de-acreditacion-promocion-o-examen","status":"publish","type":"page","link":"https:\/\/isfd52-bue.infd.edu.ar\/sitio\/profesorado-de-ingles-detalle-de-acreditacion-promocion-o-examen\/","title":{"rendered":"PROFESORADO DE INGL\u00c9S: DETALLE DE ACREDITACI\u00d3N (PROMOCI\u00d3N\/EXAMEN)"},"content":{"rendered":"\n<div class=\"wp-block-file\"><object class=\"wp-block-file__embed\" data=\"https:\/\/isfd52-bue.infd.edu.ar\/sitio\/wp-content\/uploads\/2025\/03\/PROFESORADO-INGLES-2025-ISFDYT52.pdf\" type=\"application\/pdf\" style=\"width:100%;height:600px\" aria-label=\"Incrustado de PROFESORADO-INGLES-2025-ISFDYT52.\"><\/object><a id=\"wp-block-file--media-99da82fc-a396-4ebb-9fec-b02ee3b6d495\" href=\"https:\/\/isfd52-bue.infd.edu.ar\/sitio\/wp-content\/uploads\/2025\/03\/PROFESORADO-INGLES-2025-ISFDYT52.pdf\">PROFESORADO-INGLES-2025-ISFDYT52<\/a><a href=\"https:\/\/isfd52-bue.infd.edu.ar\/sitio\/wp-content\/uploads\/2025\/03\/PROFESORADO-INGLES-2025-ISFDYT52.pdf\" class=\"wp-block-file__button wp-element-button\" download aria-describedby=\"wp-block-file--media-99da82fc-a396-4ebb-9fec-b02ee3b6d495\">Descarga<\/a><\/div>\n","protected":false},"excerpt":{"rendered":"","protected":false},"author":1549,"featured_media":0,"parent":0,"menu_order":0,"comment_status":"closed","ping_status":"closed","template":"","meta":[],"acf":[],"_links":{"self":[{"href":"https:\/\/isfd52-bue.infd.edu.ar\/sitio\/wp-json\/wp\/v2\/pages\/5241"}],"collection":[{"href":"https:\/\/isfd52-bue.infd.edu.ar\/sitio\/wp-json\/wp\/v2\/pages"}],"about":[{"href":"https:\/\/isfd52-bue.infd.edu.ar\/sitio\/wp-json\/wp\/v2\/types\/page"}],"author":[{"embeddable":true,"href":"https:\/\/isfd52-bue.infd.edu.ar\/sitio\/wp-json\/wp\/v2\/users\/1549"}],"replies":[{"embeddable":true,"href":"https:\/\/isfd52-bue.infd.edu.ar\/sitio\/wp-json\/wp\/v2\/comments?post=5241"}],"version-history":[{"count":4,"href":"https:\/\/isfd52-bue.infd.edu.ar\/sitio\/wp-json\/wp\/v2\/pages\/5241\/revisions"}],"predecessor-version":[{"id":5260,"href":"https:\/\/isfd52-bue.infd.edu.ar\/sitio\/wp-json\/wp\/v2\/pages\/5241\/revisions\/5260"}],"wp:attachment":[{"href":"https:\/\/isfd52-bue.infd.edu.ar\/sitio\/wp-json\/wp\/v2\/media?parent=5241"}],"curies":[{"name":"wp","href":"https:\/\/api.w.org\/{rel}","templated":true}]}}