{"id":5217,"date":"2025-03-06T15:32:57","date_gmt":"2025-03-06T18:32:57","guid":{"rendered":"https:\/\/isfd52-bue.infd.edu.ar\/sitio\/?page_id=5217"},"modified":"2025-09-19T12:21:55","modified_gmt":"2025-09-19T15:21:55","slug":"horarios-de-cursada-2025","status":"publish","type":"page","link":"https:\/\/isfd52-bue.infd.edu.ar\/sitio\/horarios-de-cursada-2025\/","title":{"rendered":"HORARIOS DE CURSADA 2025"},"content":{"rendered":"\n<p><\/p>\n\n\n\n<p class=\"has-text-color\" style=\"color:#212157\"><strong>PROFESORADO DE INGL\u00c9S<\/strong><\/p>\n\n\n\n<div class=\"wp-block-file\"><a id=\"wp-block-file--media-6a00d74d-f5c3-4253-a03a-79437d3dc6c8\" href=\"https:\/\/isfd52-bue.infd.edu.ar\/sitio\/wp-content\/uploads\/2025\/03\/PROFESORADO-DE-INGLES-HORARIOS-DE-CURSADA-2025.pdf\">PROFESORADO-DE-INGLES-HORARIOS-DE-CURSADA-2025<\/a><a href=\"https:\/\/isfd52-bue.infd.edu.ar\/sitio\/wp-content\/uploads\/2025\/03\/PROFESORADO-DE-INGLES-HORARIOS-DE-CURSADA-2025.pdf\" class=\"wp-block-file__button wp-element-button\" download aria-describedby=\"wp-block-file--media-6a00d74d-f5c3-4253-a03a-79437d3dc6c8\">Descarga<\/a><\/div>\n\n\n\n<p><\/p>\n\n\n\n<p class=\"has-text-color\" style=\"color:#212157\"><strong>PROFESORADO DE ECONOM\u00cdA<\/strong><\/p>\n\n\n\n<div class=\"wp-block-file\"><a id=\"wp-block-file--media-48e6576f-4d0f-41ee-a7bf-c803daacaada\" href=\"https:\/\/isfd52-bue.infd.edu.ar\/sitio\/wp-content\/uploads\/2025\/09\/ECONOMIA-2025-HORARIOS-CON-DETALLE-DE-SEMANA-SINCRONICA-Y-TIPO-DE-ACREDITACION-2DO-CUATRIMESTRE.pdf\">ECONOMIA-2025-HORARIOS-CON-DETALLE-DE-SEMANA-SINCRONICA-Y-TIPO-DE-ACREDITACION-2DO-CUATRIMESTRE<\/a><a href=\"https:\/\/isfd52-bue.infd.edu.ar\/sitio\/wp-content\/uploads\/2025\/09\/ECONOMIA-2025-HORARIOS-CON-DETALLE-DE-SEMANA-SINCRONICA-Y-TIPO-DE-ACREDITACION-2DO-CUATRIMESTRE.pdf\" class=\"wp-block-file__button wp-element-button\" download aria-describedby=\"wp-block-file--media-48e6576f-4d0f-41ee-a7bf-c803daacaada\">Descarga<\/a><\/div>\n\n\n\n<p><\/p>\n\n\n\n<p class=\"has-text-color\" style=\"color:#212157\"><strong>PROFESORADO T\u00c9CNICO<\/strong><\/p>\n\n\n\n<div class=\"wp-block-file\"><a id=\"wp-block-file--media-fb6bda02-4dee-4ddc-bc13-aefd07dedd3f\" href=\"https:\/\/isfd52-bue.infd.edu.ar\/sitio\/wp-content\/uploads\/2025\/03\/PROFESORADO-TECNICO-HORARIOS-DE-CURSADA-2025.pdf\">PROFESORADO-TECNICO-HORARIOS-DE-CURSADA-2025<\/a><a href=\"https:\/\/isfd52-bue.infd.edu.ar\/sitio\/wp-content\/uploads\/2025\/03\/PROFESORADO-TECNICO-HORARIOS-DE-CURSADA-2025.pdf\" class=\"wp-block-file__button wp-element-button\" download aria-describedby=\"wp-block-file--media-fb6bda02-4dee-4ddc-bc13-aefd07dedd3f\">Descarga<\/a><\/div>\n\n\n\n<p><\/p>\n\n\n\n<p class=\"has-text-color\" style=\"color:#212157\"><strong>PROFESORADO DE EDUCACI\u00d3N PRIMARIA TURNO VESPERTINO DIVISI\u00d3N A<\/strong><\/p>\n\n\n\n<div class=\"wp-block-file\"><a id=\"wp-block-file--media-1025867e-79ac-421e-aeba-5cc2b54d9243\" href=\"https:\/\/isfd52-bue.infd.edu.ar\/sitio\/wp-content\/uploads\/2025\/03\/PROFESORADO-DE-EDUCACION-PRIMARIA-DIVISION-A-HORARIOS-DE-CURSADA-2025.pdf\">PROFESORADO-DE-EDUCACION-PRIMARIA-DIVISION-A-HORARIOS-DE-CURSADA-2025<\/a><a href=\"https:\/\/isfd52-bue.infd.edu.ar\/sitio\/wp-content\/uploads\/2025\/03\/PROFESORADO-DE-EDUCACION-PRIMARIA-DIVISION-A-HORARIOS-DE-CURSADA-2025.pdf\" class=\"wp-block-file__button wp-element-button\" download aria-describedby=\"wp-block-file--media-1025867e-79ac-421e-aeba-5cc2b54d9243\">Descarga<\/a><\/div>\n\n\n\n<p><\/p>\n\n\n\n<p class=\"has-text-color\" style=\"color:#212157\"><strong>PROFESORADO DE EDUCACI\u00d3N PRIMARIA TURNO VESPERTINO DIVISI\u00d3N B<\/strong><\/p>\n\n\n\n<div class=\"wp-block-file\"><a id=\"wp-block-file--media-f32c5b72-5677-4aed-9720-1cc6849b6064\" href=\"https:\/\/isfd52-bue.infd.edu.ar\/sitio\/wp-content\/uploads\/2025\/03\/PROFESORADO-DE-EDUCACION-PRIMARIA-DIVISION-B-HORARIOS-DE-CURSADA-2025.pdf\">PROFESORADO-DE-EDUCACION-PRIMARIA-DIVISION-B-HORARIOS-DE-CURSADA-2025<\/a><a href=\"https:\/\/isfd52-bue.infd.edu.ar\/sitio\/wp-content\/uploads\/2025\/03\/PROFESORADO-DE-EDUCACION-PRIMARIA-DIVISION-B-HORARIOS-DE-CURSADA-2025.pdf\" class=\"wp-block-file__button wp-element-button\" download aria-describedby=\"wp-block-file--media-f32c5b72-5677-4aed-9720-1cc6849b6064\">Descarga<\/a><\/div>\n\n\n\n<p><\/p>\n\n\n\n<p class=\"has-text-color\" style=\"color:#212157\"><strong>PROFESORADO DE EDUCACI\u00d3N PRIMARIA TURNO VESPERTINO DIVISI\u00d3N C<\/strong><\/p>\n\n\n\n<div class=\"wp-block-file\"><a id=\"wp-block-file--media-73395280-77be-4dd5-9915-3efcab02403c\" href=\"https:\/\/isfd52-bue.infd.edu.ar\/sitio\/wp-content\/uploads\/2025\/03\/PROFESORADO-DE-EDUCACION-PRIMARIA-DIVISION-C-HORARIOS-DE-CURSADA-2025.pdf\">PROFESORADO-DE-EDUCACION-PRIMARIA-DIVISION-C-HORARIOS-DE-CURSADA-2025<\/a><a href=\"https:\/\/isfd52-bue.infd.edu.ar\/sitio\/wp-content\/uploads\/2025\/03\/PROFESORADO-DE-EDUCACION-PRIMARIA-DIVISION-C-HORARIOS-DE-CURSADA-2025.pdf\" class=\"wp-block-file__button wp-element-button\" download aria-describedby=\"wp-block-file--media-73395280-77be-4dd5-9915-3efcab02403c\">Descarga<\/a><\/div>\n","protected":false},"excerpt":{"rendered":"<p>PROFESORADO DE INGL\u00c9S PROFESORADO DE ECONOM\u00cdA PROFESORADO T\u00c9CNICO PROFESORADO DE EDUCACI\u00d3N PRIMARIA TURNO VESPERTINO DIVISI\u00d3N A PROFESORADO DE EDUCACI\u00d3N PRIMARIA TURNO VESPERTINO DIVISI\u00d3N B PROFESORADO DE EDUCACI\u00d3N PRIMARIA TURNO VESPERTINO DIVISI\u00d3N C<\/p>\n","protected":false},"author":1549,"featured_media":0,"parent":0,"menu_order":0,"comment_status":"closed","ping_status":"closed","template":"","meta":[],"acf":[],"_links":{"self":[{"href":"https:\/\/isfd52-bue.infd.edu.ar\/sitio\/wp-json\/wp\/v2\/pages\/5217"}],"collection":[{"href":"https:\/\/isfd52-bue.infd.edu.ar\/sitio\/wp-json\/wp\/v2\/pages"}],"about":[{"href":"https:\/\/isfd52-bue.infd.edu.ar\/sitio\/wp-json\/wp\/v2\/types\/page"}],"author":[{"embeddable":true,"href":"https:\/\/isfd52-bue.infd.edu.ar\/sitio\/wp-json\/wp\/v2\/users\/1549"}],"replies":[{"embeddable":true,"href":"https:\/\/isfd52-bue.infd.edu.ar\/sitio\/wp-json\/wp\/v2\/comments?post=5217"}],"version-history":[{"count":5,"href":"https:\/\/isfd52-bue.infd.edu.ar\/sitio\/wp-json\/wp\/v2\/pages\/5217\/revisions"}],"predecessor-version":[{"id":5390,"href":"https:\/\/isfd52-bue.infd.edu.ar\/sitio\/wp-json\/wp\/v2\/pages\/5217\/revisions\/5390"}],"wp:attachment":[{"href":"https:\/\/isfd52-bue.infd.edu.ar\/sitio\/wp-json\/wp\/v2\/media?parent=5217"}],"curies":[{"name":"wp","href":"https:\/\/api.w.org\/{rel}","templated":true}]}}