{"id":5175,"date":"2024-12-30T11:49:10","date_gmt":"2024-12-30T14:49:10","guid":{"rendered":"https:\/\/isfd52-bue.infd.edu.ar\/sitio\/?page_id=5175"},"modified":"2024-12-30T11:49:11","modified_gmt":"2024-12-30T14:49:11","slug":"regimen-de-correlatividades-del-profesorado-de-educacion-secundaria-tecnicoprofesional-en-electromecanica-res-5746-23","status":"publish","type":"page","link":"https:\/\/isfd52-bue.infd.edu.ar\/sitio\/regimen-de-correlatividades-del-profesorado-de-educacion-secundaria-tecnicoprofesional-en-electromecanica-res-5746-23\/","title":{"rendered":"R\u00c9GIMEN DE CORRELATIVIDADES DEL PROFESORADO DE EDUCACI\u00d3N SECUNDARIA T\u00c9CNICOPROFESIONAL EN ELECTROMEC\u00c1NICA RES. 5746\/23"},"content":{"rendered":"\n<div class=\"wp-block-file\"><a id=\"wp-block-file--media-21c51959-3598-4c35-b080-60504455cc73\" href=\"https:\/\/isfd52-bue.infd.edu.ar\/sitio\/wp-content\/uploads\/2024\/12\/Correlatividades-Prof-Tecnico.docx\">Correlatividades-Prof-Tecnico<\/a><a href=\"https:\/\/isfd52-bue.infd.edu.ar\/sitio\/wp-content\/uploads\/2024\/12\/Correlatividades-Prof-Tecnico.docx\" class=\"wp-block-file__button wp-element-button\" download aria-describedby=\"wp-block-file--media-21c51959-3598-4c35-b080-60504455cc73\">Descarga<\/a><\/div>\n\n\n\n<p><\/p>\n\n\n\n<p><\/p>\n","protected":false},"excerpt":{"rendered":"","protected":false},"author":1549,"featured_media":0,"parent":0,"menu_order":0,"comment_status":"closed","ping_status":"closed","template":"","meta":[],"acf":[],"_links":{"self":[{"href":"https:\/\/isfd52-bue.infd.edu.ar\/sitio\/wp-json\/wp\/v2\/pages\/5175"}],"collection":[{"href":"https:\/\/isfd52-bue.infd.edu.ar\/sitio\/wp-json\/wp\/v2\/pages"}],"about":[{"href":"https:\/\/isfd52-bue.infd.edu.ar\/sitio\/wp-json\/wp\/v2\/types\/page"}],"author":[{"embeddable":true,"href":"https:\/\/isfd52-bue.infd.edu.ar\/sitio\/wp-json\/wp\/v2\/users\/1549"}],"replies":[{"embeddable":true,"href":"https:\/\/isfd52-bue.infd.edu.ar\/sitio\/wp-json\/wp\/v2\/comments?post=5175"}],"version-history":[{"count":1,"href":"https:\/\/isfd52-bue.infd.edu.ar\/sitio\/wp-json\/wp\/v2\/pages\/5175\/revisions"}],"predecessor-version":[{"id":5178,"href":"https:\/\/isfd52-bue.infd.edu.ar\/sitio\/wp-json\/wp\/v2\/pages\/5175\/revisions\/5178"}],"wp:attachment":[{"href":"https:\/\/isfd52-bue.infd.edu.ar\/sitio\/wp-json\/wp\/v2\/media?parent=5175"}],"curies":[{"name":"wp","href":"https:\/\/api.w.org\/{rel}","templated":true}]}}