{"id":5147,"date":"2024-12-27T11:00:40","date_gmt":"2024-12-27T14:00:40","guid":{"rendered":"https:\/\/isfd52-bue.infd.edu.ar\/sitio\/?page_id=5147"},"modified":"2024-12-30T22:02:29","modified_gmt":"2024-12-31T01:02:29","slug":"mesas-de-examenes-febrero-marzo-2025-llamado-unico","status":"publish","type":"page","link":"https:\/\/isfd52-bue.infd.edu.ar\/sitio\/mesas-de-examenes-febrero-marzo-2025-llamado-unico\/","title":{"rendered":"MESAS DE EX\u00c1MENES FEBRERO-MARZO 2025 (LLAMADO \u00daNICO)"},"content":{"rendered":"\n<p class=\"has-text-align-center\" style=\"font-size:23px\"><strong>Las inscripciones se realizan por autogesti\u00f3n por:<\/strong><\/p>\n\n\n\n<p class=\"has-text-align-center\" style=\"font-size:23px\"><strong>Sistema SADIS (cursadas aprobadas en modalidad regular)<\/strong><\/p>\n\n\n\n<p class=\"has-text-align-center\" style=\"font-size:23px\"><strong>GoogleForms (Acreditaci\u00f3n Libre a partir de 2025)<\/strong><\/p>\n\n\n\n<p class=\"has-text-align-center has-base-3-color has-accent-background-color has-text-color has-background\" style=\"font-size:24px\"><strong>Plazos de INSCRIPCI\u00d3N a mesas de ex\u00e1menes FEBRERO-MARZO 2025<\/strong>                                                                  <strong>TODOS LOS PROFESORADOS DESDE EL 3\/2\/2025 AL 12\/2\/2025<\/strong><\/p>\n\n\n\n<p class=\"has-text-align-center\">Por cualquier inconveniente de inscripci\u00f3n podr\u00e1n consultar a sus preceptorxs referentes&nbsp;<strong>el martes 11\/2 y mi\u00e9rcoles 12\/2, <\/strong>por fuera de esas fechas no se recibir\u00e1n reclamos para resolver en este turno de ex\u00e1menes.<\/p>\n\n\n\n<p class=\"has-text-align-center has-accent-color has-text-color\"><strong>(QUIENES HAYAN TRAMITADO INSCRIPCI\u00d3N A MODALIDAD LIBRE EN 2024 NO TIENEN QUE HACER NINGUNA INSCRIPCI\u00d3N<\/strong>)<\/p>\n\n\n\n<p class=\"has-text-align-center has-text-color\" style=\"color:#004e6f;font-size:21px\"><strong> QUIENES NO HAYAN REALIZADO LA INSCRIPCI\u00d3N MODALIDAD LIBRE EN 2024 Y QUIERAN PRESENTARSE A RENDIR EN CAR\u00c1CTER DE LIBRE DEBER\u00c1N INSCRIBIRSE EN EL SIGUIENTE LINK<\/strong><\/p>\n\n\n\n<p class=\"has-text-color has-medium-font-size\" style=\"color:#004e6f\">PROFESORADO DE ECONOM\u00cdA Res. 13271\/99 \u2013 13297\/99 \u2013 39\/03 \u2013 2789\/09 (PLAN ANTERIOR)<\/p>\n\n\n\n<p class=\"has-text-color has-medium-font-size\" style=\"color:#004e6f\"><a href=\"https:\/\/docs.google.com\/forms\/d\/e\/1FAIpQLSd0og3-dZHrPBIP_n9kRSbJbBCSW-SGAOO9s-nqkd-qrqy8Jg\/viewform?usp=header\">https:\/\/docs.google.com\/forms\/d\/e\/1FAIpQLSd0og3-dZHrPBIP_n9kRSbJbBCSW-SGAOO9s-nqkd-qrqy8Jg\/viewform?usp=header<\/a><\/p>\n\n\n\n<p class=\"has-text-color has-medium-font-size\" style=\"color:#004e6f\">PROFESORADO DE ECONOM\u00cdA Res. 3606\/22 (PLAN NUEVO)<\/p>\n\n\n\n<p><a href=\"https:\/\/docs.google.com\/forms\/d\/e\/1FAIpQLScl1GotUmjIKegNwfqDKohFYeR3fc1tio-SbK5y4GTwG0AMZg\/viewform?usp=header\">https:\/\/docs.google.com\/forms\/d\/e\/1FAIpQLScl1GotUmjIKegNwfqDKohFYeR3fc1tio-SbK5y4GTwG0AMZg\/viewform?usp=header<\/a><\/p>\n\n\n\n<p class=\"has-text-color has-medium-font-size\" style=\"color:#004e6f\">PROFESORADO DE INGL\u00c9S<\/p>\n\n\n\n<p><a href=\"https:\/\/docs.google.com\/forms\/d\/e\/1FAIpQLSfpp7rsvgK7b-zd_9RVgZ2s3rF-mZ858bk7qB3AjRgUPAqfwA\/viewform?usp=header\">https:\/\/docs.google.com\/forms\/d\/e\/1FAIpQLSfpp7rsvgK7b-zd_9RVgZ2s3rF-mZ858bk7qB3AjRgUPAqfwA\/viewform?usp=header<\/a><\/p>\n\n\n\n<p class=\"has-text-color has-medium-font-size\" style=\"color:#004e6f\">PROFESORADO DE EDUCACI\u00d3N PRIMARIA<\/p>\n\n\n\n<p><a href=\"https:\/\/docs.google.com\/forms\/d\/e\/1FAIpQLSdMejyzG1CUPmMUCJvSsoG92pAseUK8rh9Bz8TNTWz3aG4iYg\/viewform?usp=header\">https:\/\/docs.google.com\/forms\/d\/e\/1FAIpQLSdMejyzG1CUPmMUCJvSsoG92pAseUK8rh9Bz8TNTWz3aG4iYg\/viewform?usp=header<\/a><\/p>\n\n\n\n<p class=\"has-text-color has-medium-font-size\" style=\"color:#004e6f\">PROFESORADO EN TECNOLOG\u00cdAS DE EQUIPOS E INSTALACIONES ELECTROMEC\u00c1NICAS RES. 362\/03 y 4554\/03 (PLAN ANTERIOR)<\/p>\n\n\n\n<p><a href=\"https:\/\/docs.google.com\/forms\/d\/e\/1FAIpQLScEiiqBBomBZhqd9CiJRSXzZnm2DQO3T34-ZWhPA71P5s--2Q\/viewform?usp=header\">https:\/\/docs.google.com\/forms\/d\/e\/1FAIpQLScEiiqBBomBZhqd9CiJRSXzZnm2DQO3T34-ZWhPA71P5s&#8211;2Q\/viewform?usp=header<\/a><\/p>\n\n\n\n<p class=\"has-text-color has-medium-font-size\" style=\"color:#004e6f\">PROFESORADO DE EDUCACI\u00d3N SECUNDARIA T\u00c9CNICO PROFESIONAL EN ELECTROMEC\u00c1NICA RES. 5746\/23 (PLAN NUEVO)<\/p>\n\n\n\n<p><a href=\"https:\/\/docs.google.com\/forms\/d\/e\/1FAIpQLScZnj7RX6ByvArODiHlAVJvjc1VZxwOnZyG5p0bn_wqCvs7sg\/viewform?usp=header\">https:\/\/docs.google.com\/forms\/d\/e\/1FAIpQLScZnj7RX6ByvArODiHlAVJvjc1VZxwOnZyG5p0bn_wqCvs7sg\/viewform?usp=header<\/a><\/p>\n\n\n\n<p class=\"has-text-align-center has-black-color has-text-color has-medium-font-size\"><strong>TUTORIAL PARA REALIZAR INSCRIPCIONES EN SISTEMA SADIS<\/strong><\/p>\n\n\n\n<div class=\"wp-block-file\"><a id=\"wp-block-file--media-08435b8e-9cdf-4a90-a76b-5971a301b364\" href=\"https:\/\/isfd52-bue.infd.edu.ar\/sitio\/wp-content\/uploads\/2024\/12\/INSTRUCTIVO-INSCRIPCION-SADIS-2024.pdf\">INSTRUCTIVO-INSCRIPCION-SADIS-2024<\/a><a href=\"https:\/\/isfd52-bue.infd.edu.ar\/sitio\/wp-content\/uploads\/2024\/12\/INSTRUCTIVO-INSCRIPCION-SADIS-2024.pdf\" class=\"wp-block-file__button wp-element-button\" download aria-describedby=\"wp-block-file--media-08435b8e-9cdf-4a90-a76b-5971a301b364\">Descarga<\/a><\/div>\n\n\n\n<p><\/p>\n\n\n\n<p class=\"has-text-align-center has-text-color\" style=\"color:#004e6f;font-size:23px\"><strong>CRONOGRAMA DE MESAS DE EX\u00c1MENES TURNO FEBRERO-MARZO<\/strong><\/p>\n\n\n\n<p><strong>-PROFESORADO DE ECONOM\u00cdA<\/strong><\/p>\n\n\n\n<div class=\"wp-block-file\"><a id=\"wp-block-file--media-5ae52004-0dca-4d29-8ae3-835177100d88\" href=\"https:\/\/isfd52-bue.infd.edu.ar\/sitio\/wp-content\/uploads\/2024\/12\/ECONOMIA-MESAS-DE-EXAMENES-FEBRERO-2025.pdf\">ECONOMIA-MESAS-DE-EXAMENES-FEBRERO-2025<\/a><a href=\"https:\/\/isfd52-bue.infd.edu.ar\/sitio\/wp-content\/uploads\/2024\/12\/ECONOMIA-MESAS-DE-EXAMENES-FEBRERO-2025.pdf\" class=\"wp-block-file__button wp-element-button\" download aria-describedby=\"wp-block-file--media-5ae52004-0dca-4d29-8ae3-835177100d88\">Descarga<\/a><\/div>\n\n\n\n<p><\/p>\n\n\n\n<p><strong>-PROFESORADO T\u00c9CNICO<\/strong><\/p>\n\n\n\n<div class=\"wp-block-file\"><a id=\"wp-block-file--media-c38eb721-ae37-4824-874b-f8102b2bb486\" href=\"https:\/\/isfd52-bue.infd.edu.ar\/sitio\/wp-content\/uploads\/2024\/12\/TECNICO-MESAS-DE-EXAMENES-FEBRERO-2025.pdf\">TECNICO-MESAS-DE-EXAMENES-FEBRERO-2025<\/a><a href=\"https:\/\/isfd52-bue.infd.edu.ar\/sitio\/wp-content\/uploads\/2024\/12\/TECNICO-MESAS-DE-EXAMENES-FEBRERO-2025.pdf\" class=\"wp-block-file__button wp-element-button\" download aria-describedby=\"wp-block-file--media-c38eb721-ae37-4824-874b-f8102b2bb486\">Descarga<\/a><\/div>\n\n\n\n<p><\/p>\n\n\n\n<p><strong>-PROFESORADO DE INGL\u00c9S<\/strong><\/p>\n\n\n\n<div class=\"wp-block-file\"><a id=\"wp-block-file--media-ce1bcd10-5c98-4124-8db9-a539a7b6ac7d\" href=\"https:\/\/isfd52-bue.infd.edu.ar\/sitio\/wp-content\/uploads\/2024\/12\/INGLES-MESAS-DE-EXAMENES-FEBRERO-2025.pdf\">INGLES-MESAS-DE-EXAMENES-FEBRERO-2025<\/a><a href=\"https:\/\/isfd52-bue.infd.edu.ar\/sitio\/wp-content\/uploads\/2024\/12\/INGLES-MESAS-DE-EXAMENES-FEBRERO-2025.pdf\" class=\"wp-block-file__button wp-element-button\" download aria-describedby=\"wp-block-file--media-ce1bcd10-5c98-4124-8db9-a539a7b6ac7d\">Descarga<\/a><\/div>\n\n\n\n<p><\/p>\n\n\n\n<p><strong>-PROFESORADO DE PRIMARIA<\/strong>&nbsp;<strong>TURNO MA\u00d1ANA<\/strong><\/p>\n\n\n\n<div class=\"wp-block-file\"><a id=\"wp-block-file--media-d88186e8-cec3-4826-963f-95668269c5b7\" href=\"https:\/\/isfd52-bue.infd.edu.ar\/sitio\/wp-content\/uploads\/2024\/12\/PRIMARIA-BOULOGNE-MESAS-DE-EXAMENES-FEBRERO-2025.xlsx\">PRIMARIA-BOULOGNE-MESAS-DE-EXAMENES-FEBRERO-2025<\/a><a href=\"https:\/\/isfd52-bue.infd.edu.ar\/sitio\/wp-content\/uploads\/2024\/12\/PRIMARIA-BOULOGNE-MESAS-DE-EXAMENES-FEBRERO-2025.xlsx\" class=\"wp-block-file__button wp-element-button\" download aria-describedby=\"wp-block-file--media-d88186e8-cec3-4826-963f-95668269c5b7\">Descarga<\/a><\/div>\n\n\n\n<p><\/p>\n\n\n\n<p><strong>-PROFESORADO DE PRIMARIA<\/strong>&nbsp;<strong>TURNO VESPERTINO<\/strong><\/p>\n\n\n\n<div class=\"wp-block-file\"><a id=\"wp-block-file--media-36c38939-f567-4546-97a9-dc31148a3010\" href=\"https:\/\/isfd52-bue.infd.edu.ar\/sitio\/wp-content\/uploads\/2024\/12\/PRIMARIA-SAN-ISIDRO-MESAS-DE-EXAMENES-FEBRERO-2025.xlsx\">PRIMARIA-SAN-ISIDRO-MESAS-DE-EXAMENES-FEBRERO-2025<\/a><a href=\"https:\/\/isfd52-bue.infd.edu.ar\/sitio\/wp-content\/uploads\/2024\/12\/PRIMARIA-SAN-ISIDRO-MESAS-DE-EXAMENES-FEBRERO-2025.xlsx\" class=\"wp-block-file__button wp-element-button\" download aria-describedby=\"wp-block-file--media-36c38939-f567-4546-97a9-dc31148a3010\">Descarga<\/a><\/div>\n","protected":false},"excerpt":{"rendered":"<p>Las inscripciones se realizan por autogesti\u00f3n por: Sistema SADIS (cursadas aprobadas en modalidad regular) GoogleForms (Acreditaci\u00f3n Libre a partir de 2025) Plazos de INSCRIPCI\u00d3N a mesas de ex\u00e1menes FEBRERO-MARZO 2025 TODOS LOS PROFESORADOS DESDE EL 3\/2\/2025 AL 12\/2\/2025 Por cualquier inconveniente de inscripci\u00f3n podr\u00e1n consultar a sus preceptorxs referentes&nbsp;el martes 11\/2 y mi\u00e9rcoles 12\/2, por &#8230; <a title=\"MESAS DE EX\u00c1MENES FEBRERO-MARZO 2025 (LLAMADO \u00daNICO)\" class=\"read-more\" href=\"https:\/\/isfd52-bue.infd.edu.ar\/sitio\/mesas-de-examenes-febrero-marzo-2025-llamado-unico\/\" aria-label=\"More on MESAS DE EX\u00c1MENES FEBRERO-MARZO 2025 (LLAMADO \u00daNICO)\">[+]<\/a><\/p>\n","protected":false},"author":1549,"featured_media":0,"parent":0,"menu_order":0,"comment_status":"closed","ping_status":"closed","template":"","meta":[],"acf":[],"_links":{"self":[{"href":"https:\/\/isfd52-bue.infd.edu.ar\/sitio\/wp-json\/wp\/v2\/pages\/5147"}],"collection":[{"href":"https:\/\/isfd52-bue.infd.edu.ar\/sitio\/wp-json\/wp\/v2\/pages"}],"about":[{"href":"https:\/\/isfd52-bue.infd.edu.ar\/sitio\/wp-json\/wp\/v2\/types\/page"}],"author":[{"embeddable":true,"href":"https:\/\/isfd52-bue.infd.edu.ar\/sitio\/wp-json\/wp\/v2\/users\/1549"}],"replies":[{"embeddable":true,"href":"https:\/\/isfd52-bue.infd.edu.ar\/sitio\/wp-json\/wp\/v2\/comments?post=5147"}],"version-history":[{"count":5,"href":"https:\/\/isfd52-bue.infd.edu.ar\/sitio\/wp-json\/wp\/v2\/pages\/5147\/revisions"}],"predecessor-version":[{"id":5189,"href":"https:\/\/isfd52-bue.infd.edu.ar\/sitio\/wp-json\/wp\/v2\/pages\/5147\/revisions\/5189"}],"wp:attachment":[{"href":"https:\/\/isfd52-bue.infd.edu.ar\/sitio\/wp-json\/wp\/v2\/media?parent=5147"}],"curies":[{"name":"wp","href":"https:\/\/api.w.org\/{rel}","templated":true}]}}