{"id":5140,"date":"2024-11-08T11:40:00","date_gmt":"2024-11-08T14:40:00","guid":{"rendered":"https:\/\/isfd52-bue.infd.edu.ar\/sitio\/?page_id=5140"},"modified":"2024-11-08T11:40:02","modified_gmt":"2024-11-08T14:40:02","slug":"regimen-de-correlatividades-del-profesorado-de-educacion-secundaria-en-economia-res-3606-22","status":"publish","type":"page","link":"https:\/\/isfd52-bue.infd.edu.ar\/sitio\/regimen-de-correlatividades-del-profesorado-de-educacion-secundaria-en-economia-res-3606-22\/","title":{"rendered":"R\u00c9GIMEN DE CORRELATIVIDADES DEL PROFESORADO DE EDUCACI\u00d3N SECUNDARIA EN ECONOM\u00cdA RES. 3606\/22"},"content":{"rendered":"\n<p><\/p>\n\n\n\n<div class=\"wp-block-file\"><object class=\"wp-block-file__embed\" data=\"https:\/\/isfd52-bue.infd.edu.ar\/sitio\/wp-content\/uploads\/2024\/11\/REGIMEN-DE-CORRELATIVIDADES-PROF-ECONOMIA-RES-3606-22.pdf\" type=\"application\/pdf\" style=\"width:100%;height:600px\" aria-label=\"Incrustado de REGIMEN-DE-CORRELATIVIDADES-PROF-ECONOMIA-RES-3606-22.\"><\/object><a id=\"wp-block-file--media-11fe66b4-61cd-479e-acde-6539135c0cd0\" href=\"https:\/\/isfd52-bue.infd.edu.ar\/sitio\/wp-content\/uploads\/2024\/11\/REGIMEN-DE-CORRELATIVIDADES-PROF-ECONOMIA-RES-3606-22.pdf\">REGIMEN-DE-CORRELATIVIDADES-PROF-ECONOMIA-RES-3606-22<\/a><a href=\"https:\/\/isfd52-bue.infd.edu.ar\/sitio\/wp-content\/uploads\/2024\/11\/REGIMEN-DE-CORRELATIVIDADES-PROF-ECONOMIA-RES-3606-22.pdf\" class=\"wp-block-file__button wp-element-button\" download aria-describedby=\"wp-block-file--media-11fe66b4-61cd-479e-acde-6539135c0cd0\">Descarga<\/a><\/div>\n","protected":false},"excerpt":{"rendered":"","protected":false},"author":1549,"featured_media":0,"parent":0,"menu_order":0,"comment_status":"closed","ping_status":"closed","template":"","meta":[],"acf":[],"_links":{"self":[{"href":"https:\/\/isfd52-bue.infd.edu.ar\/sitio\/wp-json\/wp\/v2\/pages\/5140"}],"collection":[{"href":"https:\/\/isfd52-bue.infd.edu.ar\/sitio\/wp-json\/wp\/v2\/pages"}],"about":[{"href":"https:\/\/isfd52-bue.infd.edu.ar\/sitio\/wp-json\/wp\/v2\/types\/page"}],"author":[{"embeddable":true,"href":"https:\/\/isfd52-bue.infd.edu.ar\/sitio\/wp-json\/wp\/v2\/users\/1549"}],"replies":[{"embeddable":true,"href":"https:\/\/isfd52-bue.infd.edu.ar\/sitio\/wp-json\/wp\/v2\/comments?post=5140"}],"version-history":[{"count":1,"href":"https:\/\/isfd52-bue.infd.edu.ar\/sitio\/wp-json\/wp\/v2\/pages\/5140\/revisions"}],"predecessor-version":[{"id":5142,"href":"https:\/\/isfd52-bue.infd.edu.ar\/sitio\/wp-json\/wp\/v2\/pages\/5140\/revisions\/5142"}],"wp:attachment":[{"href":"https:\/\/isfd52-bue.infd.edu.ar\/sitio\/wp-json\/wp\/v2\/media?parent=5140"}],"curies":[{"name":"wp","href":"https:\/\/api.w.org\/{rel}","templated":true}]}}