{"id":5104,"date":"2024-10-21T21:31:15","date_gmt":"2024-10-22T00:31:15","guid":{"rendered":"https:\/\/isfd52-bue.infd.edu.ar\/sitio\/?page_id=5104"},"modified":"2024-10-21T21:53:32","modified_gmt":"2024-10-22T00:53:32","slug":"calendario-academico-finalizacion-de-actividades-2024","status":"publish","type":"page","link":"https:\/\/isfd52-bue.infd.edu.ar\/sitio\/calendario-academico-finalizacion-de-actividades-2024\/","title":{"rendered":"CALENDARIO ACAD\u00c9MICO FINALIZACI\u00d3N DE ACTIVIDADES 2024"},"content":{"rendered":"\n<p><\/p>\n\n\n\n<p class=\"has-text-align-center\"><strong>\u00daltima sesi\u00f3n del CAI:<\/strong> Mi\u00e9rcoles 30\/10 19hs Sede Rivadavia 349<\/p>\n\n\n\n<p class=\"has-text-align-center\"><strong>\u00daltima semana de cursada: <\/strong>Lunes 11\/11 al s\u00e1bado 16\/11<\/p>\n\n\n\n<p class=\"has-text-align-center\"><strong>Semana de consultas: <\/strong>Lunes 18\/11 al s\u00e1bado 23\/11 (asistencia obligatoria de Profesorxs)<\/p>\n\n\n\n<p class=\"has-text-align-center\"><strong>Acto de Colaci\u00f3n Prof. Ingl\u00e9s, Econom\u00eda y T\u00e9cnico:<\/strong> Viernes 22\/11 19hs Sede Rivadavia 349<\/p>\n\n\n\n<p class=\"has-text-align-center\"><strong>Acto de Colaci\u00f3n Prof.<\/strong> <strong>de Educaci\u00f3n Primaria: <\/strong>S\u00e1bado 23\/11 9hs Sede Rivadavia 349<\/p>\n\n\n\n<p class=\"has-text-align-center\"><strong>1ER LLAMADO DE EX\u00c1MENES (2 semanas):<\/strong> Lunes 25\/11 al viernes 7\/12<\/p>\n\n\n\n<p class=\"has-text-align-center\"><strong>2DO LLAMADO DE EX\u00c1MENES (2 semanas):<\/strong> Lunes 9\/12 al s\u00e1bado 21\/12<\/p>\n\n\n\n<p class=\"has-text-align-center\"><strong>Fechas posibles de reprogramaci\u00f3n de ex\u00e1menes: <\/strong>Jueves 26\/12 y viernes 27\/12<\/p>\n\n\n\n<p class=\"has-text-align-center\"><strong>Reuniones con Estudiantes ingresantes en ciclo lectivo 2025:<\/strong><\/p>\n\n\n\n<p class=\"has-text-align-center\">:<strong>Prof. de Ingl\u00e9s, T\u00e9cnico, Econom\u00eda y Primaria <em>divisiones A y B Turno vespertino<\/em>:<\/strong> Martes 17\/12 19hs Sede Rivadavia 349<\/p>\n\n\n\n<p class=\"has-text-align-center\"><strong>Prof de Educaci\u00f3n Primaria <em>divisi\u00f3n C Turno Ma\u00f1ana<\/em>:<\/strong> Jueves 19\/12 9hs Sede Los Ceibos 55    <\/p>\n\n\n\n<figure class=\"wp-block-image size-large\"><img decoding=\"async\" loading=\"lazy\" width=\"1344\" height=\"1900\" src=\"https:\/\/isfd52-bue.infd.edu.ar\/sitio\/wp-content\/uploads\/2024\/10\/AGENDA-FIN-DE-ANO-PARA-PUBLICAR_page-0001-1-1344x1900.jpg\" alt=\"\" class=\"wp-image-5107\" srcset=\"https:\/\/isfd52-bue.infd.edu.ar\/sitio\/wp-content\/uploads\/2024\/10\/AGENDA-FIN-DE-ANO-PARA-PUBLICAR_page-0001-1-1344x1900.jpg 1344w, https:\/\/isfd52-bue.infd.edu.ar\/sitio\/wp-content\/uploads\/2024\/10\/AGENDA-FIN-DE-ANO-PARA-PUBLICAR_page-0001-1-707x1000.jpg 707w, https:\/\/isfd52-bue.infd.edu.ar\/sitio\/wp-content\/uploads\/2024\/10\/AGENDA-FIN-DE-ANO-PARA-PUBLICAR_page-0001-1-768x1086.jpg 768w, https:\/\/isfd52-bue.infd.edu.ar\/sitio\/wp-content\/uploads\/2024\/10\/AGENDA-FIN-DE-ANO-PARA-PUBLICAR_page-0001-1-1087x1536.jpg 1087w, https:\/\/isfd52-bue.infd.edu.ar\/sitio\/wp-content\/uploads\/2024\/10\/AGENDA-FIN-DE-ANO-PARA-PUBLICAR_page-0001-1-1449x2048.jpg 1449w, https:\/\/isfd52-bue.infd.edu.ar\/sitio\/wp-content\/uploads\/2024\/10\/AGENDA-FIN-DE-ANO-PARA-PUBLICAR_page-0001-1.jpg 1755w\" sizes=\"(max-width: 1344px) 100vw, 1344px\" \/><\/figure>\n","protected":false},"excerpt":{"rendered":"<p>\u00daltima sesi\u00f3n del CAI: Mi\u00e9rcoles 30\/10 19hs Sede Rivadavia 349 \u00daltima semana de cursada: Lunes 11\/11 al s\u00e1bado 16\/11 Semana de consultas: Lunes 18\/11 al s\u00e1bado 23\/11 (asistencia obligatoria de Profesorxs) Acto de Colaci\u00f3n Prof. Ingl\u00e9s, Econom\u00eda y T\u00e9cnico: Viernes 22\/11 19hs Sede Rivadavia 349 Acto de Colaci\u00f3n Prof. de Educaci\u00f3n Primaria: S\u00e1bado 23\/11 9hs &#8230; <a title=\"CALENDARIO ACAD\u00c9MICO FINALIZACI\u00d3N DE ACTIVIDADES 2024\" class=\"read-more\" href=\"https:\/\/isfd52-bue.infd.edu.ar\/sitio\/calendario-academico-finalizacion-de-actividades-2024\/\" aria-label=\"More on CALENDARIO ACAD\u00c9MICO FINALIZACI\u00d3N DE ACTIVIDADES 2024\">[+]<\/a><\/p>\n","protected":false},"author":1549,"featured_media":0,"parent":0,"menu_order":0,"comment_status":"closed","ping_status":"closed","template":"","meta":[],"acf":[],"_links":{"self":[{"href":"https:\/\/isfd52-bue.infd.edu.ar\/sitio\/wp-json\/wp\/v2\/pages\/5104"}],"collection":[{"href":"https:\/\/isfd52-bue.infd.edu.ar\/sitio\/wp-json\/wp\/v2\/pages"}],"about":[{"href":"https:\/\/isfd52-bue.infd.edu.ar\/sitio\/wp-json\/wp\/v2\/types\/page"}],"author":[{"embeddable":true,"href":"https:\/\/isfd52-bue.infd.edu.ar\/sitio\/wp-json\/wp\/v2\/users\/1549"}],"replies":[{"embeddable":true,"href":"https:\/\/isfd52-bue.infd.edu.ar\/sitio\/wp-json\/wp\/v2\/comments?post=5104"}],"version-history":[{"count":3,"href":"https:\/\/isfd52-bue.infd.edu.ar\/sitio\/wp-json\/wp\/v2\/pages\/5104\/revisions"}],"predecessor-version":[{"id":5111,"href":"https:\/\/isfd52-bue.infd.edu.ar\/sitio\/wp-json\/wp\/v2\/pages\/5104\/revisions\/5111"}],"wp:attachment":[{"href":"https:\/\/isfd52-bue.infd.edu.ar\/sitio\/wp-json\/wp\/v2\/media?parent=5104"}],"curies":[{"name":"wp","href":"https:\/\/api.w.org\/{rel}","templated":true}]}}