{"id":4915,"date":"2024-03-12T11:26:07","date_gmt":"2024-03-12T14:26:07","guid":{"rendered":"https:\/\/isfd52-bue.infd.edu.ar\/sitio\/?page_id=4915"},"modified":"2024-03-27T09:09:47","modified_gmt":"2024-03-27T12:09:47","slug":"horarios-de-cursada-2024","status":"publish","type":"page","link":"https:\/\/isfd52-bue.infd.edu.ar\/sitio\/horarios-de-cursada-2024\/","title":{"rendered":"HORARIOS DE CURSADA 2024"},"content":{"rendered":"\n<p><\/p>\n\n\n\n<p><strong>PROFESORADO DE INGL\u00c9S<\/strong><\/p>\n\n\n\n<div class=\"wp-block-file\"><a id=\"wp-block-file--media-54a1d04a-62e2-429a-985f-c4bc2102d1d6\" href=\"https:\/\/isfd52-bue.infd.edu.ar\/sitio\/wp-content\/uploads\/2024\/03\/INGLES-HORARIOS-2024.pdf\">INGLES-HORARIOS-2024<\/a><a href=\"https:\/\/isfd52-bue.infd.edu.ar\/sitio\/wp-content\/uploads\/2024\/03\/INGLES-HORARIOS-2024.pdf\" class=\"wp-block-file__button wp-element-button\" download aria-describedby=\"wp-block-file--media-54a1d04a-62e2-429a-985f-c4bc2102d1d6\">Descarga<\/a><\/div>\n\n\n\n<p><\/p>\n\n\n\n<p><strong>PROFESORADO DE ECONOM\u00cdA<\/strong><\/p>\n\n\n\n<div class=\"wp-block-file\"><a id=\"wp-block-file--media-6b06740d-77c7-48f3-a453-573b5a2b69e4\" href=\"https:\/\/isfd52-bue.infd.edu.ar\/sitio\/wp-content\/uploads\/2024\/03\/ECONOMIA-HORARIOS-2024.pdf\">ECONOMIA-HORARIOS-2024<\/a><a href=\"https:\/\/isfd52-bue.infd.edu.ar\/sitio\/wp-content\/uploads\/2024\/03\/ECONOMIA-HORARIOS-2024.pdf\" class=\"wp-block-file__button wp-element-button\" download aria-describedby=\"wp-block-file--media-6b06740d-77c7-48f3-a453-573b5a2b69e4\">Descarga<\/a><\/div>\n\n\n\n<p><\/p>\n\n\n\n<p><strong>PROFESORADO T\u00c9CNICO<\/strong><\/p>\n\n\n\n<div class=\"wp-block-file\"><a id=\"wp-block-file--media-63a8b313-9186-4d40-a239-67b5b17b07e1\" href=\"https:\/\/isfd52-bue.infd.edu.ar\/sitio\/wp-content\/uploads\/2024\/03\/TECNICO-HORARIOS-2024-1.pdf\">TECNICO-HORARIOS-2024-1<\/a><a href=\"https:\/\/isfd52-bue.infd.edu.ar\/sitio\/wp-content\/uploads\/2024\/03\/TECNICO-HORARIOS-2024-1.pdf\" class=\"wp-block-file__button wp-element-button\" download aria-describedby=\"wp-block-file--media-63a8b313-9186-4d40-a239-67b5b17b07e1\">Descarga<\/a><\/div>\n\n\n\n<p><\/p>\n\n\n\n<p><strong>PROFESORADO DE EDUCACI\u00d3N PRIMARIA TURNO VESPERTINO DIVISI\u00d3N A<\/strong><\/p>\n\n\n\n<div class=\"wp-block-file\"><a id=\"wp-block-file--media-4395bbd9-c123-4a84-b0b7-7cbcd3c947dd\" href=\"https:\/\/isfd52-bue.infd.edu.ar\/sitio\/wp-content\/uploads\/2024\/03\/PRIMARIA-A-HORARIOS-2024-1.pdf\">PRIMARIA-A-HORARIOS-2024-1<\/a><a href=\"https:\/\/isfd52-bue.infd.edu.ar\/sitio\/wp-content\/uploads\/2024\/03\/PRIMARIA-A-HORARIOS-2024-1.pdf\" class=\"wp-block-file__button wp-element-button\" download aria-describedby=\"wp-block-file--media-4395bbd9-c123-4a84-b0b7-7cbcd3c947dd\">Descarga<\/a><\/div>\n\n\n\n<p><\/p>\n\n\n\n<p><strong>PROFESORADO DE EDUCACI\u00d3N PRIMARIA TURNO VESPERTINO DIVISI\u00d3N B<\/strong><\/p>\n\n\n\n<div class=\"wp-block-file\"><a id=\"wp-block-file--media-ee4ded53-c803-4994-b20f-3c00c670700d\" href=\"https:\/\/isfd52-bue.infd.edu.ar\/sitio\/wp-content\/uploads\/2024\/03\/PRIMARIA-B-HORARIOS-2024-1.pdf\">PRIMARIA-B-HORARIOS-2024-1<\/a><a href=\"https:\/\/isfd52-bue.infd.edu.ar\/sitio\/wp-content\/uploads\/2024\/03\/PRIMARIA-B-HORARIOS-2024-1.pdf\" class=\"wp-block-file__button wp-element-button\" download aria-describedby=\"wp-block-file--media-ee4ded53-c803-4994-b20f-3c00c670700d\">Descarga<\/a><\/div>\n\n\n\n<p><\/p>\n\n\n\n<p><strong>PROFESORADO DE EDUCACI\u00d3N PRIMARIA TURNO VESPERTINO DIVISI\u00d3N C<\/strong><\/p>\n\n\n\n<div class=\"wp-block-file\"><a id=\"wp-block-file--media-8aad2f38-b860-474b-b091-43b9d38e7f05\" href=\"https:\/\/isfd52-bue.infd.edu.ar\/sitio\/wp-content\/uploads\/2024\/03\/PRIMARIA-C-HORARIOS-2024.pdf\">PRIMARIA-C-HORARIOS-2024<\/a><a href=\"https:\/\/isfd52-bue.infd.edu.ar\/sitio\/wp-content\/uploads\/2024\/03\/PRIMARIA-C-HORARIOS-2024.pdf\" class=\"wp-block-file__button wp-element-button\" download aria-describedby=\"wp-block-file--media-8aad2f38-b860-474b-b091-43b9d38e7f05\">Descarga<\/a><\/div>\n","protected":false},"excerpt":{"rendered":"<p>PROFESORADO DE INGL\u00c9S PROFESORADO DE ECONOM\u00cdA PROFESORADO T\u00c9CNICO PROFESORADO DE EDUCACI\u00d3N PRIMARIA TURNO VESPERTINO DIVISI\u00d3N A PROFESORADO DE EDUCACI\u00d3N PRIMARIA TURNO VESPERTINO DIVISI\u00d3N B PROFESORADO DE EDUCACI\u00d3N PRIMARIA TURNO VESPERTINO DIVISI\u00d3N C<\/p>\n","protected":false},"author":1549,"featured_media":0,"parent":0,"menu_order":0,"comment_status":"closed","ping_status":"closed","template":"","meta":[],"acf":[],"_links":{"self":[{"href":"https:\/\/isfd52-bue.infd.edu.ar\/sitio\/wp-json\/wp\/v2\/pages\/4915"}],"collection":[{"href":"https:\/\/isfd52-bue.infd.edu.ar\/sitio\/wp-json\/wp\/v2\/pages"}],"about":[{"href":"https:\/\/isfd52-bue.infd.edu.ar\/sitio\/wp-json\/wp\/v2\/types\/page"}],"author":[{"embeddable":true,"href":"https:\/\/isfd52-bue.infd.edu.ar\/sitio\/wp-json\/wp\/v2\/users\/1549"}],"replies":[{"embeddable":true,"href":"https:\/\/isfd52-bue.infd.edu.ar\/sitio\/wp-json\/wp\/v2\/comments?post=4915"}],"version-history":[{"count":3,"href":"https:\/\/isfd52-bue.infd.edu.ar\/sitio\/wp-json\/wp\/v2\/pages\/4915\/revisions"}],"predecessor-version":[{"id":4944,"href":"https:\/\/isfd52-bue.infd.edu.ar\/sitio\/wp-json\/wp\/v2\/pages\/4915\/revisions\/4944"}],"wp:attachment":[{"href":"https:\/\/isfd52-bue.infd.edu.ar\/sitio\/wp-json\/wp\/v2\/media?parent=4915"}],"curies":[{"name":"wp","href":"https:\/\/api.w.org\/{rel}","templated":true}]}}