{"id":4912,"date":"2024-03-12T13:09:56","date_gmt":"2024-03-12T16:09:56","guid":{"rendered":"https:\/\/isfd52-bue.infd.edu.ar\/sitio\/?page_id=4912"},"modified":"2024-03-16T10:02:02","modified_gmt":"2024-03-16T13:02:02","slug":"matriculacion-a-cursada-2024","status":"publish","type":"page","link":"https:\/\/isfd52-bue.infd.edu.ar\/sitio\/matriculacion-a-cursada-2024\/","title":{"rendered":"MATRICULACI\u00d3N A CURSADA 2024"},"content":{"rendered":"\n<p class=\"has-text-align-center\"><strong>-ESTUDIANTES QUE SE INSCRIBEN PARA CURSAR O RECURSAR UNIDADES CURRICULARES DE 2\u00b0, 3\u00ba Y\/O 4\u00b0 A\u00d1O<\/strong><\/p>\n\n\n\n<p class=\"has-text-align-center\"><strong>-ESTUDIANTES DE COHORTES ANTERIORES AL 2024 QUE SE INSCRIBEN PARA CURSAR O RECURSAR UNIDADES CURRICULARES DE 1\u00ba A\u00d1O<\/strong> <strong><em>(NO INGRESANTES 2024)<\/em><\/strong><\/p>\n\n\n\n<p class=\"has-text-align-center has-accent-color has-text-color\"><strong><em>LOS INGRESANTES 2024 SER\u00c1N MATRICULADOS AUTOM\u00c1TICAMENTE A 1\u00ba A\u00d1O POR PERSONAL DE LA INSTITUCI\u00d3N&nbsp;<\/em><\/strong><\/p>\n\n\n\n<p><\/p>\n\n\n\n<p class=\"has-text-align-center has-background has-medium-font-size\" style=\"background-color:#adc8d4\"><strong>FECHA DE MATRICULACI\u00d3N POR AUTOGESTI\u00d3N POR SISTEMA SADIS:<\/strong><\/p>\n\n\n\n<p class=\"has-text-align-center has-white-color has-text-color has-background has-medium-font-size\" style=\"background-color:#465d66\"><strong>DESDE EL 13\/3\/2024 AL 17\/3\/2024<\/strong><\/p>\n\n\n\n<p class=\"has-text-align-center has-white-color has-text-color has-background has-medium-font-size\" style=\"background-color:#465d66\"><strong>PROFESORADOS DE EDCUCACI\u00d3N PRIMARIA, ECONOM\u00cdA Y T\u00c9CNICO<\/strong><\/p>\n\n\n\n<p class=\"has-text-align-center has-text-color has-background has-medium-font-size\" style=\"color:#17446b;background-color:#83f7d0\"><strong>DESDE EL 20\/3\/2024 AL 22\/3\/2024<\/strong><\/p>\n\n\n\n<p class=\"has-text-align-center has-text-color has-background has-medium-font-size\" style=\"color:#17446b;background-color:#83f7d0\"><strong>PROFESORADO DE INGL\u00c9S<\/strong><\/p>\n\n\n\n<p><\/p>\n\n\n\n<p class=\"has-text-align-center\"><strong>COMPARTIMOS INSTRUCTIVO DE MATRICULACI\u00d3N:<\/strong><\/p>\n\n\n\n<p class=\"has-text-align-center\">La matriculaci\u00f3n a las cursadas de unidades curriculares 2024 se realizar\u00e1 a trav\u00e9s del sistema de gesti\u00f3n acad\u00e9mica&nbsp;<strong>SADIS<\/strong>.<\/p>\n\n\n\n<p class=\"has-text-align-center\"><strong>Para inscribirte ten\u00e9s que ingresar a <\/strong><a href=\"https:\/\/isfd52-bue.infd.edu.ar\/sitio\/sadis-estudiantes\/\">https:\/\/isfd52-bue.infd.edu.ar\/sitio\/sadis-estudiantes\/<\/a><\/p>\n\n\n\n<p class=\"has-text-align-center\">A continuaci\u00f3n te aparecer\u00e1 el siguiente cuadro, all\u00ed tendr\u00e1s que ingresar tu n\u00famero de<strong>&nbsp;DNI<\/strong>&nbsp;(sin puntos ni espacios), la <strong>CLAVE<\/strong>, y el c\u00f3digo de verificaci\u00f3n que se visualiza<\/p>\n\n\n<div class=\"wp-block-image\">\n<figure class=\"aligncenter\"><img decoding=\"async\" src=\"https:\/\/isfd52-bue.infd.edu.ar\/sitio\/wp-content\/uploads\/2018\/08\/29YluJ2mb3oZgimagen_incrustada2.png\" alt=\"\"\/><\/figure><\/div>\n\n\n<p class=\"has-text-align-center\"><\/p>\n\n\n\n<p class=\"has-text-align-center\">Por&nbsp;<strong>dificultades en la inscripci\u00f3n,<\/strong>&nbsp;consult\u00e1 a tu preceptor\/a de referencia durante el per\u00edodo de matriculaci\u00f3n:<\/p>\n\n\n\n<p class=\"has-text-align-center\"><strong>PRIMARIA :<\/strong> Gustavo Torelli (turno vespertino) &#8211; Mercedes Cavaliere (turno ma\u00f1ana)<\/p>\n\n\n\n<p class=\"has-text-align-center\"><strong>ECONOM\u00cdA:<\/strong> Mar\u00eda Giorgini<\/p>\n\n\n\n<p class=\"has-text-align-center\"><strong>INGL\u00c9S: <\/strong>Nora Mart\u00ednez &#8211; M\u00f3nica Chachagua<\/p>\n\n\n\n<p class=\"has-text-align-center\"><strong>T\u00c9CNICO: <\/strong>Patricia Morales<\/p>\n\n\n\n<p><\/p>\n\n\n\n<p class=\"has-text-align-center\">Una vez que hayas ingresado en el sistema te aparece este cuadro:<\/p>\n\n\n<div class=\"wp-block-image\">\n<figure class=\"aligncenter\"><img decoding=\"async\" loading=\"lazy\" width=\"728\" height=\"281\" src=\"https:\/\/isfd52-bue.infd.edu.ar\/sitio\/wp-content\/uploads\/2020\/03\/matric02.jpg\" alt=\"\" class=\"wp-image-3034\"\/><\/figure><\/div>\n\n\n<p class=\"has-text-align-center\">All\u00ed tendr\u00e1s&nbsp; la opci\u00f3n de matricularte en materias haciendo click en:<\/p>\n\n\n\n<ul>\n<li><strong>Pesta\u00f1a \u00abMatriculaci\u00f3n\u00bb (ubicada arriba hacia la derecha)<\/strong><\/li>\n\n\n\n<li><strong>Luego haciendo click en&nbsp;la pesta\u00f1a \u00abMatricularse a una materia\u00bb (ubicada hacia la izquierda)<\/strong> <\/li>\n<\/ul>\n\n\n\n<p class=\"has-text-align-center\">Te aparecer\u00e1 una pantalla con todas las materias y divisiones. Tendr\u00e1s que seleccionar la materia en el a\u00f1o, divisi\u00f3n, d\u00eda y horario que&nbsp; cursar\u00e1s este a\u00f1o. Los horarios est\u00e1n publicados en nuestro sitio web.<\/p>\n\n\n<div class=\"wp-block-image\">\n<figure class=\"aligncenter\"><img decoding=\"async\" loading=\"lazy\" width=\"1000\" height=\"389\" src=\"https:\/\/isfd52-bue.infd.edu.ar\/sitio\/wp-content\/uploads\/2020\/03\/matricula03-1000x389.png\" alt=\"\" class=\"wp-image-3035\" srcset=\"https:\/\/isfd52-bue.infd.edu.ar\/sitio\/wp-content\/uploads\/2020\/03\/matricula03-1000x389.png 1000w, https:\/\/isfd52-bue.infd.edu.ar\/sitio\/wp-content\/uploads\/2020\/03\/matricula03-768x298.png 768w, https:\/\/isfd52-bue.infd.edu.ar\/sitio\/wp-content\/uploads\/2020\/03\/matricula03.png 1341w\" sizes=\"(max-width: 1000px) 100vw, 1000px\" \/><\/figure><\/div>\n\n\n<p class=\"has-text-align-left\"><strong>Aclaraciones IMPORTANTES:<\/strong><\/p>\n\n\n\n<ul>\n<li><strong>&nbsp;Curso:<\/strong>&nbsp;se refiere al a\u00f1o en que se encuentra la materia en el Plan de estudios<\/li>\n\n\n\n<li><strong>Divisi\u00f3n<\/strong>:&nbsp;la correspondencia es la siguiente solamente para las siguientes carreras<strong>:<\/strong><\/li>\n<\/ul>\n\n\n\n<p>-PRIMARIA: Divisi\u00f3n 1: A&nbsp;<em>(sede Rivadavia \u2013 Turno Vespertino)<\/em>&nbsp; \/&nbsp; &nbsp;Divisi\u00f3n 2: B&nbsp;<em>(sede Rivadavia \u2013 Turno Vespertino)<\/em>&nbsp; \/&nbsp; Divisi\u00f3n 3: C&nbsp;&nbsp;<em>(Turno Ma\u00f1ana &#8211; Lunes a viernes sede Los Ceibos, s\u00e1bados sede Rivadavia-)<\/em><\/p>\n\n\n\n<p>-INGL\u00c9S:&nbsp;Divisi\u00f3n 1: A&nbsp;&nbsp;&nbsp;Divisi\u00f3n 2: B&nbsp;  &nbsp;Divisi\u00f3n 3: C <em>(Todas en sede Rivadavia)<\/em><\/p>\n\n\n\n<ul>\n<li><strong>Te podr\u00e1s inscribir en la cantidad de materias que quieras, siempre que no exista incompatibilidad horaria y respetando el r\u00e9gimen de correlatividades del plan de estudios de la carrera<\/strong><\/li>\n<\/ul>\n\n\n\n<p><\/p>\n\n\n\n<p class=\"has-text-align-center\">En caso de equivocarse en alguna inscripci\u00f3n, podr\u00e1n eliminarla en la opci\u00f3n \u00abBorrarse\u00bb (cruz roja):<\/p>\n\n\n<div class=\"wp-block-image\">\n<figure class=\"aligncenter\"><img decoding=\"async\" src=\"https:\/\/isfd52-bue.infd.edu.ar\/sitio\/wp-content\/uploads\/2018\/08\/2tCpraGU0FGOiimagen_incrustada4.png\" alt=\"\"\/><\/figure><\/div>\n\n\n<p class=\"has-text-align-center\">Para revisar si realizaste correctamente la matriculaci\u00f3n, podes ir a&nbsp;la pesta\u00f1a \u00abCursadas\u00bb&nbsp;y all\u00ed deber\u00edan aparecer todas las materias que vas a cursar en este ciclo lectivo:<\/p>\n\n\n<div class=\"wp-block-image\">\n<figure class=\"aligncenter\"><img decoding=\"async\" src=\"https:\/\/isfd52-bue.infd.edu.ar\/sitio\/wp-content\/uploads\/2018\/08\/2DHlAxiC6eOp8imagen_incrustada5.png\" alt=\"\"\/><\/figure><\/div>\n\n\n<p class=\"has-text-align-center\"> Es importante revisar el&nbsp;nombre de la materia, a\u00f1o y, especialmente,&nbsp;la divisi\u00f3n&nbsp;(en el caso de que haya m\u00e1s de una) a fin de evitar inconvenientes posteriores al momento de confeccionar las planillas de asistencia.<\/p>\n\n\n\n<hr class=\"wp-block-separator has-alpha-channel-opacity\"\/>\n\n\n\n<h4 class=\"wp-block-heading has-text-align-center has-background has-large-font-size\" style=\"background-color:#6dfff3\">Matriculaci\u00f3n a cursada en<strong>&nbsp;modalidad LIBRE: desde el 13\/3\/24 hasta el 30\/5\/2<\/strong>4                                     Se debe presentar solicitud por escrito a preceptor\/a referente de carrera<\/h4>\n\n\n\n<h6 class=\"wp-block-heading has-text-align-center\"><em>(ver&nbsp;<a href=\"https:\/\/isfd52-bue.infd.edu.ar\/sitio\/plan-de-evaluacion-institucional-2015-con-modificaciones-2016\/upload\/Plan_de_Evaluacion.2016_1.docx\">Plan de Evaluaci\u00f3n<\/a>&nbsp;para +info)&nbsp;<\/em><\/h6>\n\n\n\n<h3 class=\"wp-block-heading has-text-align-center\"><strong>Por cualquier dificultad no dudes en contactarte con tu preceptor\/a&nbsp; o coordinador\/a referente de carrera<\/strong><\/h3>\n\n\n\n<h5 class=\"wp-block-heading\"><\/h5>\n\n\n\n<h5 class=\"wp-block-heading has-text-align-center has-medium-font-size\"><strong>Coordinadores\/as de carrera:<\/strong><\/h5>\n\n\n\n<p class=\"has-text-align-center\">PROF. PRIMARIA \u2013 Prof. Graciela Castello, Jefa de \u00c1rea<\/p>\n\n\n\n<p class=\"has-text-align-center\">PROF. INGL\u00c9S \u2013 Prof. Marcela Santaf\u00e9 y Soriano, Jefa de \u00c1rea<\/p>\n\n\n\n<p class=\"has-text-align-center\">PROF. T\u00c9CNICO \u2013 Prof. Jorge \u00c1lvarez, Regente<\/p>\n\n\n\n<p class=\"has-text-align-center\">PROF. ECONOM\u00cdA \u2013 Prof. \u00c1gata Bello, Regente<\/p>\n","protected":false},"excerpt":{"rendered":"<p>-ESTUDIANTES QUE SE INSCRIBEN PARA CURSAR O RECURSAR UNIDADES CURRICULARES DE 2\u00b0, 3\u00ba Y\/O 4\u00b0 A\u00d1O -ESTUDIANTES DE COHORTES ANTERIORES AL 2024 QUE SE INSCRIBEN PARA CURSAR O RECURSAR UNIDADES CURRICULARES DE 1\u00ba A\u00d1O (NO INGRESANTES 2024) LOS INGRESANTES 2024 SER\u00c1N MATRICULADOS AUTOM\u00c1TICAMENTE A 1\u00ba A\u00d1O POR PERSONAL DE LA INSTITUCI\u00d3N&nbsp; FECHA DE MATRICULACI\u00d3N POR &#8230; <a title=\"MATRICULACI\u00d3N A CURSADA 2024\" class=\"read-more\" href=\"https:\/\/isfd52-bue.infd.edu.ar\/sitio\/matriculacion-a-cursada-2024\/\" aria-label=\"More on MATRICULACI\u00d3N A CURSADA 2024\">[+]<\/a><\/p>\n","protected":false},"author":1549,"featured_media":0,"parent":0,"menu_order":0,"comment_status":"closed","ping_status":"closed","template":"","meta":[],"acf":[],"_links":{"self":[{"href":"https:\/\/isfd52-bue.infd.edu.ar\/sitio\/wp-json\/wp\/v2\/pages\/4912"}],"collection":[{"href":"https:\/\/isfd52-bue.infd.edu.ar\/sitio\/wp-json\/wp\/v2\/pages"}],"about":[{"href":"https:\/\/isfd52-bue.infd.edu.ar\/sitio\/wp-json\/wp\/v2\/types\/page"}],"author":[{"embeddable":true,"href":"https:\/\/isfd52-bue.infd.edu.ar\/sitio\/wp-json\/wp\/v2\/users\/1549"}],"replies":[{"embeddable":true,"href":"https:\/\/isfd52-bue.infd.edu.ar\/sitio\/wp-json\/wp\/v2\/comments?post=4912"}],"version-history":[{"count":3,"href":"https:\/\/isfd52-bue.infd.edu.ar\/sitio\/wp-json\/wp\/v2\/pages\/4912\/revisions"}],"predecessor-version":[{"id":4930,"href":"https:\/\/isfd52-bue.infd.edu.ar\/sitio\/wp-json\/wp\/v2\/pages\/4912\/revisions\/4930"}],"wp:attachment":[{"href":"https:\/\/isfd52-bue.infd.edu.ar\/sitio\/wp-json\/wp\/v2\/media?parent=4912"}],"curies":[{"name":"wp","href":"https:\/\/api.w.org\/{rel}","templated":true}]}}