{"id":4845,"date":"2023-12-29T14:32:40","date_gmt":"2023-12-29T17:32:40","guid":{"rendered":"https:\/\/isfd52-bue.infd.edu.ar\/sitio\/?page_id=4845"},"modified":"2024-02-11T12:56:06","modified_gmt":"2024-02-11T15:56:06","slug":"mesas-de-examenes-febrero-marzo-2024","status":"publish","type":"page","link":"https:\/\/isfd52-bue.infd.edu.ar\/sitio\/mesas-de-examenes-febrero-marzo-2024\/","title":{"rendered":"MESAS DE EX\u00c1MENES FEBRERO-MARZO 2024"},"content":{"rendered":"\n<p><\/p>\n\n\n\n<p class=\"has-text-align-center has-accent-color has-text-color\" style=\"font-size:28px\"><strong>Las inscripciones se realizan por autogesti\u00f3n por sistema SADIS<\/strong><\/p>\n\n\n\n<p class=\"has-text-align-center has-background has-medium-font-size\" style=\"background-color:#2fadfb\"><strong>PER\u00cdODO DE INSCRIPCI\u00d3N A MESAS DE EX\u00c1MENES DE TODOS LOS PROFESORADOS<\/strong>:<\/p>\n\n\n\n<p class=\"has-text-align-center has-background has-large-font-size\" style=\"background-color:#2fadfb\"><strong>DEL 14\/2\/24 AL 20\/2\/24<\/strong><\/p>\n\n\n\n<p class=\"has-text-align-center\">Por cualquier inconveniente de inscripci\u00f3n podr\u00e1n consultar a sus preceptorxs* referentes&nbsp;<strong>durante todo el per\u00edodo de inscripci\u00f3n (14\/2 al 20\/2),&nbsp;<\/strong>por fuera de esas fechas no se recibir\u00e1n reclamos para resolver en este turno de ex\u00e1menes. (*en sede Rivadavia el preceptor Gustavo Torelli centraliza consultas por inconvenientes de inscripci\u00f3n de profesorados de Ingl\u00e9s y primaria divisiones A y B)<\/p>\n\n\n\n<p class=\"has-text-align-center\">(INSCRIPTXS EN MODALIDAD LIBRE 2023 NO TIENEN QUE HACER ESTA INSCRIPCI\u00d3N, PUEDEN PRESENTARSE EN LLAMADO FEBRERO 2024)<\/p>\n\n\n\n<p class=\"has-text-align-center has-accent-color has-text-color\" style=\"font-size:26px\"><strong>CRONOGRAMAS DE MESAS DE EX\u00c1MENES LLAMADOS FEBRERO Y MARZO 2023<\/strong><\/p>\n\n\n\n<p class=\"has-text-align-center\"><strong>PROFESORADO DE INGL\u00c9S<\/strong><\/p>\n\n\n\n<div class=\"wp-block-file aligncenter\"><a id=\"wp-block-file--media-097a35b6-a5cd-4ec3-a529-6a6a225fceb7\" href=\"https:\/\/isfd52-bue.infd.edu.ar\/sitio\/wp-content\/uploads\/2023\/12\/MESAS-INGLES-FEB-MAR-2024.pdf\">MESAS-INGLES-FEB-MAR-2024<\/a><a href=\"https:\/\/isfd52-bue.infd.edu.ar\/sitio\/wp-content\/uploads\/2023\/12\/MESAS-INGLES-FEB-MAR-2024.pdf\" class=\"wp-block-file__button wp-element-button\" download aria-describedby=\"wp-block-file--media-097a35b6-a5cd-4ec3-a529-6a6a225fceb7\">Descarga<\/a><\/div>\n\n\n\n<p class=\"has-text-align-center\"><strong>PROFESORADO T\u00c9CNICO<\/strong><\/p>\n\n\n\n<div class=\"wp-block-file aligncenter\"><a id=\"wp-block-file--media-f946eb03-bbae-4cad-b787-a1e14cc8309f\" href=\"https:\/\/isfd52-bue.infd.edu.ar\/sitio\/wp-content\/uploads\/2023\/12\/MESAS-TECNICO-FEB-MAR-2024-1.pdf\">MESAS-TECNICO-FEB-MAR-2024-1<\/a><a href=\"https:\/\/isfd52-bue.infd.edu.ar\/sitio\/wp-content\/uploads\/2023\/12\/MESAS-TECNICO-FEB-MAR-2024-1.pdf\" class=\"wp-block-file__button wp-element-button\" download aria-describedby=\"wp-block-file--media-f946eb03-bbae-4cad-b787-a1e14cc8309f\">Descarga<\/a><\/div>\n\n\n\n<p class=\"has-text-align-center\"><strong>PROFESORADO DE ECONOM\u00cdA<\/strong><\/p>\n\n\n\n<div class=\"wp-block-file aligncenter\"><a id=\"wp-block-file--media-876304ce-a02b-45ab-be78-eb4892620e17\" href=\"https:\/\/isfd52-bue.infd.edu.ar\/sitio\/wp-content\/uploads\/2024\/02\/MESAS-ECONOMIA-FEB-MAR-2024.pdf\">MESAS-ECONOMIA-FEB-MAR-2024<\/a><a href=\"https:\/\/isfd52-bue.infd.edu.ar\/sitio\/wp-content\/uploads\/2024\/02\/MESAS-ECONOMIA-FEB-MAR-2024.pdf\" class=\"wp-block-file__button wp-element-button\" download aria-describedby=\"wp-block-file--media-876304ce-a02b-45ab-be78-eb4892620e17\">Descarga<\/a><\/div>\n\n\n\n<p><\/p>\n\n\n\n<p class=\"has-text-align-center\"><strong>PROFESORADO DE EDUCACI\u00d3N PRIMARIA TURNO VESPERTINO (DIVISIONES A y B)<\/strong><\/p>\n\n\n\n<div class=\"wp-block-file aligncenter\"><a id=\"wp-block-file--media-c6d7416f-2c93-4068-b0f4-bb2fa909df9a\" href=\"https:\/\/isfd52-bue.infd.edu.ar\/sitio\/wp-content\/uploads\/2023\/12\/MESAS-PRIMARIA-A-Y-B-FEB-MAR-2024.pdf\">MESAS-PRIMARIA-A-Y-B-FEB-MAR-2024<\/a><a href=\"https:\/\/isfd52-bue.infd.edu.ar\/sitio\/wp-content\/uploads\/2023\/12\/MESAS-PRIMARIA-A-Y-B-FEB-MAR-2024.pdf\" class=\"wp-block-file__button wp-element-button\" download aria-describedby=\"wp-block-file--media-c6d7416f-2c93-4068-b0f4-bb2fa909df9a\">Descarga<\/a><\/div>\n\n\n\n<p><\/p>\n\n\n\n<p class=\"has-text-align-center\"><strong>PROFESORADO DE EDUCACI\u00d3N PRIMARIA TURNO MA\u00d1ANA (DIVISI\u00d3N C)<\/strong><\/p>\n\n\n\n<div class=\"wp-block-file aligncenter\"><a id=\"wp-block-file--media-685e8fa7-bb2d-45f1-a887-be43f0369f7d\" href=\"https:\/\/isfd52-bue.infd.edu.ar\/sitio\/wp-content\/uploads\/2024\/02\/MESAS-PRIMARIA-C-FEB-MAR-2024.pdf\">MESAS-PRIMARIA-C-FEB-MAR-2024<\/a><a href=\"https:\/\/isfd52-bue.infd.edu.ar\/sitio\/wp-content\/uploads\/2024\/02\/MESAS-PRIMARIA-C-FEB-MAR-2024.pdf\" class=\"wp-block-file__button wp-element-button\" download aria-describedby=\"wp-block-file--media-685e8fa7-bb2d-45f1-a887-be43f0369f7d\">Descarga<\/a><\/div>\n","protected":false},"excerpt":{"rendered":"<p>Las inscripciones se realizan por autogesti\u00f3n por sistema SADIS PER\u00cdODO DE INSCRIPCI\u00d3N A MESAS DE EX\u00c1MENES DE TODOS LOS PROFESORADOS: DEL 14\/2\/24 AL 20\/2\/24 Por cualquier inconveniente de inscripci\u00f3n podr\u00e1n consultar a sus preceptorxs* referentes&nbsp;durante todo el per\u00edodo de inscripci\u00f3n (14\/2 al 20\/2),&nbsp;por fuera de esas fechas no se recibir\u00e1n reclamos para resolver en este &#8230; <a title=\"MESAS DE EX\u00c1MENES FEBRERO-MARZO 2024\" class=\"read-more\" href=\"https:\/\/isfd52-bue.infd.edu.ar\/sitio\/mesas-de-examenes-febrero-marzo-2024\/\" aria-label=\"More on MESAS DE EX\u00c1MENES FEBRERO-MARZO 2024\">[+]<\/a><\/p>\n","protected":false},"author":1549,"featured_media":0,"parent":0,"menu_order":0,"comment_status":"closed","ping_status":"closed","template":"","meta":[],"acf":[],"_links":{"self":[{"href":"https:\/\/isfd52-bue.infd.edu.ar\/sitio\/wp-json\/wp\/v2\/pages\/4845"}],"collection":[{"href":"https:\/\/isfd52-bue.infd.edu.ar\/sitio\/wp-json\/wp\/v2\/pages"}],"about":[{"href":"https:\/\/isfd52-bue.infd.edu.ar\/sitio\/wp-json\/wp\/v2\/types\/page"}],"author":[{"embeddable":true,"href":"https:\/\/isfd52-bue.infd.edu.ar\/sitio\/wp-json\/wp\/v2\/users\/1549"}],"replies":[{"embeddable":true,"href":"https:\/\/isfd52-bue.infd.edu.ar\/sitio\/wp-json\/wp\/v2\/comments?post=4845"}],"version-history":[{"count":8,"href":"https:\/\/isfd52-bue.infd.edu.ar\/sitio\/wp-json\/wp\/v2\/pages\/4845\/revisions"}],"predecessor-version":[{"id":4879,"href":"https:\/\/isfd52-bue.infd.edu.ar\/sitio\/wp-json\/wp\/v2\/pages\/4845\/revisions\/4879"}],"wp:attachment":[{"href":"https:\/\/isfd52-bue.infd.edu.ar\/sitio\/wp-json\/wp\/v2\/media?parent=4845"}],"curies":[{"name":"wp","href":"https:\/\/api.w.org\/{rel}","templated":true}]}}