{"id":4619,"date":"2023-04-14T02:20:37","date_gmt":"2023-04-14T05:20:37","guid":{"rendered":"https:\/\/isfd52-bue.infd.edu.ar\/sitio\/?page_id=4619"},"modified":"2023-04-14T02:20:38","modified_gmt":"2023-04-14T05:20:38","slug":"diseno-curricular-profesorado-de-educacion-secundaria-en-economia-res-3606-22","status":"publish","type":"page","link":"https:\/\/isfd52-bue.infd.edu.ar\/sitio\/diseno-curricular-profesorado-de-educacion-secundaria-en-economia-res-3606-22\/","title":{"rendered":"Dise\u00f1o Curricular Profesorado de Educaci\u00f3n Secundaria en Econom\u00eda Res. 3606\/22"},"content":{"rendered":"\n<div class=\"wp-block-file\"><a id=\"wp-block-file--media-ccdfbef5-d73c-4dc8-bbde-a84e26a05694\" href=\"https:\/\/isfd52-bue.infd.edu.ar\/sitio\/wp-content\/uploads\/2023\/04\/IF-2022-40271933-GDEBA-SSEDGCYE-ECONOMIA.pdf\">IF-2022-40271933-GDEBA-SSEDGCYE-ECONOMIA<\/a><a href=\"https:\/\/isfd52-bue.infd.edu.ar\/sitio\/wp-content\/uploads\/2023\/04\/IF-2022-40271933-GDEBA-SSEDGCYE-ECONOMIA.pdf\" class=\"wp-block-file__button wp-element-button\" download aria-describedby=\"wp-block-file--media-ccdfbef5-d73c-4dc8-bbde-a84e26a05694\">Descarga<\/a><\/div>\n","protected":false},"excerpt":{"rendered":"","protected":false},"author":1549,"featured_media":0,"parent":0,"menu_order":0,"comment_status":"closed","ping_status":"closed","template":"","meta":[],"acf":[],"_links":{"self":[{"href":"https:\/\/isfd52-bue.infd.edu.ar\/sitio\/wp-json\/wp\/v2\/pages\/4619"}],"collection":[{"href":"https:\/\/isfd52-bue.infd.edu.ar\/sitio\/wp-json\/wp\/v2\/pages"}],"about":[{"href":"https:\/\/isfd52-bue.infd.edu.ar\/sitio\/wp-json\/wp\/v2\/types\/page"}],"author":[{"embeddable":true,"href":"https:\/\/isfd52-bue.infd.edu.ar\/sitio\/wp-json\/wp\/v2\/users\/1549"}],"replies":[{"embeddable":true,"href":"https:\/\/isfd52-bue.infd.edu.ar\/sitio\/wp-json\/wp\/v2\/comments?post=4619"}],"version-history":[{"count":1,"href":"https:\/\/isfd52-bue.infd.edu.ar\/sitio\/wp-json\/wp\/v2\/pages\/4619\/revisions"}],"predecessor-version":[{"id":4621,"href":"https:\/\/isfd52-bue.infd.edu.ar\/sitio\/wp-json\/wp\/v2\/pages\/4619\/revisions\/4621"}],"wp:attachment":[{"href":"https:\/\/isfd52-bue.infd.edu.ar\/sitio\/wp-json\/wp\/v2\/media?parent=4619"}],"curies":[{"name":"wp","href":"https:\/\/api.w.org\/{rel}","templated":true}]}}