{"id":4547,"date":"2022-12-29T01:36:26","date_gmt":"2022-12-29T04:36:26","guid":{"rendered":"https:\/\/isfd52-bue.infd.edu.ar\/sitio\/?page_id=4547"},"modified":"2022-12-29T17:08:34","modified_gmt":"2022-12-29T20:08:34","slug":"mesas-de-examen-febrero-marzo-2023","status":"publish","type":"page","link":"https:\/\/isfd52-bue.infd.edu.ar\/sitio\/mesas-de-examen-febrero-marzo-2023\/","title":{"rendered":"MESAS DE EXAMEN FEBRERO &#8211; MARZO 2023"},"content":{"rendered":"\n<p class=\"has-text-align-center\"><strong><span class=\"has-inline-color has-vivid-cyan-blue-color\">Cronograma de INSCRIPCI\u00d3N a mesas de ex\u00e1menes llamados Febrero y Marzo 2023<\/span><\/strong><\/p>\n\n\n\n<p class=\"has-text-align-center\"><strong>Las inscripciones se realizan por autogesti\u00f3n por sistema SADIS<\/strong><\/p>\n\n\n\n<p class=\"has-text-align-center\"><strong><span class=\"has-inline-color has-vivid-cyan-blue-color\">PROFESORADOS PRIMARIA Y ECONOM\u00cdA: 6\/2, 7\/2 y 8\/2<\/span><\/strong><\/p>\n\n\n\n<p class=\"has-text-align-center\"><strong><span class=\"has-inline-color has-vivid-cyan-blue-color\">PROFESORADOS INGL\u00c9S Y T\u00c9CNICO: 9\/2, 10\/2 y 11\/2<\/span><\/strong><\/p>\n\n\n\n<p class=\"has-text-align-center\"><strong>Se les solicita respetar esta distribuci\u00f3n para evitar colapsos en el sistema de inscripciones<\/strong><\/p>\n\n\n\n<p class=\"has-text-align-center\">Por cualquier inconveniente de inscripci\u00f3n podr\u00e1n consultar a sus preceptores referentes&nbsp;<strong>el lunes 13\/2 y martes 14\/2, <\/strong>por fuera de esas fechas no se recibir\u00e1n reclamos para resolver en este turno de ex\u00e1menes<\/p>\n\n\n\n<p class=\"has-text-align-center\"><strong>CRONOGRAMA DE MESAS DE EX\u00c1MENES<\/strong> <strong>FEBRERO &#8211; MARZO 2023<\/strong><\/p>\n\n\n\n<p><strong>-PROFESORADO DE INGL\u00c9S<\/strong><\/p>\n\n\n\n<div class=\"wp-block-file\"><a href=\"https:\/\/isfd52-bue.infd.edu.ar\/sitio\/wp-content\/uploads\/2022\/12\/2023-INGLES-MESAS-FEBRERO-MARZO.pdf\">2023-INGLES-MESAS-FEBRERO-MARZO<\/a><a href=\"https:\/\/isfd52-bue.infd.edu.ar\/sitio\/wp-content\/uploads\/2022\/12\/2023-INGLES-MESAS-FEBRERO-MARZO.pdf\" class=\"wp-block-file__button\" download>Descarga<\/a><\/div>\n\n\n\n<p><strong>-PROFESORADO T\u00c9CNICO<\/strong><\/p>\n\n\n\n<div class=\"wp-block-file\"><a href=\"https:\/\/isfd52-bue.infd.edu.ar\/sitio\/wp-content\/uploads\/2022\/12\/2023-TECNICO-MESAS-FEBRERO-MARZO.xlsx\">2023-TECNICO-MESAS-FEBRERO-MARZO<\/a><a href=\"https:\/\/isfd52-bue.infd.edu.ar\/sitio\/wp-content\/uploads\/2022\/12\/2023-TECNICO-MESAS-FEBRERO-MARZO.xlsx\" class=\"wp-block-file__button\" download>Descarga<\/a><\/div>\n\n\n\n<p><strong>-PROFESORADO DE ECONOM\u00cdA<\/strong><\/p>\n\n\n\n<div class=\"wp-block-file\"><a href=\"https:\/\/isfd52-bue.infd.edu.ar\/sitio\/wp-content\/uploads\/2022\/12\/2023-ECONOMIA-MESAS-FEBRERO-MARZO.pdf\">2023-ECONOMIA-MESAS-FEBRERO-MARZO<\/a><a href=\"https:\/\/isfd52-bue.infd.edu.ar\/sitio\/wp-content\/uploads\/2022\/12\/2023-ECONOMIA-MESAS-FEBRERO-MARZO.pdf\" class=\"wp-block-file__button\" download>Descarga<\/a><\/div>\n\n\n\n<p><strong>-PROFESORADO DE PRIMARIA<\/strong>&nbsp;<strong>TURNO VESPERTINO<\/strong><\/p>\n\n\n\n<div class=\"wp-block-file\"><a href=\"https:\/\/isfd52-bue.infd.edu.ar\/sitio\/wp-content\/uploads\/2022\/12\/2023-MESAS-PRIMARIA-A-y-B-FEBRERO-MARZO.pdf\">2023-MESAS-PRIMARIA-A-y-B-FEBRERO-MARZO<\/a><a href=\"https:\/\/isfd52-bue.infd.edu.ar\/sitio\/wp-content\/uploads\/2022\/12\/2023-MESAS-PRIMARIA-A-y-B-FEBRERO-MARZO.pdf\" class=\"wp-block-file__button\" download>Descarga<\/a><\/div>\n\n\n\n<p><strong>-PROFESORADO DE PRIMARIA<\/strong>&nbsp;<strong>TURNO MA\u00d1ANA<\/strong><\/p>\n\n\n\n<div class=\"wp-block-file\"><a href=\"https:\/\/isfd52-bue.infd.edu.ar\/sitio\/wp-content\/uploads\/2022\/12\/2023-MESAS-PRIMARIA-C-FEBRERO-MARZO.pdf\">2023-MESAS-PRIMARIA-C-FEBRERO-MARZO<\/a><a href=\"https:\/\/isfd52-bue.infd.edu.ar\/sitio\/wp-content\/uploads\/2022\/12\/2023-MESAS-PRIMARIA-C-FEBRERO-MARZO.pdf\" class=\"wp-block-file__button\" download>Descarga<\/a><\/div>\n","protected":false},"excerpt":{"rendered":"<p>Cronograma de INSCRIPCI\u00d3N a mesas de ex\u00e1menes llamados Febrero y Marzo 2023 Las inscripciones se realizan por autogesti\u00f3n por sistema SADIS PROFESORADOS PRIMARIA Y ECONOM\u00cdA: 6\/2, 7\/2 y 8\/2 PROFESORADOS INGL\u00c9S Y T\u00c9CNICO: 9\/2, 10\/2 y 11\/2 Se les solicita respetar esta distribuci\u00f3n para evitar colapsos en el sistema de inscripciones Por cualquier inconveniente de &#8230; <a title=\"MESAS DE EXAMEN FEBRERO &#8211; MARZO 2023\" class=\"read-more\" href=\"https:\/\/isfd52-bue.infd.edu.ar\/sitio\/mesas-de-examen-febrero-marzo-2023\/\" aria-label=\"More on MESAS DE EXAMEN FEBRERO &#8211; MARZO 2023\">[+]<\/a><\/p>\n","protected":false},"author":1549,"featured_media":0,"parent":0,"menu_order":0,"comment_status":"closed","ping_status":"closed","template":"","meta":[],"acf":[],"_links":{"self":[{"href":"https:\/\/isfd52-bue.infd.edu.ar\/sitio\/wp-json\/wp\/v2\/pages\/4547"}],"collection":[{"href":"https:\/\/isfd52-bue.infd.edu.ar\/sitio\/wp-json\/wp\/v2\/pages"}],"about":[{"href":"https:\/\/isfd52-bue.infd.edu.ar\/sitio\/wp-json\/wp\/v2\/types\/page"}],"author":[{"embeddable":true,"href":"https:\/\/isfd52-bue.infd.edu.ar\/sitio\/wp-json\/wp\/v2\/users\/1549"}],"replies":[{"embeddable":true,"href":"https:\/\/isfd52-bue.infd.edu.ar\/sitio\/wp-json\/wp\/v2\/comments?post=4547"}],"version-history":[{"count":3,"href":"https:\/\/isfd52-bue.infd.edu.ar\/sitio\/wp-json\/wp\/v2\/pages\/4547\/revisions"}],"predecessor-version":[{"id":4691,"href":"https:\/\/isfd52-bue.infd.edu.ar\/sitio\/wp-json\/wp\/v2\/pages\/4547\/revisions\/4691"}],"wp:attachment":[{"href":"https:\/\/isfd52-bue.infd.edu.ar\/sitio\/wp-json\/wp\/v2\/media?parent=4547"}],"curies":[{"name":"wp","href":"https:\/\/api.w.org\/{rel}","templated":true}]}}