{"id":4531,"date":"2022-12-03T23:48:06","date_gmt":"2022-12-04T02:48:06","guid":{"rendered":"https:\/\/isfd52-bue.infd.edu.ar\/sitio\/?page_id=4531"},"modified":"2022-12-03T23:58:03","modified_gmt":"2022-12-04T02:58:03","slug":"comunicados-2022","status":"publish","type":"page","link":"https:\/\/isfd52-bue.infd.edu.ar\/sitio\/comunicados-2022\/","title":{"rendered":"COMUNICADOS 2022"},"content":{"rendered":"\n<p><strong>NOVIEMBRE 2022<\/strong><\/p>\n\n\n\n<p>COMUNICACI\u00d3N L\u00cdNEAS DE FINANCIAMIENTO INFOD<\/p>\n\n\n\n<div class=\"wp-block-file\"><a href=\"https:\/\/isfd52-bue.infd.edu.ar\/sitio\/wp-content\/uploads\/2022\/12\/COMUNICACION_SOBRE_NUEVAS_LINEAS_DE_FINANCIAMIENTO_DEL_INFoD-1_1.docx\">COMUNICACION_SOBRE_NUEVAS_LINEAS_DE_FINANCIAMIENTO_DEL_INFoD-1_1<\/a><a href=\"https:\/\/isfd52-bue.infd.edu.ar\/sitio\/wp-content\/uploads\/2022\/12\/COMUNICACION_SOBRE_NUEVAS_LINEAS_DE_FINANCIAMIENTO_DEL_INFoD-1_1.docx\" class=\"wp-block-file__button\" download>Descarga<\/a><\/div>\n\n\n\n<p>L\u00ednea de Trayectorias Estudiantiles 2023 Primera Etapa: Ingresantes a la Formaci\u00f3n Docente. Documento orientador<\/p>\n\n\n\n<div class=\"wp-block-file\"><a href=\"https:\/\/isfd52-bue.infd.edu.ar\/sitio\/wp-content\/uploads\/2022\/12\/Doc_Orientador_TRAYECTORIAS_2023_INGRESANTES.pdf\">Doc_Orientador_TRAYECTORIAS_2023_INGRESANTES<\/a><a href=\"https:\/\/isfd52-bue.infd.edu.ar\/sitio\/wp-content\/uploads\/2022\/12\/Doc_Orientador_TRAYECTORIAS_2023_INGRESANTES.pdf\" class=\"wp-block-file__button\" download>Descarga<\/a><\/div>\n\n\n\n<p>Bases para la convocatoria nacional de proyectos de intervenci\u00f3n educativa. \u201cFormando docentes, ampliando la participaci\u00f3n estudiantil\u201d<\/p>\n\n\n\n<div class=\"wp-block-file\"><a href=\"https:\/\/isfd52-bue.infd.edu.ar\/sitio\/wp-content\/uploads\/2022\/12\/ConvocatoriaNacional_BaseParaLaPresentacionDeProyectos_2023.pdf\">ConvocatoriaNacional_BaseParaLaPresentacionDeProyectos_2023<\/a><a href=\"https:\/\/isfd52-bue.infd.edu.ar\/sitio\/wp-content\/uploads\/2022\/12\/ConvocatoriaNacional_BaseParaLaPresentacionDeProyectos_2023.pdf\" class=\"wp-block-file__button\" download>Descarga<\/a><\/div>\n\n\n\n<div class=\"wp-block-file\"><a href=\"https:\/\/isfd52-bue.infd.edu.ar\/sitio\/wp-content\/uploads\/2022\/12\/GuiaDeAnteproyecto_2023.docx.pdf\">GuiaDeAnteproyecto_2023.docx<\/a><a href=\"https:\/\/isfd52-bue.infd.edu.ar\/sitio\/wp-content\/uploads\/2022\/12\/GuiaDeAnteproyecto_2023.docx.pdf\" class=\"wp-block-file__button\" download>Descarga<\/a><\/div>\n\n\n\n<p><\/p>\n","protected":false},"excerpt":{"rendered":"<p>NOVIEMBRE 2022 COMUNICACI\u00d3N L\u00cdNEAS DE FINANCIAMIENTO INFOD L\u00ednea de Trayectorias Estudiantiles 2023 Primera Etapa: Ingresantes a la Formaci\u00f3n Docente. Documento orientador Bases para la convocatoria nacional de proyectos de intervenci\u00f3n educativa. \u201cFormando docentes, ampliando la participaci\u00f3n estudiantil\u201d<\/p>\n","protected":false},"author":1549,"featured_media":0,"parent":0,"menu_order":0,"comment_status":"closed","ping_status":"closed","template":"","meta":[],"acf":[],"_links":{"self":[{"href":"https:\/\/isfd52-bue.infd.edu.ar\/sitio\/wp-json\/wp\/v2\/pages\/4531"}],"collection":[{"href":"https:\/\/isfd52-bue.infd.edu.ar\/sitio\/wp-json\/wp\/v2\/pages"}],"about":[{"href":"https:\/\/isfd52-bue.infd.edu.ar\/sitio\/wp-json\/wp\/v2\/types\/page"}],"author":[{"embeddable":true,"href":"https:\/\/isfd52-bue.infd.edu.ar\/sitio\/wp-json\/wp\/v2\/users\/1549"}],"replies":[{"embeddable":true,"href":"https:\/\/isfd52-bue.infd.edu.ar\/sitio\/wp-json\/wp\/v2\/comments?post=4531"}],"version-history":[{"count":3,"href":"https:\/\/isfd52-bue.infd.edu.ar\/sitio\/wp-json\/wp\/v2\/pages\/4531\/revisions"}],"predecessor-version":[{"id":4540,"href":"https:\/\/isfd52-bue.infd.edu.ar\/sitio\/wp-json\/wp\/v2\/pages\/4531\/revisions\/4540"}],"wp:attachment":[{"href":"https:\/\/isfd52-bue.infd.edu.ar\/sitio\/wp-json\/wp\/v2\/media?parent=4531"}],"curies":[{"name":"wp","href":"https:\/\/api.w.org\/{rel}","templated":true}]}}