{"id":4270,"date":"2022-02-25T14:48:58","date_gmt":"2022-02-25T17:48:58","guid":{"rendered":"https:\/\/isfd52-bue.infd.edu.ar\/sitio\/?page_id=4270"},"modified":"2022-10-26T06:28:02","modified_gmt":"2022-10-26T09:28:02","slug":"concursos-isfdyt-n52-2022","status":"publish","type":"page","link":"https:\/\/isfd52-bue.infd.edu.ar\/sitio\/concursos-isfdyt-n52-2022\/","title":{"rendered":"CONCURSOS &#8211; ISFDyT N\u00b052 \u2013 2022"},"content":{"rendered":"\n<p class=\"has-text-align-center has-black-color has-text-color\">A\u00d1O 2022<\/p>\n\n\n\n<p class=\"has-text-align-center has-black-color has-text-color\">C\u00c1TEDRAS QUE SE CONCURSAN EN <\/p>\n\n\n\n<p class=\"has-text-align-center has-vivid-cyan-blue-color has-text-color\"><strong>ISFDyT N\u00b0 52 \u201cMaestro Francisco Isauro Arancibia\u201d \u2013 San Isidro<\/strong><\/p>\n\n\n\n<p><strong>CONVOCATORIAS N\u00ba28 Y 29<\/strong><\/p>\n\n\n\n<p><strong>OCTUBRE 2022<\/strong><\/p>\n\n\n\n<p>Profesorado de Ingl\u00e9s<\/p>\n\n\n\n<div class=\"wp-block-file\"><a href=\"https:\/\/isfd52-bue.infd.edu.ar\/sitio\/wp-content\/uploads\/2022\/10\/CONVOCATORIAS-28-Y-29-INGLES-2022-ISFDYT52.pdf\">CONVOCATORIAS-28-Y-29-INGLES-2022-ISFDYT52<\/a><a href=\"https:\/\/isfd52-bue.infd.edu.ar\/sitio\/wp-content\/uploads\/2022\/10\/CONVOCATORIAS-28-Y-29-INGLES-2022-ISFDYT52.pdf\" class=\"wp-block-file__button\" download>Descarga<\/a><\/div>\n\n\n\n<p><strong>CONVOCATORIAS N\u00ba25, 26 Y 27<\/strong><\/p>\n\n\n\n<p><strong>OCTUBRE 2022<\/strong><\/p>\n\n\n\n<p>Profesorado de Educaci\u00f3n Primaria &#8211; Profesorado de Econom\u00eda<\/p>\n\n\n\n<div class=\"wp-block-file\"><a href=\"https:\/\/isfd52-bue.infd.edu.ar\/sitio\/wp-content\/uploads\/2022\/10\/CONVOCATORIAS-25-26-27-PRIMARIA-ECONOMIA-2022-ISFDYT-52.pdf\">CONVOCATORIAS-25-26-27-PRIMARIA-ECONOMIA-2022-ISFDYT-52<\/a><a href=\"https:\/\/isfd52-bue.infd.edu.ar\/sitio\/wp-content\/uploads\/2022\/10\/CONVOCATORIAS-25-26-27-PRIMARIA-ECONOMIA-2022-ISFDYT-52.pdf\" class=\"wp-block-file__button\" download>Descarga<\/a><\/div>\n\n\n\n<p><strong>CONVOCATORIA N\u00ba24<\/strong><\/p>\n\n\n\n<p><strong>AGOSTO 2022<\/strong><\/p>\n\n\n\n<p>Profesorado en Tecnolog\u00edas de Equipos e Instalaciones Electromec\u00e1nicas<\/p>\n\n\n\n<div class=\"wp-block-file\"><a href=\"https:\/\/isfd52-bue.infd.edu.ar\/sitio\/wp-content\/uploads\/2022\/08\/CONVOCATORIA-24-TECNICO-2022-ISFDYT52-WEB.pdf\">CONVOCATORIA-24-TECNICO-2022-ISFDYT52-WEB<\/a><a href=\"https:\/\/isfd52-bue.infd.edu.ar\/sitio\/wp-content\/uploads\/2022\/08\/CONVOCATORIA-24-TECNICO-2022-ISFDYT52-WEB.pdf\" class=\"wp-block-file__button\" download>Descarga<\/a><\/div>\n\n\n\n<p><strong>CONVOCATORIA N\u00ba23<\/strong><\/p>\n\n\n\n<p><strong>AGOSTO 2022<\/strong><\/p>\n\n\n\n<p>Profesorado de Econom\u00eda<\/p>\n\n\n\n<div class=\"wp-block-file\"><a href=\"https:\/\/isfd52-bue.infd.edu.ar\/sitio\/wp-content\/uploads\/2022\/08\/CONVOCATORIA-23-ECONOMIA-2022-ISFDYT52-WEB.pdf\">CONVOCATORIA-23-ECONOMIA-2022-ISFDYT52-WEB<\/a><a href=\"https:\/\/isfd52-bue.infd.edu.ar\/sitio\/wp-content\/uploads\/2022\/08\/CONVOCATORIA-23-ECONOMIA-2022-ISFDYT52-WEB.pdf\" class=\"wp-block-file__button\" download>Descarga<\/a><\/div>\n\n\n\n<p><strong>CONVOCATORIA N\u00ba22<\/strong><\/p>\n\n\n\n<p><strong>AGOSTO 2022<\/strong><\/p>\n\n\n\n<p>Profesorado de Educaci\u00f3n primaria<\/p>\n\n\n\n<div class=\"wp-block-file\"><a href=\"https:\/\/isfd52-bue.infd.edu.ar\/sitio\/wp-content\/uploads\/2022\/08\/CONVOCATORIA-22-PRIMARIA-2022-ISFDYT52-WEB.pdf\">CONVOCATORIA-22-PRIMARIA-2022-ISFDYT52-WEB<\/a><a href=\"https:\/\/isfd52-bue.infd.edu.ar\/sitio\/wp-content\/uploads\/2022\/08\/CONVOCATORIA-22-PRIMARIA-2022-ISFDYT52-WEB.pdf\" class=\"wp-block-file__button\" download>Descarga<\/a><\/div>\n\n\n\n<p><strong>CONVOCATORIA N\u00ba17 2DO LLAMADO<\/strong><\/p>\n\n\n\n<p><strong>JUNIO\/JULIO 2022<\/strong><\/p>\n\n\n\n<p>Profesorado de Educaci\u00f3n primaria<\/p>\n\n\n\n<div class=\"wp-block-file\"><a href=\"https:\/\/isfd52-bue.infd.edu.ar\/sitio\/wp-content\/uploads\/2022\/06\/CONVOCATORIA-17-2DO-LLAMADO-PRIMARIA-2022-ISFDYT52.pdf\">CONVOCATORIA-17-2DO-LLAMADO-PRIMARIA-2022-ISFDYT52<\/a><a href=\"https:\/\/isfd52-bue.infd.edu.ar\/sitio\/wp-content\/uploads\/2022\/06\/CONVOCATORIA-17-2DO-LLAMADO-PRIMARIA-2022-ISFDYT52.pdf\" class=\"wp-block-file__button\" download>Descarga<\/a><\/div>\n\n\n\n<p><strong>CONVOCATORIA N\u00ba21<\/strong><\/p>\n\n\n\n<p><strong>JUNIO 2022<\/strong><\/p>\n\n\n\n<p>Profesorado de Educaci\u00f3n Primaria<\/p>\n\n\n\n<div class=\"wp-block-file\"><a href=\"https:\/\/isfd52-bue.infd.edu.ar\/sitio\/wp-content\/uploads\/2022\/06\/CONVOCATORIA-CONCURSO-21-PRIMARIA-2022-ISFDYT52.pdf\">CONVOCATORIA-CONCURSO-21-PRIMARIA-2022-ISFDYT52<\/a><a href=\"https:\/\/isfd52-bue.infd.edu.ar\/sitio\/wp-content\/uploads\/2022\/06\/CONVOCATORIA-CONCURSO-21-PRIMARIA-2022-ISFDYT52.pdf\" class=\"wp-block-file__button\" download>Descarga<\/a><\/div>\n\n\n\n<p><strong>CONVOCATORIA N\u00ba13 TERCER LLAMADO<\/strong><\/p>\n\n\n\n<p><strong>JUNIO 2022<\/strong><\/p>\n\n\n\n<p>Profesorado de Ingl\u00e9s<\/p>\n\n\n\n<div class=\"wp-block-file\"><a href=\"https:\/\/isfd52-bue.infd.edu.ar\/sitio\/wp-content\/uploads\/2022\/06\/CONVOCATORIA-A-CONCURSO-13-TERCER-LLAMADO-INGLES-2022-ISFDyT-52.pdf\">CONVOCATORIA-A-CONCURSO-13-TERCER-LLAMADO-INGLES-2022-ISFDyT-52<\/a><a href=\"https:\/\/isfd52-bue.infd.edu.ar\/sitio\/wp-content\/uploads\/2022\/06\/CONVOCATORIA-A-CONCURSO-13-TERCER-LLAMADO-INGLES-2022-ISFDyT-52.pdf\" class=\"wp-block-file__button\" download>Descarga<\/a><\/div>\n\n\n\n<p><strong>CONVOCATORIA N\u00ba20<\/strong><\/p>\n\n\n\n<p><strong>MAYO\/JUNIO 2022<\/strong><\/p>\n\n\n\n<p>Profesorado de Educaci\u00f3n primaria<\/p>\n\n\n\n<div class=\"wp-block-file\"><a href=\"https:\/\/isfd52-bue.infd.edu.ar\/sitio\/wp-content\/uploads\/2022\/05\/CONVOCATORIA-A-CONCURSO-No20-EDUCACION-ARTISTICA-PRIMARIA-2022-ISFDYT52.pdf\">CONVOCATORIA-A-CONCURSO-No20-EDUCACION-ARTISTICA-PRIMARIA-2022-ISFDYT52<\/a><a href=\"https:\/\/isfd52-bue.infd.edu.ar\/sitio\/wp-content\/uploads\/2022\/05\/CONVOCATORIA-A-CONCURSO-No20-EDUCACION-ARTISTICA-PRIMARIA-2022-ISFDYT52.pdf\" class=\"wp-block-file__button\" download>Descarga<\/a><\/div>\n\n\n\n<p><strong>CONVOCATORIAS N\u00ba11, 12 Y 16 <strong>TERCER LLAMADO<\/strong>. CONVOCATORIA N\u00ba13 SEGUNDO LLAMADO<\/strong><\/p>\n\n\n\n<p><strong>MAYO 2022<\/strong><\/p>\n\n\n\n<p>Profesorado de Ingl\u00e9s<\/p>\n\n\n\n<div class=\"wp-block-file\"><a href=\"https:\/\/isfd52-bue.infd.edu.ar\/sitio\/wp-content\/uploads\/2022\/05\/CONVOCATORIA-A-CONCURSO-11-12-16-TERCER-LLAMADO-13-SEGUNDO-LLAMADO-INGLES-2022-ISFDYT52.pdf\">CONVOCATORIA-A-CONCURSO-11-12-16-TERCER-LLAMADO-13-SEGUNDO-LLAMADO-INGLES-2022-ISFDYT52<\/a><a href=\"https:\/\/isfd52-bue.infd.edu.ar\/sitio\/wp-content\/uploads\/2022\/05\/CONVOCATORIA-A-CONCURSO-11-12-16-TERCER-LLAMADO-13-SEGUNDO-LLAMADO-INGLES-2022-ISFDYT52.pdf\" class=\"wp-block-file__button\" download>Descarga<\/a><\/div>\n\n\n\n<p><strong>CONVOCATORIA N\u00ba4 TERCER LLAMADO, CONVOCATORIA N\u00ba6 SEGUNDO LLAMADO, CONVOCATORIAS 17 A 19<\/strong><\/p>\n\n\n\n<p><strong>ABRIL\/MAYO 2022<\/strong><\/p>\n\n\n\n<p>Profesorado de Educaci\u00f3n Primaria<\/p>\n\n\n\n<div class=\"wp-block-file\"><a href=\"https:\/\/isfd52-bue.infd.edu.ar\/sitio\/wp-content\/uploads\/2022\/04\/CONVOCATORIAS-A-CONCURSO-4-3er-llamado-6-2do-llamado-Y-CONVOCATORIAS-17-A-19-PRIMARIA-2022-ISFDYT52.pdf\">CONVOCATORIAS-A-CONCURSO-4-3er-llamado-6-2do-llamado-Y-CONVOCATORIAS-17-A-19-PRIMARIA-2022-ISFDYT52<\/a><a href=\"https:\/\/isfd52-bue.infd.edu.ar\/sitio\/wp-content\/uploads\/2022\/04\/CONVOCATORIAS-A-CONCURSO-4-3er-llamado-6-2do-llamado-Y-CONVOCATORIAS-17-A-19-PRIMARIA-2022-ISFDYT52.pdf\" class=\"wp-block-file__button\" download>Descarga<\/a><\/div>\n\n\n\n<p><strong>SEGUNDO LLAMADO CONVOCATORIAS 10 Y 16<\/strong><\/p>\n\n\n\n<p><strong>ABRIL\/MAYO 2022<\/strong><\/p>\n\n\n\n<p>Profesorado de Ingl\u00e9s<\/p>\n\n\n\n<div class=\"wp-block-file\"><a href=\"https:\/\/isfd52-bue.infd.edu.ar\/sitio\/wp-content\/uploads\/2022\/04\/CONVOCATORIA-A-CONCURSO-10-Y-16-2DO-LLAMADO-INGLES-2022-ISFDYT52.pdf\">CONVOCATORIA-A-CONCURSO-10-Y-16-2DO-LLAMADO-INGLES-2022-ISFDYT52<\/a><a href=\"https:\/\/isfd52-bue.infd.edu.ar\/sitio\/wp-content\/uploads\/2022\/04\/CONVOCATORIA-A-CONCURSO-10-Y-16-2DO-LLAMADO-INGLES-2022-ISFDYT52.pdf\" class=\"wp-block-file__button\" download>Descarga<\/a><\/div>\n\n\n\n<p><strong>SEGUNDO LLAMADO CONVOCATORIA 11<\/strong><\/p>\n\n\n\n<p><strong>ABRIL 2022<\/strong><\/p>\n\n\n\n<p>Profesorado de Ingl\u00e9s<\/p>\n\n\n\n<div class=\"wp-block-file\"><a href=\"https:\/\/isfd52-bue.infd.edu.ar\/sitio\/wp-content\/uploads\/2022\/04\/CONVOCATORIA-A-CONCURSO-11-SEGUNDO-LLAMADO-INGLES-2022-ISFDYT52.pdf\">CONVOCATORIA-A-CONCURSO-11-SEGUNDO-LLAMADO-INGLES-2022-ISFDYT52<\/a><a href=\"https:\/\/isfd52-bue.infd.edu.ar\/sitio\/wp-content\/uploads\/2022\/04\/CONVOCATORIA-A-CONCURSO-11-SEGUNDO-LLAMADO-INGLES-2022-ISFDYT52.pdf\" class=\"wp-block-file__button\" download>Descarga<\/a><\/div>\n\n\n\n<p><strong>SEGUNDO LLAMADO CONVOCATORIAS 8, 9 Y 12<\/strong><\/p>\n\n\n\n<p><strong>ABRIL 2022<\/strong><\/p>\n\n\n\n<p>Profesorado de Ingl\u00e9s<\/p>\n\n\n\n<div class=\"wp-block-file\"><a href=\"https:\/\/isfd52-bue.infd.edu.ar\/sitio\/wp-content\/uploads\/2022\/04\/CONVOCATORIA-A-CONCURSOS-8-9-12-SEGUNDO-LLAMADO-INGLES-2022-ISFDYT52.pdf\">CONVOCATORIA-A-CONCURSOS-8-9-12-SEGUNDO-LLAMADO-INGLES-2022-ISFDYT52<\/a><a href=\"https:\/\/isfd52-bue.infd.edu.ar\/sitio\/wp-content\/uploads\/2022\/04\/CONVOCATORIA-A-CONCURSOS-8-9-12-SEGUNDO-LLAMADO-INGLES-2022-ISFDYT52.pdf\" class=\"wp-block-file__button\" download>Descarga<\/a><\/div>\n\n\n\n<p><strong>CONVOCATORIAS 13 A 16<\/strong><\/p>\n\n\n\n<p><strong>ABRIL 2022<\/strong><\/p>\n\n\n\n<p>Profesorado de Ingl\u00e9s<\/p>\n\n\n\n<div class=\"wp-block-file\"><a href=\"https:\/\/isfd52-bue.infd.edu.ar\/sitio\/wp-content\/uploads\/2022\/04\/CONVOCATORIA-A-CONCURSO-13-A-16-INGLES-2022-ISFDyT-N-52.pdf\">CONVOCATORIA-A-CONCURSO-13-A-16-INGLES-2022-ISFDyT-N-52<\/a><a href=\"https:\/\/isfd52-bue.infd.edu.ar\/sitio\/wp-content\/uploads\/2022\/04\/CONVOCATORIA-A-CONCURSO-13-A-16-INGLES-2022-ISFDyT-N-52.pdf\" class=\"wp-block-file__button\" download>Descarga<\/a><\/div>\n\n\n\n<p><strong>CONVOCATORIA 12<\/strong><\/p>\n\n\n\n<p><strong>ABRIL<\/strong> <strong>2022<\/strong><\/p>\n\n\n\n<p>Profesorado de Ingl\u00e9s<\/p>\n\n\n\n<div class=\"wp-block-file\"><a href=\"https:\/\/isfd52-bue.infd.edu.ar\/sitio\/wp-content\/uploads\/2022\/04\/CONVOCATORIA-A-CONCURSO-12-INGLES-2022-ISFDyT-N-52.pdf\">CONVOCATORIA-A-CONCURSO-12-INGLES-2022-ISFDyT-N-52<\/a><a href=\"https:\/\/isfd52-bue.infd.edu.ar\/sitio\/wp-content\/uploads\/2022\/04\/CONVOCATORIA-A-CONCURSO-12-INGLES-2022-ISFDyT-N-52.pdf\" class=\"wp-block-file__button\" download>Descarga<\/a><\/div>\n\n\n\n<p><strong>CONVOCATORIA<\/strong> <strong>11<\/strong><\/p>\n\n\n\n<p><strong>MARZO\/ABRIL 2022<\/strong><\/p>\n\n\n\n<p>Profesorado de Ingl\u00e9s<\/p>\n\n\n\n<div class=\"wp-block-file\"><a href=\"https:\/\/isfd52-bue.infd.edu.ar\/sitio\/wp-content\/uploads\/2022\/03\/CONVOCATORIA-A-CONCURSO-11-INGLES-2022-ISFDyT-N-52.pdf\">CONVOCATORIA-A-CONCURSO-11-INGLES-2022-ISFDyT-N-52<\/a><a href=\"https:\/\/isfd52-bue.infd.edu.ar\/sitio\/wp-content\/uploads\/2022\/03\/CONVOCATORIA-A-CONCURSO-11-INGLES-2022-ISFDyT-N-52.pdf\" class=\"wp-block-file__button\" download>Descarga<\/a><\/div>\n\n\n\n<p><strong>CONVOCATORIAS 7 A 10<\/strong><\/p>\n\n\n\n<p><strong>MARZO\/ABRIL 2022<\/strong><\/p>\n\n\n\n<p>Profesorado de Ingl\u00e9s<\/p>\n\n\n\n<div class=\"wp-block-file\"><a href=\"https:\/\/isfd52-bue.infd.edu.ar\/sitio\/wp-content\/uploads\/2022\/03\/CONVOCATORIA-A-CONCURSOS-7-A-10-INGLES-2022-ISFDyT-52.pdf\">CONVOCATORIA-A-CONCURSOS-7-A-10-INGLES-2022-ISFDyT-52<\/a><a href=\"https:\/\/isfd52-bue.infd.edu.ar\/sitio\/wp-content\/uploads\/2022\/03\/CONVOCATORIA-A-CONCURSOS-7-A-10-INGLES-2022-ISFDyT-52.pdf\" class=\"wp-block-file__button\" download>Descarga<\/a><\/div>\n\n\n\n<p><strong>CONVOCATORIA 6<\/strong><\/p>\n\n\n\n<p><strong>MARZO 2022<\/strong><\/p>\n\n\n\n<p>Profesorado de Educaci\u00f3n Primaria<\/p>\n\n\n\n<div class=\"wp-block-file\"><a href=\"https:\/\/isfd52-bue.infd.edu.ar\/sitio\/wp-content\/uploads\/2022\/03\/CONVOCATORIA-A-CONCURSO-6-2022-ISFDyT-N-52.docx\">CONVOCATORIA-A-CONCURSO-6-2022-ISFDyT-N-52<\/a><a href=\"https:\/\/isfd52-bue.infd.edu.ar\/sitio\/wp-content\/uploads\/2022\/03\/CONVOCATORIA-A-CONCURSO-6-2022-ISFDyT-N-52.docx\" class=\"wp-block-file__button\" download>Descarga<\/a><\/div>\n\n\n\n<p><strong>CONVOCATORIAS 1 A 5<\/strong><\/p>\n\n\n\n<p><strong>FEBRERO 2022<\/strong><\/p>\n\n\n\n<p>Profesorado de Educaci\u00f3n Primaria &#8211;  Profesorado en Tecnolog\u00edas de Equipos e Instalaciones Electromec\u00e1nicas<\/p>\n\n\n\n<div class=\"wp-block-file\"><a href=\"https:\/\/isfd52-bue.infd.edu.ar\/sitio\/wp-content\/uploads\/2022\/03\/Convocatoria-a-Concursos-1-5-2022-ISFDyT-N52.doc\">Convocatoria-a-Concursos-1-5-2022-ISFDyT-N52<\/a><a href=\"https:\/\/isfd52-bue.infd.edu.ar\/sitio\/wp-content\/uploads\/2022\/03\/Convocatoria-a-Concursos-1-5-2022-ISFDyT-N52.doc\" class=\"wp-block-file__button\" download>Descarga<\/a><\/div>\n","protected":false},"excerpt":{"rendered":"<p>A\u00d1O 2022 C\u00c1TEDRAS QUE SE CONCURSAN EN ISFDyT N\u00b0 52 \u201cMaestro Francisco Isauro Arancibia\u201d \u2013 San Isidro CONVOCATORIAS N\u00ba28 Y 29 OCTUBRE 2022 Profesorado de Ingl\u00e9s CONVOCATORIAS N\u00ba25, 26 Y 27 OCTUBRE 2022 Profesorado de Educaci\u00f3n Primaria &#8211; Profesorado de Econom\u00eda CONVOCATORIA N\u00ba24 AGOSTO 2022 Profesorado en Tecnolog\u00edas de Equipos e Instalaciones Electromec\u00e1nicas CONVOCATORIA N\u00ba23 &#8230; <a title=\"CONCURSOS &#8211; ISFDyT N\u00b052 \u2013 2022\" class=\"read-more\" href=\"https:\/\/isfd52-bue.infd.edu.ar\/sitio\/concursos-isfdyt-n52-2022\/\" aria-label=\"More on CONCURSOS &#8211; ISFDyT N\u00b052 \u2013 2022\">[+]<\/a><\/p>\n","protected":false},"author":1549,"featured_media":0,"parent":0,"menu_order":0,"comment_status":"closed","ping_status":"closed","template":"","meta":[],"acf":[],"_links":{"self":[{"href":"https:\/\/isfd52-bue.infd.edu.ar\/sitio\/wp-json\/wp\/v2\/pages\/4270"}],"collection":[{"href":"https:\/\/isfd52-bue.infd.edu.ar\/sitio\/wp-json\/wp\/v2\/pages"}],"about":[{"href":"https:\/\/isfd52-bue.infd.edu.ar\/sitio\/wp-json\/wp\/v2\/types\/page"}],"author":[{"embeddable":true,"href":"https:\/\/isfd52-bue.infd.edu.ar\/sitio\/wp-json\/wp\/v2\/users\/1549"}],"replies":[{"embeddable":true,"href":"https:\/\/isfd52-bue.infd.edu.ar\/sitio\/wp-json\/wp\/v2\/comments?post=4270"}],"version-history":[{"count":29,"href":"https:\/\/isfd52-bue.infd.edu.ar\/sitio\/wp-json\/wp\/v2\/pages\/4270\/revisions"}],"predecessor-version":[{"id":4488,"href":"https:\/\/isfd52-bue.infd.edu.ar\/sitio\/wp-json\/wp\/v2\/pages\/4270\/revisions\/4488"}],"wp:attachment":[{"href":"https:\/\/isfd52-bue.infd.edu.ar\/sitio\/wp-json\/wp\/v2\/media?parent=4270"}],"curies":[{"name":"wp","href":"https:\/\/api.w.org\/{rel}","templated":true}]}}