{"id":4176,"date":"2021-11-22T19:46:08","date_gmt":"2021-11-22T22:46:08","guid":{"rendered":"https:\/\/isfd52-bue.infd.edu.ar\/sitio\/?page_id=4176"},"modified":"2026-03-04T09:09:28","modified_gmt":"2026-03-04T12:09:28","slug":"inscripcion-ciclo-lectivo-2024","status":"publish","type":"page","link":"https:\/\/isfd52-bue.infd.edu.ar\/sitio\/inscripcion-ciclo-lectivo-2024\/","title":{"rendered":"INGRESANTES 2026"},"content":{"rendered":"\n<p><\/p>\n\n\n\n<p class=\"has-text-align-center has-white-color has-vivid-cyan-blue-background-color has-text-color has-background has-medium-font-size\"><strong>PROFESORADOS DE EDUCACI\u00d3N PRIMARIA  &#8211; PROFESORADO DE ECONOM\u00cdA &#8211; PROFESORADO DE INGL\u00c9S &#8211; <strong>PROFESORADO EN EDUCACI\u00d3N T\u00c9CNICO PROFESIONAL EN ELECTROMEC\u00c1NICA<\/strong><\/strong><\/p>\n\n\n\n<p class=\"has-text-align-center\" style=\"font-size:48px\"><mark style=\"background-color:rgba(0, 0, 0, 0)\" class=\"has-inline-color has-vivid-cyan-blue-color\"><strong>LA MATRICULACI\u00d3N DE INGRESANTES ES PRESENCIAL EN LAS SEDES:<\/strong><\/mark><\/p>\n\n\n\n<p class=\"has-black-color has-light-green-cyan-background-color has-text-color has-background\"><strong>SEDE RIVADAVIA 349, SAN ISIDRO, de 19 A 21 HS: <\/strong>PROFESORADO DE EDUCACI\u00d3N PRIMARIA (TURNO VESPERTINO), PROFESORADO DE INGL\u00c9S, PROFESORADO DE EDUCACI\u00d3N SECUNDARIA EN ECONOM\u00cdA y PROFESORADO EN EDUCACI\u00d3N T\u00c9CNICO PROFESIONAL EN ELECTROMEC\u00c1NICA<\/p>\n\n\n\n<p class=\"has-black-color has-light-green-cyan-background-color has-text-color has-background\"><strong>SEDE YERBAL 50, BOULOGNE, de 18.30 A 21 HS:<\/strong> PROFESORADO EN EDUCACI\u00d3N T\u00c9CNICO PROFESIONAL EN ELECTROMEC\u00c1NICA<\/p>\n\n\n\n<p class=\"has-black-color has-light-green-cyan-background-color has-text-color has-background\"><strong>SEDE MART\u00cdN Y OMAR 221, SAN ISIDRO<\/strong> &#8211; <strong>DE 18.30 A 21 HS<\/strong> &#8211; PROFESORADO DE EDUCACI\u00d3N SECUNDARIA EN ECONOM\u00cdA<\/p>\n\n\n\n<p class=\"has-black-color has-light-green-cyan-background-color has-text-color has-background\"><strong>SEDE LOS CEIBOS 55, BOULOGNE de 8.30 A 11 HS<\/strong> &#8211; PROFESORADO DE EDUCACI\u00d3N PRIMARIA (TURNO MA\u00d1ANA)<\/p>\n\n\n\n<p class=\"has-text-align-center\">&#8212;&#8212;&#8212;&#8212;&#8212;&#8212;&#8212;&#8212;&#8212;&#8212;&#8212;&#8212;&#8212;&#8212;&#8212;&#8212;&#8212;&#8212;&#8212;<\/p>\n\n\n\n<p class=\"has-text-align-center has-vivid-cyan-blue-color has-text-color\" style=\"font-size:21px\"><strong>DOCUMENTACI\u00d3N  A PRESENTAR<\/strong><\/p>\n\n\n\n<p class=\"has-electric-grass-gradient-background has-background\"><strong>1- T\u00edtulo secundario (original y fotocopia) o constancia de t\u00edtulo en tr\u00e1mite (original) o constancia de alumnx regular<\/strong> <strong>(original)<\/strong><\/p>\n\n\n\n<p class=\"has-electric-grass-gradient-background has-background\"><strong>2-DNI (original y fotocopia de frente y reverso)<\/strong>&nbsp;<\/p>\n\n\n\n<p class=\"has-electric-grass-gradient-background has-background\"><strong>3- <a href=\"https:\/\/isfd52-bue.infd.edu.ar\/sitio\/wp-content\/uploads\/2023\/12\/FICHA-DE-INSRIPCION-2024.pdf\" data-type=\"attachment\" data-id=\"4866\">FICHA DE INSRIPCION 2026<\/a> (Hacer click para descargar)<\/strong> <strong>y 2 fotos 4&#215;4 o similar <\/strong><\/p>\n\n\n\n<p class=\"has-electric-grass-gradient-background has-background\"><strong>4- La documentaci\u00f3n debe ser presentada&nbsp;en un FOLIO TAMA\u00d1O OFICIO<\/strong><\/p>\n\n\n\n<p class=\"has-text-align-center has-electric-grass-gradient-background has-base-3-background-color has-background\"><strong>BONO CONTRIBUCI\u00d3N COOPERADORA (No excluyente &#8211; consultar en sedes)<\/strong><\/p>\n\n\n\n<p><strong>IMPORTANTE:<\/strong><\/p>\n\n\n\n<p><strong>Quienes tengan estudios de nivel superior y\/o universitario -completos o incompletos- afines al profesorado en que se inscriben, podr\u00e1n solicitar equivalencias en los plazos indicados. Para m\u00e1s informaci\u00f3n revisar la siguiente secci\u00f3n del sitio web:<\/strong>  <a href=\"https:\/\/isfd52-bue.infd.edu.ar\/sitio\/gestion-de-solicitud-de-equivalencias-2\/\">https:\/\/isfd52-bue.infd.edu.ar\/sitio\/gestion-de-solicitud-de-equivalencias-2\/<\/a>  <strong>y consultar al mail info.instituto52@gmail.com<\/strong> (consignar en asunto EQUIVALENCIAS y el Profesorado por el cual realiza la consulta).<\/p>\n\n\n\n<p>El <strong>Profesorado en Educaci\u00f3n T\u00e9cnico Profesional en Electromec\u00e1nica<\/strong> se caracteriza por el reconocimiento de trayectorias educativas. Esto significa que quienes cuenten con un t\u00edtulo af\u00edn a la disciplina del profesorado \u2014como T\u00e9cnico de nivel secundario, T\u00e9cnico de nivel superior o Ingeniero\u2014 podr\u00e1n acceder a dicho reconocimiento.<\/p>\n\n\n\n<p>A los profesores de nivel secundario con una carrera de <strong>cuatro a\u00f1os o m\u00e1s de duraci\u00f3n<\/strong> se les reconocer\u00e1n materias de forma directa. Asimismo, a los docentes de Escuelas T\u00e9cnicas de nivel secundario se les reconocer\u00e1n las horas de campo correspondientes a los <strong>Espacios de la Pr\u00e1ctica I y II<\/strong>.<\/p>\n\n\n\n<p class=\"has-text-align-center\">_____________________________________________________________________________________<\/p>\n\n\n\n<p class=\"has-text-align-center\"><strong>RECOMENDAMOS QUE VISITEN ESTE SITIO WEB<\/strong><\/p>\n\n\n\n<p class=\"has-text-align-center\">PODR\u00c1N ENCONTRAR INFORMACI\u00d3N ACTUALIZADA SOBRE EL INSTITUTO Y LAS CARRERAS<\/p>\n\n\n\n<p class=\"has-text-align-center has-accent-color has-text-color has-medium-font-size\">POR CONSULTAS EN GENERAL ESCRIBIR A: <strong>info.instituto52@gmail.com<\/strong><\/p>\n\n\n\n<p><\/p>\n","protected":false},"excerpt":{"rendered":"<p>PROFESORADOS DE EDUCACI\u00d3N PRIMARIA &#8211; PROFESORADO DE ECONOM\u00cdA &#8211; PROFESORADO DE INGL\u00c9S &#8211; PROFESORADO EN EDUCACI\u00d3N T\u00c9CNICO PROFESIONAL EN ELECTROMEC\u00c1NICA LA MATRICULACI\u00d3N DE INGRESANTES ES PRESENCIAL EN LAS SEDES: SEDE RIVADAVIA 349, SAN ISIDRO, de 19 A 21 HS: PROFESORADO DE EDUCACI\u00d3N PRIMARIA (TURNO VESPERTINO), PROFESORADO DE INGL\u00c9S, PROFESORADO DE EDUCACI\u00d3N SECUNDARIA EN ECONOM\u00cdA y &#8230; <a title=\"INGRESANTES 2026\" class=\"read-more\" href=\"https:\/\/isfd52-bue.infd.edu.ar\/sitio\/inscripcion-ciclo-lectivo-2024\/\" aria-label=\"More on INGRESANTES 2026\">[+]<\/a><\/p>\n","protected":false},"author":484,"featured_media":0,"parent":0,"menu_order":0,"comment_status":"closed","ping_status":"closed","template":"","meta":[],"acf":[],"_links":{"self":[{"href":"https:\/\/isfd52-bue.infd.edu.ar\/sitio\/wp-json\/wp\/v2\/pages\/4176"}],"collection":[{"href":"https:\/\/isfd52-bue.infd.edu.ar\/sitio\/wp-json\/wp\/v2\/pages"}],"about":[{"href":"https:\/\/isfd52-bue.infd.edu.ar\/sitio\/wp-json\/wp\/v2\/types\/page"}],"author":[{"embeddable":true,"href":"https:\/\/isfd52-bue.infd.edu.ar\/sitio\/wp-json\/wp\/v2\/users\/484"}],"replies":[{"embeddable":true,"href":"https:\/\/isfd52-bue.infd.edu.ar\/sitio\/wp-json\/wp\/v2\/comments?post=4176"}],"version-history":[{"count":39,"href":"https:\/\/isfd52-bue.infd.edu.ar\/sitio\/wp-json\/wp\/v2\/pages\/4176\/revisions"}],"predecessor-version":[{"id":5466,"href":"https:\/\/isfd52-bue.infd.edu.ar\/sitio\/wp-json\/wp\/v2\/pages\/4176\/revisions\/5466"}],"wp:attachment":[{"href":"https:\/\/isfd52-bue.infd.edu.ar\/sitio\/wp-json\/wp\/v2\/media?parent=4176"}],"curies":[{"name":"wp","href":"https:\/\/api.w.org\/{rel}","templated":true}]}}