{"id":4089,"date":"2021-08-31T19:37:48","date_gmt":"2021-08-31T22:37:48","guid":{"rendered":"https:\/\/isfd52-bue.infd.edu.ar\/sitio\/?page_id=4089"},"modified":"2025-07-08T15:46:55","modified_gmt":"2025-07-08T18:46:55","slug":"cooperadora","status":"publish","type":"page","link":"https:\/\/isfd52-bue.infd.edu.ar\/sitio\/cooperadora\/","title":{"rendered":"Asociaci\u00f3n Cooperadora ISFDYT N\u00ba52"},"content":{"rendered":"\n<p>El pasado 21\/05\/2025 se realiz\u00f3 la Asamblea anual de la Asociaci\u00f3n Cooperadora donde se renov\u00f3 la comisi\u00f3n directiva y se decidi\u00f3 mantener el mismo monto de colaboraci\u00f3n mensual del a\u00f1o anterior que es de $ 2.000 ($12.000 anual), debido a la dif\u00edcil situaci\u00f3n econ\u00f3mica existente.<\/p>\n\n\n\n<p>El aporte siempre es voluntario, pero sumamente necesario a fin de lograr mejores condiciones para la formaci\u00f3n de nuestrxs estudiantes. Entre las erogaciones que est\u00e1n a nuestro cargo se encuentran:<\/p>\n\n\n\n<ul>\n<li>Mantenimiento del sistema SADIS.<\/li>\n\n\n\n<li>Mantenimiento de impresoras, computadoras, mobiliario.<\/li>\n\n\n\n<li>Abono de alarma en conjunto con las otras escuelas con las que se comparte el edificio.<\/li>\n\n\n\n<li>Compra de art\u00edculos de limpieza y art\u00edculos de librer\u00eda<\/li>\n\n\n\n<li>Adquisici\u00f3n de libros de actas, libros escolares y fotocopias<\/li>\n\n\n\n<li>Adquisici\u00f3n de equipamiento did\u00e1ctico y de su mantenimiento.<\/li>\n\n\n\n<li>Etc.<\/li>\n<\/ul>\n\n\n\n<p>Durante estos d\u00edas hemos avanzado en la actualizaci\u00f3n de nuestro estatuto y la modificaci\u00f3n del registro de nuestra Asociaci\u00f3n Cooperadora ante el ARCA (ex AFIP) para la Exenci\u00f3n del Impuesto a las ganancias. Ello nos permitir\u00e1 recibir DONACIONES otorgando beneficios impositivos a cualquier persona f\u00edsica o jur\u00eddica que tenga la generosidad de donar.<\/p>\n\n\n\n<p>Nos planteamos como meta a corto plazo poder constituir un QUIOSCO en sede Rivadavia que no s\u00f3lo ha sido solicitado por lxs estudiantes, sino que el Instituto sabe que mejorar\u00eda las condiciones en que gran cantidad de integrantes de nuestra comunidad educativa llevan adelante sus tareas.<\/p>\n\n\n\n<p>A largo plazo -y en consonancia con nuestro estatuto actualizado- nos proponemos tambi\u00e9n:<\/p>\n\n\n\n<p>1.- Coordinar nuestra actividad con los sectores econ\u00f3micos de la comunidad, a efectos de servir de agente laboral cuando las circunstancias lo requieran.<\/p>\n\n\n\n<p>2.- Cooperar en la financiaci\u00f3n de turismo o salidas educativas.<\/p>\n\n\n\n<p>3.- Promover actividades extraescolares que fortalezcan proyectos pedag\u00f3gicos.<\/p>\n\n\n\n<p>Como miembros de la Cooperadora les invitamos a contribuir de la manera que puedan hacerlo:<\/p>\n\n\n\n<ul>\n<li>Pago en efectivo, totalidad o cuotas, en las sedes Rivadavia, Yerbal y Los Ceibos (los que estudian o trabajan en la sede Mart\u00edn y Omar pueden abonar en la sede Rivadavia)<\/li>\n<\/ul>\n\n\n\n<ul>\n<li>Transferencia: A Cta. Cte. Banco de Provincia de Buenos Aires CBU 0140028101509602255519, <strong>Alias: COOPERADORA52<\/strong>, CUIT: 30-67812127-0<\/li>\n<\/ul>\n\n\n\n<p>Nota: Al abonar por transferencia por favor enviar aviso del pago realizado a <strong>cooperadoraisfd52@gmail.com<\/strong>, indicando: 1) Nombre y apellido 2) Curso y carrera 3) Monto transferido y fecha, a fin de poder registrarlo en el libro de tesorer\u00eda.<\/p>\n\n\n\n<p><\/p>\n\n\n\n<p><\/p>\n","protected":false},"excerpt":{"rendered":"<p>El pasado 21\/05\/2025 se realiz\u00f3 la Asamblea anual de la Asociaci\u00f3n Cooperadora donde se renov\u00f3 la comisi\u00f3n directiva y se decidi\u00f3 mantener el mismo monto de colaboraci\u00f3n mensual del a\u00f1o anterior que es de $ 2.000 ($12.000 anual), debido a la dif\u00edcil situaci\u00f3n econ\u00f3mica existente. El aporte siempre es voluntario, pero sumamente necesario a fin &#8230; <a title=\"Asociaci\u00f3n Cooperadora ISFDYT N\u00ba52\" class=\"read-more\" href=\"https:\/\/isfd52-bue.infd.edu.ar\/sitio\/cooperadora\/\" aria-label=\"More on Asociaci\u00f3n Cooperadora ISFDYT N\u00ba52\">[+]<\/a><\/p>\n","protected":false},"author":484,"featured_media":0,"parent":0,"menu_order":0,"comment_status":"closed","ping_status":"closed","template":"","meta":[],"acf":[],"_links":{"self":[{"href":"https:\/\/isfd52-bue.infd.edu.ar\/sitio\/wp-json\/wp\/v2\/pages\/4089"}],"collection":[{"href":"https:\/\/isfd52-bue.infd.edu.ar\/sitio\/wp-json\/wp\/v2\/pages"}],"about":[{"href":"https:\/\/isfd52-bue.infd.edu.ar\/sitio\/wp-json\/wp\/v2\/types\/page"}],"author":[{"embeddable":true,"href":"https:\/\/isfd52-bue.infd.edu.ar\/sitio\/wp-json\/wp\/v2\/users\/484"}],"replies":[{"embeddable":true,"href":"https:\/\/isfd52-bue.infd.edu.ar\/sitio\/wp-json\/wp\/v2\/comments?post=4089"}],"version-history":[{"count":12,"href":"https:\/\/isfd52-bue.infd.edu.ar\/sitio\/wp-json\/wp\/v2\/pages\/4089\/revisions"}],"predecessor-version":[{"id":5328,"href":"https:\/\/isfd52-bue.infd.edu.ar\/sitio\/wp-json\/wp\/v2\/pages\/4089\/revisions\/5328"}],"wp:attachment":[{"href":"https:\/\/isfd52-bue.infd.edu.ar\/sitio\/wp-json\/wp\/v2\/media?parent=4089"}],"curies":[{"name":"wp","href":"https:\/\/api.w.org\/{rel}","templated":true}]}}