{"id":4026,"date":"2021-07-22T12:01:51","date_gmt":"2021-07-22T15:01:51","guid":{"rendered":"https:\/\/isfd52-bue.infd.edu.ar\/sitio\/?page_id=4026"},"modified":"2021-07-22T12:06:07","modified_gmt":"2021-07-22T15:06:07","slug":"concursos-2021","status":"publish","type":"page","link":"https:\/\/isfd52-bue.infd.edu.ar\/sitio\/concursos-2021\/","title":{"rendered":"CONCURSOS 2021"},"content":{"rendered":"\n<p class=\"has-light-green-cyan-color has-text-color has-medium-font-size\"><strong>VER EN MEN\u00da PRINCIPAL<\/strong><\/p>\n\n\n\n<p><a href=\"https:\/\/isfd52-bue.infd.edu.ar\/sitio\/informacion-para-la-presentacion-a-concursos\/\" data-type=\"URL\" data-id=\"https:\/\/isfd52-bue.infd.edu.ar\/sitio\/informacion-para-la-presentacion-a-concursos\/\" target=\"_blank\" rel=\"noreferrer noopener\">Informaci\u00f3n para la presentaci\u00f3n a Concursos<\/a><\/p>\n\n\n\n<p><a href=\"https:\/\/isfd52-bue.infd.edu.ar\/sitio\/3845-2\/\" data-type=\"URL\" data-id=\"https:\/\/isfd52-bue.infd.edu.ar\/sitio\/3845-2\/\" target=\"_blank\" rel=\"noreferrer noopener\">CONCURSOS \u2013 ISFDyT N\u00b052 \u2013 2021<\/a><\/p>\n\n\n\n<p><a href=\"https:\/\/isfd52-bue.infd.edu.ar\/sitio\/catedras-que-se-concursan-en-otros-isfd-de-la-region-vi\/\" data-type=\"URL\" data-id=\"https:\/\/isfd52-bue.infd.edu.ar\/sitio\/catedras-que-se-concursan-en-otros-isfd-de-la-region-vi\/\">C\u00e1tedras que se concursan en otros ISFD de la regi\u00f3n VI<\/a><\/p>\n\n\n\n<p><a href=\"https:\/\/isfd52-bue.infd.edu.ar\/#facebook\" rel=\"noreferrer noopener\" target=\"_blank\"><\/a><\/p>\n\n\n\n<p><a href=\"https:\/\/isfd52-bue.infd.edu.ar\/sitio\/convocatorias-formadoras-res-2021\/\" data-type=\"URL\" data-id=\"https:\/\/isfd52-bue.infd.edu.ar\/sitio\/convocatorias-formadoras-res-2021\/\">CONVOCATORIAS FORMADORAS\/RES \u2013 2021<\/a><\/p>\n","protected":false},"excerpt":{"rendered":"<p>VER EN MEN\u00da PRINCIPAL Informaci\u00f3n para la presentaci\u00f3n a Concursos CONCURSOS \u2013 ISFDyT N\u00b052 \u2013 2021 C\u00e1tedras que se concursan en otros ISFD de la regi\u00f3n VI CONVOCATORIAS FORMADORAS\/RES \u2013 2021<\/p>\n","protected":false},"author":484,"featured_media":0,"parent":0,"menu_order":0,"comment_status":"closed","ping_status":"closed","template":"","meta":[],"acf":[],"_links":{"self":[{"href":"https:\/\/isfd52-bue.infd.edu.ar\/sitio\/wp-json\/wp\/v2\/pages\/4026"}],"collection":[{"href":"https:\/\/isfd52-bue.infd.edu.ar\/sitio\/wp-json\/wp\/v2\/pages"}],"about":[{"href":"https:\/\/isfd52-bue.infd.edu.ar\/sitio\/wp-json\/wp\/v2\/types\/page"}],"author":[{"embeddable":true,"href":"https:\/\/isfd52-bue.infd.edu.ar\/sitio\/wp-json\/wp\/v2\/users\/484"}],"replies":[{"embeddable":true,"href":"https:\/\/isfd52-bue.infd.edu.ar\/sitio\/wp-json\/wp\/v2\/comments?post=4026"}],"version-history":[{"count":2,"href":"https:\/\/isfd52-bue.infd.edu.ar\/sitio\/wp-json\/wp\/v2\/pages\/4026\/revisions"}],"predecessor-version":[{"id":4031,"href":"https:\/\/isfd52-bue.infd.edu.ar\/sitio\/wp-json\/wp\/v2\/pages\/4026\/revisions\/4031"}],"wp:attachment":[{"href":"https:\/\/isfd52-bue.infd.edu.ar\/sitio\/wp-json\/wp\/v2\/media?parent=4026"}],"curies":[{"name":"wp","href":"https:\/\/api.w.org\/{rel}","templated":true}]}}