{"id":3975,"date":"2021-06-26T11:35:50","date_gmt":"2021-06-26T14:35:50","guid":{"rendered":"https:\/\/isfd52-bue.infd.edu.ar\/sitio\/?page_id=3975"},"modified":"2021-07-04T22:41:09","modified_gmt":"2021-07-05T01:41:09","slug":"mesas-agosto-2","status":"publish","type":"page","link":"https:\/\/isfd52-bue.infd.edu.ar\/sitio\/mesas-agosto-2\/","title":{"rendered":"MESAS AGOSTO 2021"},"content":{"rendered":"<h2 style=\"text-align: center;\"><span style=\"color: #008080;\"><strong>MESAS DE EXAMEN &#8211; AGOSTO 2021<\/strong><\/span><\/h2>\n<hr \/>\n<p><strong><span style=\"color: #003366;\">Referentes de Carreras<\/span><\/strong><\/p>\n<ul>\n<li>Primaria Div\u00a0 C &#8211; \u00c1gata Bello<\/li>\n<li>Primaria Div A &#8211; Miriam Alba<\/li>\n<li>Primaria Div B &#8211; Daniel Facio<\/li>\n<li>Econom\u00eda &#8211; Mart\u00edn Zankel y Reg. Juan Gavassi<\/li>\n<li>T\u00e9cnico &#8211;\u00a0 Reg. Jorge \u00c1lvarez<\/li>\n<li>Ingl\u00e9s &#8211; Nora Mart\u00ednez y M\u00f3nica Chachagua<br \/>\n<hr \/>\n<\/li>\n<\/ul>\n<p>&nbsp;<\/p>\n<p><strong><span style=\"color: #003366;\">CRONOGRAMA DE MESAS<\/span><\/strong><\/p>\n<p>&nbsp;<\/p>\n<p><strong>Profesorado Primaria &#8211; Turno Ma\u00f1ana (Div C) &#8211; 8hs.:\u00a0<a href=\"https:\/\/isfd52-bue.infd.edu.ar\/sitio\/wp-content\/uploads\/2021\/06\/MESAS_DE_EXAMEN_TURNO_AGOSTO_2021_DIVISION_C_HORARIO_A_PARTIR_DE_8HS.pdf\">MESAS_DE_EXAMEN_TURNO_AGOSTO_2021_DIVISION_C_HORARIO_A_PARTIR_DE_8HS<\/a><\/strong><\/p>\n<p>&nbsp;<\/p>\n<p><strong>Profesorado Primaria &#8211; Turno Vespertino (Div A y B) &#8211; 18hs.:\u00a0<a href=\"https:\/\/isfd52-bue.infd.edu.ar\/sitio\/wp-content\/uploads\/2021\/06\/mesas-de-agosto-2021_vespertino_-A-y-B_primaria.pdf\">mesas de agosto 2021_vespertino_ A y B_primaria<\/a><\/strong><\/p>\n<p>&nbsp;<\/p>\n<p><strong>Profesorado de Econom\u00eda &#8211; \u00a018hs.:\u00a0<a href=\"https:\/\/isfd52-bue.infd.edu.ar\/sitio\/wp-content\/uploads\/2021\/06\/8_Mesas_Economia_AGOSTO_2021.pdf\">8_Mesas_Economia_AGOSTO_2021<\/a><\/strong><\/p>\n<p>&nbsp;<\/p>\n<p><strong>Profesorado T\u00e9cnico &#8211; 18hs.:\u00a0<a href=\"https:\/\/isfd52-bue.infd.edu.ar\/sitio\/wp-content\/uploads\/2021\/06\/Tecnico_Mesas-Agosto_2021.pdf\">Tecnico_Mesas Agosto_2021<\/a><\/strong><\/p>\n<p>&nbsp;<\/p>\n<p><strong>Profesorado de Ingl\u00e9s &#8211; 18hs.:\u00a0<a href=\"https:\/\/isfd52-bue.infd.edu.ar\/sitio\/wp-content\/uploads\/2021\/07\/INGL\u00c9S-AGOSTO-2021-MESAS-para-CAMPUS-y-SADIS.pdf\">INGL\u00c9S AGOSTO 2021 &#8211; MESAS para CAMPUS y SADIS<\/a><\/strong><\/p>\n<p>&nbsp;<\/p>\n","protected":false},"excerpt":{"rendered":"<p>MESAS DE EXAMEN &#8211; AGOSTO 2021 Referentes de Carreras Primaria Div\u00a0 C &#8211; \u00c1gata Bello Primaria Div A &#8211; Miriam Alba Primaria Div B &#8211; Daniel Facio Econom\u00eda &#8211; Mart\u00edn Zankel y Reg. Juan Gavassi T\u00e9cnico &#8211;\u00a0 Reg. Jorge \u00c1lvarez Ingl\u00e9s &#8211; Nora Mart\u00ednez y M\u00f3nica Chachagua &nbsp; CRONOGRAMA DE MESAS &nbsp; Profesorado Primaria &#8211; &#8230; <a title=\"MESAS AGOSTO 2021\" class=\"read-more\" href=\"https:\/\/isfd52-bue.infd.edu.ar\/sitio\/mesas-agosto-2\/\" aria-label=\"More on MESAS AGOSTO 2021\">[+]<\/a><\/p>\n","protected":false},"author":484,"featured_media":0,"parent":0,"menu_order":0,"comment_status":"closed","ping_status":"closed","template":"","meta":[],"acf":[],"_links":{"self":[{"href":"https:\/\/isfd52-bue.infd.edu.ar\/sitio\/wp-json\/wp\/v2\/pages\/3975"}],"collection":[{"href":"https:\/\/isfd52-bue.infd.edu.ar\/sitio\/wp-json\/wp\/v2\/pages"}],"about":[{"href":"https:\/\/isfd52-bue.infd.edu.ar\/sitio\/wp-json\/wp\/v2\/types\/page"}],"author":[{"embeddable":true,"href":"https:\/\/isfd52-bue.infd.edu.ar\/sitio\/wp-json\/wp\/v2\/users\/484"}],"replies":[{"embeddable":true,"href":"https:\/\/isfd52-bue.infd.edu.ar\/sitio\/wp-json\/wp\/v2\/comments?post=3975"}],"version-history":[{"count":7,"href":"https:\/\/isfd52-bue.infd.edu.ar\/sitio\/wp-json\/wp\/v2\/pages\/3975\/revisions"}],"predecessor-version":[{"id":4011,"href":"https:\/\/isfd52-bue.infd.edu.ar\/sitio\/wp-json\/wp\/v2\/pages\/3975\/revisions\/4011"}],"wp:attachment":[{"href":"https:\/\/isfd52-bue.infd.edu.ar\/sitio\/wp-json\/wp\/v2\/media?parent=3975"}],"curies":[{"name":"wp","href":"https:\/\/api.w.org\/{rel}","templated":true}]}}