{"id":3941,"date":"2022-06-21T20:01:00","date_gmt":"2022-06-21T23:01:00","guid":{"rendered":"https:\/\/isfd52-bue.infd.edu.ar\/sitio\/?page_id=3941"},"modified":"2022-11-06T16:19:44","modified_gmt":"2022-11-06T19:19:44","slug":"inscripcion-libres-2021","status":"publish","type":"page","link":"https:\/\/isfd52-bue.infd.edu.ar\/sitio\/inscripcion-libres-2021\/","title":{"rendered":"INSCRIPCI\u00d3N LIBRES &#8211; 2022"},"content":{"rendered":"<h3 style=\"text-align: center;\"><\/h3>\n<h3 style=\"text-align: center;\"><span style=\"color: #800080;\"><strong>INSCRIPCI\u00d3N A EX\u00c1MENES LIBRES &#8211; 2022<\/strong><\/span><\/h3>\n<p style=\"text-align: center;\"><strong><span style=\"color: #0000ff;\">ABIERTA HASTA El 20 de junio <span style=\"color: #ff00ff;\">(sin excepci\u00f3n)<\/span><\/span><\/strong><\/p>\n<h4 style=\"text-align: center;\"><strong>Profesorados de Econom\u00eda, T\u00e9cnico y Primaria<\/strong><\/h4>\n<p>RECOMENDAMOS: CONSULTAR PLAN DE EVALUACI\u00d3N, R\u00c9GIMEN DE CORRELATIVIDADES Y CURSADA EN NUESTRO SITIO WEB<\/p>\n<p><span style=\"color: #ff0000;\"><strong>IMPORTANTE<\/strong><\/span><\/p>\n<ul>\n<li><span style=\"color: #800080;\"><strong><em>CONSULTAR CON PRECEPTORES<\/em><\/strong><\/span><\/li>\n<li><span style=\"color: #800080;\"><strong><em>SOLO PUEDEN INSCRIBIRSE EN LA DIVISI\u00d3N EN LA QUE FIGURAN EN EL SADIS&nbsp;<\/em><\/strong><\/span><\/li>\n<\/ul>\n","protected":false},"excerpt":{"rendered":"<p>INSCRIPCI\u00d3N A EX\u00c1MENES LIBRES &#8211; 2022 ABIERTA HASTA El 20 de junio (sin excepci\u00f3n) Profesorados de Econom\u00eda, T\u00e9cnico y Primaria RECOMENDAMOS: CONSULTAR PLAN DE EVALUACI\u00d3N, R\u00c9GIMEN DE CORRELATIVIDADES Y CURSADA EN NUESTRO SITIO WEB IMPORTANTE CONSULTAR CON PRECEPTORES SOLO PUEDEN INSCRIBIRSE EN LA DIVISI\u00d3N EN LA QUE FIGURAN EN EL SADIS&nbsp;<\/p>\n","protected":false},"author":484,"featured_media":0,"parent":0,"menu_order":0,"comment_status":"closed","ping_status":"closed","template":"","meta":[],"acf":[],"_links":{"self":[{"href":"https:\/\/isfd52-bue.infd.edu.ar\/sitio\/wp-json\/wp\/v2\/pages\/3941"}],"collection":[{"href":"https:\/\/isfd52-bue.infd.edu.ar\/sitio\/wp-json\/wp\/v2\/pages"}],"about":[{"href":"https:\/\/isfd52-bue.infd.edu.ar\/sitio\/wp-json\/wp\/v2\/types\/page"}],"author":[{"embeddable":true,"href":"https:\/\/isfd52-bue.infd.edu.ar\/sitio\/wp-json\/wp\/v2\/users\/484"}],"replies":[{"embeddable":true,"href":"https:\/\/isfd52-bue.infd.edu.ar\/sitio\/wp-json\/wp\/v2\/comments?post=3941"}],"version-history":[{"count":8,"href":"https:\/\/isfd52-bue.infd.edu.ar\/sitio\/wp-json\/wp\/v2\/pages\/3941\/revisions"}],"predecessor-version":[{"id":4401,"href":"https:\/\/isfd52-bue.infd.edu.ar\/sitio\/wp-json\/wp\/v2\/pages\/3941\/revisions\/4401"}],"wp:attachment":[{"href":"https:\/\/isfd52-bue.infd.edu.ar\/sitio\/wp-json\/wp\/v2\/media?parent=3941"}],"curies":[{"name":"wp","href":"https:\/\/api.w.org\/{rel}","templated":true}]}}