{"id":3772,"date":"2021-03-16T20:26:44","date_gmt":"2021-03-16T23:26:44","guid":{"rendered":"https:\/\/isfd52-bue.infd.edu.ar\/sitio\/?page_id=3772"},"modified":"2023-08-16T19:44:59","modified_gmt":"2023-08-16T22:44:59","slug":"canal-del-52","status":"publish","type":"page","link":"https:\/\/isfd52-bue.infd.edu.ar\/sitio\/canal-del-52\/","title":{"rendered":"CANAL DEL 52"},"content":{"rendered":"\n<div class=\"wp-block-columns is-layout-flex wp-container-2\">\n<div class=\"wp-block-column is-layout-flow\" style=\"flex-basis:100%\">\n<p>A TRAV\u00c9S DEL SIGUIENTE LINK PODR\u00c1N ACCEDER AL CANAL DE YOUTUBE DEL INSTITUTO QUE INAUGURAMOS CON EL INICIO DEL TALLER DE ACOMPA\u00d1AMIENTO AL INGRESANTE &#8211; 2021<\/p>\n<p>ACCED\u00c9 A NUESTRO CANAL<\/p>\n<h3 style=\"text-align: center;\"><a href=\"https:\/\/www.youtube.com\/channel\/UCI_IgITunIPOyJ4CIhTUGVA\">https:\/\/www.youtube.com\/channel\/UCI_IgITunIPOyJ4CIhTUGVA<\/a><\/h3>\n<hr \/>\n<\/div>\n<\/div>\n\n\n\n<figure class=\"wp-block-embed is-type-video is-provider-youtube wp-block-embed-youtube wp-embed-aspect-4-3 wp-has-aspect-ratio\"><div class=\"wp-block-embed__wrapper\">\n<iframe loading=\"lazy\" title=\"&quot; Maestro Isauro Arancibia, Presente&quot;\" width=\"1200\" height=\"900\" src=\"https:\/\/www.youtube.com\/embed\/GOpaxo2xgag?feature=oembed\" frameborder=\"0\" allow=\"accelerometer; autoplay; clipboard-write; encrypted-media; gyroscope; picture-in-picture; web-share\" allowfullscreen><\/iframe>\n<\/div><\/figure>\n","protected":false},"excerpt":{"rendered":"<p>A TRAV\u00c9S DEL SIGUIENTE LINK PODR\u00c1N ACCEDER AL CANAL DE YOUTUBE DEL INSTITUTO QUE INAUGURAMOS CON EL INICIO DEL TALLER DE ACOMPA\u00d1AMIENTO AL INGRESANTE &#8211; 2021 ACCED\u00c9 A NUESTRO CANAL https:\/\/www.youtube.com\/channel\/UCI_IgITunIPOyJ4CIhTUGVA<\/p>\n","protected":false},"author":484,"featured_media":0,"parent":0,"menu_order":0,"comment_status":"closed","ping_status":"closed","template":"","meta":[],"acf":[],"_links":{"self":[{"href":"https:\/\/isfd52-bue.infd.edu.ar\/sitio\/wp-json\/wp\/v2\/pages\/3772"}],"collection":[{"href":"https:\/\/isfd52-bue.infd.edu.ar\/sitio\/wp-json\/wp\/v2\/pages"}],"about":[{"href":"https:\/\/isfd52-bue.infd.edu.ar\/sitio\/wp-json\/wp\/v2\/types\/page"}],"author":[{"embeddable":true,"href":"https:\/\/isfd52-bue.infd.edu.ar\/sitio\/wp-json\/wp\/v2\/users\/484"}],"replies":[{"embeddable":true,"href":"https:\/\/isfd52-bue.infd.edu.ar\/sitio\/wp-json\/wp\/v2\/comments?post=3772"}],"version-history":[{"count":4,"href":"https:\/\/isfd52-bue.infd.edu.ar\/sitio\/wp-json\/wp\/v2\/pages\/3772\/revisions"}],"predecessor-version":[{"id":4721,"href":"https:\/\/isfd52-bue.infd.edu.ar\/sitio\/wp-json\/wp\/v2\/pages\/3772\/revisions\/4721"}],"wp:attachment":[{"href":"https:\/\/isfd52-bue.infd.edu.ar\/sitio\/wp-json\/wp\/v2\/media?parent=3772"}],"curies":[{"name":"wp","href":"https:\/\/api.w.org\/{rel}","templated":true}]}}