{"id":3738,"date":"2021-02-26T18:06:51","date_gmt":"2021-02-26T21:06:51","guid":{"rendered":"https:\/\/isfd52-bue.infd.edu.ar\/sitio\/?page_id=3738"},"modified":"2021-09-22T19:26:42","modified_gmt":"2021-09-22T22:26:42","slug":"comunicados-2021","status":"publish","type":"page","link":"https:\/\/isfd52-bue.infd.edu.ar\/sitio\/comunicados-2021\/","title":{"rendered":"COMUNICADOS 2021"},"content":{"rendered":"<h3><span style=\"color: #008080;\"><strong>Compartimos comunicados 2021<\/strong><\/span><\/h3>\n<h4>SEPTIEMBRE<\/h4>\n<p><a href=\"https:\/\/isfd52-bue.infd.edu.ar\/sitio\/programa-para-la-intensificacion-de-la-ensenanza-atr\/programa-intensificacion-de-la-ensenanza-atr-rsc-2021-22529776-gdeba-dgcye\/\">RES Prog. Intensif. Ense\u00f1anza + ATR .<\/a><\/p>\n<h4><\/h4>\n<h4><span style=\"color: #008080;\">AGOSTO<\/span><\/h4>\n<p><a href=\"https:\/\/isfd52-bue.infd.edu.ar\/sitio\/wp-content\/uploads\/2021\/08\/Circular-Jornadas-Formacion-Docente-julio-2021.pdf\">Circular Jornadas Formacion Docente julio 2021<\/a><\/p>\n<p><img decoding=\"async\" loading=\"lazy\" class=\"alignnone  wp-image-4053\" src=\"https:\/\/isfd52-bue.infd.edu.ar\/sitio\/wp-content\/uploads\/2021\/08\/WhatsApp-Image-2021-08-05-at-13.40.49-1000x1000.jpeg\" alt=\"\" width=\"197\" height=\"197\" srcset=\"https:\/\/isfd52-bue.infd.edu.ar\/sitio\/wp-content\/uploads\/2021\/08\/WhatsApp-Image-2021-08-05-at-13.40.49-1000x1000.jpeg 1000w, https:\/\/isfd52-bue.infd.edu.ar\/sitio\/wp-content\/uploads\/2021\/08\/WhatsApp-Image-2021-08-05-at-13.40.49-500x500.jpeg 500w, https:\/\/isfd52-bue.infd.edu.ar\/sitio\/wp-content\/uploads\/2021\/08\/WhatsApp-Image-2021-08-05-at-13.40.49-768x768.jpeg 768w, https:\/\/isfd52-bue.infd.edu.ar\/sitio\/wp-content\/uploads\/2021\/08\/WhatsApp-Image-2021-08-05-at-13.40.49.jpeg 1280w\" sizes=\"(max-width: 197px) 100vw, 197px\" \/><\/p>\n<h4><a href=\"https:\/\/isfd52-bue.infd.edu.ar\/sitio\/wp-content\/uploads\/2021\/08\/IF-2021-19163679-GDEBA-SSAYRHDGCYE.pdf\">IF-2021-19163679-GDEBA-SSAYRHDGCYE<\/a><\/h4>\n<h4><a href=\"https:\/\/isfd52-bue.infd.edu.ar\/sitio\/wp-content\/uploads\/2021\/08\/COMUNICADO-vuelta-a-la-presencialidad-grupos-de-riesgo.pdf\">COMUNICADO vuelta a la presencialidad grupos de riesgo<\/a><\/h4>\n<h4><a href=\"https:\/\/isfd52-bue.infd.edu.ar\/sitio\/wp-content\/uploads\/2021\/08\/IF-2021-19163948-GDEBA-SSAYRHDGCYE.pdf\">IF-2021-19163948-GDEBA-SSAYRHDGCYE<\/a><\/h4>\n<h4><a href=\"https:\/\/isfd52-bue.infd.edu.ar\/sitio\/wp-content\/uploads\/2021\/08\/Retorno-a-la-presencialidad-Julio-2021.pdf\">Retorno a la presencialidad Julio 2021<\/a><\/h4>\n<h4><a href=\"https:\/\/isfd52-bue.infd.edu.ar\/sitio\/wp-content\/uploads\/2021\/08\/INSCRIPCION-LISTADOS-108-A-Y-B-SUP-Y-ART.TERC_.-2021-2022-1.pdf\">INSCRIPCION LISTADOS 108 A Y B SUP Y ART.TERC. 2021-2022 (1)<\/a><\/h4>\n<h4><a href=\"https:\/\/isfd52-bue.infd.edu.ar\/sitio\/wp-content\/uploads\/2021\/08\/comunicado-nueva-convocatoria-PROGRESAR-agosto-2021.pdf\">comunicado nueva convocatoria PROGRESAR agosto 2021<\/a><\/h4>\n<h4><span style=\"color: #008080;\">JUNIO<\/span><\/h4>\n<p><a href=\"https:\/\/isfd52-bue.infd.edu.ar\/sitio\/wp-content\/uploads\/2021\/06\/Acta_CAI_Jueves_3_de_junio_de__2021.pdf\">Acta_CAI_Jueves_3_de_junio_de__2021<\/a><\/p>\n<h4><span style=\"color: #008080;\">MAYO<\/span><\/h4>\n<h4><a href=\"https:\/\/isfd52-bue.infd.edu.ar\/sitio\/wp-content\/uploads\/2021\/06\/COMUNICACION-SOBRE-EVALUACI\u00d3N.pdf\">COMUNICACION SOBRE EVALUACI\u00d3N<\/a><\/h4>\n<h4><span style=\"color: #008080;\">ABRIL<\/span><\/h4>\n<p><a href=\"https:\/\/isfd52-bue.infd.edu.ar\/sitio\/wp-content\/uploads\/2021\/04\/Acta_CAI_Jueves_15_de_abril_de_2021_1_2.doc\">Acta_CAI_Jueves_15_de_abril_de_2021_1_2<\/a><\/p>\n<p><a href=\"https:\/\/isfd52-bue.infd.edu.ar\/sitio\/wp-content\/uploads\/2021\/04\/INGRESO-A-LA-DOCENCIA-2022_COMUNICACION_CONJUNTA_4-2021_NO-2021-08680805-GDEBA-DTCDGCYE.pdf\">INGRESO A LA DOCENCIA 2022_<\/a><\/p>\n<h4><\/h4>\n<h4><span style=\"color: #008080;\">MArzo<\/span><\/h4>\n<p>Direcci\u00f3n Provincial de Educaci\u00f3n Superior:\u00a0<a href=\"https:\/\/isfd52-bue.infd.edu.ar\/sitio\/wp-content\/uploads\/2021\/03\/Dia_nacional_de_la_Memoria_por_la_verdad_y_la_justicia.pdf\">Dia_nacional_de_la_Memoria_por_la_verdad_y_la_justicia<\/a><\/p>\n<p><a href=\"https:\/\/isfd52-bue.infd.edu.ar\/sitio\/wp-content\/uploads\/2021\/03\/COMUNICACI\u00d3N-CONJUNTA-N\u00b0-2_21-TALLER-INICIAL-.docx\">COMUNICACI\u00d3N CONJUNTA N\u00b0 2_21- TALLER INICIAL-<\/a><\/p>\n<p><a href=\"https:\/\/isfd52-bue.infd.edu.ar\/sitio\/wp-content\/uploads\/2021\/03\/RESO-2021-459-GDEBA-MJGM.pdf\">RESO-2021-459-GDEBA-MJGM<\/a><\/p>\n<hr \/>\n<p>CIRCULAR T\u00c9CNICA CONJUNTA N\u00b0 01\/2021<\/p>\n<p>TRIBUNALES DE CLASIFICACI\u00d3N<br \/>\nSECRETAR\u00cdAS DE ASUNTOS DOCENTES<\/p>\n<p>En el marco de la Inscripci\u00f3n a los Listados 108 A y B, Superior y Art\u00edstica Superior que se est\u00e1 desarrollando, habiendo tomado conocimiento de algunas dificultades en el uso del aplicativo dispuesto a tal fin, se ha decidido en forma conjunta ofrecer como alternativa para quienes no han podido concretar su inscripci\u00f3n, la posibilidad de hacerlo mediante el uso de correo electr\u00f3nico de la Secretar\u00eda de Asuntos Docentes del distrito de residencia del aspirante. Quien pretenda hacer uso de esta alternativa deber\u00e1 escanear y enviar por correo electr\u00f3nico toda la documentaci\u00f3n de la que intente valerse para justificar su inscripci\u00f3n o la mejora en su posicionamiento en los listados. Quienes no tengan dificultades deber\u00e1n hacerlo mediante el uso del aplicativo en la p\u00e1gina official abc.<br \/>\nEn el mismo sentido se ha acordado prorrogar por una semana la inscripci\u00f3n en los listados por el t\u00e9rmino de una semana, es decir que los\/las aspirantes a inscripci\u00f3n en los mencionados Listados 108 A y B, Superior y Art\u00edstica Superior, podr\u00e1n concretar su inscripci\u00f3n teniendo en cuenta que el plazo legal expirar\u00e1 el lunes 15 de marzo a las 12.<br \/>\nLas Secretar\u00edas de Asuntos Docentes de cada distrito, difundir\u00e1n la presente dando publicidad de la casilla de correo electr\u00f3nico en la que recibir\u00e1n las inscripciones que lleguen por ese medio.<\/p>\n<p>DIRECCI\u00d3N DE GESTI\u00d3N DE ASUNTOS DOCENTES<br \/>\nDIRECCI\u00d3N DE TRIBUNALES DE CLASIFICACI\u00d3N<\/p>\n<hr \/>\n<h4><a href=\"https:\/\/isfd52-bue.infd.edu.ar\/sitio\/wp-content\/uploads\/2021\/03\/COMUNICADO-SOBRE-DISPENSAS-LABORALES-POR-GRUPO-DE-RIESGO-1.pdf\">COMUNICADO SOBRE DISPENSAS LABORALES POR GRUPO DE RIESGO (1)<\/a><\/h4>\n<h4><a href=\"https:\/\/isfd52-bue.infd.edu.ar\/sitio\/wp-content\/uploads\/2021\/03\/Actualizaci\u00f3n-del-plan-jurisdiccional-2021.pdf\">Actualizaci\u00f3n del plan jurisdiccional 2021<\/a><\/h4>\n<h4><a href=\"https:\/\/isfd52-bue.infd.edu.ar\/sitio\/wp-content\/uploads\/2021\/03\/Plan-Jurisdiccional-2021-S\u00edntesis-1-1.pdf\">Plan Jurisdiccional 2021 &#8211; S\u00edntesis (1) (1)<\/a><\/h4>\n<hr \/>\n<h4><span style=\"color: #008080;\"><strong>Febrero<\/strong><\/span><\/h4>\n<p><a href=\"https:\/\/isfd52-bue.infd.edu.ar\/sitio\/wp-content\/uploads\/2021\/02\/Comunicado-sobre-dispensas-por-motivos-de-salud.pdf\">Comunicado sobre dispensas por motivos de salud<\/a><\/p>\n<p><a href=\"https:\/\/isfd52-bue.infd.edu.ar\/sitio\/wp-content\/uploads\/2021\/02\/COMUNICADO-SOBRE-DISPENSAS-LABORALES-.pdf\">COMUNICADO SOBRE DISPENSAS LABORALES<\/a><\/p>\n<p><a href=\"https:\/\/isfd52-bue.infd.edu.ar\/sitio\/wp-content\/uploads\/2021\/02\/RSC-2021-02881547-GDEBA-DGCYE.pdf\">RSC-2021-02881547-GDEBA-DGCYE-\u00a0<\/a><\/p>\n<p><a href=\"https:\/\/isfd52-bue.infd.edu.ar\/sitio\/wp-content\/uploads\/2021\/02\/IF-2021-02837503-GDEBA-DCLYMATDGCYE-ANEXO-I-Procedimiento-solicitud-dispensas.pdf\">IF-2021-02837503-GDEBA-DCLYMATDGCYE &#8211; ANEXO I &#8211; Procedimiento solicitud dispensas<\/a><\/p>\n<p>Enero<\/p>\n","protected":false},"excerpt":{"rendered":"<p>Compartimos comunicados 2021 SEPTIEMBRE RES Prog. Intensif. Ense\u00f1anza + ATR . AGOSTO Circular Jornadas Formacion Docente julio 2021 IF-2021-19163679-GDEBA-SSAYRHDGCYE COMUNICADO vuelta a la presencialidad grupos de riesgo IF-2021-19163948-GDEBA-SSAYRHDGCYE Retorno a la presencialidad Julio 2021 INSCRIPCION LISTADOS 108 A Y B SUP Y ART.TERC. 2021-2022 (1) comunicado nueva convocatoria PROGRESAR agosto 2021 JUNIO Acta_CAI_Jueves_3_de_junio_de__2021 MAYO COMUNICACION &#8230; <a title=\"COMUNICADOS 2021\" class=\"read-more\" href=\"https:\/\/isfd52-bue.infd.edu.ar\/sitio\/comunicados-2021\/\" aria-label=\"More on COMUNICADOS 2021\">[+]<\/a><\/p>\n","protected":false},"author":484,"featured_media":0,"parent":0,"menu_order":0,"comment_status":"closed","ping_status":"closed","template":"","meta":[],"acf":[],"_links":{"self":[{"href":"https:\/\/isfd52-bue.infd.edu.ar\/sitio\/wp-json\/wp\/v2\/pages\/3738"}],"collection":[{"href":"https:\/\/isfd52-bue.infd.edu.ar\/sitio\/wp-json\/wp\/v2\/pages"}],"about":[{"href":"https:\/\/isfd52-bue.infd.edu.ar\/sitio\/wp-json\/wp\/v2\/types\/page"}],"author":[{"embeddable":true,"href":"https:\/\/isfd52-bue.infd.edu.ar\/sitio\/wp-json\/wp\/v2\/users\/484"}],"replies":[{"embeddable":true,"href":"https:\/\/isfd52-bue.infd.edu.ar\/sitio\/wp-json\/wp\/v2\/comments?post=3738"}],"version-history":[{"count":13,"href":"https:\/\/isfd52-bue.infd.edu.ar\/sitio\/wp-json\/wp\/v2\/pages\/3738\/revisions"}],"predecessor-version":[{"id":4125,"href":"https:\/\/isfd52-bue.infd.edu.ar\/sitio\/wp-json\/wp\/v2\/pages\/3738\/revisions\/4125"}],"wp:attachment":[{"href":"https:\/\/isfd52-bue.infd.edu.ar\/sitio\/wp-json\/wp\/v2\/media?parent=3738"}],"curies":[{"name":"wp","href":"https:\/\/api.w.org\/{rel}","templated":true}]}}