{"id":3660,"date":"2020-11-17T14:37:57","date_gmt":"2020-11-17T17:37:57","guid":{"rendered":"https:\/\/isfd52-bue.infd.edu.ar\/sitio\/?page_id=3660"},"modified":"2021-01-16T16:24:09","modified_gmt":"2021-01-16T19:24:09","slug":"inscripcion2021","status":"publish","type":"page","link":"https:\/\/isfd52-bue.infd.edu.ar\/sitio\/inscripcion2021\/","title":{"rendered":"INSCRIPCI\u00d3N CICLO LECTIVO 2021"},"content":{"rendered":"<h2 style=\"text-align: center;\"><span style=\"color: #000080;\">INSCRIPCI\u00d3N &#8211; INGRESANTES\u00a0<\/span><\/h2>\n<h2 style=\"text-align: center;\"><span style=\"color: #000080;\"> CICLO LECTIVO 2021<\/span><\/h2>\n<hr \/>\n<p>A LOS ASPIRANTES RECOMENDAMOS<span style=\"color: #333399;\"><strong> LEER CON ATENCI\u00d3N LOS PASOS A SEGUIR<\/strong><\/span>`, EN UNA PRIMERA INSTANCIA LA INSCRIPCI\u00d3N SER\u00c0 ONLINE.<\/p>\n<p>SE LES INFORMAR\u00c1 POR MAIL CU\u00c1NDO Y D\u00d3NDE DEBER\u00c0N PRESENTAR LA DOCUMENTACI\u00d3N DE MANERA PRESENCIAL FINALIZADA LA ETAPA ASPO.<\/p>\n<p>&nbsp;<\/p>\n<p>&nbsp;<\/p>\n<ol>\n<li><strong><span style=\"color: #333399;\">COMPLETAR EL <span style=\"color: #ff6600;\">FORMULARIO DE PRE-INSCRIPCI\u00d3N<\/span> DE LA CARRERA ELEGIDA<\/span><\/strong><\/li>\n<\/ol>\n<p>&nbsp;<\/p>\n<p>-PROFESORADO T\u00c9CNICO\u00a0(Turno Vespertino):\u00a0<a href=\"https:\/\/forms.gle\/sG9aMVJJzLSRuJzf8\">https:\/\/forms.gle\/sG9aMVJJzLSRuJzf8<\/a><\/p>\n<p>-PROFESORADO DE ECONOM\u00cdA\u00a0(Turno Vespertino):\u00a0<a href=\"https:\/\/forms.gle\/mXdJAuGxjbzxZNdN7\">https:\/\/forms.gle\/mXdJAuGxjbzxZNdN7<\/a><\/p>\n<p>-PROFESORADO DE INGL\u00c9S (Turno Vespertino): <span style=\"color: #ff0000;\">\u00a0<\/span><a href=\"https:\/\/forms.gle\/hLchRZAJtsPRKka18\">https:\/\/forms.gle\/hLchRZAJtsPRKka18<\/a><\/p>\n<p>-PROFESORADO DE PRIMARIA (Turno Ma\u00f1ana):<span style=\"color: #ff0000;\">\u00a0<\/span>\u00a0<a href=\"https:\/\/forms.gle\/NFjzVVAeePgDixNk9\">https:\/\/forms.gle\/NFjzVVAeePgDixNk9<\/a><\/p>\n<p>-PROFESORADO DE PRIMARIA (Turno Vespertino):\u00a0<a href=\"https:\/\/forms.gle\/eEFNATVKqoqPG6M38\">https:\/\/forms.gle\/eEFNATVKqoqPG6M38<\/a><\/p>\n<hr \/>\n<p><span style=\"color: #000080;\"><strong>2. ENVIAR <span style=\"color: #ff6600;\">DOCUMENTACI\u00d3N DIGITALIZADA <\/span>AL MAIL DE LA CARRERA ELEGIDA.<\/strong><\/span><\/p>\n<p><strong><span style=\"color: #333399;\">En el asunto del mensaje escribir: DNI, Apellido, Ingresante 2021<\/span><\/strong><\/p>\n<p><span style=\"color: #008000;\"><strong>DOCUMENTACI\u00d3N ORIGINAL DIGITALIZADA\u00a0 A ADJUNTAR:<\/strong><\/span><\/p>\n<p><span style=\"color: #008000;\">a- T\u00edtulo secundario o constancia de t\u00edtulo en tr\u00e1mite<\/span><\/p>\n<p><span style=\"color: #008000;\">b-DNI (frente y reverso)\u00a0<\/span><\/p>\n<p><span style=\"color: #008000;\"><strong>c-<\/strong><\/span><span style=\"color: #008000;\"><a style=\"color: #008000;\" href=\"https:\/\/isfd52-bue.infd.edu.ar\/sitio\/wp-content\/uploads\/2018\/11\/formulario-inscripcion-ingresantes.docx\">Ficha de Inscripci\u00f3n 2021<\/a>\u00a0 (Completar archivo descargable y enviar)\u00a0<\/span> \u00a0 <a href=\"https:\/\/isfd52-bue.infd.edu.ar\/sitio\/wp-content\/uploads\/2018\/11\/formulario-inscripcion-ingresantes.docx\">https:\/\/isfd52-bue.infd.edu.ar\/sitio\/wp-content\/uploads\/2018\/11\/formulario-inscripcion-ingresantes.docx<\/a><\/p>\n<p><span style=\"color: #ff6600;\"><strong>Importante:<\/strong><\/span> <span style=\"color: #333399;\"><strong>enviar (a y b) en un mismo archivo .Pdf\u00a0 cuyo nombre contenga\u00a0 nro de DNI_Apellido_Ingresante 2021<\/strong><\/span><\/p>\n<p>&nbsp;<\/p>\n<p style=\"text-align: center;\">Prof. de Econom\u00eda: i<a href=\"mailto:ngresanteseconomia52@gmail.com\">ngresanteseconomia52@gmail.com<\/a><\/p>\n<p style=\"text-align: center;\">Prof. T\u00e9cnico:\u00a0 <a href=\"mailto:ingresantestecnico52@gmail.com\">ingresantestecnico52@gmail.com<\/a><\/p>\n<p style=\"text-align: center;\">Prof. de Primaria Turno Vespertino: <a href=\"mailto:ingresantesprimariavesp52@gmail.com\">ingresantesprimariavesp52@gmail.com<\/a><\/p>\n<p style=\"text-align: center;\">Prof. de Primaria Turno Ma\u00f1ana:\u00a0 <a href=\"mailto:ingresantesprimariaman52@gmail.com\">ingresantesprimariaman52@gmail.com<\/a><\/p>\n<p style=\"text-align: center;\">Prof. de Ingl\u00e9s: <a href=\"mailto:ingresantesingles52@gmail.com\">ingresantesingles52@gmail.com<\/a><\/p>\n<hr \/>\n<p><span style=\"color: #000080;\"><strong>LA PRESENTACI\u00d3N DE LA DOCUMENTACI\u00d3N ORIGINAL SE REALIZAR\u00c1 EN SEDE CORRESPONDIENTE , SE LES INFORMAR\u00c1 FECHAS UNA VEZ FINALIZADA LA ETAPA ASPO, ESTA INSTANCIA PERMITIR\u00c1 LA CORROBORACI\u00d3N FEHACIENTE DE LA DOCUMENTACI\u00d3N PARA LA CONFIRMACI\u00d2N DEFINITIVA DE LA VACANTE.<\/strong><\/span><\/p>\n<hr \/>\n<p><strong>3. <span style=\"color: #000080;\">Ficha M\u00e9dica para todas las carreras<\/span><\/strong><\/p>\n<p>Descargar el siguiente formulario de <a href=\"upload\/ficha_medica_52_1.docx\">FICHA M\u00c9DICA<\/a>\u00a0y enviar firmada por profesional m\u00e9dico, en formato digital (foto o escaneo), antes del\u00a031 de mayo del 2021.<\/p>\n<hr \/>\n<p>4. UNA VEZ CHEQUEADA LA DOCUMENTACI\u00d3N\u00a0 Y FORMULARIOS ENVIADOS, RECIBIR\u00c1N UN MAIL CON LA CONFIRMACI\u00d3N DE LA VACANTE Y SU ACCESO AL CAMPUS<\/p>\n<p>PARA CONSULTAS:<\/p>\n<h4 style=\"text-align: center;\"><strong><a href=\"mailto:inscripciones52sanisidro@gmail.com\">inscripciones52sanisidro@gmail.com<\/a><\/strong><\/h4>\n<hr \/>\n<p style=\"text-align: center;\"><span style=\"color: #333399;\"><strong>RECOMENDAMOS ASIDUAMENTE VISITEN Y NAVEGUEN POR NUESTRA WEB, <\/strong><\/span><\/p>\n<p style=\"text-align: center;\">ALL\u00cd PODR\u00c1NENCONTRAR INFORMACI\u00d3N Y NOTICIAS ACTUALIZADAS SOBRE EL INSTITUTO Y LAS CARRERAS<\/p>\n<hr \/>\n<p style=\"text-align: center;\">\n","protected":false},"excerpt":{"rendered":"<p>INSCRIPCI\u00d3N &#8211; INGRESANTES\u00a0 CICLO LECTIVO 2021 A LOS ASPIRANTES RECOMENDAMOS LEER CON ATENCI\u00d3N LOS PASOS A SEGUIR`, EN UNA PRIMERA INSTANCIA LA INSCRIPCI\u00d3N SER\u00c0 ONLINE. SE LES INFORMAR\u00c1 POR MAIL CU\u00c1NDO Y D\u00d3NDE DEBER\u00c0N PRESENTAR LA DOCUMENTACI\u00d3N DE MANERA PRESENCIAL FINALIZADA LA ETAPA ASPO. &nbsp; &nbsp; COMPLETAR EL FORMULARIO DE PRE-INSCRIPCI\u00d3N DE LA CARRERA ELEGIDA &#8230; <a title=\"INSCRIPCI\u00d3N CICLO LECTIVO 2021\" class=\"read-more\" href=\"https:\/\/isfd52-bue.infd.edu.ar\/sitio\/inscripcion2021\/\" aria-label=\"More on INSCRIPCI\u00d3N CICLO LECTIVO 2021\">[+]<\/a><\/p>\n","protected":false},"author":484,"featured_media":0,"parent":0,"menu_order":0,"comment_status":"closed","ping_status":"closed","template":"","meta":[],"acf":[],"_links":{"self":[{"href":"https:\/\/isfd52-bue.infd.edu.ar\/sitio\/wp-json\/wp\/v2\/pages\/3660"}],"collection":[{"href":"https:\/\/isfd52-bue.infd.edu.ar\/sitio\/wp-json\/wp\/v2\/pages"}],"about":[{"href":"https:\/\/isfd52-bue.infd.edu.ar\/sitio\/wp-json\/wp\/v2\/types\/page"}],"author":[{"embeddable":true,"href":"https:\/\/isfd52-bue.infd.edu.ar\/sitio\/wp-json\/wp\/v2\/users\/484"}],"replies":[{"embeddable":true,"href":"https:\/\/isfd52-bue.infd.edu.ar\/sitio\/wp-json\/wp\/v2\/comments?post=3660"}],"version-history":[{"count":19,"href":"https:\/\/isfd52-bue.infd.edu.ar\/sitio\/wp-json\/wp\/v2\/pages\/3660\/revisions"}],"predecessor-version":[{"id":3731,"href":"https:\/\/isfd52-bue.infd.edu.ar\/sitio\/wp-json\/wp\/v2\/pages\/3660\/revisions\/3731"}],"wp:attachment":[{"href":"https:\/\/isfd52-bue.infd.edu.ar\/sitio\/wp-json\/wp\/v2\/media?parent=3660"}],"curies":[{"name":"wp","href":"https:\/\/api.w.org\/{rel}","templated":true}]}}