{"id":3339,"date":"2020-07-30T18:39:31","date_gmt":"2020-07-30T21:39:31","guid":{"rendered":"https:\/\/isfd52-bue.infd.edu.ar\/sitio\/?page_id=3339"},"modified":"2020-09-28T19:08:41","modified_gmt":"2020-09-28T22:08:41","slug":"concursos-jerarquicos","status":"publish","type":"page","link":"https:\/\/isfd52-bue.infd.edu.ar\/sitio\/concursos-jerarquicos\/","title":{"rendered":"CONCURSOS JER\u00c1RQUICOS"},"content":{"rendered":"<h3 style=\"text-align: center;\">Compartimos documentaci\u00f3n de la<\/h3>\n<h3 style=\"text-align: center;\"><span style=\"color: #003366;\"><strong>Convocatoria para concursos Jer\u00e1rquicos &#8211; 2020<\/strong><\/span><\/h3>\n<p>&nbsp;<\/p>\n<h3 style=\"text-align: left;\"><a href=\"https:\/\/isfd52-bue.infd.edu.ar\/sitio\/wp-content\/uploads\/2020\/09\/20-09-23-DIRECCI\u00d3N-DE-CONCURSOS-DOCUMENTO-GENERAL-PARA-ASPIRANTES-A-PRUEBAS-DE-SELECCI\u00d3N.pdf\">20-09-23 DIRECCI\u00d3N DE CONCURSOS &#8211; DOCUMENTO GENERAL PARA ASPIRANTES A PRUEBAS DE SELECCI\u00d3N<\/a><\/h3>\n<ul>\n<li>Sobre Inspectores:<\/li>\n<\/ul>\n<h3 style=\"text-align: left;\"><a href=\"https:\/\/isfd52-bue.infd.edu.ar\/sitio\/wp-content\/uploads\/2020\/09\/Inspectores_ampliatoria.pdf\">Inspectores_ampliatoria<\/a><\/h3>\n<h3 style=\"text-align: left;\"><a href=\"https:\/\/isfd52-bue.infd.edu.ar\/sitio\/wp-content\/uploads\/2020\/09\/DISPO__10_MODIF_Inspectores.pdf\">DISPO__10_MODIF_Inspectores<\/a><\/h3>\n<p>&nbsp;<\/p>\n<p>-Comisiones evaluadoras: <a href=\"https:\/\/isfd52-bue.infd.edu.ar\/sitio\/wp-content\/uploads\/2020\/09\/Comisiones_evaluadoras_Planilla.xlsx\">Comisiones_evaluadoras_Planilla<\/a><\/p>\n<p>&#8211;\u00a0Instructivo Inscripci\u00f3n en l\u00ednea 576 &#8211; DC 0455 &#8211; Direcci\u00f3n de Concursos &#8211; A Jefaturas Regionales de GE y GP &#8211; Disposiciones Pruebas de Selecci\u00f3n DIRECTOR transitorio<\/p>\n<p><a href=\"https:\/\/isfd52-bue.infd.edu.ar\/sitio\/wp-content\/uploads\/2020\/09\/Instructivo-para-inscripci\u00f3n-en-l\u00ednea.pdf\">Instructivo para inscripci\u00f3n en l\u00ednea<\/a><\/p>\n<p>-Instructivo Inscripci\u00f3n En l\u00ednea 577 &#8211; DC 0456 &#8211; Direcci\u00f3n de Concursos &#8211; A Jefaturas Regionales de GE y GP &#8211; Disposiciones Pruebas de Selecci\u00f3n SECRETARIOS transitorio:<\/p>\n<p><a href=\"https:\/\/drive.google.com\/drive\/folders\/15SjmFvcfWdZ6p0lY3Du_G7Hga4ntsN8e?usp=sharing\">https:\/\/drive.google.com\/drive\/folders\/15SjmFvcfWdZ6p0lY3Du_G7Hga4ntsN8e?usp=sharing<\/a><\/p>\n<p>&nbsp;<\/p>\n<ul>\n<li><a href=\"https:\/\/isfd52-bue.infd.edu.ar\/sitio\/wp-content\/uploads\/2020\/07\/Comunicacion_para_Jefes_Regionales.pdf\">Comunicacion_para_Jefes_Regionales<\/a><\/li>\n<li><a href=\"https:\/\/isfd52-bue.infd.edu.ar\/sitio\/wp-content\/uploads\/2020\/07\/Fe_de_erratas..docx\">Fe_de_erratas.<\/a><\/li>\n<\/ul>\n<p>&nbsp;<\/p>\n<p>La siguiente documentaci\u00f3n debe descargarse para visualizarla<\/p>\n<p>&nbsp;<\/p>\n<p>&#8211;<strong>INSPECTORES:<\/strong><\/p>\n<p><a href=\"https:\/\/drive.google.com\/file\/d\/1q64KLncco7DNZzUS-wK9AVGojpABzAyU\/view?usp=sharing\">https:\/\/drive.google.com\/file\/d\/1q64KLncco7DNZzUS-wK9AVGojpABzAyU\/view?usp=sharing<\/a><\/p>\n<p>&nbsp;<\/p>\n<p><strong>-DIRECTORES:<\/strong><\/p>\n<p><a href=\"https:\/\/drive.google.com\/file\/d\/1CeF0s3_qjIlV40k8hG1HtwnfVarMX7T0\/view?usp=sharing\">https:\/\/drive.google.com\/file\/d\/1CeF0s3_qjIlV40k8hG1HtwnfVarMX7T0\/view?usp=sharing<\/a><\/p>\n<p>&nbsp;<\/p>\n<p><strong>-SECRETARIOS:<\/strong><\/p>\n<p><a href=\"https:\/\/drive.google.com\/file\/d\/122pt_qdhJWpl8zAcy4kkF7tS49WtYMK2\/view?usp=sharing\">https:\/\/drive.google.com\/file\/d\/122pt_qdhJWpl8zAcy4kkF7tS49WtYMK2\/view?usp=sharing<\/a><\/p>\n<p>&nbsp;<\/p>\n<p><strong>-JEFE DE \u00c1REA:<\/strong><\/p>\n<p><a href=\"https:\/\/drive.google.com\/file\/d\/1UZ7yrFAL0qwWsjPwST6Es38Viuo2ZW-l\/view?usp=sharing\">https:\/\/drive.google.com\/file\/d\/1UZ7yrFAL0qwWsjPwST6Es38Viuo2ZW-l\/view?usp=sharing<\/a><\/p>\n<p>&nbsp;<\/p>\n<p><strong>-EDUCACI\u00d3N T\u00c9CNICA:<\/strong><\/p>\n<p><a href=\"https:\/\/drive.google.com\/file\/d\/1yF8OaLRPzU_Gn3n0MYHJLzTuFMagJ11R\/view?usp=sharing\">https:\/\/drive.google.com\/file\/d\/1yF8OaLRPzU_Gn3n0MYHJLzTuFMagJ11R\/view?usp=sharing<\/a><\/p>\n<p>&nbsp;<\/p>\n<p><strong>-EDUCACI\u00d3N F\u00cdSICA:<\/strong><\/p>\n<p><a href=\"https:\/\/drive.google.com\/file\/d\/1jDf3Jb1Jvk4yGfJVYHD34rBrkXxWaT1M\/view?usp=sharing\">https:\/\/drive.google.com\/file\/d\/1jDf3Jb1Jvk4yGfJVYHD34rBrkXxWaT1M\/view?usp=sharing<\/a><\/p>\n<p>&nbsp;<\/p>\n","protected":false},"excerpt":{"rendered":"<p>Compartimos documentaci\u00f3n de la Convocatoria para concursos Jer\u00e1rquicos &#8211; 2020 &nbsp; 20-09-23 DIRECCI\u00d3N DE CONCURSOS &#8211; DOCUMENTO GENERAL PARA ASPIRANTES A PRUEBAS DE SELECCI\u00d3N Sobre Inspectores: Inspectores_ampliatoria DISPO__10_MODIF_Inspectores &nbsp; -Comisiones evaluadoras: Comisiones_evaluadoras_Planilla &#8211;\u00a0Instructivo Inscripci\u00f3n en l\u00ednea 576 &#8211; DC 0455 &#8211; Direcci\u00f3n de Concursos &#8211; A Jefaturas Regionales de GE y GP &#8211; Disposiciones Pruebas &#8230; <a title=\"CONCURSOS JER\u00c1RQUICOS\" class=\"read-more\" href=\"https:\/\/isfd52-bue.infd.edu.ar\/sitio\/concursos-jerarquicos\/\" aria-label=\"More on CONCURSOS JER\u00c1RQUICOS\">[+]<\/a><\/p>\n","protected":false},"author":484,"featured_media":0,"parent":0,"menu_order":0,"comment_status":"closed","ping_status":"closed","template":"","meta":[],"acf":[],"_links":{"self":[{"href":"https:\/\/isfd52-bue.infd.edu.ar\/sitio\/wp-json\/wp\/v2\/pages\/3339"}],"collection":[{"href":"https:\/\/isfd52-bue.infd.edu.ar\/sitio\/wp-json\/wp\/v2\/pages"}],"about":[{"href":"https:\/\/isfd52-bue.infd.edu.ar\/sitio\/wp-json\/wp\/v2\/types\/page"}],"author":[{"embeddable":true,"href":"https:\/\/isfd52-bue.infd.edu.ar\/sitio\/wp-json\/wp\/v2\/users\/484"}],"replies":[{"embeddable":true,"href":"https:\/\/isfd52-bue.infd.edu.ar\/sitio\/wp-json\/wp\/v2\/comments?post=3339"}],"version-history":[{"count":10,"href":"https:\/\/isfd52-bue.infd.edu.ar\/sitio\/wp-json\/wp\/v2\/pages\/3339\/revisions"}],"predecessor-version":[{"id":3509,"href":"https:\/\/isfd52-bue.infd.edu.ar\/sitio\/wp-json\/wp\/v2\/pages\/3339\/revisions\/3509"}],"wp:attachment":[{"href":"https:\/\/isfd52-bue.infd.edu.ar\/sitio\/wp-json\/wp\/v2\/media?parent=3339"}],"curies":[{"name":"wp","href":"https:\/\/api.w.org\/{rel}","templated":true}]}}