{"id":3190,"date":"2020-05-12T20:00:07","date_gmt":"2020-05-12T23:00:07","guid":{"rendered":"https:\/\/isfd52-bue.infd.edu.ar\/sitio\/?page_id=3190"},"modified":"2020-12-01T14:04:55","modified_gmt":"2020-12-01T17:04:55","slug":"comunicados-institucionales-2020","status":"publish","type":"page","link":"https:\/\/isfd52-bue.infd.edu.ar\/sitio\/comunicados-institucionales-2020\/","title":{"rendered":"COMUNICADOS INSTITUCIONALES-2020"},"content":{"rendered":"<h2><span style=\"color: #008080;\"><strong>En este espacio compartimos las comunicaciones institucionales correspondientes al 2020<\/strong><\/span><\/h2>\n<p>&nbsp;<\/p>\n<h4><a href=\"https:\/\/isfd52-bue.infd.edu.ar\/sitio\/wp-content\/uploads\/2020\/12\/Apertura-de-cuentas-bancarias-ATR-1.pdf\">Apertura de cuentas bancarias ATR (1)<\/a><\/h4>\n<h4><\/h4>\n<h4><span style=\"color: #008080;\">OCTUBRE<\/span><\/h4>\n<p>Texto que da <b>marco de referencia para el abordaje de la ESI, desde el enfoque de Crear vale la pena<\/b>.<\/p>\n<p>&#8211;<a href=\"https:\/\/isfd52-bue.infd.edu.ar\/sitio\/wp-content\/uploads\/2020\/10\/Texto-Enfoque-ESI-Crear-vale-la-pena.pdf\">Texto Enfoque ESI &#8211; Crear vale la pena<\/a><\/p>\n<p>&nbsp;<\/p>\n<p>JORNADA 22\/10<\/p>\n<p><a href=\"https:\/\/isfd52-bue.infd.edu.ar\/sitio\/wp-content\/uploads\/2020\/10\/Jornada-ISFD-ISFDYT.pdf\">Jornada ISFD-ISFDYT<\/a><\/p>\n<p>&nbsp;<\/p>\n<p>ACTA &#8211; CAI 15\/10\/2020<\/p>\n<p><a href=\"https:\/\/isfd52-bue.infd.edu.ar\/sitio\/wp-content\/uploads\/2020\/10\/Acta_CAI_jueves_15_de_octubre_2020_1_1.pdf\">Acta_CAI_jueves_15_de_octubre_2020_1_1<\/a><\/p>\n<p>&nbsp;<\/p>\n<p>RESOLUCI\u00d3N CFE 370\/2020<\/p>\n<p><a href=\"https:\/\/isfd52-bue.infd.edu.ar\/sitio\/wp-content\/uploads\/2020\/10\/Resoluci\u00f3n-CFE-370-2020_08.10.2020_APROBADO.pdf\">Resoluci\u00f3n CFE 370-2020_08.10.2020_APROBADO<\/a><\/p>\n<p>&nbsp;<\/p>\n<p>PLAN JURISDICCIONAL DE LA PROV DE BA PARA UN REGRESO SEGURO A LAS CLASES PRESENCIALES<\/p>\n<p><a href=\"https:\/\/isfd52-bue.infd.edu.ar\/sitio\/wp-content\/uploads\/2020\/10\/Documento-1_9-10.pdf\">Documento 1_9-10<\/a><\/p>\n<p>&nbsp;<\/p>\n<p>Anexo 1 &#8211; CURRICULUM PRIORITARIO (P\u00c1G. 385 &#8211; NIVEL SUPERIOR)<\/p>\n<p><a href=\"https:\/\/isfd52-bue.infd.edu.ar\/sitio\/wp-content\/uploads\/2020\/10\/IF-2020-21075551-GDEBA-SSEDGCYE.pdf\">IF-2020-21075551-GDEBA-SSEDGCYE<\/a><\/p>\n<p>&nbsp;<\/p>\n<p>Actos p\u00fablicos<\/p>\n<p><a href=\"https:\/\/isfd52-bue.infd.edu.ar\/sitio\/wp-content\/uploads\/2020\/10\/01-10-ACTOS-P\u00daBLICOS-DIGITALES-PARA-DOCENTES-Y-SUPLENTES-DEL-PROGRAMA-PIEDAS-membretado-1.pdf\">01 10 ACTOS P\u00daBLICOS DIGITALES PARA DOCENTES Y SUPLENTES DEL PROGRAMA PIEDAS membretado (1)<\/a><\/p>\n<p>&nbsp;<\/p>\n<p>Sobre ATR<\/p>\n<p style=\"padding-left: 30px;\"><a href=\"https:\/\/isfd52-bue.infd.edu.ar\/sitio\/wp-content\/uploads\/2020\/10\/IF-2020-20993613-GDEBA-SSEDGCYE.pdf\">IF-2020-20993613-GDEBA-SSEDGCYE<\/a><\/p>\n<p><a href=\"https:\/\/isfd52-bue.infd.edu.ar\/sitio\/wp-content\/uploads\/2020\/10\/RSC-2020-21175234-GDEBA-DGCYE.pdf\">RSC-2020-21175234-GDEBA-DGCYE<\/a><\/p>\n<h4><span style=\"color: #008080;\">SEPTIEMBRE<\/span><\/h4>\n<p>Presentaci\u00f3n Programa ATR<\/p>\n<p><a href=\"https:\/\/isfd52-bue.infd.edu.ar\/sitio\/wp-content\/uploads\/2020\/10\/Presentaci\u00f3n-ATR.pdf\">Presentaci\u00f3n ATR<\/a><\/p>\n<p>Pr\u00f3rroga Elecciones en Nivel Superior<\/p>\n<p><a href=\"https:\/\/isfd52-bue.infd.edu.ar\/sitio\/wp-content\/uploads\/2020\/09\/20-09-23-SUPERIOR-prorroga-elecciones.pdf\">20-09-23 SUPERIOR prorroga elecciones<\/a><\/p>\n<p>Comunicaci\u00f3n N\u00ba 49\/20- Subsecretar\u00eda de Educaci\u00f3n \u00abInformar Res. N\u00ba 1508\/20\u00bb<\/p>\n<p><a href=\"https:\/\/isfd52-bue.infd.edu.ar\/sitio\/wp-content\/uploads\/2020\/09\/RSC-2020-18265936-GDEBA-DGCYE-1.pdf\">RSC-2020-18265936-GDEBA-DGCYE (1)<\/a><\/p>\n<p>&nbsp;<\/p>\n<h4><strong><span style=\"color: #008080;\">AGOSTO<\/span><\/strong><\/h4>\n<p>ACTA REUNI\u00d3N CAI &#8211; 21\/8\/2020:\u00a0<a href=\"https:\/\/isfd52-bue.infd.edu.ar\/sitio\/wp-content\/uploads\/2020\/08\/Acta_CAI_Viernes_21_de_agosto_2020_1_1.pdf\">Acta_CAI_Viernes_21_de_agosto_2020_1_1<\/a><\/p>\n<p>Carta en relaci\u00f3n a la Semana de la ESI:\u00a0<a href=\"https:\/\/isfd52-bue.infd.edu.ar\/sitio\/wp-content\/uploads\/2020\/08\/LASEMANA-DE-LA-ESI.-VERSI\u00d3N-FINAL.pdf\">LASEMANA DE LA ESI. VERSI\u00d3N FINAL<\/a><\/p>\n<blockquote class=\"wp-embedded-content\" data-secret=\"Cg51iA4XYT\"><p><a href=\"https:\/\/isfd52-bue.infd.edu.ar\/sitio\/proyecto-de-autoras-y-autores\/\">Proyecto De autoras y autores<\/a><\/p><\/blockquote>\n<p><iframe class=\"wp-embedded-content\" sandbox=\"allow-scripts\" security=\"restricted\" style=\"position: absolute; clip: rect(1px, 1px, 1px, 1px);\" src=\"https:\/\/isfd52-bue.infd.edu.ar\/sitio\/proyecto-de-autoras-y-autores\/embed\/#?secret=Cg51iA4XYT\" data-secret=\"Cg51iA4XYT\" width=\"600\" height=\"338\" title=\"&#171;Proyecto De autoras y autores&#187; &#8212; Instituto Superior de Formaci\u00f3n Docente y T\u00e9cnica N\u00ba 52 &quot;Maestro Francisco Isauro Arancibia&quot;\" frameborder=\"0\" marginwidth=\"0\" marginheight=\"0\" scrolling=\"no\"><\/iframe><\/p>\n<p>&nbsp;<\/p>\n<h4>INFORMACI\u00d3N SOBRE JORNADAS DE DIVULGACI\u00d3N CIENT\u00cdFICA &#8211; CONICET<\/h4>\n<p><a href=\"https:\/\/isfd52-bue.infd.edu.ar\/sitio\/wp-content\/uploads\/2020\/08\/Jornadas-de-Divulgaci\u00f3n-Cient\u00edfica-para-Escuelas-del-CONICET-La-Plata-para-DGCyE.docx\">Jornadas de Divulgaci\u00f3n Cient\u00edfica para Escuelas del CONICET La Plata para DGCyE<\/a><\/p>\n<p><a href=\"https:\/\/isfd52-bue.infd.edu.ar\/sitio\/wp-content\/uploads\/2020\/08\/elaislamientosocial.pdf\">elaislamientosocial<\/a><\/p>\n<p><a href=\"https:\/\/isfd52-bue.infd.edu.ar\/sitio\/wp-content\/uploads\/2020\/08\/losvirus.pdf\">losvirus<\/a><\/p>\n<p><a href=\"https:\/\/isfd52-bue.infd.edu.ar\/sitio\/wp-content\/uploads\/2020\/08\/vacunaseinmunidad.pdf\">vacunaseinmunidad<\/a><\/p>\n<h4><\/h4>\n<h4><strong><span style=\"color: #008080;\">JULIO<\/span><\/strong><\/h4>\n<p><span style=\"color: #008080;\"><a href=\"https:\/\/isfd52-bue.infd.edu.ar\/sitio\/wp-content\/uploads\/2020\/07\/COMUNICACION-03-20.pdf\">COMUNICACION 03-20<\/a> <\/span><\/p>\n<p><span style=\"color: #008080;\">\u00a0<a href=\"https:\/\/isfd52-bue.infd.edu.ar\/sitio\/wp-content\/uploads\/2020\/07\/Resoluci\u00f3n-DGCYE-1161-20-Modificaci\u00f3n-Anexo-1-Resoluci\u00f3n-5886-03.pdf\">Resoluci\u00f3n DGCYE 1161-20 &#8211; Modificaci\u00f3n Anexo 1 Resoluci\u00f3n 5886-03<\/a><\/span><\/p>\n<p><span style=\"color: #008080;\">Modificaci\u00f3n Anexo 1 Resoluci\u00f3n 5886\/03<\/span>: <a href=\"https:\/\/isfd52-bue.infd.edu.ar\/sitio\/wp-content\/uploads\/2020\/07\/IF-2020-13345598-GDEBA-SSEDGCYE.pdf\">IF-2020-13345598-GDEBA-SSEDGCYE<\/a><\/p>\n<p>&nbsp;<\/p>\n<p><strong><span style=\"color: #008080;\">JUNIO<\/span><\/strong><\/p>\n<p><a href=\"https:\/\/isfd52-bue.infd.edu.ar\/sitio\/wp-content\/uploads\/2020\/07\/Acta_Reunion_del_CAI_Lunes_22_de_Junio_de_2020.pdf\">Acta_Reunion_del_CAI_Lunes_22_de_Junio_de_2020<\/a><\/p>\n<h4><span style=\"color: #008080;\"><strong>MAYO<\/strong><\/span><\/h4>\n<p><a href=\"https:\/\/isfd52-bue.infd.edu.ar\/sitio\/wp-content\/uploads\/2020\/06\/Cuestiones-administrativas.pdf\">Cuestiones administrativas<\/a><\/p>\n<p><a href=\"https:\/\/isfd52-bue.infd.edu.ar\/sitio\/wp-content\/uploads\/2020\/06\/El-Calendario-de-la-educacio\u0301n-superior-en-tiempo-de-pandemia.pdf\">El Calendario de la educacio\u0301n superior en tiempo de pandemia<\/a><strong>\u00a0<\/strong><\/p>\n<p><a href=\"https:\/\/isfd52-bue.infd.edu.ar\/sitio\/wp-content\/uploads\/2020\/05\/Acta_CAI__Jueves_7_de_mayo_2020.doc\">Acta_CAI__Jueves_7_de_mayo_2020<\/a>\u00a0 &#8211;\u00a0<a href=\"https:\/\/isfd52-bue.infd.edu.ar\/sitio\/wp-content\/uploads\/2020\/05\/Acta_CAI__Jueves_7_de_mayo_2020_FE-DE-ERRATAS-1.doc\">Acta_CAI__Jueves_7_de_mayo_2020_FE DE ERRATAS<\/a><\/p>\n<h3><\/h3>\n<h4><span style=\"color: #008080;\"><strong>ABRIL<\/strong><\/span><\/h4>\n<p><a href=\"https:\/\/isfd52-bue.infd.edu.ar\/sitio\/wp-content\/uploads\/2020\/06\/DOCUMENTO-DE-TRABAJO-ORIENTACIONES-PARA-PRIMER-A\u00d1O-FINAL-EDITADO.pdf\">DOCUMENTO DE TRABAJO ORIENTACIONES PARA PRIMER A\u00d1O &#8211; FINAL EDITADO<\/a><\/p>\n<p><a href=\"https:\/\/isfd52-bue.infd.edu.ar\/sitio\/wp-content\/uploads\/2020\/06\/SSE-SUPERIOR-Circular-Te\u0301cnica-1-2020.pdf.pdf\">SSE &#8211; SUPERIOR &#8211; Circular Te\u0301cnica 1-2020.pdf<\/a><\/p>\n<p><a href=\"https:\/\/isfd52-bue.infd.edu.ar\/sitio\/wp-content\/uploads\/2020\/06\/Presentaci\u00f3n-e-inscripci\u00f3n-a-Cursos-virtuales-DFDP-1C-2020-1.pdf\">Presentaci\u00f3n e inscripci\u00f3n a Cursos virtuales DFDP 1C- 2020 (1)<\/a><\/p>\n<p>COMUNICACI\u00d3N 07\/20 &#8211;\u00a0<strong>DIRECCI\u00d3N PROVINCIAL DE EDUCACI\u00d3N SUPERIOR Y\u00a0<\/strong><strong>DIRECCI\u00d3N DE FORMACI\u00d3N DOCENTE INICIAL &#8211;\u00a0<\/strong><a href=\"https:\/\/isfd52-bue.infd.edu.ar\/sitio\/wp-content\/uploads\/2020\/06\/ISDFD.docx\">ISDFD<\/a><\/p>\n<p><a href=\"https:\/\/isfd52-bue.infd.edu.ar\/sitio\/wp-content\/uploads\/2020\/06\/Comunic.-6-20.pdf\">Comunic. 6-20<\/a><\/p>\n<p><a href=\"https:\/\/isfd52-bue.infd.edu.ar\/sitio\/wp-content\/uploads\/2020\/06\/Comunic.-4-20.pdf\">Comunic. 4-20<\/a><\/p>\n<h4><span style=\"color: #008080;\"><strong>MARZO<\/strong><\/span><\/h4>\n<p><a href=\"https:\/\/isfd52-bue.infd.edu.ar\/sitio\/wp-content\/uploads\/2020\/06\/Orientaciones-para-el-desarrollo-del-CFPP-en-el-contexto-de-la-pandemia-COVID-19-1.pdf\">Orientaciones para el desarrollo del CFPP en el contexto de la pandemia COVID-19 (1)<\/a><\/p>\n<p><a href=\"https:\/\/isfd52-bue.infd.edu.ar\/sitio\/wp-content\/uploads\/2020\/06\/comunic.3-20.pdf\">comunic.3-20<\/a><\/p>\n<p><a href=\"https:\/\/isfd52-bue.infd.edu.ar\/sitio\/wp-content\/uploads\/2020\/06\/Nota-1eros-a\u00f1os.pdf\">Nota 1eros a\u00f1os<\/a><\/p>\n","protected":false},"excerpt":{"rendered":"<p>En este espacio compartimos las comunicaciones institucionales correspondientes al 2020 &nbsp; Apertura de cuentas bancarias ATR (1) OCTUBRE Texto que da marco de referencia para el abordaje de la ESI, desde el enfoque de Crear vale la pena. &#8211;Texto Enfoque ESI &#8211; Crear vale la pena &nbsp; JORNADA 22\/10 Jornada ISFD-ISFDYT &nbsp; ACTA &#8211; CAI &#8230; <a title=\"COMUNICADOS INSTITUCIONALES-2020\" class=\"read-more\" href=\"https:\/\/isfd52-bue.infd.edu.ar\/sitio\/comunicados-institucionales-2020\/\" aria-label=\"More on COMUNICADOS INSTITUCIONALES-2020\">[+]<\/a><\/p>\n","protected":false},"author":484,"featured_media":0,"parent":0,"menu_order":0,"comment_status":"closed","ping_status":"closed","template":"","meta":[],"acf":[],"_links":{"self":[{"href":"https:\/\/isfd52-bue.infd.edu.ar\/sitio\/wp-json\/wp\/v2\/pages\/3190"}],"collection":[{"href":"https:\/\/isfd52-bue.infd.edu.ar\/sitio\/wp-json\/wp\/v2\/pages"}],"about":[{"href":"https:\/\/isfd52-bue.infd.edu.ar\/sitio\/wp-json\/wp\/v2\/types\/page"}],"author":[{"embeddable":true,"href":"https:\/\/isfd52-bue.infd.edu.ar\/sitio\/wp-json\/wp\/v2\/users\/484"}],"replies":[{"embeddable":true,"href":"https:\/\/isfd52-bue.infd.edu.ar\/sitio\/wp-json\/wp\/v2\/comments?post=3190"}],"version-history":[{"count":30,"href":"https:\/\/isfd52-bue.infd.edu.ar\/sitio\/wp-json\/wp\/v2\/pages\/3190\/revisions"}],"predecessor-version":[{"id":3696,"href":"https:\/\/isfd52-bue.infd.edu.ar\/sitio\/wp-json\/wp\/v2\/pages\/3190\/revisions\/3696"}],"wp:attachment":[{"href":"https:\/\/isfd52-bue.infd.edu.ar\/sitio\/wp-json\/wp\/v2\/media?parent=3190"}],"curies":[{"name":"wp","href":"https:\/\/api.w.org\/{rel}","templated":true}]}}