{"id":3093,"date":"2020-03-14T20:03:50","date_gmt":"2020-03-14T23:03:50","guid":{"rendered":"https:\/\/isfd52-bue.infd.edu.ar\/sitio\/?page_id=3093"},"modified":"2020-08-02T13:09:38","modified_gmt":"2020-08-02T16:09:38","slug":"concursos-isfdyt-52-2020","status":"publish","type":"page","link":"https:\/\/isfd52-bue.infd.edu.ar\/sitio\/concursos-isfdyt-52-2020\/","title":{"rendered":"CONCURSOS &#8211; ISFDyT 52 &#8211; 2020"},"content":{"rendered":"<h4><strong><span style=\"color: #008080;\">A\u00d1O 2020<\/span><\/strong><\/h4>\n<h3 style=\"text-align: center;\"><span style=\"color: #800080;\"><em><strong>C\u00c1TEDRAS QUE SE CONCURSAN EN<\/strong><\/em><\/span><\/h3>\n<h3 style=\"text-align: center;\"><span style=\"color: #008080;\"><strong>ISFDyT N\u00b0 52 \u201cMaestro Francisco Isauro Arancibia\u201d \u2013 San Isidro<\/strong><\/span><\/h3>\n<p>&nbsp;<\/p>\n<p><strong><span style=\"color: #008080;\">JULIO \/ AGOSTO 2020<\/span><\/strong><\/p>\n<p style=\"text-align: center;\"><strong><u>CONVOCATORIA A CONCURSOS POR RESOLUCIONES 5886\/03 \u2013 1161\/20 Anexo I<\/u><\/strong><\/p>\n<p>SE COMPARTE LINK CON INFORMACI\u00d3N DETALLADA<\/p>\n<p><a href=\"https:\/\/isfd52-bue.infd.edu.ar\/sitio\/wp-content\/uploads\/2020\/07\/Coberturas-2020_ISFD52.pdf\">Coberturas 2020_ISFD52<\/a><\/p>\n<hr \/>\n<p><strong><u>CONVOCATORIA:\u00a0 N\u00b0 1\u00a0\u00a0\u00a0 <\/u><\/strong><\/p>\n<ul>\n<li>CARRERA: <strong>Prof. en Educaci\u00f3n Primaria<\/strong><\/li>\n<li>A\u00d1O\/CURSO: <strong>1\u00ba B<\/strong><\/li>\n<\/ul>\n<ul>\n<li>ESPACIO: Psicolog\u00eda del Desarrollo y del Aprendizaje I<\/li>\n<li><strong>\u00a0<\/strong>TITULO: Profesor\/a en Psicolog\u00eda.<\/li>\n<li>CARGA HORARIA: 2 M\u00f3dulos + 1 M\u00f3dulo TAIN<\/li>\n<li>SITUACI\u00d3N DE REVISTA: Suplente<\/li>\n<li>TURNOS\/HORARIOS: \u00a0Viernes de 20 hs a 22 hs<strong> \/TAIN s\u00e1bados 4 horas 1 vez por mes<\/strong><\/li>\n<\/ul>\n<p><strong><em><u>CONFORMACI\u00d3N DE LA COMISI\u00d3N EVALUADORA:<\/u><\/em><\/strong><\/p>\n<table width=\"0\">\n<tbody>\n<tr>\n<td width=\"200\"><\/td>\n<td width=\"138\">TITULARES<\/td>\n<td width=\"177\">SUPLENTES<\/td>\n<\/tr>\n<tr>\n<td width=\"200\">MIEMBRO DEL E.DIRECTIVO<\/td>\n<td width=\"138\">V\u00e1zquez Isabel<\/td>\n<td width=\"177\">Su\u00e1rez Sandra<\/td>\n<\/tr>\n<tr>\n<td width=\"200\">ESPECIALISTA<\/td>\n<td width=\"138\">M\u00f3nica Gimenez<\/td>\n<td width=\"177\">\u00c1lvarez, Lautaro<\/td>\n<\/tr>\n<tr>\n<td width=\"200\">ESPECIALISTA externa<\/td>\n<td width=\"138\">Franze Sebasti\u00e1n<\/td>\n<td width=\"177\">Pabago Gustavo<\/td>\n<\/tr>\n<tr>\n<td width=\"200\">MIEMBRO DEL CAI<\/td>\n<td width=\"138\">Zabala Mercedes<\/td>\n<td width=\"177\">Taubas Florencia<\/td>\n<\/tr>\n<tr>\n<td width=\"200\">ALUMNO<\/td>\n<td width=\"138\">A confirmar<\/td>\n<td width=\"177\">A confirmar<\/td>\n<\/tr>\n<\/tbody>\n<\/table>\n<hr \/>\n<p><strong><u>CONVOCATORIA:\u00a0 N\u00b0 2 <\/u><\/strong><\/p>\n<ul>\n<li>CARRERA: <strong>Prof. en Educaci\u00f3n Primaria<\/strong><\/li>\n<li>A\u00d1O\/CURSO:<strong> 2 B<\/strong><\/li>\n<li>ESPACIO: <strong>Psicolog\u00eda del Desarrollo y del Aprendizaje II<\/strong><\/li>\n<li>TITULO: Profesor\/a en Psicolog\u00eda.<\/li>\n<li>CARGA HORARIA: 2 M\u00f3dulos + 1 M\u00f3dulo TAIN<\/li>\n<li>SITUACI\u00d3N DE REVISTA: Suplente<\/li>\n<li>TURNOS\/HORARIOS: viernes 18 hs a 20 hs\/<strong>TAIN s\u00e1bados 4 horas 1 vez por mes<\/strong><\/li>\n<\/ul>\n<p><u>CONFORMACI\u00d3N DE LA COMISI\u00d3N EVALUADORA:<\/u><\/p>\n<table width=\"0\">\n<tbody>\n<tr>\n<td width=\"200\"><\/td>\n<td width=\"138\">TITULARES<\/td>\n<td width=\"177\">SUPLENTES<\/td>\n<\/tr>\n<tr>\n<td width=\"200\">MIEMBRO DEL E.DIRECTIVO<\/td>\n<td width=\"138\">V\u00e1zquez, Isabel<\/td>\n<td width=\"177\">Su\u00e1rez, Sandra<\/td>\n<\/tr>\n<tr>\n<td width=\"200\">ESPECIALISTA<\/td>\n<td width=\"138\">M\u00f3nica, Gimenez<\/td>\n<td width=\"177\">\u00c1lvarez, Lautaro<\/td>\n<\/tr>\n<tr>\n<td width=\"200\">ESPECIALISTA externa<\/td>\n<td width=\"138\">Franze Sebasti\u00e1n<\/td>\n<td width=\"177\">Pabago, Gustavo<\/td>\n<\/tr>\n<tr>\n<td width=\"200\">MIEMBRO DEL CAI<\/td>\n<td width=\"138\">Zabala Mercedes<\/td>\n<td width=\"177\">Taubas Florencia<\/td>\n<\/tr>\n<tr>\n<td width=\"200\">ALUMNO<\/td>\n<td width=\"138\">A confirmar<\/td>\n<td width=\"177\">A confirmar<\/td>\n<\/tr>\n<\/tbody>\n<\/table>\n<hr \/>\n<p><strong><u>CONVOCATORIA: N\u00b03\u00a0 <\/u><\/strong><\/p>\n<ul>\n<li>CARRERA: <strong>Prof. en Educaci\u00f3n Primaria<\/strong><\/li>\n<li>A\u00d1O\/CURSO: <strong>2\u00ba C<\/strong><\/li>\n<li>ESPACIO: <strong>Psicolog\u00eda del Desarrollo y del Aprendizaje II<\/strong><\/li>\n<li>TITULO: Profesor\/a en Psicolog\u00eda.<\/li>\n<li>CARGA HORARIA: 2 M\u00f3dulos + 1 M\u00f3dulo TAIN<\/li>\n<li>SITUACI\u00d3N DE REVISTA: Suplente<\/li>\n<li>TURNOS\/HORARIOS: Ma\u00f1ana viernes de 8 hs a 10 hs \/<strong>TAIN s\u00e1bados 4 horas 1 vez por mes<\/strong><\/li>\n<\/ul>\n<p><u>CONFORMACI\u00d3N DE LA COMISI\u00d3N EVALUADORA:<\/u><\/p>\n<table width=\"0\">\n<tbody>\n<tr>\n<td width=\"200\"><\/td>\n<td width=\"138\">TITULARES<\/td>\n<td width=\"177\">SUPLENTES<\/td>\n<\/tr>\n<tr>\n<td width=\"200\">MIEMBRO DEL E.DIRECTIVO<\/td>\n<td width=\"138\">V\u00e1zquez, Isabel<\/td>\n<td width=\"177\">Su\u00e1rez, Sandra<\/td>\n<\/tr>\n<tr>\n<td width=\"200\">ESPECIALISTA<\/td>\n<td width=\"138\">M\u00f3nica, Gim\u00e9nez<\/td>\n<td width=\"177\">\u00c1lvarez, Lautaro<\/td>\n<\/tr>\n<tr>\n<td width=\"200\">ESPECIALISTA externa<\/td>\n<td width=\"138\">Franze Sebasti\u00e1n<\/td>\n<td width=\"177\">Pabago, Gustavo<\/td>\n<\/tr>\n<tr>\n<td width=\"200\">MIEMBRO DEL CAI<\/td>\n<td width=\"138\">Zabala Mercedes<\/td>\n<td width=\"177\">Taubas Florencia<\/td>\n<\/tr>\n<tr>\n<td width=\"200\">ALUMNO<\/td>\n<td width=\"138\">A confirmar<\/td>\n<td width=\"177\">A confirmar<\/td>\n<\/tr>\n<\/tbody>\n<\/table>\n<hr \/>\n<p><strong><u>CONVOCATORIA:\u00a0 N\u00b0 4 <\/u><\/strong><\/p>\n<ul>\n<li>CARRERA: <strong>Prof. en Educaci\u00f3n Primaria<\/strong><\/li>\n<li>A\u00d1O\/CURSO: <strong>1\u00b0 A<\/strong><\/li>\n<li>ESPACIO: <strong>Did\u00e1ctica General<\/strong><\/li>\n<li>TITULO: Profesor\/a en Ciencias de la Educaci\u00f3n.<\/li>\n<li>CARGA HORARIA: \u00a0\u00a02 M\u00f3dulos + 1 M\u00f3dulo TAIN<\/li>\n<li>SITUACI\u00d3N DE REVISTA: Provisional<\/li>\n<li>TURNOS\/HORARIOS: Vespertino martes 18ha a 20 hs\/<strong>TAIN s\u00e1bados 4 horas 1 vez por mes<\/strong><\/li>\n<\/ul>\n<p><u>CONFORMACI\u00d3N DE LA COMISI\u00d3N EVALUADORA:<\/u><\/p>\n<table width=\"0\">\n<tbody>\n<tr>\n<td width=\"200\"><\/td>\n<td width=\"138\">TITULARES<\/td>\n<td width=\"177\">SUPLENTES<\/td>\n<\/tr>\n<tr>\n<td width=\"200\">MIEMBRO DEL E.DIRECTIVO<\/td>\n<td width=\"138\">V\u00e1zquez Isabel<\/td>\n<td width=\"177\">Sandra Su\u00e1rez<\/td>\n<\/tr>\n<tr>\n<td width=\"200\">ESPECIALISTA<\/td>\n<td width=\"138\">Gim\u00e9nez Gloria<\/td>\n<td width=\"177\">Acri Mariana<\/td>\n<\/tr>\n<tr>\n<td width=\"200\">ESPECIALISTA externa<\/td>\n<td width=\"138\">Agadia Karina<\/td>\n<td width=\"177\">Biscay Mariana<\/td>\n<\/tr>\n<tr>\n<td width=\"200\">MIEMBRO DEL CAI<\/td>\n<td width=\"138\">Zabala Mercedes<\/td>\n<td width=\"177\">Taubas Florencia<\/td>\n<\/tr>\n<tr>\n<td width=\"200\">ALUMNO<\/td>\n<td width=\"138\">A confirmar<\/td>\n<td width=\"177\">A confirmar<\/td>\n<\/tr>\n<\/tbody>\n<\/table>\n<hr \/>\n<p><strong><u>CONVOCATORIA:\u00a0 N\u00b0 5 <\/u><\/strong><\/p>\n<ul>\n<li>CARRERA: <strong>Prof. en Educaci\u00f3n Primaria<\/strong><\/li>\n<li>A\u00d1O\/CURSO: <strong>1\u00b0 B<\/strong><\/li>\n<li>ESPACIO: <strong>Did\u00e1ctica General <\/strong><\/li>\n<li>TITULO: Profesor\/a en Ciencias de la Educaci\u00f3n<strong>.<\/strong><\/li>\n<li>CARGA HORARIA: \u00a0\u00a02 M\u00f3dulos + 1 M\u00f3dulo TAIN<\/li>\n<li>SITUACI\u00d3N DE REVISTA: Provisional<\/li>\n<li>TURNOS\/HORARIOS:\u00a0 mi\u00e9rcoles 20 A 22 HS \/ <strong>TAIN s\u00e1bados 4 horas 1 vez por mes<\/strong><\/li>\n<\/ul>\n<p><u>CONFORMACI\u00d3N DE LA COMISI\u00d3N EVALUADORA:<\/u><\/p>\n<table width=\"0\">\n<tbody>\n<tr>\n<td width=\"200\"><\/td>\n<td width=\"138\">TITULARES<\/td>\n<td width=\"177\">SUPLENTES<\/td>\n<\/tr>\n<tr>\n<td width=\"200\">MIEMBRO DEL E.DIRECTIVO<\/td>\n<td width=\"138\">V\u00e1zquez Isabel<\/td>\n<td width=\"177\">Sandra Su\u00e1rez<\/td>\n<\/tr>\n<tr>\n<td width=\"200\">ESPECIALISTA<\/td>\n<td width=\"138\">Gim\u00e9nez Gloria<\/td>\n<td width=\"177\">Acri Mariana<\/td>\n<\/tr>\n<tr>\n<td width=\"200\">ESPECIALISTA externa<\/td>\n<td width=\"138\">Agadia Karina<\/td>\n<td width=\"177\">Biscay Mariana<\/td>\n<\/tr>\n<tr>\n<td width=\"200\">MIEMBRO DEL CAI<\/td>\n<td width=\"138\">Zabala Mercedes<\/td>\n<td width=\"177\">Taubas Florencia<\/td>\n<\/tr>\n<tr>\n<td width=\"200\">ALUMNO<\/td>\n<td width=\"138\">A confirmar<\/td>\n<td width=\"177\">A confirmar<\/td>\n<\/tr>\n<\/tbody>\n<\/table>\n<hr \/>\n<p><strong><u>CONVOCATORIA:\u00a0 N\u00b0 6<\/u><\/strong><\/p>\n<ul>\n<li>CARRERA: <strong>Prof. en Econom\u00eda <\/strong><\/li>\n<li>A\u00d1O\/CURSO: 3<strong>\u00b0 a\u00f1o<\/strong><\/li>\n<li>ESPACIO:<strong> Modelos Matem\u00e1ticos I<\/strong><\/li>\n<li>TITULO: Profesor\/a en Matem\u00e1tica.<\/li>\n<li>CARGA HORARIA: \u00a02 M\u00f3dulos semanales<\/li>\n<li>SITUACI\u00d3N DE REVISTA: Provisional<\/li>\n<li>TURNOS\/HORARIOS: Lunes 20hs a 22hs<\/li>\n<\/ul>\n<p><u>CONFORMACI\u00d3N DE LA COMISI\u00d3N EVALUADORA:<\/u><\/p>\n<table width=\"0\">\n<tbody>\n<tr>\n<td width=\"200\"><\/td>\n<td width=\"138\">TITULARES<\/td>\n<td width=\"177\">SUPLENTES<\/td>\n<\/tr>\n<tr>\n<td width=\"200\">MIEMBRO DEL E.DIRECTIVO<\/td>\n<td width=\"138\">Su\u00e1rez Sandra<\/td>\n<td width=\"177\">V\u00e1zquez, Isabel<\/td>\n<\/tr>\n<tr>\n<td width=\"200\">ESPECIALISTA<\/td>\n<td width=\"138\">Marchegiani Marcelo<\/td>\n<td width=\"177\">Cucagna, Vanina<\/td>\n<\/tr>\n<tr>\n<td width=\"200\">ESPECIALISTA externo<\/td>\n<td width=\"138\">Tamburrino Daniel<\/td>\n<td width=\"177\">Maidana, Mat\u00edas<\/td>\n<\/tr>\n<tr>\n<td width=\"200\">MIEMBRO DEL CAI<\/td>\n<td width=\"138\">Gavassi, Juan<\/td>\n<td width=\"177\">Lanfranco, Micaela<\/td>\n<\/tr>\n<tr>\n<td width=\"200\">ALUMNO<\/td>\n<td width=\"138\">\u00a0A designar<\/td>\n<td width=\"177\">\u00a0\u00a0\u00a0\u00a0\u00a0 A designar<\/td>\n<\/tr>\n<\/tbody>\n<\/table>\n<hr \/>\n<p><strong><u>CONVOCATORIA:\u00a0 N\u00b0 7<\/u><\/strong><\/p>\n<ul>\n<li>CARRERA: <strong>Prof. en Econom\u00eda<\/strong><\/li>\n<li>A\u00d1O\/CURSO: 4\u00b0<strong>\u00a0a\u00f1o<\/strong><\/li>\n<li>ESPACIO: <strong>Modelos Matem\u00e1ticos II<\/strong><\/li>\n<li>TITULO: Profesor\/a en matem\u00e1tica<strong>.<\/strong><\/li>\n<li>CARGA HORARIA: \u00a02 M\u00f3dulos semanales<\/li>\n<li>SITUACI\u00d3N DE REVISTA: Provisional<\/li>\n<li>TURNOS\/HORARIOS: mi\u00e9rcoles 20hs a 22hs<\/li>\n<\/ul>\n<p><u>CONFORMACI\u00d3N DE LA COMISI\u00d3N EVALUADORA:<\/u><\/p>\n<table width=\"0\">\n<tbody>\n<tr>\n<td width=\"200\"><\/td>\n<td width=\"155\">TITULARES<\/td>\n<td width=\"177\">SUPLENTES<\/td>\n<\/tr>\n<tr>\n<td width=\"200\">MIEMBRO DEL E.DIRECTIVO<\/td>\n<td width=\"155\">Su\u00e1rez Sandra<\/td>\n<td width=\"177\">V\u00e1zquez, Isabel<\/td>\n<\/tr>\n<tr>\n<td width=\"200\">ESPECIALISTA<\/td>\n<td width=\"155\">Marchegiani Marcelo<\/td>\n<td width=\"177\">Cucagna, Vanina<\/td>\n<\/tr>\n<tr>\n<td width=\"200\">ESPECIALISTA externo<\/td>\n<td width=\"155\">Tamburrino Daniel<\/td>\n<td width=\"177\">Maidana, Mat\u00ecas<\/td>\n<\/tr>\n<tr>\n<td width=\"200\">MIEMBRO DEL CAI<\/td>\n<td width=\"155\">Gavassi, Juan<\/td>\n<td width=\"177\">Lanfranco, Micaela<\/td>\n<\/tr>\n<tr>\n<td width=\"200\">ALUMNO<\/td>\n<td width=\"155\">A designar<\/td>\n<td width=\"177\">\u00a0A designar<\/td>\n<\/tr>\n<\/tbody>\n<\/table>\n<p><strong><u>CONVOCATORIA:\u00a0 N\u00b0 8<\/u><\/strong><\/p>\n<ul>\n<li>CARRERA: <strong>Prof. en ingl\u00e9s<\/strong><\/li>\n<li>A\u00d1O\/CURSO<strong>: 1\u00b0 A<\/strong><\/li>\n<li>ESPACIO: <strong>Problem\u00e1ticas Socio institucionales<\/strong><\/li>\n<li>TITULO: Profesor\/a en Cs de la Educaci\u00f3n<strong>.<\/strong><\/li>\n<li>CARGA HORARIA: \u00a02 M\u00f3dulos semanales<\/li>\n<li>SITUACI\u00d3N DE REVISTA: Provisional<\/li>\n<li>TURNOS\/HORARIOS:\u00a0 jueves 18 hs a 20 hs.<\/li>\n<\/ul>\n<p><u>CONFORMACI\u00d3N DE LA COMISI\u00d3N EVALUADORA:<\/u><\/p>\n<table width=\"0\">\n<tbody>\n<tr>\n<td width=\"200\"><\/td>\n<td width=\"165\">TITULARES<\/td>\n<td width=\"177\">SUPLENTES<\/td>\n<\/tr>\n<tr>\n<td width=\"200\">MIEMBRO DEL E.DIRECTIVO<\/td>\n<td width=\"165\">Santaf\u00e9 y Soriano, Marcela<\/td>\n<td width=\"177\">Su\u00e1rez Sandra<\/td>\n<\/tr>\n<tr>\n<td width=\"200\">ESPECIALISTA<\/td>\n<td width=\"165\">V\u00e1zquez, Isabel<\/td>\n<td width=\"177\">Tarico Jorge<\/td>\n<\/tr>\n<tr>\n<td width=\"200\">ESPECIALISTA externa<\/td>\n<td width=\"165\">Casamajor Mar\u00eca Luj\u00e1n<\/td>\n<td width=\"177\">Alpern, Liliana<\/td>\n<\/tr>\n<tr>\n<td width=\"200\">MIEMBRO DEL CAI<\/td>\n<td width=\"165\">G\u00f3mez Claudia<\/td>\n<td width=\"177\">Quispe Valeria<\/td>\n<\/tr>\n<tr>\n<td width=\"200\">ALUMNO<\/td>\n<td width=\"165\">A confirmar<\/td>\n<td width=\"177\">A confirmar<\/td>\n<\/tr>\n<\/tbody>\n<\/table>\n<p><strong><u>CONVOCATORIA:\u00a0 N\u00b0 9<\/u><\/strong><\/p>\n<ul>\n<li>CARRERA: <strong>Prof. en ingl\u00e9s<\/strong><\/li>\n<li>A\u00d1O\/CURSO: <strong>1\u00b0 B<\/strong><\/li>\n<li>ESPACIO: <strong>Problem\u00e1ticas Socio institucionales<\/strong><\/li>\n<li>TITULO: Profesor\/a en Cs de la Educaci\u00f3n<strong>.<\/strong><\/li>\n<li>CARGA HORARIA: \u00a02 M\u00f3dulos<\/li>\n<li>SITUACI\u00d3N DE REVISTA: Provisional<\/li>\n<li>TURNOS\/HORARIOS: mi\u00e9rcoles 20hs a 20hs.<\/li>\n<\/ul>\n<p><u>CONFORMACI\u00d3N DE LA COMISI\u00d3N EVALUADORA:<\/u><\/p>\n<table width=\"0\">\n<tbody>\n<tr>\n<td width=\"200\"><\/td>\n<td width=\"174\">TITULARES<\/td>\n<td width=\"177\">SUPLENTES<\/td>\n<\/tr>\n<tr>\n<td width=\"200\">MIEMBRO DEL E.DIRECTIVO<\/td>\n<td width=\"174\">Santaf\u00e9 y Soriano Marcela<\/td>\n<td width=\"177\">Su\u00e1rez Sandra<\/td>\n<\/tr>\n<tr>\n<td width=\"200\">ESPECIALISTA<\/td>\n<td width=\"174\">V\u00e1zquez, Isabel<\/td>\n<td width=\"177\">Tarico Jorge<\/td>\n<\/tr>\n<tr>\n<td width=\"200\">ESPECIALISTA externo<\/td>\n<td width=\"174\">Casamajor Mar\u00eda Lujan<\/td>\n<td width=\"177\">Alpern Liliana<\/td>\n<\/tr>\n<tr>\n<td width=\"200\">MIEMBRO DEL CAI<\/td>\n<td width=\"174\">Quispe Valeria<\/td>\n<td width=\"177\">G\u00f3mez Claudia<\/td>\n<\/tr>\n<tr>\n<td width=\"200\">ALUMNO<\/td>\n<td width=\"174\">A confirmar<\/td>\n<td width=\"177\">A confirmar<\/td>\n<\/tr>\n<\/tbody>\n<\/table>\n<hr \/>\n<p><strong><u>CONVOCATORIA:\u00a0 N\u00b010<\/u><\/strong><\/p>\n<ul>\n<li>CARRERA: <strong>Prof. en ingl\u00e9s<\/strong><\/li>\n<li>A\u00d1O\/CURSO: <strong>2do a\u00f1o<\/strong><\/li>\n<li>ESPACIO: <strong>Historia y Pol\u00edtica de la Educaci\u00f3n<\/strong><\/li>\n<li>TITULO: Profesor\/a en Ciencias de la Educaci\u00f3n<strong>.<\/strong><\/li>\n<li>CARGA HORARIA: \u00a02 M\u00f3dulos semanales<\/li>\n<li>SITUACI\u00d3N DE REVISTA: suplente<\/li>\n<li>TURNOS\/HORARIOS: viernes 20 a 22 hs.<\/li>\n<\/ul>\n<p><u>CONFORMACI\u00d3N DE LA COMISI\u00d3N EVALUADORA:<\/u><\/p>\n<table width=\"0\">\n<tbody>\n<tr>\n<td width=\"200\"><\/td>\n<td width=\"138\">TITULARES<\/td>\n<td width=\"177\">SUPLENTES<\/td>\n<\/tr>\n<tr>\n<td width=\"200\">MIEMBRO DEL E.DIRECTIVO<\/td>\n<td width=\"138\">Santaf\u00e9 y Soriano, Marcela<\/td>\n<td width=\"177\">Su\u00e1rez Sandra<\/td>\n<\/tr>\n<tr>\n<td width=\"200\">ESPECIALISTA<\/td>\n<td width=\"138\">V\u00e1zquez, Isabel<\/td>\n<td width=\"177\">Zabala Mercedes<\/td>\n<\/tr>\n<tr>\n<td width=\"200\">ESPECIALISTA externa<\/td>\n<td width=\"138\">Casamajor Mar\u00eda Luj\u00e1n<\/td>\n<td width=\"177\">Alpern, Liliana<\/td>\n<\/tr>\n<tr>\n<td width=\"200\">MIEMBRO DEL CAI<\/td>\n<td width=\"138\">G\u00f3mez Claudia<\/td>\n<td width=\"177\">Ram\u00edrez Laura<\/td>\n<\/tr>\n<tr>\n<td width=\"200\">ALUMNO<\/td>\n<td width=\"138\">A confirmar<\/td>\n<td width=\"177\">A confirmar<\/td>\n<\/tr>\n<\/tbody>\n<\/table>\n<p><strong><u>CONVOCATORIA:\u00a0 N\u00b0 11<\/u><\/strong><\/p>\n<ul>\n<li>CARRERA: <strong>Prof. en ingl\u00e9s<\/strong><\/li>\n<li>A\u00d1O\/CURSO: <strong>1\u00b0C<\/strong><\/li>\n<li>ESPACIO: <strong>El trabajo docente Complejidades y entramados<\/strong><\/li>\n<li>TITULO: Profesor\/a en Ciencias de la Educaci\u00f3n<strong>.<\/strong><\/li>\n<li>CARGA HORARIA: \u00a03 M\u00f3dulos semanales<\/li>\n<li>SITUACI\u00d3N DE REVISTA: Provisional<\/li>\n<li>TURNOS\/HORARIOS: s\u00e1bados 9.30 hs a 12.30 hs<\/li>\n<\/ul>\n<p><u>CONFORMACI\u00d3N DE LA COMISI\u00d3N EVALUADORA:<\/u><\/p>\n<table width=\"0\">\n<tbody>\n<tr>\n<td width=\"200\"><\/td>\n<td width=\"138\">TITULARES<\/td>\n<td width=\"177\">SUPLENTES<\/td>\n<\/tr>\n<tr>\n<td width=\"200\">MIEMBRO DEL E.DIRECTIVO<\/td>\n<td width=\"138\">Santaf\u00e9 y Soriano Marcela<\/td>\n<td width=\"177\">Su\u00e1rez Sandra<\/td>\n<\/tr>\n<tr>\n<td width=\"200\">ESPECIALISTA<\/td>\n<td width=\"138\">V\u00e1zquez, Isabel<\/td>\n<td width=\"177\">G\u00f3mez. Claudia<\/td>\n<\/tr>\n<tr>\n<td width=\"200\">ESPECIALISTA externo<\/td>\n<td width=\"138\">Casamajor\u00a0 Mar\u00eda Lujan<\/td>\n<td width=\"177\">Alpern, Lilian<\/td>\n<\/tr>\n<tr>\n<td width=\"200\">MIEMBRO DEL CAI<\/td>\n<td width=\"138\">G\u00f3mez Claudia<\/td>\n<td width=\"177\">Ram\u00edrez Laura<\/td>\n<\/tr>\n<tr>\n<td width=\"200\">ALUMNO<\/td>\n<td width=\"138\">A confirmar<\/td>\n<td width=\"177\">A confirmar<\/td>\n<\/tr>\n<\/tbody>\n<\/table>\n<p><strong><u>\u00a0<\/u><\/strong><\/p>\n<p><strong><u>\u00a0<\/u><\/strong><\/p>\n<p><strong><u>CRONOGRAMA\u00a0 TENTATIVO :<\/u><\/strong><\/p>\n<p><strong>\u00a0<\/strong><\/p>\n<table width=\"0\">\n<tbody>\n<tr>\n<td width=\"360\"><\/td>\n<td width=\"90\"><strong>DESDE <\/strong><\/td>\n<td width=\"95\"><strong>HASTA<\/strong><\/td>\n<\/tr>\n<tr>\n<td width=\"360\"><strong>DIFUSI\u00d3N E INSCRIPCI\u00d3N<\/strong><\/td>\n<td width=\"90\"><strong>03-8-20<\/strong><\/td>\n<td width=\"95\"><strong>08-8-20<\/strong><\/td>\n<\/tr>\n<tr>\n<td width=\"360\"><strong>NOTIFICACIONES A PARTIR DEL<\/strong><\/td>\n<td width=\"90\"><strong>17-8-20<\/strong><\/td>\n<td width=\"95\"><strong>19-8-20<\/strong><\/td>\n<\/tr>\n<tr>\n<td width=\"360\"><strong>\u00a0ENTREVISTAS <\/strong><\/td>\n<td width=\"90\"><strong>21-8-20<\/strong><\/td>\n<td width=\"95\"><strong>En adelante<\/strong><\/td>\n<\/tr>\n<\/tbody>\n<\/table>\n<p>&nbsp;<\/p>\n<p>Los dise\u00f1os curriculares de carrera, Resoluci\u00f3n 5886 y su modificatoria Res 1161\/20 Anexo I del 24\/6\/20, Disposici\u00f3n 30, R\u00e9gimen Acad\u00e9mico Institucional y el Plan de Evaluaci\u00f3n Institucional est\u00e1n a disposici\u00f3n de los concursantes en la p\u00e1gina web del ISFD N\u00b0 52.<\/p>\n<p><strong>\u00a0<\/strong><\/p>\n<h3><strong>Procedimiento de inscripci\u00f3n<\/strong><\/h3>\n<p>El env\u00edo de la documentaci\u00f3n se realizar\u00e1 a trav\u00e9s del e-mail institucional:\u00a0 <a href=\"mailto:instituto52@yahoo.com.ar\">instituto52@yahoo.com.ar<\/a><\/p>\n<p>Por cada materia, espacio curricular los aspirantes deber\u00e1n enviar un<strong> \u00fanico<\/strong> e-mail de inscripci\u00f3n colocando en el asunto: cobertura N\u00b0 xx, materia o espacio curricular a cubrir y carrera.<\/p>\n<p>En el cuerpo de mail detallar <u>datos personales del profesor concursante<\/u>: nombre y apellido, DNI, tel\u00e9fono y tel\u00e9fono alternativo, e-mail, carrera y materia o espacio curricular que aspira a cubrir y n\u00famero de cobertura.<\/p>\n<p>En el mismo e-mail, adjuntar la siguiente documentaci\u00f3n:<\/p>\n<ul>\n<li>Propuesta curricular en formato PDF. Titulando nombre y apellido del profesor concursante, DNI, materia o espacio curricular que aspira concursar, carrera y horario.<\/li>\n<li>Anexo III completo de la Resol. 5886\/03 en formato PDF.<\/li>\n<li>Documentaci\u00f3n probatoria detallada en el Anexo III, en formato PDF escaneada y en un solo archivo.<\/li>\n<\/ul>\n<p><strong>NOTA<\/strong><\/p>\n<p>La direcci\u00f3n de e-mail desde la cual los postulantes env\u00eden los tres archivos mencionados, ser\u00e1 tomada como direcci\u00f3n de notificaci\u00f3n fehaciente para cualquiera de las instancias sujetas a la cobertura del concurso.<\/p>\n<p>Responsable de la inscripci\u00f3n Prof Mariana Merayo<\/p>\n<p>Copia a SUTEBA \/ FEB<\/p>\n<p>&nbsp;<\/p>\n<p style=\"text-align: left;\">Prof. Sandra Su\u00e1rez\u00a0 \u00a0 \u00a0 \u00a0 \u00a0 \u00a0 \u00a0 \u00a0 \u00a0 \u00a0 \u00a0 \u00a0 \u00a0 \u00a0 \u00a0 \u00a0 \u00a0 \u00a0Prof Isabel V\u00e1zquez<\/p>\n<p style=\"text-align: left;\">Directora ISFD N\u00b0 52\u00a0\u00a0\u00a0\u00a0\u00a0\u00a0\u00a0\u00a0\u00a0\u00a0\u00a0\u00a0\u00a0\u00a0\u00a0\u00a0\u00a0\u00a0\u00a0\u00a0\u00a0\u00a0\u00a0\u00a0\u00a0\u00a0\u00a0\u00a0\u00a0 Vicedirectora ISFD N\u00b0 52<\/p>\n<p>&nbsp;<\/p>\n","protected":false},"excerpt":{"rendered":"<p>A\u00d1O 2020 C\u00c1TEDRAS QUE SE CONCURSAN EN ISFDyT N\u00b0 52 \u201cMaestro Francisco Isauro Arancibia\u201d \u2013 San Isidro &nbsp; JULIO \/ AGOSTO 2020 CONVOCATORIA A CONCURSOS POR RESOLUCIONES 5886\/03 \u2013 1161\/20 Anexo I SE COMPARTE LINK CON INFORMACI\u00d3N DETALLADA Coberturas 2020_ISFD52 CONVOCATORIA:\u00a0 N\u00b0 1\u00a0\u00a0\u00a0 CARRERA: Prof. en Educaci\u00f3n Primaria A\u00d1O\/CURSO: 1\u00ba B ESPACIO: Psicolog\u00eda del Desarrollo &#8230; <a title=\"CONCURSOS &#8211; ISFDyT 52 &#8211; 2020\" class=\"read-more\" href=\"https:\/\/isfd52-bue.infd.edu.ar\/sitio\/concursos-isfdyt-52-2020\/\" aria-label=\"More on CONCURSOS &#8211; ISFDyT 52 &#8211; 2020\">[+]<\/a><\/p>\n","protected":false},"author":484,"featured_media":0,"parent":0,"menu_order":0,"comment_status":"closed","ping_status":"closed","template":"","meta":[],"acf":[],"_links":{"self":[{"href":"https:\/\/isfd52-bue.infd.edu.ar\/sitio\/wp-json\/wp\/v2\/pages\/3093"}],"collection":[{"href":"https:\/\/isfd52-bue.infd.edu.ar\/sitio\/wp-json\/wp\/v2\/pages"}],"about":[{"href":"https:\/\/isfd52-bue.infd.edu.ar\/sitio\/wp-json\/wp\/v2\/types\/page"}],"author":[{"embeddable":true,"href":"https:\/\/isfd52-bue.infd.edu.ar\/sitio\/wp-json\/wp\/v2\/users\/484"}],"replies":[{"embeddable":true,"href":"https:\/\/isfd52-bue.infd.edu.ar\/sitio\/wp-json\/wp\/v2\/comments?post=3093"}],"version-history":[{"count":11,"href":"https:\/\/isfd52-bue.infd.edu.ar\/sitio\/wp-json\/wp\/v2\/pages\/3093\/revisions"}],"predecessor-version":[{"id":5286,"href":"https:\/\/isfd52-bue.infd.edu.ar\/sitio\/wp-json\/wp\/v2\/pages\/3093\/revisions\/5286"}],"wp:attachment":[{"href":"https:\/\/isfd52-bue.infd.edu.ar\/sitio\/wp-json\/wp\/v2\/media?parent=3093"}],"curies":[{"name":"wp","href":"https:\/\/api.w.org\/{rel}","templated":true}]}}