{"id":3022,"date":"2020-03-12T20:38:22","date_gmt":"2020-03-12T23:38:22","guid":{"rendered":"https:\/\/isfd52-bue.infd.edu.ar\/sitio\/?page_id=3022"},"modified":"2020-04-09T19:01:26","modified_gmt":"2020-04-09T22:01:26","slug":"matriculacion-cursada-2020","status":"publish","type":"page","link":"https:\/\/isfd52-bue.infd.edu.ar\/sitio\/matriculacion-cursada-2020\/","title":{"rendered":"MATRICULACI\u00d3N CURSADA 2020"},"content":{"rendered":"<h2><em><span style=\"color: #800080;\">Informaci\u00f3n actualizada al 9\/4\/2020:\u00a0<\/span><\/em><\/h2>\n<p>&nbsp;<\/p>\n<p>Aquellos que han tenido<em><strong><span style=\"color: #800080;\">\u00a0inconvenientes en la <\/span><\/strong><span style=\"color: #800080;\"><strong><em><span style=\"color: #800080;\">m<\/span><\/em>atriculaci\u00f3n\/inscripci\u00f3n<\/strong> <\/span><\/em>de alguna materia o varias llenar formulario en el link que compartimos. En Nro de Permiso de Sadis si nolo conocen poner 0000.<\/p>\n<p><span style=\"color: #800080;\"><b><i>El SADIS se encuentra inhabilitado<\/i><\/b><strong><em>, estamos tomando recaudos para que los sistemas no colapsen debido al gran flujo de usuarios que hay en este mome<\/em>nto<\/strong><\/span><\/p>\n<blockquote class=\"wp-embedded-content\" data-secret=\"Xds3VgwZds\"><p><a href=\"https:\/\/isfd52-bue.infd.edu.ar\/sitio\/inscripcion-condicional-cursada-2020-formularios\/\">INSCRIPCI\u00d3N CONDICIONAL CURSADA 2020 &#8211; formularios<\/a><\/p><\/blockquote>\n<p><iframe class=\"wp-embedded-content\" sandbox=\"allow-scripts\" security=\"restricted\" style=\"position: absolute; clip: rect(1px, 1px, 1px, 1px);\" src=\"https:\/\/isfd52-bue.infd.edu.ar\/sitio\/inscripcion-condicional-cursada-2020-formularios\/embed\/#?secret=Xds3VgwZds\" data-secret=\"Xds3VgwZds\" width=\"600\" height=\"338\" title=\"&#171;INSCRIPCI\u00d3N CONDICIONAL CURSADA 2020 &#8211; formularios&#187; &#8212; Instituto Superior de Formaci\u00f3n Docente y T\u00e9cnica N\u00ba 52 &quot;Maestro Francisco Isauro Arancibia&quot;\" frameborder=\"0\" marginwidth=\"0\" marginheight=\"0\" scrolling=\"no\"><\/iframe><\/p>\n<p><span style=\"color: #800080;\"><strong>.<\/strong><\/span><\/p>\n<p>Por consultas, contactarse por mensajer\u00eda de Campus (Aula de coordinaci\u00f3n de tu carrera o Equipo Directivo) con tu preceptor o con Andrea Vadagnel (por temas de accesibilidad)<\/p>\n<p>Saludos<\/p>\n<p>Andrea Vadagnel<\/p>\n<hr \/>\n<p><span style=\"color: #800080;\"><strong>.<\/strong><\/span><\/p>\n<p>&nbsp;<\/p>\n<h2><em><span style=\"color: #800080;\">Informaci\u00f3n actualizada al 17\/3\/2020:\u00a0<\/span><\/em><\/h2>\n<p>A partir de las 0:00 hs del 18\/3\/2020, se encuentra habilitada la matriculaci\u00f3n a la cursada 2020 a trav\u00e9s del Sadis. Leer el instructivo con atenci\u00f3n.<\/p>\n<p style=\"text-align: center;\"><span style=\"color: #ff0000;\"><strong>La atenci\u00f3n personalizada por problemas de inscripci\u00f3n queda suspendida hasta nuevo aviso.<\/strong><\/span><\/p>\n<p><strong><span style=\"color: #800080;\">SOLO<\/span>\u00a0<\/strong>por <span style=\"color: #008080;\"><em><strong>dificultad en el acceso<\/strong><\/em><\/span> (solo cuando no puedan ingresar &#8211; no se responder\u00e1n otras consultas) contactarse por campus con Andrea Vadagnel en el Aula de coordinaci\u00f3n de tu carrera.<\/p>\n<p><em>LOS INGRESANTES 2020* SER\u00c1N MATRICULADOS AUTOM\u00c1TICAMENTE POR SUS PRECEPTORES<\/em><\/p>\n<p><strong><span style=\"color: #800080;\">SOLO<\/span> <\/strong>SE INSCRIBEN ONLINE: RECURSANTES DE 1\u00ba Y TODOS LOS ESTUDIANTES DE 2\u00ba A 4\u00ba A\u00d1O<\/p>\n<p>&nbsp;<\/p>\n<p><em>*CUFBA2019, tambi\u00e9n ser\u00e1n inscriptos por los preceptores<\/em><\/p>\n<hr \/>\n<h2 style=\"text-align: center;\"><span style=\"color: #008080;\"><strong><u>Matriculaci\u00f3n a Materias 2020<\/u><\/strong><\/span><\/h2>\n<p style=\"text-align: center;\"><span style=\"background-color: #ffff00; color: #800080;\"><strong> 18 de marzo al 23 de marzo de 2020.<\/strong><\/span><\/p>\n<h4><strong><span style=\"color: #008080;\">ONLINE<\/span> <\/strong>A TRAV\u00c9S DEL<strong><span style=\"color: #008080;\"> SADIS<\/span><\/strong>:<\/h4>\n<ul>\n<li>\n<h4><strong>1\u00ba A\u00d1O<\/strong> &#8211;\u00a0 cohortes 2019 y anteriores + RECURSANTES<\/h4>\n<\/li>\n<li>\n<h4><strong><strong>2\u00ba A 4\u00ba A\u00d1O<\/strong><\/strong><\/h4>\n<hr \/>\n<\/li>\n<\/ul>\n<p><strong><span style=\"color: #800080;\">COMPARTIMOS INSTRUCTIVO:<\/span><\/strong> <span style=\"color: #ff6600;\"><strong>Recomendamos su lectura para todos y en especial para aquellos que har\u00e1n una cursada mixta de divisiones (primaria e ingl\u00e9s)<\/strong><\/span><\/p>\n<hr \/>\n<p style=\"text-align: justify;\">La matriculaci\u00f3n a las cursadas de materias 2020 se realizar\u00e1 a trav\u00e9s del nuevo sistema de gesti\u00f3n acad\u00e9mica <strong><span style=\"color: #008080;\">SADIS<\/span><\/strong> desde el<span style=\"background-color: #ffff00; color: #800080;\"><strong> 18 de marzo al 23 de marzo de 2020.<\/strong><\/span><\/p>\n<p style=\"text-align: justify;\">Para matricularse a una materia es suficiente tener aprobadas las cursadas de las materias correlativas (es decir pod\u00e9s deber el final de las correlativas).<\/p>\n<ol>\n<li style=\"text-align: justify;\"><span style=\"color: #008080;\"><strong>Para inscribirte ten\u00e9s que ingresar a la p\u00e1gina web del instituto y hacer click en la imagen SADIS ISFD 52 ESTUDIANTES:<\/strong><\/span><a href=\"http:\/\/181.228.61.101\/SistemaOnline\/alumnos\/\" target=\"_blank\" rel=\"noopener\"><img decoding=\"async\" class=\"aligncenter\" src=\"https:\/\/isfd52-bue.infd.edu.ar\/sitio\/wp-content\/uploads\/2018\/08\/1zpS7xN00MkqOimagen_incrustada1.png\" border=\"0\" \/><\/a><br \/>\n<hr \/>\n<\/li>\n<li style=\"text-align: justify;\"><span style=\"color: #008080;\"><strong>A continuaci\u00f3n te aparece el siguiente cuadro:<\/strong><\/span><\/li>\n<\/ol>\n<p><img decoding=\"async\" class=\"aligncenter\" src=\"https:\/\/isfd52-bue.infd.edu.ar\/sitio\/wp-content\/uploads\/2018\/08\/29YluJ2mb3oZgimagen_incrustada2.png\" border=\"0\" \/><\/p>\n<p>All\u00ed ingres\u00e1s el<strong> DNI<\/strong> (en n\u00fameros y sin puntos). La clave por defecto son los <strong>primeros seis n\u00fameros<\/strong> de tu DNI (en n\u00fameros y sin puntos) o\u00a0<strong>1234<\/strong>.<\/p>\n<p><span style=\"color: #ff6600;\"><strong>\u00a1IMPORTANTE!<\/strong><\/span><\/p>\n<p>A-\u00a0 Por <span style=\"color: #008080;\"><em><strong>dificultad en el acceso<\/strong><\/em><\/span> (solo cuando no puedan ingresar &#8211; no se responder\u00e1n otras consultas) contactarse por campus con Andrea Vadagnel en el Aula de coordinaci\u00f3n de tu carrera.<\/p>\n<p>B-\u00a0 Por <em><strong><span style=\"color: #008080;\">dificultad en la inscripci\u00f3n <\/span><\/strong><\/em>concurrir<strong><span style=\"color: #800080;\"> PERSONALMENTE\u00a0<strong>co<\/strong>n libreta los d\u00edas 25 y 26 de marzo<\/span>,<\/strong>\u00a0consult\u00e1 a tu preceptor de referencia seg\u00fan la carrera:<\/p>\n<ul>\n<li>Miriam Alba &#8211;\u00a0\u00a0<em><span style=\"color: #008080;\">DIVISIONES<strong>\u00a0A<\/strong><\/span><strong><span style=\"color: #008080;\"> &#8211;\u00a0<\/span><\/strong><\/em><span style=\"color: #008080;\"><span style=\"color: #000000;\">(Educaci\u00f3n Primaria &#8211; Sede Rivadavia)<\/span><\/span><\/li>\n<li>Daniel Facio &#8211;\u00a0<em><span style=\"color: #008080;\">DIVISIONES<strong>\u00a0B<\/strong><\/span><\/em>\u00a0(Educaci\u00f3n Primaria &#8211; Sede Rivadavia)<\/li>\n<li>Mart\u00edn Zankel (Econom\u00eda &#8211; Sede Mart\u00edn y Omar))<\/li>\n<li>Nora Mart\u00ednez &#8211; M\u00f3nica Chachagua (Ingl\u00e9s -Sede Rivadavia)<\/li>\n<li>Jorge Alvarez (T\u00e9cnico \u00a0&#8211; Sede Yerbal)<\/li>\n<li>Agata Bello\u00a0<em><span style=\"color: #008080;\">DIVISIONES<strong>\u00a0C<\/strong><\/span><\/em>\u00a0(Educaci\u00f3n Primaria &#8211; Sede Los Ceibos)<\/li>\n<\/ul>\n<p>C-\u00a0Matriculaci\u00f3n a cursada de<strong> <span style=\"color: #008080;\">modalidad LIBRE\u00a0<\/span><\/strong><span style=\"color: #008080;\"><em><span style=\"color: #000000;\">(ver <a href=\"https:\/\/isfd52-bue.infd.edu.ar\/sitio\/plan-de-evaluacion-institucional-2015-con-modificaciones-2016\/upload\/Plan_de_Evaluacion.2016_1.docx\">Plan de Evaluaci\u00f3n<\/a> para +info)\u00a0<\/span><\/em><\/span><strong>deben hacerlo de <span style=\"color: #ff6600;\">forma presencial <\/span>con el equipo de preceptores en la sede y turno donde cursan. \u00a0D<\/strong><strong>el <span style=\"color: #ff6600;\">1\u00ba al 30 de ABRIL &#8211; SIN EXCEPCI\u00d3N\u00a0<\/span><\/strong><\/p>\n<p><strong><span style=\"color: #008080;\">3. Una vez ingresado en el sistema te aparece este cuadro:<\/span><\/strong><\/p>\n<p>&nbsp;<\/p>\n<p><img decoding=\"async\" loading=\"lazy\" class=\"size-full wp-image-3034 aligncenter\" src=\"https:\/\/isfd52-bue.infd.edu.ar\/sitio\/wp-content\/uploads\/2020\/03\/matric02.jpg\" alt=\"\" width=\"728\" height=\"281\" \/><\/p>\n<p>All\u00ed ten\u00e9s\u00a0 la opci\u00f3n de matricularte en materias haciendo click en:<\/p>\n<ul>\n<li><strong>Haces click en<span style=\"background-color: #ffff00;\"> Matriculaci\u00f3n<\/span><\/strong><\/li>\n<li><strong>Luego haces click en <span style=\"background-color: #ffff00;\">Matricularse a una materia<\/span><\/strong><\/li>\n<\/ul>\n<p><span style=\"color: #008080;\"><strong>4<\/strong><\/span>.<span style=\"color: #008080;\"><strong> Te aparecer\u00e1 una pantalla con todas las materias y divisiones. Seleccion\u00e1s la materia en el a\u00f1o, divisi\u00f3n, d\u00eda y horario que quer\u00e9s cursar este a\u00f1o. Los horarios estar\u00e1n publicados en nuestro sitio. <span style=\"color: #ff6600;\">Importante<\/span>, aquellos que realicen <span style=\"color: #ff6600;\">cursada mixta de divisiones<\/span> prestar atenci\u00f3n en la divisi\u00f3n que seleccionan ya que si se inscriben err\u00f3neamente\u00a0 no aparecer\u00e1n en planillas de asistencia<\/strong><\/span><\/p>\n<p><img decoding=\"async\" loading=\"lazy\" class=\" wp-image-3035 aligncenter\" src=\"https:\/\/isfd52-bue.infd.edu.ar\/sitio\/wp-content\/uploads\/2020\/03\/matricula03-1000x389.png\" alt=\"\" width=\"1023\" height=\"398\" srcset=\"https:\/\/isfd52-bue.infd.edu.ar\/sitio\/wp-content\/uploads\/2020\/03\/matricula03-1000x389.png 1000w, https:\/\/isfd52-bue.infd.edu.ar\/sitio\/wp-content\/uploads\/2020\/03\/matricula03-768x298.png 768w, https:\/\/isfd52-bue.infd.edu.ar\/sitio\/wp-content\/uploads\/2020\/03\/matricula03.png 1341w\" sizes=\"(max-width: 1023px) 100vw, 1023px\" \/><\/p>\n<p><span style=\"color: #ff6600;\"><strong>Aclaraciones IMPORTANTES:<\/strong><\/span><\/p>\n<ul>\n<li><strong>\u00a0<span style=\"color: #008080;\">Curso:<\/span><\/strong> se refiere al a\u00f1o en que se encuentra la materia en el Plan de estudios<\/li>\n<li><span style=\"color: #008080;\"><strong>Divisi\u00f3n,<\/strong> <span style=\"color: #000000;\">la correspondencia es la siguiente solamente para las siguientes carreras<\/span><strong>:<\/strong><\/span><\/li>\n<\/ul>\n<p>-PRIMARIA: Divisi\u00f3n 1: A <em>(sede Rivadavia \u2013 Turno Vespertino)<\/em>\u00a0 \/\u00a0 \u00a0Divisi\u00f3n 2: B\u00a0<em>(sede Rivadavia \u2013 Turno Vespertino)<\/em>\u00a0 \/\u00a0 Divisi\u00f3n 3: C\u00a0\u00a0<em>(sede Los Ceibos \u2013 Turno Ma\u00f1ana)<\/em><\/p>\n<p>-INGL\u00c9S:\u00a0Divisi\u00f3n 1: A\u00a0\u00a0\u00a0\u00a0\u00a0 Divisi\u00f3n 2: B\u00a0\u00a0<em>(S\u00d3LO ALGUNAS MATERIAS ambas sede Rivadavia, Turno Vespertino)<\/em><\/p>\n<ul>\n<li><strong><span style=\"color: #ff6600;\">Te pod\u00e9s inscribir en la cantidad de materias que quieras, siempre que no exista incompatibilidad horaria y respetando el r\u00e9gimen de correlatividades del plan de estudios de la carrera<\/span><\/strong><\/li>\n<\/ul>\n<p><span style=\"color: #008080;\"><strong>5. Si se equivocan podr\u00e1n modificar la inscripci\u00f3n<\/strong><\/span><\/p>\n<p>Este alumno se inscribi\u00f3 en la materia Sistemas Neum\u00e1ticos de Tercer a\u00f1o en la divisi\u00f3n 1 (a)<\/p>\n<p><img decoding=\"async\" class=\"aligncenter\" src=\"https:\/\/isfd52-bue.infd.edu.ar\/sitio\/wp-content\/uploads\/2018\/08\/2tCpraGU0FGOiimagen_incrustada4.png\" border=\"0\" \/><\/p>\n<p>Si te matriculaste en una materia que no quer\u00edas vas a<span style=\"background-color: #ffff00;\"><strong> Borrarse<\/strong><\/span> y te elimina la materia.<\/p>\n<p><span style=\"color: #008080;\"><strong>6. Para chequear la matriculaci\u00f3n ten\u00e9s que ir a<span style=\"background-color: #ffff00;\"> Cursadas <\/span>y all\u00ed te aparecen todas las materias que vas a cursar este a\u00f1o:<\/strong><\/span><\/p>\n<p><img decoding=\"async\" class=\"aligncenter\" src=\"https:\/\/isfd52-bue.infd.edu.ar\/sitio\/wp-content\/uploads\/2018\/08\/2DHlAxiC6eOp8imagen_incrustada5.png\" border=\"0\" \/><\/p>\n<p><strong><span style=\"color: #008080;\">4. Luego de inscribirte <span style=\"color: #ff6600;\">revis\u00e1 bien<\/span> nombre de la materia, a\u00f1o y, especialmente, <span style=\"color: #ff6600;\">divisi\u00f3n<\/span> (en el caso de que haya m\u00e1s de una) a fin de evitar inconvenientes posteriores al momento de confeccionar las planillas de asistencia.<\/span><\/strong><\/p>\n<hr \/>\n<p>Por cualquier dificultad no dudes en acercarte en forma personal a tu preceptor de referencia en los turnos y sedes detallados con anterioridad.<\/p>\n<hr \/>\n<p><strong><span style=\"color: #ff6600;\">MUY IMPORTANTE:<\/span> <\/strong><\/p>\n<p><strong>Este a\u00f1o necesitamos m\u00e1s que nunca la colaboraci\u00f3n con el <span style=\"background-color: #ffff00; color: #008080;\">Bono Contribuci\u00f3n Anual de $ 1.000<\/span> de la <span style=\"color: #ff6600;\">Asociaci\u00f3n Cooperadora<\/span>. <\/strong><\/p>\n<p><strong>Por favor, todos los que puedan colaborar en este mes de marzo ser\u00e1 de enorme ayuda para continuar con el mantenimiento en las cuatro sedes del instituto y garantizar un normal inicio de clases con mejores condiciones de estudio y trabajo. <\/strong><\/p>\n<p style=\"text-align: right;\"><span style=\"color: #008080;\"><strong><em>Gracias por acompa\u00f1ar!<\/em><\/strong><\/span><\/p>\n<hr \/>\n<p><img decoding=\"async\" loading=\"lazy\" class=\"wp-image-2969 aligncenter\" src=\"https:\/\/isfd52-bue.infd.edu.ar\/sitio\/wp-content\/uploads\/2020\/03\/cooperadora52-2020-714x1000.png\" alt=\"\" width=\"354\" height=\"496\" srcset=\"https:\/\/isfd52-bue.infd.edu.ar\/sitio\/wp-content\/uploads\/2020\/03\/cooperadora52-2020-714x1000.png 714w, https:\/\/isfd52-bue.infd.edu.ar\/sitio\/wp-content\/uploads\/2020\/03\/cooperadora52-2020-768x1076.png 768w, https:\/\/isfd52-bue.infd.edu.ar\/sitio\/wp-content\/uploads\/2020\/03\/cooperadora52-2020-1357x1900.png 1357w, https:\/\/isfd52-bue.infd.edu.ar\/sitio\/wp-content\/uploads\/2020\/03\/cooperadora52-2020.png 1428w\" sizes=\"(max-width: 354px) 100vw, 354px\" \/><\/p>\n","protected":false},"excerpt":{"rendered":"<p>Informaci\u00f3n actualizada al 9\/4\/2020:\u00a0 &nbsp; Aquellos que han tenido\u00a0inconvenientes en la matriculaci\u00f3n\/inscripci\u00f3n de alguna materia o varias llenar formulario en el link que compartimos. En Nro de Permiso de Sadis si nolo conocen poner 0000. El SADIS se encuentra inhabilitado, estamos tomando recaudos para que los sistemas no colapsen debido al gran flujo de usuarios &#8230; <a title=\"MATRICULACI\u00d3N CURSADA 2020\" class=\"read-more\" href=\"https:\/\/isfd52-bue.infd.edu.ar\/sitio\/matriculacion-cursada-2020\/\" aria-label=\"More on MATRICULACI\u00d3N CURSADA 2020\">[+]<\/a><\/p>\n","protected":false},"author":484,"featured_media":0,"parent":0,"menu_order":0,"comment_status":"closed","ping_status":"closed","template":"","meta":[],"acf":[],"_links":{"self":[{"href":"https:\/\/isfd52-bue.infd.edu.ar\/sitio\/wp-json\/wp\/v2\/pages\/3022"}],"collection":[{"href":"https:\/\/isfd52-bue.infd.edu.ar\/sitio\/wp-json\/wp\/v2\/pages"}],"about":[{"href":"https:\/\/isfd52-bue.infd.edu.ar\/sitio\/wp-json\/wp\/v2\/types\/page"}],"author":[{"embeddable":true,"href":"https:\/\/isfd52-bue.infd.edu.ar\/sitio\/wp-json\/wp\/v2\/users\/484"}],"replies":[{"embeddable":true,"href":"https:\/\/isfd52-bue.infd.edu.ar\/sitio\/wp-json\/wp\/v2\/comments?post=3022"}],"version-history":[{"count":24,"href":"https:\/\/isfd52-bue.infd.edu.ar\/sitio\/wp-json\/wp\/v2\/pages\/3022\/revisions"}],"predecessor-version":[{"id":3852,"href":"https:\/\/isfd52-bue.infd.edu.ar\/sitio\/wp-json\/wp\/v2\/pages\/3022\/revisions\/3852"}],"wp:attachment":[{"href":"https:\/\/isfd52-bue.infd.edu.ar\/sitio\/wp-json\/wp\/v2\/media?parent=3022"}],"curies":[{"name":"wp","href":"https:\/\/api.w.org\/{rel}","templated":true}]}}