{"id":2787,"date":"2019-12-02T00:12:05","date_gmt":"2019-12-02T03:12:05","guid":{"rendered":"https:\/\/isfd52-bue.infd.edu.ar\/sitio\/?page_id=2787"},"modified":"2019-12-02T00:12:05","modified_gmt":"2019-12-02T03:12:05","slug":"acta-consejo-regional-de-directores-13-de-noviembre-de-2019","status":"publish","type":"page","link":"https:\/\/isfd52-bue.infd.edu.ar\/sitio\/acta-consejo-regional-de-directores-13-de-noviembre-de-2019\/","title":{"rendered":"Acta Consejo Regional de Directores &#8211; 13 de Noviembre de 2019"},"content":{"rendered":"<p><strong>Reuni\u00f3n de Consejo Regional de Directores \u2013 Regi\u00f3n VI<\/strong><\/p>\n<p style=\"font-weight: 400; text-align: right;\">San Fernando 13 de noviembre de 2019<\/p>\n<p style=\"font-weight: 400;\">En el d\u00eda de la fecha en la sede del ISFT N\u00ba 217 se re\u00fane el Consejo de Directores de Institutos Superiores de Regi\u00f3n VI. Se encuentran presentes:<\/p>\n<p style=\"font-weight: 400;\">Mariano Bonola (D. ISFT N\u00ba 217)<\/p>\n<p style=\"font-weight: 400;\">Claudio Glejzer (D. ISFDyT 140)<\/p>\n<p style=\"font-weight: 400;\">Sandra Su\u00e1rez (D. ISFD 52)<\/p>\n<p style=\"font-weight: 400;\">Juliana Dobal (D. ISFT 220)<\/p>\n<p style=\"font-weight: 400;\">Luis Bidegain (D. ISFD 77)<\/p>\n<p style=\"font-weight: 400;\">Mar\u00eda Laura Ruiz (ISFT 199)<\/p>\n<p style=\"font-weight: 400;\">Isabel Vazquez (VD ISFD 52)<\/p>\n<p style=\"font-weight: 400;\">Daniel Bustos (VD ISFD 39)<\/p>\n<p style=\"font-weight: 400;\">Se acuerda participar de la Feria \u201cOrient\u00e1 tu carrera\u201d el d\u00eda Martes 19 en la sede del ISFD N\u00aa 117.<\/p>\n<p style=\"font-weight: 400;\">Sandra Su\u00e1rez socializa la posibilidad de un curso de Rob\u00f2tica para la Regi\u00f3n propuestos por la Pcia. de Buenos Aires. Enviar\u00e1 m\u00e1s informaci\u00f3n cuando tenga precisiones. Se dialoga sobre las dificultades de implementar el curso en esta etapa.<\/p>\n<p style=\"font-weight: 400;\">En el desarrollo de la reuni\u00f3n se inform\u00f3 via telef\u00f3nica que la sede ser\u00e1 en el 77 el d\u00eda 20 de noviembre a las 18,30 hs.<\/p>\n<p style=\"font-weight: 400;\">Cronograma 2020<\/p>\n<p style=\"font-weight: 400;\">Reintegro 11 de febrero.<\/p>\n<p style=\"font-weight: 400;\">Mesas a partir del 17 de febrero<\/p>\n<p style=\"font-weight: 400;\">Reuniones Plenarias:<\/p>\n<p style=\"font-weight: 400;\">140 \u2013 13 de febrero<\/p>\n<p style=\"font-weight: 400;\">220 \u2013 17 de febrero<\/p>\n<p style=\"font-weight: 400;\">77 \u2013 7 de marzo<\/p>\n<p style=\"font-weight: 400;\">39 \u2013 29 de febrero<\/p>\n<p style=\"font-weight: 400;\">52 \u2013 14 de febrero<\/p>\n<p style=\"font-weight: 400;\">199 \u2013 20 de febrero<\/p>\n<p style=\"font-weight: 400;\">Curso o taller inicial cronograma seg\u00fan cada ISFD a partir del 2 de marzo.<\/p>\n<p style=\"font-weight: 400;\">Mesas mayo semana del 18<\/p>\n<p style=\"font-weight: 400;\">Sobre el curso de inicio, al no haber precisiones al d\u00eda de la fecha sobre modalidades por parte del nivel central, se acuerda un formato semipresencial con acento en Alfabetizaci\u00f3n Acad\u00e9mica Inicial de 2 o 3 semanas.<\/p>\n<p style=\"font-weight: 400;\">Inicio de clases a partir del 25 de marzo a definir por\u00a0\u00a0cada Instituto<\/p>\n<p style=\"font-weight: 400;\">Ante las comunicaciones telef\u00f3nicas a ISFDs se proceder\u00e1 a la inscripci\u00f3n en cada instituto. En el caso de los ISFT se inform\u00f3 que se realizar\u00e1 adem\u00e1s la inscripci\u00f3n en la p\u00e1gina abc.gob.ar.<\/p>\n<p style=\"font-weight: 400;\">La Sra. Su\u00e1rez manifiesta preocupaci\u00f3n ya que en la oferta del ISFD 52 no se consigna un curso\/comisi\u00f3n del Prof. de Ingl\u00e9s. Que ha presentado solicitud de revisi\u00f3n de ello y que la Insp. Sim\u00f3n v\u00eda telef\u00f3nica le inform\u00f3 que fue elevado a nivel central. El consejo acompa\u00f1a a la Prof. Su\u00e1rez en el reclamo por la\u00a0regularizaci\u00f3n\u00a0de la situaci\u00f3n y la contiunidad de la comisi\u00f3n \u201cC\u201d dado que los profesores est\u00e1n designados y hay demanda en la inscripci\u00f3n.<\/p>\n<p style=\"font-weight: 400;\">Juliana Dobal informa sobre la apertura de un nuevo instituto conveniado (ISFD N\u00ba 229) que dictar\u00e1 la carrera \u201cProfesorado ETP en conjunci\u00f3n con el titulo de base\u201dmodalidad virtual. En funci\u00f3n de ello el consejo rechaza la toma de decisiones a nivel central sin considerar la funci\u00f3n que por normativa se le confiere de analizar y aprobar la oferta educativa para la regi\u00f3n. Dicha situaci\u00f3n genera preocupaci\u00f3n y malestar debido a que no es la primera vez que ocurre.<\/p>\n<p style=\"font-weight: 400;\">El consejo queda a la espera de informaci\u00f3n oficial sobre la apertura del ISFD 229 para dar tratamiento en nuevas sesiones.<\/p>\n<p style=\"font-weight: 400;\">El ISFD N\u00ba 52 solicitar\u00e1 con acuerdo de este consejo la apertura de \u201cProfesorado de Educaci\u00f3n Secundaria de la modalidad tecnico profesional en concurrencia con t\u00edtulo de base\u201d.<\/p>\n<p style=\"font-weight: 400;\">Manifestamos preocupaci\u00f3n por las dificultades de cobro por parte de equipos directivos de la regi\u00f3n.<\/p>\n<p style=\"font-weight: 400;\">Por una cuesti\u00f3n de fluidez de comunicaci\u00f3n se acuerda que s\u00f3lo permanecer\u00e1n en el grupo de Whatsapp aquellos y aquellas que tienen cargos directivos en funciones.<\/p>\n<p style=\"font-weight: 400;\">Por \u00faltimo se reafirma la preocupaci\u00f3n sobre el funcionamiento irregular actual del Consejo Provincial de Educaci\u00f3n Superior y de avance sobre las funciones de los Regionales y solicitar\u00e1 a la pr\u00f3xima gesti\u00f3n normalizar la situaci\u00f3n.<\/p>\n","protected":false},"excerpt":{"rendered":"<p>Reuni\u00f3n de Consejo Regional de Directores \u2013 Regi\u00f3n VI San Fernando 13 de noviembre de 2019 En el d\u00eda de la fecha en la sede del ISFT N\u00ba 217 se re\u00fane el Consejo de Directores de Institutos Superiores de Regi\u00f3n VI. Se encuentran presentes: Mariano Bonola (D. ISFT N\u00ba 217) Claudio Glejzer (D. ISFDyT 140) &#8230; <a title=\"Acta Consejo Regional de Directores &#8211; 13 de Noviembre de 2019\" class=\"read-more\" href=\"https:\/\/isfd52-bue.infd.edu.ar\/sitio\/acta-consejo-regional-de-directores-13-de-noviembre-de-2019\/\" aria-label=\"More on Acta Consejo Regional de Directores &#8211; 13 de Noviembre de 2019\">[+]<\/a><\/p>\n","protected":false},"author":484,"featured_media":0,"parent":0,"menu_order":0,"comment_status":"closed","ping_status":"closed","template":"","meta":[],"acf":[],"_links":{"self":[{"href":"https:\/\/isfd52-bue.infd.edu.ar\/sitio\/wp-json\/wp\/v2\/pages\/2787"}],"collection":[{"href":"https:\/\/isfd52-bue.infd.edu.ar\/sitio\/wp-json\/wp\/v2\/pages"}],"about":[{"href":"https:\/\/isfd52-bue.infd.edu.ar\/sitio\/wp-json\/wp\/v2\/types\/page"}],"author":[{"embeddable":true,"href":"https:\/\/isfd52-bue.infd.edu.ar\/sitio\/wp-json\/wp\/v2\/users\/484"}],"replies":[{"embeddable":true,"href":"https:\/\/isfd52-bue.infd.edu.ar\/sitio\/wp-json\/wp\/v2\/comments?post=2787"}],"version-history":[{"count":1,"href":"https:\/\/isfd52-bue.infd.edu.ar\/sitio\/wp-json\/wp\/v2\/pages\/2787\/revisions"}],"predecessor-version":[{"id":2788,"href":"https:\/\/isfd52-bue.infd.edu.ar\/sitio\/wp-json\/wp\/v2\/pages\/2787\/revisions\/2788"}],"wp:attachment":[{"href":"https:\/\/isfd52-bue.infd.edu.ar\/sitio\/wp-json\/wp\/v2\/media?parent=2787"}],"curies":[{"name":"wp","href":"https:\/\/api.w.org\/{rel}","templated":true}]}}