{"id":2562,"date":"2019-10-02T18:52:33","date_gmt":"2019-10-02T21:52:33","guid":{"rendered":"https:\/\/isfd52-bue.infd.edu.ar\/sitio\/?page_id=2562"},"modified":"2019-10-02T18:52:33","modified_gmt":"2019-10-02T21:52:33","slug":"acta-consejo-regional-de-directores-2-de-octubre-de-2019","status":"publish","type":"page","link":"https:\/\/isfd52-bue.infd.edu.ar\/sitio\/acta-consejo-regional-de-directores-2-de-octubre-de-2019\/","title":{"rendered":"Acta Consejo Regional de Directores &#8211; 2 de Octubre de 2019"},"content":{"rendered":"<p><strong>Reuni\u00f3n de Consejo Regional de Directores \u2013 Regi\u00f3n VI<\/strong><\/p>\n<p style=\"text-align: right;\">\u00a0San Fernando 2 de Octubre de 2019<\/p>\n<p>En el d\u00eda de la fecha en la sede del ISFD N\u00ba 217 se re\u00fane en Consejo Regional de Educaci\u00f3n Superior (Regi\u00f3n VI) con a presencia de Sandra Su\u00e1rez (Dir. Del ISFD N\u00ba 52), Karina Petrasso (Reg. ISFD N\u00ba 117 y 140), Silvia L\u00f3pez (Dir ISFD N\u00ba 117), Luis Bidegain (Dir ISFD N\u00ba 77), Juliana Dobal (Dir ISFT N\u00ba 220) \u00c1gata Converti (Reg. ISFD N\u00ba 39), Daniel Bustos (VD ISFD N\u00ba 39), Mariano Bonola (Dir ISFT N\u00ba 217), Claudio Glejzer (Dir ISFD N\u00ba 140), Isabel L\u00f3pez (VD ISFD N\u00ba 52)<\/p>\n<p>&nbsp;<\/p>\n<p>Oferta Educativa<\/p>\n<p>Dado que a la fecha no se ha recibido comunicaci\u00f3n por parte de la DES respecto a Oferta 2020 se resuelve comenzar a difundir las carreras de acuerdo a la oferta presentada.<\/p>\n<p>Sandra Suarez plantea preocupaci\u00f3n por falta de informaci\u00f3n sobre probable apertura de dos tecnicaturas en el distrito de San Isidro. La Sra. Suarez tom\u00f3 conocimiento de ello en reuni\u00f3n con una Directora de Secundaria y las inspectoras de T\u00e9cnica y Distrital desconoc\u00edan la situaci\u00f3n. Como Consejo se extiende la preocupaci\u00f3n por no estar incluidos en estas decisiones siendo competencia propia para el tratamiento de oferta de carreras.<\/p>\n<p>El Consejo avala a la Sra. Suarez a que solicite por escrito informaci\u00f3n sobre esta situaci\u00f3n a la Inspectora Jefa Distrital con copia a Inspectora Jefa Regional.<\/p>\n<p>&nbsp;<\/p>\n<p>Salidas Educativa<\/p>\n<p>Ante las numerosas dificultades que ocurrieron en la presentaci\u00f3n de Salidas Educativas el Consejo manifiesta preocupaci\u00f3n por las trabas burocr\u00e1ticas que implica el tr\u00e1mite. Se discuten alternativas posibles en funci\u00f3n del an\u00e1lisis de la normativa.<\/p>\n<p>Se nota que esta situaci\u00f3n desalienta posibles salidas privando a los estudiantes de experiencias formativas valiosas.<\/p>\n<p>Se acuerda que es necesario avanzar hacia procedimientos que reconozcan la especificidad del nivel, la responsabilidad propia al tratarse de estudiantes adultos aut\u00f3nomos y reduzcan la burocracia.<\/p>\n<p>Una posibilidad es presentar anualmente un listado y\/o padr\u00f3n de estudiantes matriculados de modo que queden registrados para cobertura de seguro en todas las salidas del ciclo y no sea necesario presentar documentaci\u00f3n para cada situaci\u00f3n.<\/p>\n<p>&nbsp;<\/p>\n<p>EnCaHIn<\/p>\n<p>Se evalu\u00f3 la experiencia del Encuentro 2019 que resulto sumamente exitosa. Se informa que la edici\u00f3n 2020 se realizar\u00e1 en el ISFD N\u00ba 77. En virtud de analizar las tem\u00e1ticas mas relevantes se identificaron Educaci\u00f3n especial en relaci\u00f3n a Inclusi\u00f3n y Educaci\u00f3n Sexual Integral.<\/p>\n<p>En funci\u00f3n de ello se acuerda implementar dos semanas tem\u00e1ticas para trabajos en la regi\u00f3n quedando:<\/p>\n<p>Primera semana de junio: Inclusi\u00f3n educativa<\/p>\n<p>Primera semana de septiembre: Educaci\u00f3n Sexual Integral<\/p>\n<p>Enmarcado en la idea de pedagog\u00eda intinerante.<\/p>\n<p>&nbsp;<\/p>\n<p>Ingreso 2020<\/p>\n<p>Se comienza a partir de esta semana la difusi\u00f3n de acciones institucionales para preinscripci\u00f3n 2020. Se acuerda a comenzar a realizar contacto con aspirantes que luego realicen los requerimientos que a nivel provincial de pauten.<\/p>\n<p>&nbsp;<\/p>\n<p>Situaci\u00f3n de Consejo Provincial<\/p>\n<p>No se registran novedades de convocatoria a sesionar. Continuamos con la preocupaci\u00f3n por la dilaci\u00f3n de su funcionamiento.<\/p>\n<p>&nbsp;<\/p>\n<p>Materias sin cubrir<\/p>\n<p>Se plantean situaciones de materias que por diversas situaciones no se cubrieron en gran parte del a\u00f1o. El Consejo establece como posibilidades:<\/p>\n<p>Que los estudiantes pasen a situaci\u00f3n de cursada libre.<\/p>\n<p>Se otorgue un trayecto especial no presencial o semi-presencial con evaluaci\u00f3n acorde al formato con posibilidad de extensi\u00f3n a marzo del a\u00f1o siguiente con oferta de complementar al a\u00f1o siguiente como estudiante oyente en la materia.<\/p>\n<p>Los institutos evaluaran oportunamente la inclusi\u00f3n de lo anterior en los respectivos RAI.<\/p>\n<p>&nbsp;<\/p>\n<p>Boleto Educativo<\/p>\n<p>Continuamos con la preocupaci\u00f3n por la no implementaci\u00f3n del boleto educativo.<\/p>\n<p>&nbsp;<\/p>\n<p>Acuerdos de articulaci\u00f3n de carreras con tronco com\u00fan<\/p>\n<p>El acuerdo establecido para las carreras de Profesorados de Historia, Geograf\u00eda, Biolog\u00eda y Qu\u00edmica entre los ISFD N\u00ba 39 y 117 se suma el ISFD N\u00ba 140 con sus profesorados de Biolog\u00eda y F\u00edsica. Para este \u00faltimo se ajustar\u00e1 en un trabajo entre las instituciones.<\/p>\n<p>&nbsp;<\/p>\n<p>Se avanzar\u00e1 en el dise\u00f1o de un proyecto en el que para los espacios de definici\u00f3n institucional y trayectos formativos opciones a partir de los cuales los estudiantes puedan elegir espacios curriculares en otras carreras del mismo u otro instituto que permita acreditar esos espacios enriqueciendo su participaci\u00f3n en el dise\u00f1o de sus trayectorias.<\/p>\n<p>&nbsp;<\/p>\n<p>Se socializan las actividades de los institutos de inter\u00e9s en lo que resta del a\u00f1o:<\/p>\n<p>ISFD N\u00ba 117 &#8211; Muestra anual Expo-Artigas a confirmar 6 u 8 de noviembre<\/p>\n<p>7\/10 primera jornada de qu\u00edmica &#8211; 11\/10 Festival Solidario<\/p>\n<p>ISFD N\u00ba 52 &#8211; Muestra anual de profesorado y tecnicatura<\/p>\n<p>ISFD N\u00ba 140 &#8211; 17 de octubre Jornada de ESI<\/p>\n<p>&nbsp;<\/p>\n<p>Se fija como fecha para pr\u00f3xima reuni\u00f3n el mi\u00e9rcoles 13 de noviembre<\/p>\n","protected":false},"excerpt":{"rendered":"<p>Reuni\u00f3n de Consejo Regional de Directores \u2013 Regi\u00f3n VI \u00a0San Fernando 2 de Octubre de 2019 En el d\u00eda de la fecha en la sede del ISFD N\u00ba 217 se re\u00fane en Consejo Regional de Educaci\u00f3n Superior (Regi\u00f3n VI) con a presencia de Sandra Su\u00e1rez (Dir. Del ISFD N\u00ba 52), Karina Petrasso (Reg. ISFD N\u00ba &#8230; <a title=\"Acta Consejo Regional de Directores &#8211; 2 de Octubre de 2019\" class=\"read-more\" href=\"https:\/\/isfd52-bue.infd.edu.ar\/sitio\/acta-consejo-regional-de-directores-2-de-octubre-de-2019\/\" aria-label=\"More on Acta Consejo Regional de Directores &#8211; 2 de Octubre de 2019\">[+]<\/a><\/p>\n","protected":false},"author":484,"featured_media":0,"parent":0,"menu_order":0,"comment_status":"closed","ping_status":"closed","template":"","meta":[],"acf":[],"_links":{"self":[{"href":"https:\/\/isfd52-bue.infd.edu.ar\/sitio\/wp-json\/wp\/v2\/pages\/2562"}],"collection":[{"href":"https:\/\/isfd52-bue.infd.edu.ar\/sitio\/wp-json\/wp\/v2\/pages"}],"about":[{"href":"https:\/\/isfd52-bue.infd.edu.ar\/sitio\/wp-json\/wp\/v2\/types\/page"}],"author":[{"embeddable":true,"href":"https:\/\/isfd52-bue.infd.edu.ar\/sitio\/wp-json\/wp\/v2\/users\/484"}],"replies":[{"embeddable":true,"href":"https:\/\/isfd52-bue.infd.edu.ar\/sitio\/wp-json\/wp\/v2\/comments?post=2562"}],"version-history":[{"count":1,"href":"https:\/\/isfd52-bue.infd.edu.ar\/sitio\/wp-json\/wp\/v2\/pages\/2562\/revisions"}],"predecessor-version":[{"id":2563,"href":"https:\/\/isfd52-bue.infd.edu.ar\/sitio\/wp-json\/wp\/v2\/pages\/2562\/revisions\/2563"}],"wp:attachment":[{"href":"https:\/\/isfd52-bue.infd.edu.ar\/sitio\/wp-json\/wp\/v2\/media?parent=2562"}],"curies":[{"name":"wp","href":"https:\/\/api.w.org\/{rel}","templated":true}]}}