{"id":2505,"date":"2019-09-27T18:11:52","date_gmt":"2019-09-27T21:11:52","guid":{"rendered":"https:\/\/isfd52-bue.infd.edu.ar\/sitio\/?page_id=2505"},"modified":"2019-09-27T18:32:39","modified_gmt":"2019-09-27T21:32:39","slug":"jornada-del-profesorado-de-ingles-28-de-septiembre-de-2019","status":"publish","type":"page","link":"https:\/\/isfd52-bue.infd.edu.ar\/sitio\/jornada-del-profesorado-de-ingles-28-de-septiembre-de-2019\/","title":{"rendered":"Profesorado de Ingl\u00e9s: 3\u00aa Jornada de Actualizaci\u00f3n Docente &#8211; 28 de septiembre de 2019"},"content":{"rendered":"<h5 style=\"text-align: center;\" align=\"center\"><strong>Instituto Superior de Formaci\u00f3n Docente N\u00ba\u00a0 52<\/strong><\/h5>\n<h2 style=\"text-align: center;\" align=\"center\"><strong>\u00abMaestro Francisco Isauro\u00a0 Arancibia\u00bb<\/strong><\/h2>\n<h3 style=\"text-align: center;\" align=\"center\">Proyecto institucional:<\/h3>\n<h2 style=\"text-align: center;\" align=\"center\"><strong>\u00abHacia una nueva Pedagog\u00eda de la Formaci\u00f3n:<\/strong><\/h2>\n<p style=\"text-align: center;\" align=\"center\"><em><b>Propuestas para el desarrollo profesional docente aut\u00f3nomo\u00bb<\/b><\/em><\/p>\n<h3 style=\"text-align: center;\" align=\"center\">TEACHING ENGLISH MATTERS<\/h3>\n<p><img decoding=\"async\" loading=\"lazy\" class=\"wp-image-2508 aligncenter\" src=\"https:\/\/isfd52-bue.infd.edu.ar\/sitio\/wp-content\/uploads\/2019\/09\/WhatsApp-Image-2019-09-27-at-08.05.31.jpeg\" alt=\"\" width=\"428\" height=\"605\" \/><\/p>\n<hr \/>\n<p><img decoding=\"async\" loading=\"lazy\" class=\"wp-image-2506 aligncenter\" src=\"https:\/\/isfd52-bue.infd.edu.ar\/sitio\/wp-content\/uploads\/2019\/09\/WhatsApp-Image-2019-09-27-at-08.05.31-1.jpeg\" alt=\"\" width=\"423\" height=\"598\" \/><\/p>\n<hr \/>\n<p><img decoding=\"async\" loading=\"lazy\" class=\"wp-image-2509 aligncenter\" src=\"https:\/\/isfd52-bue.infd.edu.ar\/sitio\/wp-content\/uploads\/2019\/09\/WhatsApp-Image-2019-09-27-at-08.05.32.jpeg\" alt=\"\" width=\"365\" height=\"516\" \/><\/p>\n<hr \/>\n<p><img decoding=\"async\" loading=\"lazy\" class=\"wp-image-2507 aligncenter\" src=\"https:\/\/isfd52-bue.infd.edu.ar\/sitio\/wp-content\/uploads\/2019\/09\/WhatsApp-Image-2019-09-27-at-08.05.31-2-707x1000.jpeg\" alt=\"\" width=\"401\" height=\"567\" srcset=\"https:\/\/isfd52-bue.infd.edu.ar\/sitio\/wp-content\/uploads\/2019\/09\/WhatsApp-Image-2019-09-27-at-08.05.31-2-707x1000.jpeg 707w, https:\/\/isfd52-bue.infd.edu.ar\/sitio\/wp-content\/uploads\/2019\/09\/WhatsApp-Image-2019-09-27-at-08.05.31-2.jpeg 720w\" sizes=\"(max-width: 401px) 100vw, 401px\" \/><\/p>\n<p style=\"text-align: center;\" align=\"center\"><span style=\"font-size: 10.0pt;\">Se otorgar\u00e1n certificados de asistencia y participaci\u00f3n.<\/span><\/p>\n<p align=\"center\">S\u00e1bado 28 de Septiembre de 2019<\/p>\n<p style=\"text-align: center;\" align=\"center\"><span style=\"font-size: 10.0pt;\">Lugar: Rivadavia 349, San Isidro<\/span><\/p>\n<p align=\"center\">\n","protected":false},"excerpt":{"rendered":"<p>Instituto Superior de Formaci\u00f3n Docente N\u00ba\u00a0 52 \u00abMaestro Francisco Isauro\u00a0 Arancibia\u00bb Proyecto institucional: \u00abHacia una nueva Pedagog\u00eda de la Formaci\u00f3n: Propuestas para el desarrollo profesional docente aut\u00f3nomo\u00bb TEACHING ENGLISH MATTERS Se otorgar\u00e1n certificados de asistencia y participaci\u00f3n. S\u00e1bado 28 de Septiembre de 2019 Lugar: Rivadavia 349, San Isidro<\/p>\n","protected":false},"author":484,"featured_media":0,"parent":0,"menu_order":0,"comment_status":"closed","ping_status":"closed","template":"","meta":[],"acf":[],"_links":{"self":[{"href":"https:\/\/isfd52-bue.infd.edu.ar\/sitio\/wp-json\/wp\/v2\/pages\/2505"}],"collection":[{"href":"https:\/\/isfd52-bue.infd.edu.ar\/sitio\/wp-json\/wp\/v2\/pages"}],"about":[{"href":"https:\/\/isfd52-bue.infd.edu.ar\/sitio\/wp-json\/wp\/v2\/types\/page"}],"author":[{"embeddable":true,"href":"https:\/\/isfd52-bue.infd.edu.ar\/sitio\/wp-json\/wp\/v2\/users\/484"}],"replies":[{"embeddable":true,"href":"https:\/\/isfd52-bue.infd.edu.ar\/sitio\/wp-json\/wp\/v2\/comments?post=2505"}],"version-history":[{"count":8,"href":"https:\/\/isfd52-bue.infd.edu.ar\/sitio\/wp-json\/wp\/v2\/pages\/2505\/revisions"}],"predecessor-version":[{"id":2527,"href":"https:\/\/isfd52-bue.infd.edu.ar\/sitio\/wp-json\/wp\/v2\/pages\/2505\/revisions\/2527"}],"wp:attachment":[{"href":"https:\/\/isfd52-bue.infd.edu.ar\/sitio\/wp-json\/wp\/v2\/media?parent=2505"}],"curies":[{"name":"wp","href":"https:\/\/api.w.org\/{rel}","templated":true}]}}