{"id":2368,"date":"2019-06-19T16:31:01","date_gmt":"2019-06-19T19:31:01","guid":{"rendered":"https:\/\/isfd52-bue.infd.edu.ar\/sitio\/?page_id=2368"},"modified":"2019-06-19T16:31:01","modified_gmt":"2019-06-19T19:31:01","slug":"acta-del-19-de-junio-de-2019","status":"publish","type":"page","link":"https:\/\/isfd52-bue.infd.edu.ar\/sitio\/acta-del-19-de-junio-de-2019\/","title":{"rendered":"Acta del 19 de junio de 2019"},"content":{"rendered":"<div style=\"text-align: center;\"><b>Reuni\u00f3n Consejo Directores Regi\u00f3n 6<\/b><\/div>\n<div style=\"text-align: center;\"><\/div>\n<div style=\"text-align: center;\"><b>Acta del 19 de junio de 2019<\/b><\/div>\n<div style=\"text-align: center;\">\n<div>Presentes: Luis Bidegain (director ISFD 39), Daniel Bustos (Vicedirector ISFD 39) , Mariano Bonola (director ISFT 217), Arsenio Gonzalez (regente del\u00a0 ISFT 199), Juliana Dobal (directora ISFT 220) Roberto Rossenblum (director ISFDyT 52), Sandra Saint Paul (secretaria ISFDyT 140), Claudio Glajzer (vicedirector ISFD 117)<\/div>\n<div><b>\u00a0<\/b><\/div>\n<div><b>Temario<\/b><\/div>\n<div><\/div>\n<div><\/div>\n<div><b>\u00a0<\/b><\/div>\n<div><b>CUPOF<\/b><\/div>\n<div>Bidegain plantea que no se cubrieron m\u00f3dulos de las diferencias entre la cantidad prevista por el anterior y actual DC de las carreras de Lengua y Matem\u00e1tica. Tampoco le han llegado los CUPOF para la apertura del segundo cuatrimestre del Trayecto de Formaci\u00f3n Pedag\u00f3gica para secundaria.<\/div>\n<div>Doval comenta que han recibido los CUPOF por crecimiento vegetativo.<\/div>\n<div>Rossenblum expresa que le ha llegado al instituto los CUPOF para la apertura de Pimero C del Profesorado de Ingl\u00e9s, lo que permite desdoblar los cursos con mayor hacinamiento en las aulas por exceso de matricula en cada materias. Por otra parte, a\u00fan no se ha\u00a0 recibido los CUPOF de los desdoblamientos solicitados para el Profesorado de Ingl\u00e9s en materias de 2do, 3er y 4to a\u00f1o.<\/div>\n<div><\/div>\n<div><\/div>\n<div><b>Oferta acad\u00e9mica regional 2020<\/b><\/div>\n<div>En funci\u00f3n lo estipulado en el Calendario Acad\u00e9mico 2019 se elabora el siguiente plan de acci\u00f3n que llevar\u00e1n adelante los institutos en el tratamiento de oferta acad\u00e9mica para el Ciclo Lectivo 2020:<\/div>\n<div>&#8211; Presentaci\u00f3n y an\u00e1lisis de propuestas en los CAI: mes de julio &#8211; primera quincena de agosto<\/div>\n<div>&#8211; Reuni\u00f3n de Consejo Regional de Directores para analizar y acordar la Oferta acad\u00e9mica regional: segunda quincena de agosto<\/div>\n<div>&#8211; Presentaci\u00f3n de las ofertas a las jefaturas distritales y jefatura regional para su firma y aval: Primera semana de setiembre<\/div>\n<div><\/div>\n<div><\/div>\n<div><b>SUNA<\/b><\/div>\n<div>Se reitera el planteo de las dificultades que se generan en la carga de novedades en el SUNA. Sumado a esto sucede que las SAD no cargan en tiempo y forma las altas y ceses en superior. Esto ocasiona innumerables problemas para el normal cobro de los salarios de los docentes.<\/div>\n<div><\/div>\n<div><b>Boleto Estudiantil<\/b><\/div>\n<div><\/div>\n<div>Bidegain y Rossenblum comentan que se realiz\u00f3 el viernes 14 de junio una masiva marcha por el Boleto estudiantil terciario en la provincia de Buenos Aires, a\u00fan no hay respuesta por parte de las autoridades provinciales.<\/div>\n<div>Los directores coinciden en la urgencia de la implementaci\u00f3n del boleto debido a la situaci\u00f3n econ\u00f3mica que afecta a las trayectorias y continuidad pedag\u00f3gica de la mayor\u00eda de los estudiantes de los institutos.<\/div>\n<div><b>\u00a0<\/b><\/div>\n<div><\/div>\n<\/div>\n<div><b>Pr\u00f3ximo encuentro<\/b>: mi\u00e9rcoles 28 de agosto de 2019 a las 13 hs en el ISFT 217 de San Fernando<\/div>\n","protected":false},"excerpt":{"rendered":"<p>Reuni\u00f3n Consejo Directores Regi\u00f3n 6 Acta del 19 de junio de 2019 Presentes: Luis Bidegain (director ISFD 39), Daniel Bustos (Vicedirector ISFD 39) , Mariano Bonola (director ISFT 217), Arsenio Gonzalez (regente del\u00a0 ISFT 199), Juliana Dobal (directora ISFT 220) Roberto Rossenblum (director ISFDyT 52), Sandra Saint Paul (secretaria ISFDyT 140), Claudio Glajzer (vicedirector ISFD &#8230; <a title=\"Acta del 19 de junio de 2019\" class=\"read-more\" href=\"https:\/\/isfd52-bue.infd.edu.ar\/sitio\/acta-del-19-de-junio-de-2019\/\" aria-label=\"More on Acta del 19 de junio de 2019\">[+]<\/a><\/p>\n","protected":false},"author":477,"featured_media":0,"parent":0,"menu_order":0,"comment_status":"closed","ping_status":"closed","template":"","meta":[],"acf":[],"_links":{"self":[{"href":"https:\/\/isfd52-bue.infd.edu.ar\/sitio\/wp-json\/wp\/v2\/pages\/2368"}],"collection":[{"href":"https:\/\/isfd52-bue.infd.edu.ar\/sitio\/wp-json\/wp\/v2\/pages"}],"about":[{"href":"https:\/\/isfd52-bue.infd.edu.ar\/sitio\/wp-json\/wp\/v2\/types\/page"}],"author":[{"embeddable":true,"href":"https:\/\/isfd52-bue.infd.edu.ar\/sitio\/wp-json\/wp\/v2\/users\/477"}],"replies":[{"embeddable":true,"href":"https:\/\/isfd52-bue.infd.edu.ar\/sitio\/wp-json\/wp\/v2\/comments?post=2368"}],"version-history":[{"count":1,"href":"https:\/\/isfd52-bue.infd.edu.ar\/sitio\/wp-json\/wp\/v2\/pages\/2368\/revisions"}],"predecessor-version":[{"id":2369,"href":"https:\/\/isfd52-bue.infd.edu.ar\/sitio\/wp-json\/wp\/v2\/pages\/2368\/revisions\/2369"}],"wp:attachment":[{"href":"https:\/\/isfd52-bue.infd.edu.ar\/sitio\/wp-json\/wp\/v2\/media?parent=2368"}],"curies":[{"name":"wp","href":"https:\/\/api.w.org\/{rel}","templated":true}]}}