{"id":2358,"date":"2019-06-04T18:08:51","date_gmt":"2019-06-04T21:08:51","guid":{"rendered":"https:\/\/isfd52-bue.infd.edu.ar\/sitio\/?page_id=2358"},"modified":"2019-06-04T18:35:34","modified_gmt":"2019-06-04T21:35:34","slug":"presentacion-del-libro-juntos-por-los-fines-para-la-inclusion-de-delia-mendez-sabado-8-de-junio-de-2019","status":"publish","type":"page","link":"https:\/\/isfd52-bue.infd.edu.ar\/sitio\/presentacion-del-libro-juntos-por-los-fines-para-la-inclusion-de-delia-mendez-sabado-8-de-junio-de-2019\/","title":{"rendered":"Presentaci\u00f3n del libro: \u201cJuntos por los FinEs para la Inclusi\u00f3n\u201d de Delia M\u00e9ndez &#8211; S\u00e1bado 8 de junio de 2019"},"content":{"rendered":"<p style=\"text-align: center;\">ISFDyT 52: Proyecto \u201cHacia una Nueva Pedagog\u00eda de la Formaci\u00f3n: propuestas para el desarrollo profesional docente aut\u00f3nomo\u201d<\/p>\n<p style=\"text-align: center;\">Presentaci\u00f3n del libro: \u201cJuntos por los FinEs para la Inclusi\u00f3n\u201d de Delia M\u00e9ndez &#8211;<\/p>\n<p style=\"text-align: center;\">S\u00e1bado 8 de junio de 2019<\/p>\n<p><img decoding=\"async\" loading=\"lazy\" class=\"alignnone size-medium wp-image-2359\" src=\"https:\/\/isfd52-bue.infd.edu.ar\/sitio\/wp-content\/uploads\/2019\/06\/Libro-FINES-s\u00e1bado-8-de-junio-707x1000.jpg\" alt=\"\" width=\"707\" height=\"1000\" srcset=\"https:\/\/isfd52-bue.infd.edu.ar\/sitio\/wp-content\/uploads\/2019\/06\/Libro-FINES-s\u00e1bado-8-de-junio-707x1000.jpg 707w, https:\/\/isfd52-bue.infd.edu.ar\/sitio\/wp-content\/uploads\/2019\/06\/Libro-FINES-s\u00e1bado-8-de-junio-768x1087.jpg 768w, https:\/\/isfd52-bue.infd.edu.ar\/sitio\/wp-content\/uploads\/2019\/06\/Libro-FINES-s\u00e1bado-8-de-junio.jpg 793w\" sizes=\"(max-width: 707px) 100vw, 707px\" \/><\/p>\n<h5 style=\"text-align: center;\"><strong>Entrada libre, no requiere inscripci\u00f3n previa<\/strong><\/h5>\n<h5 style=\"text-align: center;\"><strong>Actividad avalada por el Consejo Regional de Directores de la regi\u00f3n 6<\/strong><\/h5>\n<h5 style=\"text-align: center;\"><strong>Se otorgar\u00e1n certificados de asistencia y participaci\u00f3n<\/strong><\/h5>\n<h5 style=\"text-align: center;\"><strong>S\u00e1bado\u00a0 8 de junio 10.00 hs<\/strong><\/h5>\n<h5 style=\"text-align: center;\"><strong>Lugar: Rivadavia 349, San Isidro<\/strong><\/h5>\n<h5 style=\"text-align: center;\"><strong>Consultas:\u00a0pedagogiadelaformacion52@gmail.com<\/strong><\/h5>\n","protected":false},"excerpt":{"rendered":"<p>ISFDyT 52: Proyecto \u201cHacia una Nueva Pedagog\u00eda de la Formaci\u00f3n: propuestas para el desarrollo profesional docente aut\u00f3nomo\u201d Presentaci\u00f3n del libro: \u201cJuntos por los FinEs para la Inclusi\u00f3n\u201d de Delia M\u00e9ndez &#8211; S\u00e1bado 8 de junio de 2019 Entrada libre, no requiere inscripci\u00f3n previa Actividad avalada por el Consejo Regional de Directores de la regi\u00f3n 6 &#8230; <a title=\"Presentaci\u00f3n del libro: \u201cJuntos por los FinEs para la Inclusi\u00f3n\u201d de Delia M\u00e9ndez &#8211; S\u00e1bado 8 de junio de 2019\" class=\"read-more\" href=\"https:\/\/isfd52-bue.infd.edu.ar\/sitio\/presentacion-del-libro-juntos-por-los-fines-para-la-inclusion-de-delia-mendez-sabado-8-de-junio-de-2019\/\" aria-label=\"More on Presentaci\u00f3n del libro: \u201cJuntos por los FinEs para la Inclusi\u00f3n\u201d de Delia M\u00e9ndez &#8211; S\u00e1bado 8 de junio de 2019\">[+]<\/a><\/p>\n","protected":false},"author":477,"featured_media":0,"parent":0,"menu_order":0,"comment_status":"closed","ping_status":"closed","template":"","meta":[],"acf":[],"_links":{"self":[{"href":"https:\/\/isfd52-bue.infd.edu.ar\/sitio\/wp-json\/wp\/v2\/pages\/2358"}],"collection":[{"href":"https:\/\/isfd52-bue.infd.edu.ar\/sitio\/wp-json\/wp\/v2\/pages"}],"about":[{"href":"https:\/\/isfd52-bue.infd.edu.ar\/sitio\/wp-json\/wp\/v2\/types\/page"}],"author":[{"embeddable":true,"href":"https:\/\/isfd52-bue.infd.edu.ar\/sitio\/wp-json\/wp\/v2\/users\/477"}],"replies":[{"embeddable":true,"href":"https:\/\/isfd52-bue.infd.edu.ar\/sitio\/wp-json\/wp\/v2\/comments?post=2358"}],"version-history":[{"count":2,"href":"https:\/\/isfd52-bue.infd.edu.ar\/sitio\/wp-json\/wp\/v2\/pages\/2358\/revisions"}],"predecessor-version":[{"id":2362,"href":"https:\/\/isfd52-bue.infd.edu.ar\/sitio\/wp-json\/wp\/v2\/pages\/2358\/revisions\/2362"}],"wp:attachment":[{"href":"https:\/\/isfd52-bue.infd.edu.ar\/sitio\/wp-json\/wp\/v2\/media?parent=2358"}],"curies":[{"name":"wp","href":"https:\/\/api.w.org\/{rel}","templated":true}]}}