{"id":2331,"date":"2019-05-21T23:48:18","date_gmt":"2019-05-22T02:48:18","guid":{"rendered":"https:\/\/isfd52-bue.infd.edu.ar\/sitio\/?page_id=2331"},"modified":"2019-05-24T10:36:09","modified_gmt":"2019-05-24T13:36:09","slug":"presentacion-del-libro-alejandro-por-siempre-amor-de-taty-almeyda-madres-de-plaza-de-mayo-linea-fundadora","status":"publish","type":"page","link":"https:\/\/isfd52-bue.infd.edu.ar\/sitio\/presentacion-del-libro-alejandro-por-siempre-amor-de-taty-almeyda-madres-de-plaza-de-mayo-linea-fundadora\/","title":{"rendered":"Charla y presentaci\u00f3n del libro \u00abAlejandro. Por siempre amor&#8230;\u00bb de Taty Almeyda (Madres de Plaza de Mayo L\u00ednea Fundadora) &#8211; Jueves 6 de junio de 2019"},"content":{"rendered":"<h5 style=\"text-align: center;\">ISFDyT 52: Proyecto \u201cHacia una Nueva Pedagog\u00eda de la Formaci\u00f3n: propuestas para el desarrollo profesional docente aut\u00f3nomo\u201d<\/h5>\n<h3 style=\"text-align: center;\">Charla y presentaci\u00f3n del libro \u00abAlejandro. Por siempre amor&#8230;\u00bb de Taty Almeyda (Madres de Plaza de Mayo L\u00ednea Fundadora)<\/h3>\n<p>Invitamos a participar de la charla y presentaci\u00f3n de libro junto a Taty Almeida. Habr\u00e1 un panel de charla-debate.<\/p>\n<p>Poemas de Alejandro Mart\u00edn Almeida -militante popular detenido desaparecido por el Terrorismo de Estado- Recopilaci\u00f3n de: Taty Almeida, Madre de Plaza de Mayo L\u00ednea Fundadora.<\/p>\n<p>Compartir\u00e1n el panel con Taty Almeida: Pascual Spinelli, editor del libro; F\u00e1tima Chaves, del Frente Estudiantil 52; Luciano D&#8217;addario, profesor\u00a0 del ISFDyT N\u00b052; y Adriana Taboada, integrante de la Comisi\u00f3n Memoria, Verdad y Justicia de Zona Norte<\/p>\n<p>RESE\u00d1A del libro:<\/p>\n<p>A modo de presentaci\u00f3n, Taty Almeida, Madre de Plaza de Mayo L\u00ednea Fundadora, afirma que no sab\u00eda de la veta po\u00e9tica de Alejandro, su hijo detenido desaparecido, y narra c\u00f3mo encontr\u00f3 los 24 poemas que \u00e9l hab\u00eda escrito en las \u00faltimas p\u00e1ginas de su agenda, al d\u00eda siguiente de su desaparici\u00f3n, aquel 17 de junio de 1975.<\/p>\n<p>\u201cHace tiempo que entend\u00ed que nuestros hijos ya no nos pertenecen en el sentido de la propiedad. Ellos ya son parte de la historia de todos, por eso con Pascual Spinelli (militante cultural, editor y director del DVD documental) hicimos este libro en 2008 y luego en 2010 le agregamos el DVD en el que participa tanta gente querida, tan importante como generosa; artistas compa\u00f1eros \u00a0que ayudan a que se conozcan estos textos que dej\u00f3 mi hijo como testimonio de la sensibilidad y el compromiso pol\u00edtico y social de la generaci\u00f3n del 70\u201d, reflexiona Taty. Adem\u00e1s explica que el trabajo, al rescatar la obra de un detenido desaparecido, es un homenaje a los 30 mil y parte del patrimonio cultural de Madres de Plaza de Mayo L\u00ednea Fundadora.<\/p>\n<p>&nbsp;<\/p>\n<p>En 2008, al cumplirse 33 a\u00f1os de la desaparici\u00f3n de Alejo, naci\u00f3 el libro \u201cAlejandro por siempre&#8230; amor\u201d, con los textos originales de pu\u00f1o y letra acompa\u00f1ados con comentarios de sus compa\u00f1eros sobrevivientes, amigos y familiares. Lo presentamos el 17 de junio en la sede de Madres L\u00ednea Fundadora y unos meses m\u00e1s tarde en la Biblioteca Nacional junto a Cristina Banegas. Fue luego de la excelente lectura de Cristina, ah\u00ed en la Biblioteca, que se gest\u00f3 la idea de que Taty eligiera personalidades para plasmar esas letras en un DVD. Luego trabajamos un a\u00f1o (2010) grabando y filmando en los estudios de Radio Nacional, tratando a cada poema como un gui\u00f3n. As\u00ed, cada obra recitada por estos artistas fue cobrando una nueva dimensi\u00f3n, con dibujos, im\u00e1genes, pinturas y una base musical que va del tango y la bossa nova al rock nacional, excepto para el poema premonitorio dedicado a Taty, \u201cSi la muerte me sorprende lejos de tu vientre\u2026\u201d que lee y tambi\u00e9n musicaliza Serrat, con el tema \u201cPara la libertad\u201d.<\/p>\n<p>En 2011 el libro fue declarado de inter\u00e9s cultural por la Legislatura de la Ciudad de Buenos Aires y en 2012 por la Secretar\u00eda de Cultura de la Naci\u00f3n. Contin\u00faa present\u00e1ndose en centros culturales, escuelas, clubes de barrio, universidades y sindicatos. Taty junto a otras Madres ha viajado y difundido el libro en Chile, Francia, Espa\u00f1a y Filipinas. Especialmente en Italia, donde se realiz\u00f3 una edici\u00f3n biling\u00fce con el apoyo de las canciller\u00edas; all\u00ed Taty Almeida, como Madre de Plaza de Mayo, ha sido declarada Ciudadana Ilustre de la Ciudad de Torino. Desde entonces, y ya van m\u00e1s de 10 a\u00f1os, el libro se ha convertido en una herramienta de militancia para promover espacios de reflexi\u00f3n por la Memoria, la Verdad y la Justicia, en relaci\u00f3n con la vida y las banderas de los treinta mil y la historia de las Madres de Plaza de Mayo L\u00ednea Fundadora.<\/p>\n<h5 style=\"text-align: center;\"><strong>Entrada libre, no requiere inscripci\u00f3n previa<\/strong><\/h5>\n<h5 style=\"text-align: center;\"><strong>Actividad aprobada por el Consejo Regional de Directores de la regi\u00f3n 6<\/strong><\/h5>\n<h5 style=\"text-align: center;\"><strong>Se otorgar\u00e1n certificados de asistencia y participaci\u00f3n<\/strong><\/h5>\n<h5 style=\"text-align: center;\"><strong>Jueves\u00a0 6 de junio 18.00 hs<\/strong><\/h5>\n<h5 style=\"text-align: center;\"><strong>Lugar: Rivadavia 349, San Isidro<\/strong><\/h5>\n<h5 style=\"text-align: center;\"><strong>Consultas:\u00a0pedagogiadelaformacion52@gmail.com<\/strong><\/h5>\n","protected":false},"excerpt":{"rendered":"<p>ISFDyT 52: Proyecto \u201cHacia una Nueva Pedagog\u00eda de la Formaci\u00f3n: propuestas para el desarrollo profesional docente aut\u00f3nomo\u201d Charla y presentaci\u00f3n del libro \u00abAlejandro. Por siempre amor&#8230;\u00bb de Taty Almeyda (Madres de Plaza de Mayo L\u00ednea Fundadora) Invitamos a participar de la charla y presentaci\u00f3n de libro junto a Taty Almeida. Habr\u00e1 un panel de charla-debate. &#8230; <a title=\"Charla y presentaci\u00f3n del libro \u00abAlejandro. Por siempre amor&#8230;\u00bb de Taty Almeyda (Madres de Plaza de Mayo L\u00ednea Fundadora) &#8211; Jueves 6 de junio de 2019\" class=\"read-more\" href=\"https:\/\/isfd52-bue.infd.edu.ar\/sitio\/presentacion-del-libro-alejandro-por-siempre-amor-de-taty-almeyda-madres-de-plaza-de-mayo-linea-fundadora\/\" aria-label=\"More on Charla y presentaci\u00f3n del libro \u00abAlejandro. Por siempre amor&#8230;\u00bb de Taty Almeyda (Madres de Plaza de Mayo L\u00ednea Fundadora) &#8211; Jueves 6 de junio de 2019\">[+]<\/a><\/p>\n","protected":false},"author":477,"featured_media":0,"parent":0,"menu_order":0,"comment_status":"closed","ping_status":"closed","template":"","meta":[],"acf":[],"_links":{"self":[{"href":"https:\/\/isfd52-bue.infd.edu.ar\/sitio\/wp-json\/wp\/v2\/pages\/2331"}],"collection":[{"href":"https:\/\/isfd52-bue.infd.edu.ar\/sitio\/wp-json\/wp\/v2\/pages"}],"about":[{"href":"https:\/\/isfd52-bue.infd.edu.ar\/sitio\/wp-json\/wp\/v2\/types\/page"}],"author":[{"embeddable":true,"href":"https:\/\/isfd52-bue.infd.edu.ar\/sitio\/wp-json\/wp\/v2\/users\/477"}],"replies":[{"embeddable":true,"href":"https:\/\/isfd52-bue.infd.edu.ar\/sitio\/wp-json\/wp\/v2\/comments?post=2331"}],"version-history":[{"count":4,"href":"https:\/\/isfd52-bue.infd.edu.ar\/sitio\/wp-json\/wp\/v2\/pages\/2331\/revisions"}],"predecessor-version":[{"id":2346,"href":"https:\/\/isfd52-bue.infd.edu.ar\/sitio\/wp-json\/wp\/v2\/pages\/2331\/revisions\/2346"}],"wp:attachment":[{"href":"https:\/\/isfd52-bue.infd.edu.ar\/sitio\/wp-json\/wp\/v2\/media?parent=2331"}],"curies":[{"name":"wp","href":"https:\/\/api.w.org\/{rel}","templated":true}]}}