{"id":2323,"date":"2019-05-21T08:51:23","date_gmt":"2019-05-21T11:51:23","guid":{"rendered":"https:\/\/isfd52-bue.infd.edu.ar\/sitio\/?page_id=2323"},"modified":"2019-05-22T12:00:14","modified_gmt":"2019-05-22T15:00:14","slug":"apto-medico","status":"publish","type":"page","link":"https:\/\/isfd52-bue.infd.edu.ar\/sitio\/apto-medico\/","title":{"rendered":"Apto Psicof\u00edsico"},"content":{"rendered":"<p>Lxs estudiantes ingresantes de todas las carreras deben completar el Apto Psicof\u00edsico y entregarlo en Departamento de Alumnos del turno y sede donde cursan. El plazo de entrega es hasta el 30 de mayo de cada ciclo lectivo.<\/p>\n<p>Aqu\u00ed pueden descargar el Formulario de <a href=\"https:\/\/isfd52-bue.infd.edu.ar\/sitio\/wp-content\/uploads\/2019\/05\/ficha_medica_52_1.docx\" target=\"_blank\" rel=\"noopener\">FICHA M\u00c9DICA<\/a><\/p>\n<p>Aquellos que no puedan completar esta ficha en una instituci\u00f3n m\u00e9dica pueden entregar un certificado de aptitud psicof\u00edsica firmado y sellado por m\u00e9dico con la matr\u00edcula correspondiente.<\/p>\n<p>&nbsp;<\/p>\n","protected":false},"excerpt":{"rendered":"<p>Lxs estudiantes ingresantes de todas las carreras deben completar el Apto Psicof\u00edsico y entregarlo en Departamento de Alumnos del turno y sede donde cursan. El plazo de entrega es hasta el 30 de mayo de cada ciclo lectivo. Aqu\u00ed pueden descargar el Formulario de FICHA M\u00c9DICA Aquellos que no puedan completar esta ficha en una &#8230; <a title=\"Apto Psicof\u00edsico\" class=\"read-more\" href=\"https:\/\/isfd52-bue.infd.edu.ar\/sitio\/apto-medico\/\" aria-label=\"More on Apto Psicof\u00edsico\">[+]<\/a><\/p>\n","protected":false},"author":477,"featured_media":0,"parent":0,"menu_order":0,"comment_status":"closed","ping_status":"closed","template":"","meta":[],"acf":[],"_links":{"self":[{"href":"https:\/\/isfd52-bue.infd.edu.ar\/sitio\/wp-json\/wp\/v2\/pages\/2323"}],"collection":[{"href":"https:\/\/isfd52-bue.infd.edu.ar\/sitio\/wp-json\/wp\/v2\/pages"}],"about":[{"href":"https:\/\/isfd52-bue.infd.edu.ar\/sitio\/wp-json\/wp\/v2\/types\/page"}],"author":[{"embeddable":true,"href":"https:\/\/isfd52-bue.infd.edu.ar\/sitio\/wp-json\/wp\/v2\/users\/477"}],"replies":[{"embeddable":true,"href":"https:\/\/isfd52-bue.infd.edu.ar\/sitio\/wp-json\/wp\/v2\/comments?post=2323"}],"version-history":[{"count":5,"href":"https:\/\/isfd52-bue.infd.edu.ar\/sitio\/wp-json\/wp\/v2\/pages\/2323\/revisions"}],"predecessor-version":[{"id":2337,"href":"https:\/\/isfd52-bue.infd.edu.ar\/sitio\/wp-json\/wp\/v2\/pages\/2323\/revisions\/2337"}],"wp:attachment":[{"href":"https:\/\/isfd52-bue.infd.edu.ar\/sitio\/wp-json\/wp\/v2\/media?parent=2323"}],"curies":[{"name":"wp","href":"https:\/\/api.w.org\/{rel}","templated":true}]}}