{"id":2301,"date":"2019-05-15T17:04:35","date_gmt":"2019-05-15T20:04:35","guid":{"rendered":"https:\/\/isfd52-bue.infd.edu.ar\/sitio\/?page_id=2301"},"modified":"2019-05-20T11:17:38","modified_gmt":"2019-05-20T14:17:38","slug":"acta-del-15-de-mayo-de-2019","status":"publish","type":"page","link":"https:\/\/isfd52-bue.infd.edu.ar\/sitio\/acta-del-15-de-mayo-de-2019\/","title":{"rendered":"Acta del 15 de mayo de 2019"},"content":{"rendered":"<h3 class=\"post-title entry-title\">Acta del 15 de mayo de 2019<\/h3>\n<div class=\"post-header\">\n<div class=\"post-header-line-1\"><\/div>\n<\/div>\n<div id=\"post-body-6771486320698552610\" class=\"post-body entry-content\">\n<div style=\"text-align: center;\"><b>Reuni\u00f3n Consejo Directores Regi\u00f3n 6<\/b><\/div>\n<div style=\"text-align: center;\"><\/div>\n<div style=\"text-align: center;\"><b>Acta del 15 de mayo de 2019<\/b><\/div>\n<div style=\"text-align: center;\">\n<div>Presentes: Luis Bidegain (director ISFD 39), Daniel Bustos (Vicedirector ISFD 39) , Mariano Bonola (director ISFT 217), Mar\u00eda Laura Ruiz (secretaria del\u00a0 ISFT 199), , Miguel Enriquez\u00a0 (director ISFD 117), Juliana Dobal (directora ISFT 220) Roberto Rossenblum (director ISFDyT 52), Sandra Saint Paul (secretaria ISFDyT 140), Rosana Sfeir (directora del ISFDyT 77), Claudio Glajzer (vicedirector ISFD 117)<\/div>\n<div>Inspectores presentes invitados: Mariana Salmoiraghi (a cargo de la jefatura regional), Marcela Gasparini (art\u00edstica de Tigre), Patricia Colia (t\u00e9cnica), Carlos Palacios (distrital de Tigre), Juan Carlos Furman (referente de la distrital de Vicente Lopez), Gabriela Pirolo (privada superior)<\/div>\n<div><\/div>\n<div><\/div>\n<div><\/div>\n<div>Al inicio de la reuni\u00f3n dialogamos con los inspectores sobre la normativa del nivel superior en relaci\u00f3n a los Consejos Regionales de directores y el Consejo Provincial de Educaci\u00f3n Superior.<\/div>\n<div>Se acuerda que el Consejo Regional de Directores convocar\u00e1 a las reuniones a los equipos de inspectores.<\/div>\n<div>Se aclara la autonom\u00eda del Consejo Regional para convocar a las reuniones y la necesidad de trabajar articulada y consensuadamente para abordar las problem\u00e1ticas del nivel superior en la regi\u00f3n.<\/div>\n<div>Se tratan diferentes temas relacionados a los concursos y acuerdos ya dispuestos por el Consejo Regional.<\/div>\n<div><b>\u00a0<\/b><\/div>\n<div><b>Temario<\/b><\/div>\n<div><\/div>\n<div><b>\u00a0<\/b><\/div>\n<div><b>CUPOF<\/b><\/div>\n<div>Bidegain plantea que no se cubri\u00f3 un m\u00f3dulo en la carrera de Lengua y un m\u00f3dulo en la carrera de Matem\u00e1tica solicitados oportunamente. Por lo tanto, los estudiantes est\u00e1n recibiendo un m\u00f3dulo menos en esas m<\/div>\n<div>.Doval plantea que no han recibido los CUPOF por crecimiento vegetativo. Al d\u00eda de hoy no hay respuesta del nivel central.<\/div>\n<div>Rossenblum plantea que a\u00fan no se ha\u00a0 recibido los CUPOF de los desdoblamientos solicitados para el Profesorado de Ingl\u00e9s.<\/div>\n<div><\/div>\n<div><b>\u00a0<\/b><\/div>\n<div><b>POF POFA<\/b><\/div>\n<div>Se debate acerca de la necesidad de disponer m\u00e1s tiempo para la entrega de POF POFA a la inspectora areal y luego ser entregada a la jefatura distrital y regional. Se expresa que no hay tiempo f\u00edsico ni recursos humanos para cumplir con el plazo establecido.<\/div>\n<div>Los directores plantean que har\u00e1n el mayor esfuerzo para entregar a la brevedad lo solicitado (se pedir\u00e1 una extensi\u00f3n de plazo hasta mi\u00e9rcoles 22 de mayo).<\/div>\n<div>Se plantea la urgente cobertura de cargos.<\/div>\n<div>La inspectora Salmoiraghi plantea que el\u00a0 viernes debe firmar las POF POFA y el lunes los jefes regionales\u00a0 deben entregar las POF POFA en La Plata.<\/div>\n<div><\/div>\n<div><\/div>\n<div><b>Ingreso 2019<\/b><\/div>\n<div>Rossenblum plantea la situaci\u00f3n generada por la denuncia de una estudiante respecto del examen de ingreso en el acceso al Profesorado de Ingl\u00e9s. Expresa que recibi\u00f3 por acta la orden de incluir a los estudiantes que decidan cursar las materias de primer a\u00f1o ya que seg\u00fan la normativa el ingreso es irrestricto. Debido a esta decisi\u00f3n se ha generado una sobrepoblaci\u00f3n de estudiantes de primer a\u00f1o con situaciones de hacinamiento en las aulas (en alguanas materias m\u00e1s de 100 estudiantes). Actualmente se encuentra a la espera de los CUPOF para el desdoblamiento de primer a\u00f1o que permitir\u00eda condiciones adecuadas de ense\u00f1anza y aprendizaje para docentes y estudiantes.<\/div>\n<div><\/div>\n<div><b>SUNA<\/b><\/div>\n<div>Se plantean las dificultades en la carga de novedades. El inspector Palacios responde algunas consultas acerca del uso de los CUPOF y la cantidad de m\u00f3dulos asignados.<\/div>\n<div><\/div>\n<div><\/div>\n<div><\/div>\n<div><b>Boleto Estudiantil<\/b><\/div>\n<div><\/div>\n<div>Doval plantea que estuvo en una reuni\u00f3n de t\u00e9cnicos, se confirm\u00f3 que no se implementar\u00e1 el boleto estudiantil en este a\u00f1o.<\/div>\n<div>Los directores plantean que la realidad de los estudiantes ya se\u00f1alan con urgencia la necesidad de ayudar para costear sus vi\u00e1ticos.<\/div>\n<div><b>\u00a0<\/b><\/div>\n<div><b>Becas<\/b><\/div>\n<div>Se plantea el agravamiento de la situaci\u00f3n de los estudiantes con la eliminaci\u00f3n de la mayor\u00eda de becas y la meritocratizaci\u00f3n de quienes acceden.<\/div>\n<div><\/div>\n<div><\/div>\n<div><b>Encuentro de REDIPARC suspendido por la Direcci\u00f3n de Educaci\u00f3n Superior<\/b><\/div>\n<div>Bidegain plantea la gravedad de la situaci\u00f3n que se ha generado por la decisi\u00f3n arbitraria de la DESFDI de suspender el encuentro organizado por REDIPARC para el 17 y 18 de mayo en el ISFD de Olavarr\u00eda.<\/div>\n<div>Los directores expresan su rechazo y repudio a esta decisi\u00f3n y exigen a las autoridades revisar y reveer esta situaci\u00f3n que impide la socializaci\u00f3n de actividades acad\u00e9micas de investigacion\u00a0 y construcci\u00f3n colectiva del conocimiento de los ISFD de la provincia.<\/div>\n<div><\/div>\n<div><\/div>\n<div><b>Pr\u00e1cticas profesionalizantes y docentes (horas TAIN)<\/b><\/div>\n<div>Sfeir comenta las dificutades de cargar en la plataforma del COPRET las pr\u00e1cticas profesionalizantes. Pirolo comenta que existen tres niveles de pr\u00e1cticas: internas, intermedias y externas. En el caso de intermedias el mismo instituto se puede colocar como oferente en el sistema.<\/div>\n<div>Enriquez plantea los problemas de incompatibilidad de horarios en las declaraciones juradas de las pr\u00e1cticas docentes. Ante esto van a utilizar el parte de pr\u00e1cticas por parte de los docentes (planilla A16c).<\/div>\n<div>Glajzer consulta sobre la forma de cumplimiento de las horas TAIN por parte de los docentes. Los Directores acuerdan y dejan en claro que no hace falta que se cumplan en la misma franja horaria, ya que los tiempos y formas en que se desarrollan las horas TAIN\u00a0 en cada instituto son por acuerdo institucional.<\/div>\n<div><\/div>\n<div><b>Aprender Conectados<\/b><\/div>\n<div>Saint Paul plantea la gran cantidad de netbooks bloqueadas. Ante esta situaci\u00f3n ha solicitado el desbloqueo.<\/div>\n<div>Rossenblum plantea que las netbooks y el equipamiento puedan sen reutilizadas de acuerdo a las necesidades institucionales<\/div>\n<div><\/div>\n<div><\/div>\n<div><b>Dise\u00f1o de Nivel Inicial &#8211; Educaci\u00f3n emocional<\/b><\/div>\n<div>Bustos comenta la actividad sobre Educaci\u00f3n Emocional a cargo de Ana Abramovich. Lunes 20 de mayo 18.30 hs<\/div>\n<div><\/div>\n<div><b>Actividades acad\u00e9micas regionales<\/b><\/div>\n<div>Rossenblum presenta las actividades del proyecto Hacia una nueva Pedagog\u00eda de la Formaci\u00f3n: TIC &#8211; Ciencias Naturales &#8211; Plurilnguismo &#8211; Derechos humanos y juicios de lesa humanidad<\/div>\n<div>Glajzer comenta la charla sobre Inclusi\u00f3n educativa el 12 de junio en el ISFD 117, a cargo de Stella Maris Rodriguez con el equipo de Piscol\u00f3gos de San Isidro.<\/div>\n<div><\/div>\n<div><\/div>\n<div><b>\u00a0<\/b><\/div>\n<div><\/div>\n<\/div>\n<div><b>Pr\u00f3ximo encuentro<\/b>: mi\u00e9rcoles 19 de junio de 2019 a las 13 hs en el ISFT 217 de San Fernando<\/div>\n<\/div>\n","protected":false},"excerpt":{"rendered":"<p>Acta del 15 de mayo de 2019 Reuni\u00f3n Consejo Directores Regi\u00f3n 6 Acta del 15 de mayo de 2019 Presentes: Luis Bidegain (director ISFD 39), Daniel Bustos (Vicedirector ISFD 39) , Mariano Bonola (director ISFT 217), Mar\u00eda Laura Ruiz (secretaria del\u00a0 ISFT 199), , Miguel Enriquez\u00a0 (director ISFD 117), Juliana Dobal (directora ISFT 220) Roberto &#8230; <a title=\"Acta del 15 de mayo de 2019\" class=\"read-more\" href=\"https:\/\/isfd52-bue.infd.edu.ar\/sitio\/acta-del-15-de-mayo-de-2019\/\" aria-label=\"More on Acta del 15 de mayo de 2019\">[+]<\/a><\/p>\n","protected":false},"author":477,"featured_media":0,"parent":0,"menu_order":0,"comment_status":"closed","ping_status":"closed","template":"","meta":[],"acf":[],"_links":{"self":[{"href":"https:\/\/isfd52-bue.infd.edu.ar\/sitio\/wp-json\/wp\/v2\/pages\/2301"}],"collection":[{"href":"https:\/\/isfd52-bue.infd.edu.ar\/sitio\/wp-json\/wp\/v2\/pages"}],"about":[{"href":"https:\/\/isfd52-bue.infd.edu.ar\/sitio\/wp-json\/wp\/v2\/types\/page"}],"author":[{"embeddable":true,"href":"https:\/\/isfd52-bue.infd.edu.ar\/sitio\/wp-json\/wp\/v2\/users\/477"}],"replies":[{"embeddable":true,"href":"https:\/\/isfd52-bue.infd.edu.ar\/sitio\/wp-json\/wp\/v2\/comments?post=2301"}],"version-history":[{"count":2,"href":"https:\/\/isfd52-bue.infd.edu.ar\/sitio\/wp-json\/wp\/v2\/pages\/2301\/revisions"}],"predecessor-version":[{"id":2304,"href":"https:\/\/isfd52-bue.infd.edu.ar\/sitio\/wp-json\/wp\/v2\/pages\/2301\/revisions\/2304"}],"wp:attachment":[{"href":"https:\/\/isfd52-bue.infd.edu.ar\/sitio\/wp-json\/wp\/v2\/media?parent=2301"}],"curies":[{"name":"wp","href":"https:\/\/api.w.org\/{rel}","templated":true}]}}