{"id":2291,"date":"2019-05-13T15:26:38","date_gmt":"2019-05-13T18:26:38","guid":{"rendered":"https:\/\/isfd52-bue.infd.edu.ar\/sitio\/?page_id=2291"},"modified":"2019-06-13T11:59:44","modified_gmt":"2019-06-13T14:59:44","slug":"capacitaciones-tic-para-escuelas-primarias-junio-2019","status":"publish","type":"page","link":"https:\/\/isfd52-bue.infd.edu.ar\/sitio\/capacitaciones-tic-para-escuelas-primarias-junio-2019\/","title":{"rendered":"Capacitaciones TIC para Escuelas Primarias \u2013 Junio 2019 &#8211; Reprogramado para 4 y 11 de julio"},"content":{"rendered":"<p class=\"Default\" style=\"text-align: center;\">\u00a0<strong>Instituto Superior de Formaci\u00f3n Docente y T\u00e9cnica N\u00ba\u00a0 52 \u201cMaestro Francisco Isauro\u00a0 Arancibia\u201d<\/strong><\/p>\n<p class=\"Default\" style=\"text-align: center;\"><strong>Jefatura Distrital de San Isidro \u2013 Inspecci\u00f3n de Educaci\u00f3n Primaria<\/strong><\/p>\n<p style=\"text-align: center;\"><strong>Equipo T\u00e9cnico Regional TIC del CIIE de San Isidro<\/strong><\/p>\n<p style=\"text-align: center;\"><strong>\u201cHacia una nueva Pedagog\u00eda de la Formaci\u00f3n<\/strong>:\u00a0<em><strong>Propuestas para el desarrollo profesional docente aut\u00f3nomo\u201d<\/strong><\/em><\/p>\n<p style=\"text-align: center;\"><strong>Actividades 2019<\/strong><\/p>\n<p>&nbsp;<\/p>\n<p class=\"Default\" style=\"text-align: center;\"><strong>Propuesta de Capacitaci\u00f3n en el \u00e1rea de TIC para docentes de Escuelas Primarias<\/strong><\/p>\n<p class=\"Default\"><strong>S\u00edntesis de la propuesta:<\/strong><\/p>\n<p class=\"Default\">El objetivo ser\u00e1 revisar el m\u00f3dulo TIC del Dise\u00f1o Curricular del nivel primario y conocer aplicaciones que tienen las netbooks para desarrollar propuestas teniendo presente esas orientaciones por \u00e1rea y por a\u00f1o.<\/p>\n<p class=\"Default\"><strong>Destinatarios:\u00a0<\/strong>Directivos, docentes y futuros docentes de Escuelas Primaria<\/p>\n<p class=\"Default\"><strong>Capacitadoras: Mar\u00eda Pitton\u00a0<\/strong>(Equipo T\u00e9cnico Regional TIC del CIIE de San Isidro convocadas por el ISFDyT 52)<\/p>\n<p class=\"Default\"><strong>\u00a0<\/strong><\/p>\n<p><strong>Fechas, horarios y sedes:<\/strong><\/p>\n<p>Por reprogramaci\u00f3n &#8211; Jueves 4 de Julio \u2013 Escuela Primaria 26\u00a0 (Magallanes 1015 \u2013 Bajo San Isidro)\u00a0Turno Tarde\u00a0de 13 a 16.30 hs <strong>(\u00faltimos cupos)<\/strong><\/p>\n<p>Por reprogramaci\u00f3n &#8211; Jueves 11 de Julio \u2013 Escuela Primaria\u00a0 12\u00a0 (Av de Mayo 1498\u00a0 Villa Adelina)\u00a0Turno Tarde de 13 a 16.30 hs<strong>\u00a0(\u00faltimos cupos)<\/strong><\/p>\n<p><strong>\u00a0Cupo limitado a 30 asistentes. Se requiere inscripci\u00f3n previa<\/strong><\/p>\n<p style=\"text-align: center;\"><strong>Se otorgar\u00e1n certificados de asistencia y participaci\u00f3n<\/strong><\/p>\n<p style=\"text-align: center;\"><strong>Inscripciones y Consultas: <span style=\"color: #800080;\">pedagogiadelaformacion52@gmail.com<\/span><\/strong><\/p>\n","protected":false},"excerpt":{"rendered":"<p>\u00a0Instituto Superior de Formaci\u00f3n Docente y T\u00e9cnica N\u00ba\u00a0 52 \u201cMaestro Francisco Isauro\u00a0 Arancibia\u201d Jefatura Distrital de San Isidro \u2013 Inspecci\u00f3n de Educaci\u00f3n Primaria Equipo T\u00e9cnico Regional TIC del CIIE de San Isidro \u201cHacia una nueva Pedagog\u00eda de la Formaci\u00f3n:\u00a0Propuestas para el desarrollo profesional docente aut\u00f3nomo\u201d Actividades 2019 &nbsp; Propuesta de Capacitaci\u00f3n en el \u00e1rea de &#8230; <a title=\"Capacitaciones TIC para Escuelas Primarias \u2013 Junio 2019 &#8211; Reprogramado para 4 y 11 de julio\" class=\"read-more\" href=\"https:\/\/isfd52-bue.infd.edu.ar\/sitio\/capacitaciones-tic-para-escuelas-primarias-junio-2019\/\" aria-label=\"More on Capacitaciones TIC para Escuelas Primarias \u2013 Junio 2019 &#8211; Reprogramado para 4 y 11 de julio\">[+]<\/a><\/p>\n","protected":false},"author":477,"featured_media":0,"parent":0,"menu_order":0,"comment_status":"closed","ping_status":"closed","template":"","meta":[],"acf":[],"_links":{"self":[{"href":"https:\/\/isfd52-bue.infd.edu.ar\/sitio\/wp-json\/wp\/v2\/pages\/2291"}],"collection":[{"href":"https:\/\/isfd52-bue.infd.edu.ar\/sitio\/wp-json\/wp\/v2\/pages"}],"about":[{"href":"https:\/\/isfd52-bue.infd.edu.ar\/sitio\/wp-json\/wp\/v2\/types\/page"}],"author":[{"embeddable":true,"href":"https:\/\/isfd52-bue.infd.edu.ar\/sitio\/wp-json\/wp\/v2\/users\/477"}],"replies":[{"embeddable":true,"href":"https:\/\/isfd52-bue.infd.edu.ar\/sitio\/wp-json\/wp\/v2\/comments?post=2291"}],"version-history":[{"count":4,"href":"https:\/\/isfd52-bue.infd.edu.ar\/sitio\/wp-json\/wp\/v2\/pages\/2291\/revisions"}],"predecessor-version":[{"id":2364,"href":"https:\/\/isfd52-bue.infd.edu.ar\/sitio\/wp-json\/wp\/v2\/pages\/2291\/revisions\/2364"}],"wp:attachment":[{"href":"https:\/\/isfd52-bue.infd.edu.ar\/sitio\/wp-json\/wp\/v2\/media?parent=2291"}],"curies":[{"name":"wp","href":"https:\/\/api.w.org\/{rel}","templated":true}]}}