{"id":2283,"date":"2019-05-13T14:54:03","date_gmt":"2019-05-13T17:54:03","guid":{"rendered":"https:\/\/isfd52-bue.infd.edu.ar\/sitio\/?page_id=2283"},"modified":"2019-05-30T20:17:43","modified_gmt":"2019-05-30T23:17:43","slug":"el-uso-del-microscopio-en-las-situaciones-de-ensenanza-de-las-ciencias-naturales-10-de-junio-de-2019","status":"publish","type":"page","link":"https:\/\/isfd52-bue.infd.edu.ar\/sitio\/el-uso-del-microscopio-en-las-situaciones-de-ensenanza-de-las-ciencias-naturales-10-de-junio-de-2019\/","title":{"rendered":"El uso del microscopio en las situaciones de ense\u00f1anza de las Ciencias Naturales &#8211; 10 de junio de 2019 -Replica 1\u00ba de julio de 2019"},"content":{"rendered":"<p style=\"text-align: center;\">Instituto Superior de Formaci\u00f3n Docente y T\u00e9cnica N\u00ba\u00a0 52<\/p>\n<p style=\"text-align: center;\">\u201cMaestro Francisco Isauro\u00a0 Arancibia\u201d<\/p>\n<p style=\"text-align: center;\">Proyecto institucional:<\/p>\n<p style=\"text-align: center;\"><strong>\u201cHacia una nueva Pedagog\u00eda de la Formaci\u00f3n<\/strong><\/p>\n<p style=\"text-align: center;\"><strong><em>Propuestas para el desarrollo profesional docente aut\u00f3nomo\u201d<\/em><\/strong><\/p>\n<p style=\"text-align: center;\">Actividades 2019<\/p>\n<p style=\"text-align: center;\"><span style=\"color: #800080;\"><strong>El uso del microscopio en las situaciones de ense\u00f1anza de las Ciencias Naturales<\/strong><\/span><\/p>\n<table border=\"1\" cellspacing=\"0\" cellpadding=\"0\">\n<tbody>\n<tr>\n<td valign=\"top\" width=\"121\"><strong>Lunes 10 de junio 13.00 a 16.30 hs<\/strong><\/p>\n<p><strong>en Escuela Primaria 3 de San Isidro<\/strong><cite class=\"_Rm\"><\/cite><\/p>\n<p><span style=\"color: #800080;\"><strong>Replica<\/strong><\/span>:<\/p>\n<p><span style=\"color: #800080;\"><strong>Lunes 1\u00ba de julio 13.00 a 16.30 hs<\/strong><\/span><\/p>\n<p><span style=\"color: #800080;\"><strong>en Escuela Primaria 3 de San Isidro<\/strong><\/span><\/td>\n<td valign=\"top\" width=\"331\">El objetivo es aprender algunas t\u00e9cnicas para realizar preparados microsc\u00f3picos. Analizar la utilizaci\u00f3n del microscopio y estrategias de ense\u00f1anza de c\u00e9lulas y microorganismos.<\/p>\n<p>El taller esta dirigido a docentes del nivel primario y estudiantes del Profesorado de Educaci\u00f3n Primaria de la Regi\u00f3n 6.<\/p>\n<p>Dado que se trata de una jornada en formato taller de experiencias, el cupo es limitado a 18 personas.<\/p>\n<p>Para inscribirse a esta actividad solo por mail:\u00a0<strong>pedagogiadelaformacion52@gmail.com<\/strong><\/td>\n<td valign=\"top\" width=\"255\">Taller a cargo de la Profesora Marina G\u00f3mez R\u00edos, especialista en Did\u00e1ctica de las Ciencias Naturales del nivel primario<\/p>\n<p>Organizan ISFDyT 52, Inspecci\u00f3n Distrital, e Inspecci\u00f3n de Educaci\u00f3n Primaria de San Isidro<\/p>\n<p>&nbsp;<\/td>\n<\/tr>\n<\/tbody>\n<\/table>\n<p><strong>\u00a0<\/strong><\/p>\n<p><strong>Se otorgar\u00e1n certificados de asistencia y participaci\u00f3n<\/strong><\/p>\n<p><strong>Lugar: Escuela Primaria 3 de San Isidro, Avenida Libertador 17592<\/strong><\/p>\n<p><strong>\u00a0 \u00a0 \u00a0 \u00a0 \u00a0 \u00a0 Inscripciones y Consultas: \u00a0 \u00a0 \u00a0 \u00a0 \u00a0 \u00a0 \u00a0 \u00a0pedagogiadelaformacion52@gmail.com<\/strong><\/p>\n","protected":false},"excerpt":{"rendered":"<p>Instituto Superior de Formaci\u00f3n Docente y T\u00e9cnica N\u00ba\u00a0 52 \u201cMaestro Francisco Isauro\u00a0 Arancibia\u201d Proyecto institucional: \u201cHacia una nueva Pedagog\u00eda de la Formaci\u00f3n Propuestas para el desarrollo profesional docente aut\u00f3nomo\u201d Actividades 2019 El uso del microscopio en las situaciones de ense\u00f1anza de las Ciencias Naturales Lunes 10 de junio 13.00 a 16.30 hs en Escuela Primaria &#8230; <a title=\"El uso del microscopio en las situaciones de ense\u00f1anza de las Ciencias Naturales &#8211; 10 de junio de 2019 -Replica 1\u00ba de julio de 2019\" class=\"read-more\" href=\"https:\/\/isfd52-bue.infd.edu.ar\/sitio\/el-uso-del-microscopio-en-las-situaciones-de-ensenanza-de-las-ciencias-naturales-10-de-junio-de-2019\/\" aria-label=\"More on El uso del microscopio en las situaciones de ense\u00f1anza de las Ciencias Naturales &#8211; 10 de junio de 2019 -Replica 1\u00ba de julio de 2019\">[+]<\/a><\/p>\n","protected":false},"author":477,"featured_media":0,"parent":0,"menu_order":0,"comment_status":"closed","ping_status":"closed","template":"","meta":[],"acf":[],"_links":{"self":[{"href":"https:\/\/isfd52-bue.infd.edu.ar\/sitio\/wp-json\/wp\/v2\/pages\/2283"}],"collection":[{"href":"https:\/\/isfd52-bue.infd.edu.ar\/sitio\/wp-json\/wp\/v2\/pages"}],"about":[{"href":"https:\/\/isfd52-bue.infd.edu.ar\/sitio\/wp-json\/wp\/v2\/types\/page"}],"author":[{"embeddable":true,"href":"https:\/\/isfd52-bue.infd.edu.ar\/sitio\/wp-json\/wp\/v2\/users\/477"}],"replies":[{"embeddable":true,"href":"https:\/\/isfd52-bue.infd.edu.ar\/sitio\/wp-json\/wp\/v2\/comments?post=2283"}],"version-history":[{"count":5,"href":"https:\/\/isfd52-bue.infd.edu.ar\/sitio\/wp-json\/wp\/v2\/pages\/2283\/revisions"}],"predecessor-version":[{"id":2351,"href":"https:\/\/isfd52-bue.infd.edu.ar\/sitio\/wp-json\/wp\/v2\/pages\/2283\/revisions\/2351"}],"wp:attachment":[{"href":"https:\/\/isfd52-bue.infd.edu.ar\/sitio\/wp-json\/wp\/v2\/media?parent=2283"}],"curies":[{"name":"wp","href":"https:\/\/api.w.org\/{rel}","templated":true}]}}