{"id":2239,"date":"2019-04-26T12:11:43","date_gmt":"2019-04-26T15:11:43","guid":{"rendered":"https:\/\/isfd52-bue.infd.edu.ar\/sitio\/?page_id=2239"},"modified":"2019-04-26T12:11:43","modified_gmt":"2019-04-26T15:11:43","slug":"jornada-mercantilizacion-de-la-educacion-injerencia-de-las-ong-en-el-sistema-educativo-8-de-mayo-de-2019-18-hs-sede-rivadavia","status":"publish","type":"page","link":"https:\/\/isfd52-bue.infd.edu.ar\/sitio\/jornada-mercantilizacion-de-la-educacion-injerencia-de-las-ong-en-el-sistema-educativo-8-de-mayo-de-2019-18-hs-sede-rivadavia\/","title":{"rendered":"Jornada \u00abMercantilizaci\u00f3n de la educaci\u00f3n &#8211; Injerencia de las ONG en el sistema educativo\u00bb &#8211; 8 de mayo de 2019 18 hs Sede Rivadavia"},"content":{"rendered":"<p style=\"text-align: center;\">Instituto Superior de Formaci\u00f3n Docente y T\u00e9cnica N\u00ba\u00a0 52<\/p>\n<p style=\"text-align: center;\">\u201cMaestro Francisco Isauro\u00a0 Arancibia\u201d<\/p>\n<p style=\"text-align: center;\">Proyecto institucional:<\/p>\n<p style=\"text-align: center;\"><strong>\u201cHacia una nueva Pedagog\u00eda de la Formaci\u00f3n<\/strong><\/p>\n<p style=\"text-align: center;\"><strong><em>Propuestas para el desarrollo profesional docente aut\u00f3nomo\u201d<\/em><\/strong><\/p>\n<p style=\"text-align: center;\">Actividades Mayo 2019<\/p>\n<p><img decoding=\"async\" loading=\"lazy\" class=\"alignnone size-medium wp-image-2240\" src=\"https:\/\/isfd52-bue.infd.edu.ar\/sitio\/wp-content\/uploads\/2019\/04\/jornada-8-de-mayo-707x1000.jpg\" alt=\"\" width=\"707\" height=\"1000\" srcset=\"https:\/\/isfd52-bue.infd.edu.ar\/sitio\/wp-content\/uploads\/2019\/04\/jornada-8-de-mayo-707x1000.jpg 707w, https:\/\/isfd52-bue.infd.edu.ar\/sitio\/wp-content\/uploads\/2019\/04\/jornada-8-de-mayo-768x1087.jpg 768w, https:\/\/isfd52-bue.infd.edu.ar\/sitio\/wp-content\/uploads\/2019\/04\/jornada-8-de-mayo.jpg 793w\" sizes=\"(max-width: 707px) 100vw, 707px\" \/><\/p>\n","protected":false},"excerpt":{"rendered":"<p>Instituto Superior de Formaci\u00f3n Docente y T\u00e9cnica N\u00ba\u00a0 52 \u201cMaestro Francisco Isauro\u00a0 Arancibia\u201d Proyecto institucional: \u201cHacia una nueva Pedagog\u00eda de la Formaci\u00f3n Propuestas para el desarrollo profesional docente aut\u00f3nomo\u201d Actividades Mayo 2019<\/p>\n","protected":false},"author":477,"featured_media":0,"parent":0,"menu_order":0,"comment_status":"closed","ping_status":"closed","template":"","meta":[],"acf":[],"_links":{"self":[{"href":"https:\/\/isfd52-bue.infd.edu.ar\/sitio\/wp-json\/wp\/v2\/pages\/2239"}],"collection":[{"href":"https:\/\/isfd52-bue.infd.edu.ar\/sitio\/wp-json\/wp\/v2\/pages"}],"about":[{"href":"https:\/\/isfd52-bue.infd.edu.ar\/sitio\/wp-json\/wp\/v2\/types\/page"}],"author":[{"embeddable":true,"href":"https:\/\/isfd52-bue.infd.edu.ar\/sitio\/wp-json\/wp\/v2\/users\/477"}],"replies":[{"embeddable":true,"href":"https:\/\/isfd52-bue.infd.edu.ar\/sitio\/wp-json\/wp\/v2\/comments?post=2239"}],"version-history":[{"count":1,"href":"https:\/\/isfd52-bue.infd.edu.ar\/sitio\/wp-json\/wp\/v2\/pages\/2239\/revisions"}],"predecessor-version":[{"id":2241,"href":"https:\/\/isfd52-bue.infd.edu.ar\/sitio\/wp-json\/wp\/v2\/pages\/2239\/revisions\/2241"}],"wp:attachment":[{"href":"https:\/\/isfd52-bue.infd.edu.ar\/sitio\/wp-json\/wp\/v2\/media?parent=2239"}],"curies":[{"name":"wp","href":"https:\/\/api.w.org\/{rel}","templated":true}]}}