{"id":2197,"date":"2019-03-13T16:15:08","date_gmt":"2019-03-13T19:15:08","guid":{"rendered":"https:\/\/isfd52-bue.infd.edu.ar\/sitio\/?page_id=2197"},"modified":"2019-03-13T16:26:34","modified_gmt":"2019-03-13T19:26:34","slug":"acta-del-13-de-marzo-de-2019","status":"publish","type":"page","link":"https:\/\/isfd52-bue.infd.edu.ar\/sitio\/acta-del-13-de-marzo-de-2019\/","title":{"rendered":"Acta del 13 de marzo de 2019"},"content":{"rendered":"<h3 class=\"post-title entry-title\">Acta del 13 de marzo de 2019<\/h3>\n<div class=\"post-header\">\n<div class=\"post-header-line-1\"><\/div>\n<\/div>\n<div id=\"post-body-6771486320698552610\" class=\"post-body entry-content\">\n<div style=\"text-align: center;\"><b>Reuni\u00f3n Consejo Directores Regi\u00f3n 6<\/b><\/div>\n<div style=\"text-align: center;\"><\/div>\n<div style=\"text-align: center;\"><b>Acta del 13 de marzo de 2019<\/b><\/div>\n<div style=\"text-align: center;\">\n<div style=\"text-align: left;\">Presentes: Luis Bidegain (director ISFD 39), Daniel Bustos (Vicedirector ISFD 39) , Mariano Bonola (director ISFT 217), Mario Dittler (director ISFT 199 y regente ISFDyT 140), Arsenio Gonzalez (regente ISFT 199), Miguel Enriquez\u00a0 (director ISFD 117), Juliana Dobal (directora ISFT 220) Roberto Rossenblum (director ISFDyT 52)<\/div>\n<div style=\"text-align: left;\"><\/div>\n<div style=\"text-align: left;\"><\/div>\n<div style=\"text-align: left;\"><b>Temario<\/b><\/div>\n<div style=\"text-align: left;\"><\/div>\n<div style=\"text-align: left;\">Al comenzar la reuni\u00f3n se hizo presente la referente territorial de institutos t\u00e9cnicos Lorena Maetakaya quien inform\u00f3 acerca de las orientaciones para la implementaci\u00f3n del Programa 39 y las nuevas normativas del a\u00f1o 2019.<\/div>\n<div style=\"text-align: left;\"><\/div>\n<div style=\"text-align: left;\"><b>Ingreso 2019<\/b><\/div>\n<div style=\"text-align: left;\">Se plantean las dificultades que se presentaron en todos los institutos en relaci\u00f3n a la preinscripci\u00f3n online en el portal ABC. Como conclusi\u00f3n se acuerda que:<\/div>\n<div style=\"text-align: left;\">&#8211; los problemas t\u00e9cnicos continuaron generando enormes dificultades para estudiantes en la obtenci\u00f3n de la oblea<\/div>\n<div style=\"text-align: left;\">&#8211; el sistema genera un desorden adminsitrativo en los institutos al no coincidir los preinscripctos en el ABC y los inscriptos en el instituto<\/div>\n<div style=\"text-align: left;\">&#8211; la habilitaci\u00f3n y deshabilitaci\u00f3n de la preinscripci\u00f3n a las carreras genera enormes dificultades negando el derechos a inscribirse en carreras donde aun quedan vacantes<\/div>\n<div style=\"text-align: left;\">&#8211; los procedimientos de la preinscripci\u00f3n en el ABC deber\u00edan estar publicados desde agosto del a\u00f1o anterior (informaci\u00f3n e instrucciones)<\/div>\n<div style=\"text-align: left;\">&#8211; Es preciso que se extienda el periodo de inscripci\u00f3n hasta el 15 de marzo de cada a\u00f1o<\/div>\n<div style=\"text-align: left;\"><\/div>\n<div style=\"text-align: left;\">En cuanto a la matr\u00edcula en todos los institutos se ha cubierto la cantidad de inscriptos para la apertura de las carreras tal como fue aprobada por este Consejo Regional en 2018.<\/div>\n<div style=\"text-align: left;\"><\/div>\n<div style=\"text-align: left;\"><b>Equivalencias<\/b><\/div>\n<div style=\"text-align: left;\">Se acuerda que el plazo m\u00e1ximo de inicio del tr\u00e1mite (con presentaci\u00f3n del formulario de solicitud de equivalencias) es el 31 de marzo de 2019 (sin excepci\u00f3n). En el caso que falte entregar documentaci\u00f3n (anal\u00edtico o programas legalizados) por parte de los estudiantes pueden presentarla hasta el 31 de mayo (sin excepci\u00f3n).<\/div>\n<div style=\"text-align: left;\"><\/div>\n<div style=\"text-align: left;\"><b>Comunicaci\u00f3n<\/b><\/div>\n<div style=\"text-align: left;\">Se acuerda que se habilitar\u00e1 un canal de comunicaci\u00f3n virtual de manera que se informen en tiempo y forma los concursos por coberturas de c\u00e1tedras en los 7 institutos de la regi\u00f3n.<\/div>\n<div style=\"text-align: left;\">Se acuerda que el referente regional de los directores, Luis Bidegain, enviar\u00e1 a la Jefa Regional una nota con los correos de los institutos de la regi\u00f3n a los efectos de unificar y facilitar la comunicaci\u00f3n de las diferentes v\u00edas jer\u00e1rquicas del nivel superior.<\/div>\n<div style=\"text-align: left;\"><\/div>\n<div style=\"text-align: left;\"><b>Correlatividades<\/b><\/div>\n<div style=\"text-align: left;\">Se ratifica que el r\u00e9gimen de correlatividades es de cursada por cursada, final por final. De este modo para cursar materias correlativas debe tener obligatoriamente aprobadas las cursadas de las materias correlativas anteriores.<\/div>\n<div style=\"text-align: left;\"><\/div>\n<div style=\"text-align: left;\"><b>Situaciones de Ceses de Docentes<\/b><\/div>\n<div style=\"text-align: left;\">Rossenblum plantea la situaci\u00f3n que atravesaron los egresados 2019 que se desempe\u00f1an como docentes en la regi\u00f3n respecto a la orden de cese que se dio desde Inspecci\u00f3n General para el 28 de febrero. En este sentido se acuerda se\u00f1alar que es preciso que\u00a0 cada a\u00f1o se extienda el plazo hasta el 31 de marzo para que los institutos puedan gestionar las constancias de t\u00edtulo en tr\u00e1mite para los egresados una vez que se efectivizan las mesas de ex\u00e1menes del ciclo lectivo.<\/div>\n<div style=\"text-align: left;\"><\/div>\n<div style=\"text-align: left;\"><b>Cronograma anual<\/b><\/div>\n<div style=\"text-align: left;\"><b>\u00a0<\/b><\/div>\n<div style=\"text-align: left;\">Inicio de clases +: 1 de abril<\/div>\n<div style=\"text-align: left;\">Mesas de ex\u00e1menes Mayo (solo ISFD 39, iSFD 117): del 13 al 17 de mayo<\/div>\n<div style=\"text-align: left;\">Receso invernal: 22 de julio al 2 de agosto<\/div>\n<div style=\"text-align: left;\">Mesas de ex\u00e1menes Agosto: 5 al 16 de agosto (se adecuar\u00e1 de acuerdo a las condiciones institucionales de cada instituto)<\/div>\n<div style=\"text-align: left;\">Fin segundo cuatrimestre: 15 de noviembre<\/div>\n<div style=\"text-align: left;\">Semana de estudio: del 18 al 22 de noviembre<\/div>\n<div style=\"text-align: left;\">Mesas de ex\u00e1menes Noviembre Diciembre 2019: del 25 de noviembre al 20 de diciembre<\/div>\n<div style=\"text-align: left;\"><b>\u00a0<\/b><\/div>\n<div style=\"text-align: left;\"><\/div>\n<\/div>\n<div style=\"text-align: left;\"><b>Pr\u00f3ximo encuentro<\/b>: mi\u00e9rcoles 15 de mayo de 2019 a las 13 hs en el ISFT 217 de San Fernando<\/div>\n<\/div>\n","protected":false},"excerpt":{"rendered":"<p>Acta del 13 de marzo de 2019 Reuni\u00f3n Consejo Directores Regi\u00f3n 6 Acta del 13 de marzo de 2019 Presentes: Luis Bidegain (director ISFD 39), Daniel Bustos (Vicedirector ISFD 39) , Mariano Bonola (director ISFT 217), Mario Dittler (director ISFT 199 y regente ISFDyT 140), Arsenio Gonzalez (regente ISFT 199), Miguel Enriquez\u00a0 (director ISFD 117), &#8230; <a title=\"Acta del 13 de marzo de 2019\" class=\"read-more\" href=\"https:\/\/isfd52-bue.infd.edu.ar\/sitio\/acta-del-13-de-marzo-de-2019\/\" aria-label=\"More on Acta del 13 de marzo de 2019\">[+]<\/a><\/p>\n","protected":false},"author":477,"featured_media":0,"parent":0,"menu_order":0,"comment_status":"closed","ping_status":"closed","template":"","meta":[],"acf":[],"_links":{"self":[{"href":"https:\/\/isfd52-bue.infd.edu.ar\/sitio\/wp-json\/wp\/v2\/pages\/2197"}],"collection":[{"href":"https:\/\/isfd52-bue.infd.edu.ar\/sitio\/wp-json\/wp\/v2\/pages"}],"about":[{"href":"https:\/\/isfd52-bue.infd.edu.ar\/sitio\/wp-json\/wp\/v2\/types\/page"}],"author":[{"embeddable":true,"href":"https:\/\/isfd52-bue.infd.edu.ar\/sitio\/wp-json\/wp\/v2\/users\/477"}],"replies":[{"embeddable":true,"href":"https:\/\/isfd52-bue.infd.edu.ar\/sitio\/wp-json\/wp\/v2\/comments?post=2197"}],"version-history":[{"count":3,"href":"https:\/\/isfd52-bue.infd.edu.ar\/sitio\/wp-json\/wp\/v2\/pages\/2197\/revisions"}],"predecessor-version":[{"id":2201,"href":"https:\/\/isfd52-bue.infd.edu.ar\/sitio\/wp-json\/wp\/v2\/pages\/2197\/revisions\/2201"}],"wp:attachment":[{"href":"https:\/\/isfd52-bue.infd.edu.ar\/sitio\/wp-json\/wp\/v2\/media?parent=2197"}],"curies":[{"name":"wp","href":"https:\/\/api.w.org\/{rel}","templated":true}]}}