{"id":2098,"date":"2019-02-27T16:22:31","date_gmt":"2019-02-27T19:22:31","guid":{"rendered":"https:\/\/isfd52-bue.infd.edu.ar\/sitio\/?page_id=2098"},"modified":"2019-06-25T20:16:27","modified_gmt":"2019-06-25T23:16:27","slug":"economia-horarios-2019","status":"publish","type":"page","link":"https:\/\/isfd52-bue.infd.edu.ar\/sitio\/economia-horarios-2019\/","title":{"rendered":"ECONOM\u00cdA &#8211; Horarios 2019"},"content":{"rendered":"<p><strong>HORARIOS PROFESORADO DE ECONOM\u00cdA \u2013 Sede Mart\u00edn y Omar <\/strong><\/p>\n<p><strong>\u00a0<\/strong><\/p>\n<p>Horarios: 1\u00b0 de 18 a 19 hs &#8211; 2\u00b0 de 19 a 20 hs. &#8211; 3\u00b0 de 20 a 21 hs &#8211; 4\u00b0 de 21 a 21.45 hs &#8211; \u00a0\u00a05\u00b0 de 21.45 a 22.30 hs<\/p>\n<p><strong>\u00a0<\/strong><\/p>\n<p><strong>1\u00b0 \u00a0A\u00d1O\u00a0<\/strong><\/p>\n<p><strong>\u00a0<\/strong><\/p>\n<table width=\"613\">\n<tbody>\n<tr>\n<td width=\"23\"><strong>\u00a0<\/strong><\/td>\n<td width=\"127\"><strong>LUNES<\/strong><\/td>\n<td width=\"94\"><strong>MARTES<\/strong><\/td>\n<td width=\"152\"><strong>MIERCOLES<\/strong><\/td>\n<td width=\"103\"><strong>JUEVES<\/strong><\/td>\n<td width=\"113\"><strong>VIERNES<\/strong><\/td>\n<\/tr>\n<tr>\n<td width=\"23\"><strong>1<\/strong><\/td>\n<td width=\"127\"><strong>Perspectiva Filos\u00f3fico Pedag\u00f3gica I<\/strong><\/p>\n<p>Gustavo Mirenda<\/p>\n<p><strong>\u00a0<\/strong><\/td>\n<td width=\"94\"><strong>Econom\u00eda <\/strong>Patricia Cerezuela<\/td>\n<td width=\"152\"><strong>\u00a0\u00a0\u00a0\u00a0\u00a0<\/strong><\/p>\n<p><strong>Matem\u00e1tica I\u00a0<\/strong><\/p>\n<p>Mar\u00eda Las Heras<\/td>\n<td width=\"103\"><strong>\u00a0<\/strong><\/p>\n<p><strong>Psicolog\u00eda I<\/strong><\/p>\n<p>Lautaro Alvarez<\/td>\n<td width=\"113\"><strong>Perspectiva<\/strong><\/p>\n<p><strong>Socio<\/strong><\/p>\n<p><strong>pol\u00edtica<\/strong><\/p>\n<p>Celina Mingo Acu\u00f1a<\/td>\n<\/tr>\n<tr>\n<td width=\"23\"><strong>\u00a0<\/strong><\/p>\n<p><strong>2<\/strong><\/td>\n<td width=\"127\"><strong>\u00a0<\/strong><\/p>\n<p><strong>Perspectiva Filos\u00f3fico Pedag\u00f3gica I<\/strong><\/p>\n<p>Gustavo Mirenda<\/p>\n<p><strong>\u00a0<\/strong><\/p>\n<p><strong>\u00a0<\/strong><\/p>\n<p><strong>\u00a0<\/strong><\/td>\n<td width=\"94\"><strong>Econom\u00eda <\/strong>Patricia Cerezuela<\/p>\n<p>&nbsp;<\/td>\n<td width=\"152\"><strong>\u00a0<\/strong><\/p>\n<p><strong>Matem\u00e1tica I\u00a0<\/strong><\/p>\n<p>Mar\u00eda Las Heras<\/p>\n<p>&nbsp;<\/td>\n<td width=\"103\"><strong>\u00a0<\/strong><\/p>\n<p><strong>Psicolog\u00eda I<\/strong><\/p>\n<p>Lautaro Alvarez<\/p>\n<p>&nbsp;<\/p>\n<p>&nbsp;<\/td>\n<td width=\"113\"><strong>\u00a0<\/strong><\/p>\n<p><strong>Perspectiva<\/strong><\/p>\n<p><strong>Socio<\/strong><\/p>\n<p><strong>pol\u00edtica<\/strong><\/p>\n<p>Celina Mingo Acu\u00f1a<\/td>\n<\/tr>\n<tr>\n<td width=\"23\"><strong>\u00a0<\/strong><\/p>\n<p><strong>3<\/strong><\/td>\n<td width=\"127\"><strong>\u00a0Teor\u00eda de las Organizaciones<\/strong><\/p>\n<p>Gustavo F\u00e9lix<\/td>\n<td width=\"94\"><strong>Geograf\u00eda Econ\u00f3mica<\/strong><\/p>\n<p>Osvaldo Nestiero<\/td>\n<td width=\"152\"><strong>\u00a0Cs. Pol\u00edticas y Derecho Constitucional<\/strong><\/p>\n<p>&nbsp;<\/td>\n<td width=\"103\"><strong>Perspectiva Pedag\u00f3gica Did\u00e1ctica I<\/strong><\/td>\n<td width=\"113\"><strong>\u00a0<\/strong><\/p>\n<p><strong>Sociolog\u00eda<\/strong><\/p>\n<p>Leandro Rodriguez Lupo<\/td>\n<\/tr>\n<tr>\n<td width=\"23\"><strong>\u00a0<\/strong><\/p>\n<p><strong>4<\/strong><\/td>\n<td width=\"127\"><strong>\u00a0<\/strong><\/p>\n<p><strong>\u00a0Teor\u00eda de las Organizaciones<\/strong><\/p>\n<p>Gustavo F\u00e9lix<\/p>\n<p>&nbsp;<\/td>\n<td width=\"94\"><strong>\u00a0<\/strong><\/p>\n<p><strong>Geograf\u00eda Econ\u00f3mica<\/strong><\/p>\n<p>Osvaldo Nestiero<\/p>\n<p>&nbsp;<\/p>\n<p><strong>\u00a0<\/strong><\/p>\n<p><strong>\u00a0<\/strong><\/td>\n<td width=\"152\"><strong>\u00a0<\/strong><\/p>\n<p>Mar\u00eda Alejandra \u00a0 Kozick<\/td>\n<td width=\"103\"><strong>\u00a0\u00a0\u00a0<\/strong><\/p>\n<p>Ver\u00f3nica Heller<\/p>\n<p>&nbsp;<\/td>\n<td width=\"113\"><strong>\u00a0\u00a0\u00a0\u00a0\u00a0\u00a0\u00a0\u00a0<\/strong><\/p>\n<p><strong>Sociolog\u00eda<\/strong><\/p>\n<p>Leandro Rodriguez Lupo<\/p>\n<p><strong>\u00a0\u00a0<\/strong><strong>\u00a0\u00a0\u00a0<\/strong><\/td>\n<\/tr>\n<\/tbody>\n<\/table>\n<p><strong>\u00a0<\/strong><\/p>\n<p><strong>ESPACIO DE LA PR\u00c1CTICA DE 1\u00b0 A\u00d1O.<\/strong><\/p>\n<p><strong>\u00a0S\u00e1bados de 13 hs a 16 hs Generalista Liliana Alpern<\/strong><\/p>\n<p><strong>\u00a0S\u00e1bados de 13 hs a 15 hs Especialista Ruben Duarte<\/strong><\/p>\n<p><strong>\u00a0<\/strong><\/p>\n<p><strong>\u00a0<\/strong><\/p>\n<p><strong>\u00a0<\/strong><\/p>\n<p><strong>2 \u00ba A\u00d1O\u00a0<\/strong><\/p>\n<p><strong>\u00a0<\/strong><\/p>\n<p>&nbsp;<\/p>\n<p><strong>\u00a0<\/strong><\/p>\n<table width=\"670\">\n<tbody>\n<tr>\n<td width=\"24\"><strong>\u00a0<\/strong><\/td>\n<td width=\"129\"><strong>LUNES<\/strong><\/td>\n<td width=\"131\"><strong>MARTES<\/strong><\/td>\n<td width=\"99\"><strong>MIERCOLES<\/strong><\/td>\n<td width=\"141\"><strong>JUEVES<\/strong><\/td>\n<td width=\"146\"><strong>VIERNES<\/strong><\/td>\n<\/tr>\n<tr>\n<td width=\"24\"><strong>1<\/strong><\/td>\n<td width=\"129\"><strong>Computaci\u00f3n aplicada a la contabilidad<\/strong><\/p>\n<p>Micaela Lanfranco<\/p>\n<p><strong>\u00a0<\/strong><\/td>\n<td width=\"131\"><strong>Perspectiva Filos\u00f3fico Pedag\u00f3gica II<\/strong><\/p>\n<p>Gustavo Mirenda<\/td>\n<td width=\"99\"><strong>Psicolog\u00eda II<\/strong><\/p>\n<p>Mario Scardino<\/p>\n<p><strong>\u00a0<\/strong><\/p>\n<p><strong>\u00a0\u00a0\u00a0\u00a0\u00a0\u00a0<\/strong><\/td>\n<td width=\"141\"><strong>\u00a0<\/strong><\/p>\n<p><strong>Matem\u00e1tica II<\/strong><\/p>\n<p>Mar\u00eda Las Heras<\/td>\n<td width=\"146\"><strong>Microeconom\u00eda<\/strong><\/p>\n<p>Juan Gavassi<\/td>\n<\/tr>\n<tr>\n<td width=\"24\"><strong>\u00a0<\/strong><\/p>\n<p><strong>2<\/strong><\/td>\n<td width=\"129\"><strong>\u00a0<\/strong><\/p>\n<p><strong>Computaci\u00f3n aplicada a la contabilidad<\/strong><\/p>\n<p>Micaela Lanfranco<\/p>\n<p>&nbsp;<\/p>\n<p><strong>\u00a0<\/strong><\/p>\n<p><strong>\u00a0<\/strong><\/td>\n<td width=\"131\"><strong>\u00a0<\/strong><\/p>\n<p><strong>Perspectiva Filos\u00f3fico Pedag\u00f3gica II<\/strong><\/p>\n<p>Gustavo Mirenda<\/p>\n<p>&nbsp;<\/td>\n<td width=\"99\"><strong>Psicolog\u00eda II<\/strong><\/p>\n<p>Mario Scardino<\/p>\n<p>&nbsp;<\/td>\n<td width=\"141\"><strong>\u00a0<\/strong><\/p>\n<p><strong>Matem\u00e1tica II<\/strong><\/p>\n<p>Mar\u00eda Las Heras<\/p>\n<p>&nbsp;<\/td>\n<td width=\"146\"><strong>\u00a0<\/strong><\/p>\n<p><strong>Microeconom\u00eda<\/strong><\/p>\n<p>Juan Gavassi<\/p>\n<p>&nbsp;<\/td>\n<\/tr>\n<tr>\n<td width=\"24\"><strong>\u00a0<\/strong><\/p>\n<p><strong>3<\/strong><\/td>\n<td width=\"129\"><strong>Sistemas de Informaci\u00f3n Contable I<\/strong><\/p>\n<p><strong>\u00a0<\/strong><\/p>\n<p><strong>\u00a0<\/strong><\/td>\n<td width=\"131\"><strong>Administraci\u00f3n de Recursos<\/strong><\/p>\n<p><strong>Humanos<\/strong><\/p>\n<p>Patricia Cerezuela<\/td>\n<td width=\"99\"><strong>Perspectiva Pedag\u00f3gico Did\u00e1ctica II<\/strong><\/p>\n<p>Samanta Murillo<\/td>\n<td width=\"141\"><strong>Derecho\u00a0<\/strong><\/p>\n<p><strong>Civil<\/strong><\/p>\n<p>Mar\u00eda Alejandra Kozik<\/td>\n<td width=\"146\"><strong>Microeconom\u00eda<\/strong><\/p>\n<p>Juan Gavassi<\/td>\n<\/tr>\n<tr>\n<td width=\"24\"><strong>\u00a0<\/strong><\/p>\n<p><strong>4<\/strong><\/td>\n<td width=\"129\"><strong>\u00a0 \u00a0 \u00a0 \u00a0 \u00a0 \u00a0 \u00a0 \u00a0 \u00a0Sistemas de Informaci\u00f3n Contable I \u00a0 \u00a0\u00a0<\/strong><\/p>\n<p>Melisa Abril<\/p>\n<p>Varela<\/td>\n<td width=\"131\"><strong>\u00a0<\/strong><\/p>\n<p><strong>Administraci\u00f3n de Recursos<\/strong><\/p>\n<p><strong>Humanos<\/strong><\/p>\n<p>Patricia Cerezuela<\/p>\n<p>&nbsp;<\/p>\n<p><strong>\u00a0<\/strong><\/p>\n<p><strong>\u00a0<\/strong><\/td>\n<td width=\"99\"><strong>\u00a0\u00a0Perspectiva Pedag\u00f3gico Did\u00e1ctica II\u00a0<\/strong><\/p>\n<p>Samanta Murillo<\/p>\n<p>&nbsp;<\/p>\n<p><strong>\u00a0<\/strong><\/p>\n<p><strong>\u00a0\u00a0\u00a0\u00a0\u00a0\u00a0\u00a0\u00a0\u00a0\u00a0\u00a0\u00a0\u00a0\u00a0\u00a0\u00a0\u00a0\u00a0\u00a0\u00a0\u00a0\u00a0\u00a0<\/strong><\/td>\n<td width=\"141\"><strong>\u00a0\u00a0\u00a0<\/strong><\/p>\n<p><strong>Derecho\u00a0<\/strong><\/p>\n<p><strong>Civil<\/strong><\/p>\n<p>Mar\u00eda Alejandra Kozik<\/p>\n<p>&nbsp;<\/p>\n<p><strong>\u00a0 \u00a0 \u00a0 \u00a0 \u00a0 \u00a0 \u00a0 \u00a0 \u00a0 \u00a0<\/strong><\/p>\n<p><strong>\u00a0\u00a0 \u00a0 \u00a0 \u00a0 \u00a0 \u00a0 \u00a0 \u00a0<\/strong><\/p>\n<p><strong>\u00a0<\/strong><\/td>\n<td width=\"146\"><strong>\u00a0\u00a0\u00a0\u00a0\u00a0\u00a0\u00a0\u00a0<\/strong><\/p>\n<p><strong>\u00a0\u00a0<\/strong><\/td>\n<\/tr>\n<tr>\n<td width=\"24\">5<\/td>\n<td width=\"129\"><strong>Sistemas de Informaci\u00f3n Contable I<\/strong><\/p>\n<p>Melisa Abril<\/p>\n<p>Varela<\/td>\n<td width=\"131\"><\/td>\n<td width=\"99\"><\/td>\n<td width=\"141\"><\/td>\n<td width=\"146\"><\/td>\n<\/tr>\n<\/tbody>\n<\/table>\n<p><strong>\u00a0 <\/strong><\/p>\n<p><strong>ESPACIO DE LA PR\u00c1CTICA DE 2\u00b0 A\u00d1O\u00a0 <\/strong><\/p>\n<p><strong>(1\u00b0grupo S\u00e1bados de 9 hs a 11hs- 2\u00b0 grupo S\u00e1bados 11 hs A 13 hs) Rub\u00e9n Duarte<\/strong><\/p>\n<p><strong>\u00a0<\/strong><\/p>\n<p><strong>\u00a0<\/strong><\/p>\n<p><strong>3 \u00ba A\u00d1O\u00a0<\/strong><\/p>\n<p><strong>\u00a0<\/strong><\/p>\n<table width=\"651\">\n<tbody>\n<tr>\n<td width=\"24\"><strong>\u00a0<\/strong><\/td>\n<td width=\"149\"><strong>LUNES<\/strong><\/td>\n<td width=\"102\"><strong>MARTES<\/strong><\/td>\n<td width=\"121\"><strong>MIERCOLES<\/strong><\/td>\n<td width=\"110\"><strong>JUEVES<\/strong><\/td>\n<td width=\"146\"><strong>VIERNES<\/strong><\/td>\n<\/tr>\n<tr>\n<td width=\"24\"><strong>1<\/strong><\/td>\n<td width=\"149\"><strong>\u00a0Econ. y Gest. y su ense\u00f1anza I<\/strong><\/p>\n<p>Sonia Jos\u00e9<\/td>\n<td width=\"102\">\u00a0<strong>Costos<\/strong><\/p>\n<p>Juan Gavassi<\/td>\n<td width=\"121\"><strong>\u00a0<\/strong><strong>Macroeconom\u00eda<\/strong><\/p>\n<p>Juan Gavassi<\/td>\n<td width=\"110\"><strong>Perspectiva Pol\u00edtica Institucional<\/strong><\/p>\n<p>Celeste Castro Garc\u00eda<\/td>\n<td width=\"146\"><strong>Perspectiva Filos\u00f3fico Pedag\u00f3gica<\/strong><\/p>\n<p><strong>Did\u00e1ctica<\/strong><\/p>\n<p>Claudia Gomez<\/td>\n<\/tr>\n<tr>\n<td width=\"24\"><strong>\u00a0<\/strong><\/p>\n<p><strong>2<\/strong><\/td>\n<td width=\"149\"><strong>\u00a0<\/strong><\/p>\n<p><strong>\u00a0Econ. y Gest. y su ense\u00f1anza I<\/strong><\/p>\n<p>Sonia Jos\u00e9<\/p>\n<p><strong>\u00a0<\/strong><\/p>\n<p><strong>\u00a0<\/strong><\/td>\n<td width=\"102\"><strong>\u00a0<\/strong><\/p>\n<p><strong>Costos<\/strong><\/p>\n<p>Juan Gavassi<\/p>\n<p>&nbsp;<\/td>\n<td width=\"121\"><strong>\u00a0<\/strong><\/p>\n<p><strong>\u00a0<\/strong><strong>Macroeconom\u00eda<\/strong><\/p>\n<p>Juan Gavassi<\/td>\n<td width=\"110\"><strong>\u00a0<\/strong><\/p>\n<p><strong>Perspectiva Pol\u00edtica Institucional<\/strong><\/p>\n<p>Celeste Castro Garc\u00eda<\/p>\n<p>&nbsp;<\/td>\n<td width=\"146\"><strong>\u00a0<\/strong><\/p>\n<p><strong>Perspectiva Filos\u00f3fico Pedag\u00f3gica<\/strong><\/p>\n<p><strong>Did\u00e1ctica<\/strong><\/p>\n<p>Claudia Gomez<\/p>\n<p>&nbsp;<\/td>\n<\/tr>\n<tr>\n<td width=\"24\"><strong>\u00a0<\/strong><\/p>\n<p><strong>3<\/strong><\/td>\n<td width=\"149\"><strong>Modelos Matem\u00e1ticos y Estad\u00edsticos aplicados a los negocios I<\/strong><\/p>\n<p>Claudia Gimenez<\/p>\n<p><strong>\u00a0<\/strong><\/td>\n<td width=\"102\"><strong>Sistemas Informaci\u00f3n Contable<\/strong><\/p>\n<p><strong>II\u00a0<\/strong><\/p>\n<p>Marcelo Marchegiani<\/td>\n<td width=\"121\"><strong>\u00a0<\/strong><\/p>\n<p><strong>Derecho comercial<\/strong><\/p>\n<p>Juan Gavassi<\/td>\n<td width=\"110\"><strong>Sistemas Administrativos<\/strong><\/p>\n<p>Marcelo Marchegiani<\/td>\n<td width=\"146\"><strong>\u00a0<\/strong><\/p>\n<p><strong>Pr\u00e1ctica Docente III<\/strong><\/td>\n<\/tr>\n<tr>\n<td width=\"24\"><strong>\u00a0<\/strong><\/p>\n<p><strong>4<\/strong><\/td>\n<td width=\"149\"><strong>\u00a0<\/strong><\/p>\n<p><strong>Modelos Matem\u00e1ticos y Estad\u00edsticos aplicados a los negocios I<\/strong><\/p>\n<p>Claudia Gimenez<\/p>\n<p>&nbsp;<\/p>\n<p>&nbsp;<\/p>\n<p><strong>\u00a0\u00a0\u00a0\u00a0\u00a0\u00a0\u00a0\u00a0\u00a0\u00a0\u00a0\u00a0\u00a0\u00a0\u00a0\u00a0\u00a0\u00a0\u00a0\u00a0\u00a0\u00a0\u00a0\u00a0\u00a0\u00a0\u00a0<\/strong><\/td>\n<td width=\"102\"><strong>\u00a0<\/strong><\/p>\n<p><strong>Sistemas Informaci\u00f3n Contable<\/strong><\/p>\n<p><strong>II\u00a0<\/strong><\/p>\n<p>Marcelo Marchegiani<\/p>\n<p><strong>\u00a0<\/strong><\/td>\n<td width=\"121\"><strong>\u00a0\u00a0<\/strong><\/p>\n<p><strong>Derecho comercial<\/strong><\/p>\n<p>Juan Gavassi<\/p>\n<p>&nbsp;<\/p>\n<p><strong>\u00a0\u00a0\u00a0\u00a0\u00a0\u00a0\u00a0\u00a0\u00a0\u00a0\u00a0\u00a0\u00a0\u00a0\u00a0\u00a0\u00a0<\/strong><\/td>\n<td width=\"110\"><strong>\u00a0\u00a0\u00a0\u00a0 \u00a0 \u00a0<\/strong><\/p>\n<p><strong>Sistemas Administrativos<\/strong><\/p>\n<p>Marcelo Marchegiani<\/p>\n<p><strong>\u00a0 \u00a0 \u00a0 \u00a0<\/strong><\/p>\n<p><strong>\u00a0<\/strong><\/td>\n<td width=\"146\"><strong>\u00a0\u00a0\u00a0\u00a0\u00a0\u00a0\u00a0\u00a0<\/strong><\/p>\n<p><strong>\u00a0Pr\u00e1ctica Docente III<\/strong><\/p>\n<p>Micaela Lanfranco<\/td>\n<\/tr>\n<tr>\n<td width=\"24\"><strong>5<\/strong><\/td>\n<td width=\"149\"><\/td>\n<td width=\"102\"><strong>Sistemas Informaci\u00f3n Contable<\/strong><\/p>\n<p><strong>II\u00a0<\/strong><\/p>\n<p>Marcelo Marchegiani<\/td>\n<td width=\"121\"><\/td>\n<td width=\"110\"><\/td>\n<td width=\"146\"><\/td>\n<\/tr>\n<\/tbody>\n<\/table>\n<p><strong>\u00a0<\/strong><\/p>\n<p><strong>\u00a0<\/strong><\/p>\n<p><strong>\u00a0<\/strong><\/p>\n<p><strong>4 \u00ba A\u00d1O\u00a0<\/strong><\/p>\n<p><strong>\u00a0<\/strong><\/p>\n<table width=\"590\">\n<tbody>\n<tr>\n<td width=\"9\"><strong>\u00a0<\/strong><\/td>\n<td width=\"170\"><strong>LUNES<\/strong><\/td>\n<td width=\"109\"><strong>MARTES<\/strong><\/td>\n<td width=\"92\"><strong>MI\u00c9RCOLES<\/strong><\/td>\n<td width=\"86\"><strong>JUEVES<\/strong><\/td>\n<td width=\"110\"><strong>VIERNES<\/strong><\/td>\n<\/tr>\n<tr>\n<td width=\"9\"><strong>1<\/strong><\/td>\n<td width=\"170\"><strong>Modelos Matem\u00e1ticos y Estad\u00edsticos aplicados a los negocios II<\/strong><\/p>\n<p>Claudia Gimenez<\/p>\n<p><strong>\u00a0<\/strong><\/td>\n<td width=\"109\"><strong>Finanzas P\u00fablicas<\/strong><\/p>\n<p>Marcelo Marchegiani<\/td>\n<td width=\"92\"><strong>Derecho Laboral\u00a0\u00a0\u00a0\u00a0\u00a0\u00a0<\/strong><\/p>\n<p>Mar\u00eda Alejandra Kozik<\/td>\n<td width=\"86\"><strong>\u00a0<\/strong><strong>Dise\u00f1o y gesti\u00f3n de Micro<\/strong><strong>emprendimientos<\/strong><\/p>\n<p>Marcelo Marchegiani<\/td>\n<td width=\"110\"><strong>Pol\u00edtica Econ\u00f3mica<\/strong><\/p>\n<p>Vanina Cuccagna<\/td>\n<\/tr>\n<tr>\n<td width=\"9\"><strong>\u00a0<\/strong><\/p>\n<p><strong>2<\/strong><\/td>\n<td width=\"170\"><strong>\u00a0<\/strong><\/p>\n<p><strong>Modelos Matem\u00e1ticos y Estad\u00edsticos aplicados a los negocios II<\/strong><\/p>\n<p>Claudia Gimenez<\/p>\n<p>&nbsp;<\/p>\n<p>&nbsp;<\/p>\n<p><strong>\u00a0<\/strong><\/p>\n<p><strong>\u00a0<\/strong><\/td>\n<td width=\"109\"><strong>\u00a0<\/strong><\/p>\n<p><strong>Finanzas P\u00fablicas<\/strong><\/p>\n<p>Marcelo Marchegiani<\/p>\n<p>&nbsp;<\/td>\n<td width=\"92\"><strong>\u00a0<\/strong><\/p>\n<p><strong>Derecho Laboral\u00a0\u00a0\u00a0\u00a0\u00a0\u00a0<\/strong><\/p>\n<p>Mar\u00eda Alejandra Kozik<\/p>\n<p>&nbsp;<\/td>\n<td width=\"86\"><strong>\u00a0<\/strong><\/p>\n<p><strong>Dise\u00f1o y gesti\u00f3n de Micro<\/strong><strong>emprendimientos<\/strong><\/p>\n<p>Marcelo Marchegiani<\/p>\n<p>&nbsp;<\/td>\n<td width=\"110\"><strong>\u00a0Pol\u00edtica Econ\u00f3mica<\/strong><\/p>\n<p>Vanina Cuccagna<\/td>\n<\/tr>\n<tr>\n<td width=\"9\"><strong>\u00a0<\/strong><\/p>\n<p><strong>3<\/strong><\/td>\n<td width=\"170\"><strong>EDI: Taller Contable\u00a0<\/strong><\/p>\n<p><strong>\u00a0<\/strong><\/td>\n<td width=\"109\"><strong>Gesti\u00f3n Financiera<\/strong><\/p>\n<p>Juan Gavassi<\/td>\n<td width=\"92\"><strong>\u00a0<\/strong><strong>Metodolog\u00eda de la Investigaci\u00f3n\u00a0<\/strong><strong>Econ\u00f3mica<\/strong><\/p>\n<p>Adriana Pellegrini<\/td>\n<td width=\"86\"><strong>Econ. y Gest. Y\u00a0<\/strong><strong>su ense\u00f1anza\u00a0 II<\/strong><\/td>\n<td width=\"110\"><strong>\u00a0<\/strong><strong>Historia del Pensamiento Econ\u00f3mico<\/strong><\/td>\n<\/tr>\n<tr>\n<td width=\"9\"><strong>\u00a0<\/strong><\/p>\n<p><strong>4<\/strong><\/td>\n<td width=\"170\"><strong>EDI:Taller Contable<\/strong><\/p>\n<p>Micaela Lanfranco<\/td>\n<td width=\"109\"><strong>Gesti\u00f3n Financiera<\/strong><\/p>\n<p>Juan Gavassi<\/p>\n<p><strong>\u00a0<\/strong><\/td>\n<td width=\"92\"><strong>\u00a0\u00a0<\/strong><\/p>\n<p><strong>\u00a0<\/strong><\/p>\n<p><strong>Metodolog\u00eda de la Investigaci\u00f3n<\/strong><\/p>\n<p><strong>Econ\u00f3mica<\/strong><\/p>\n<p>Adriana Pellegrini<\/td>\n<td width=\"86\"><strong>\u00a0\u00a0Econom\u00eda Gesti\u00f3n y su ense\u00f1anza\u00a0 II<\/strong><\/p>\n<p>Samanta<\/p>\n<p>Murillo<\/p>\n<p>&nbsp;<\/td>\n<td width=\"110\"><strong>\u00a0Historia del Pensamiento Econ\u00f3mico\u00a0 \u00a0<\/strong><\/p>\n<p>Vanina Cuccagna<\/td>\n<\/tr>\n<tr>\n<td width=\"9\"><strong>5<\/strong><\/td>\n<td width=\"170\"><strong>EDI: Taller Contable<\/strong><\/p>\n<p>Micaela Lanfranco<\/td>\n<td width=\"109\"><\/td>\n<td width=\"92\"><\/td>\n<td width=\"86\"><\/td>\n<td width=\"110\"><\/td>\n<\/tr>\n<\/tbody>\n<\/table>\n<p><strong>\u00a0<\/strong><\/p>\n<p><strong>ESPACIO DE LA PR\u00c1CTICA DE 4TO A\u00d1O :\u00a0 S\u00e1bados de 9 a 13 hs Micaela Lanfranco<\/strong><\/p>\n","protected":false},"excerpt":{"rendered":"<p>HORARIOS PROFESORADO DE ECONOM\u00cdA \u2013 Sede Mart\u00edn y Omar \u00a0 Horarios: 1\u00b0 de 18 a 19 hs &#8211; 2\u00b0 de 19 a 20 hs. &#8211; 3\u00b0 de 20 a 21 hs &#8211; 4\u00b0 de 21 a 21.45 hs &#8211; \u00a0\u00a05\u00b0 de 21.45 a 22.30 hs \u00a0 1\u00b0 \u00a0A\u00d1O\u00a0 \u00a0 \u00a0 LUNES MARTES MIERCOLES JUEVES VIERNES &#8230; <a title=\"ECONOM\u00cdA &#8211; Horarios 2019\" class=\"read-more\" href=\"https:\/\/isfd52-bue.infd.edu.ar\/sitio\/economia-horarios-2019\/\" aria-label=\"More on ECONOM\u00cdA &#8211; Horarios 2019\">[+]<\/a><\/p>\n","protected":false},"author":477,"featured_media":0,"parent":0,"menu_order":0,"comment_status":"closed","ping_status":"closed","template":"","meta":[],"acf":[],"_links":{"self":[{"href":"https:\/\/isfd52-bue.infd.edu.ar\/sitio\/wp-json\/wp\/v2\/pages\/2098"}],"collection":[{"href":"https:\/\/isfd52-bue.infd.edu.ar\/sitio\/wp-json\/wp\/v2\/pages"}],"about":[{"href":"https:\/\/isfd52-bue.infd.edu.ar\/sitio\/wp-json\/wp\/v2\/types\/page"}],"author":[{"embeddable":true,"href":"https:\/\/isfd52-bue.infd.edu.ar\/sitio\/wp-json\/wp\/v2\/users\/477"}],"replies":[{"embeddable":true,"href":"https:\/\/isfd52-bue.infd.edu.ar\/sitio\/wp-json\/wp\/v2\/comments?post=2098"}],"version-history":[{"count":8,"href":"https:\/\/isfd52-bue.infd.edu.ar\/sitio\/wp-json\/wp\/v2\/pages\/2098\/revisions"}],"predecessor-version":[{"id":2388,"href":"https:\/\/isfd52-bue.infd.edu.ar\/sitio\/wp-json\/wp\/v2\/pages\/2098\/revisions\/2388"}],"wp:attachment":[{"href":"https:\/\/isfd52-bue.infd.edu.ar\/sitio\/wp-json\/wp\/v2\/media?parent=2098"}],"curies":[{"name":"wp","href":"https:\/\/api.w.org\/{rel}","templated":true}]}}