{"id":2033,"date":"2018-12-16T01:13:21","date_gmt":"2018-12-16T04:13:21","guid":{"rendered":"https:\/\/isfd52-bue.infd.edu.ar\/sitio\/?page_id=2033"},"modified":"2024-10-22T21:17:36","modified_gmt":"2024-10-23T00:17:36","slug":"gestion-de-solicitud-de-legalizacion-de-programas-de-materias","status":"publish","type":"page","link":"https:\/\/isfd52-bue.infd.edu.ar\/sitio\/gestion-de-solicitud-de-legalizacion-de-programas-de-materias\/","title":{"rendered":"Gesti\u00f3n de Solicitud de Legalizaci\u00f3n de Programas de Materias"},"content":{"rendered":"<p>Bienvenidxs, al sitio de Gesti\u00f3n de Solicitud de Legalizaci\u00f3n de Programas de Materias del ISFDyT 52.<\/p>\n<p>Para realizar el tr\u00e1mite, es preciso en primer lugar escribir al mail\u00a0 <strong>legalizacionprogramas52@gmail.com<\/strong>\u00a0enviando los siguientes datos:<\/p>\n<ul>\n<li>Apellidos y nombres<\/li>\n<li>DNI<\/li>\n<li>Tel\u00e9fono de contacto<\/li>\n<li>Nombre completo de cada materia solicitada y a\u00f1o en que la curs\u00f3 (aclarar curso, docente a cargo de la c\u00e1tedra, turno y sede de la cursada)<\/li>\n<\/ul>\n","protected":false},"excerpt":{"rendered":"<p>Bienvenidxs, al sitio de Gesti\u00f3n de Solicitud de Legalizaci\u00f3n de Programas de Materias del ISFDyT 52. Para realizar el tr\u00e1mite, es preciso en primer lugar escribir al mail\u00a0 legalizacionprogramas52@gmail.com\u00a0enviando los siguientes datos: Apellidos y nombres DNI Tel\u00e9fono de contacto Nombre completo de cada materia solicitada y a\u00f1o en que la curs\u00f3 (aclarar curso, docente a &#8230; <a title=\"Gesti\u00f3n de Solicitud de Legalizaci\u00f3n de Programas de Materias\" class=\"read-more\" href=\"https:\/\/isfd52-bue.infd.edu.ar\/sitio\/gestion-de-solicitud-de-legalizacion-de-programas-de-materias\/\" aria-label=\"More on Gesti\u00f3n de Solicitud de Legalizaci\u00f3n de Programas de Materias\">[+]<\/a><\/p>\n","protected":false},"author":477,"featured_media":0,"parent":0,"menu_order":0,"comment_status":"closed","ping_status":"closed","template":"","meta":[],"acf":[],"_links":{"self":[{"href":"https:\/\/isfd52-bue.infd.edu.ar\/sitio\/wp-json\/wp\/v2\/pages\/2033"}],"collection":[{"href":"https:\/\/isfd52-bue.infd.edu.ar\/sitio\/wp-json\/wp\/v2\/pages"}],"about":[{"href":"https:\/\/isfd52-bue.infd.edu.ar\/sitio\/wp-json\/wp\/v2\/types\/page"}],"author":[{"embeddable":true,"href":"https:\/\/isfd52-bue.infd.edu.ar\/sitio\/wp-json\/wp\/v2\/users\/477"}],"replies":[{"embeddable":true,"href":"https:\/\/isfd52-bue.infd.edu.ar\/sitio\/wp-json\/wp\/v2\/comments?post=2033"}],"version-history":[{"count":3,"href":"https:\/\/isfd52-bue.infd.edu.ar\/sitio\/wp-json\/wp\/v2\/pages\/2033\/revisions"}],"predecessor-version":[{"id":5115,"href":"https:\/\/isfd52-bue.infd.edu.ar\/sitio\/wp-json\/wp\/v2\/pages\/2033\/revisions\/5115"}],"wp:attachment":[{"href":"https:\/\/isfd52-bue.infd.edu.ar\/sitio\/wp-json\/wp\/v2\/media?parent=2033"}],"curies":[{"name":"wp","href":"https:\/\/api.w.org\/{rel}","templated":true}]}}