{"id":1993,"date":"2018-12-05T16:44:39","date_gmt":"2018-12-05T19:44:39","guid":{"rendered":"https:\/\/isfd52-bue.infd.edu.ar\/sitio\/?page_id=1993"},"modified":"2018-12-05T16:52:06","modified_gmt":"2018-12-05T19:52:06","slug":"acta-del-5-de-diciembre-de-2018","status":"publish","type":"page","link":"https:\/\/isfd52-bue.infd.edu.ar\/sitio\/acta-del-5-de-diciembre-de-2018\/","title":{"rendered":"Acta del 5 de diciembre de 2018"},"content":{"rendered":"<div data-blogger-escaped-data-mce-style=\"text-align: center;\" data-blogger-escaped-style=\"color: #333333; text-align: center;\">\n<p style=\"text-align: center;\"><span data-blogger-escaped-style=\"font-family: Verdana,sans-serif;\"><b>Reuni\u00f3n Consejo Directores Regi\u00f3n 6<\/b><\/span><\/p>\n<\/div>\n<div style=\"text-align: center;\" data-blogger-escaped-data-mce-style=\"text-align: center;\" data-blogger-escaped-style=\"color: #333333; text-align: center;\"><\/div>\n<div data-blogger-escaped-data-mce-style=\"text-align: center;\" data-blogger-escaped-style=\"color: #333333; text-align: center;\">\n<p style=\"text-align: center;\"><span data-blogger-escaped-style=\"font-family: Verdana,sans-serif;\"><b>Acta del 5 de diciembre de 2018<\/b><\/span><\/p>\n<\/div>\n<div data-blogger-escaped-data-mce-style=\"text-align: center;\" data-blogger-escaped-style=\"color: #333333; text-align: center;\"><span data-blogger-escaped-style=\"font-family: Verdana,sans-serif;\">utos: 39, 52, 117, 140, 199, 217 y 220<\/span><\/p>\n<div data-blogger-escaped-style=\"color: #333333;\">\n<p><span data-blogger-escaped-style=\"font-family: Verdana,sans-serif;\">Presentes: Luis Bidegain (director ISFD 39), Daniel Bustos (Vicedirector ISFD 39) , Mariano Bonola (director ISFT 217), Mario Dittler (director ISFT 199 y regente ISFDyT 140), Miguel Enriquez\u00a0 (director ISFD 117), Juliana Dobal (directora ISFT 220) Roberto Rossenblum (director ISFDyT 52)<\/span><\/p>\n<\/div>\n<div data-blogger-escaped-style=\"color: #333333;\">\n<p><span data-blogger-escaped-style=\"font-family: Verdana,sans-serif;\">\u00a0<\/span><\/p>\n<\/div>\n<div data-blogger-escaped-style=\"color: #333333;\">\n<p><span data-blogger-escaped-style=\"font-family: Verdana,sans-serif;\"><strong>Temario<\/strong><\/span><\/p>\n<\/div>\n<div data-blogger-escaped-style=\"color: #333333;\">\n<p><span data-blogger-escaped-style=\"font-family: Verdana,sans-serif;\"><strong>Inscripciones ingresantes 2019 \u2013 Oferta de carreras 2019<\/strong><\/span><\/p>\n<p><span data-blogger-escaped-style=\"font-family: Verdana,sans-serif;\">Las y los directores analizan el comunicado del d\u00eda de la fecha que envi\u00f3 la DESFDI\u00a0 sobre aprobaci\u00f3n de la oferta de carreras de la regi\u00f3n 6.<br \/>\n<\/span><\/p>\n<p>Se considera un gran avance la autorizaci\u00f3n de las ofertas del ISFDyT 52 e ISFDyT 140 ya que se aprueban tal como fue enviada oportunamente por el consejo regional.<\/p>\n<p>En<\/p>\n<\/div>\n<\/div>\n<div data-blogger-escaped-style=\"color: #333333;\">\n<p><span data-blogger-escaped-style=\"font-family: Verdana,sans-serif;\">Instit<\/span>relaci\u00f3n al ISFD 39 se reitera la ratificaci\u00f3n de la apertura de dos comisiones del Profesorado de Historia y el rechazo a la apertura de una segunda comisi\u00f3n del Profesorado de Matem\u00e1tica.<\/p>\n<\/div>\n<div data-blogger-escaped-style=\"color: #333333;\">\n<p><span data-blogger-escaped-style=\"font-family: Verdana,sans-serif;\">Por otra parte se informa que se abri\u00f3 en el d\u00eda de hoy la preinscripci\u00f3n online en el portal ABC con enormes dificultades para los estudiantes al acceder al formulario. <\/span><\/p>\n<p>Por \u00faltimo reiteramos la solicitud a la DESFDI acerca de la necesidad de extender el periodo de preinscripci\u00f3n en el portal ABC hasta el 15 de marzo. Se acuerda presentar a la brevedad una nota formal de solicitud en la DESFDI.<\/p>\n<p>&nbsp;<\/p>\n<p><b>Cobertura de cargos por pruebas puntuales<\/b><\/p>\n<p>Se menciona que en el mes de noviembre se convoc\u00f3 a pruebas puntuales y se cubrieron los cargos de regente en el ISFDyT 52 y dos jefaturas de \u00e1rea en l ISFD 39.<\/p>\n<p><strong>Capacitaci\u00f3n de docentes en seguridad e higiene<\/strong><\/p>\n<p>Los directores del ISFT 199, 217 y 22o comentan que se elev\u00f3 la propuesta regional a la DESFT para desarrollar pr\u00e1cticas profesionalizantes vinculadas a la Seguridad e Higiene en los establecimientos educativos de la regi\u00f3n. A\u00fan no hubo respuesta por parte de las autoridades provinciales.<\/p>\n<p><strong>Boleto Estudiantil y Becas para Estudiantes<\/strong><\/p>\n<p>El Consejo Regional reitera su pronunciamiento, en el contexto actual de profundizaci\u00f3n de la crisis econ\u00f3mica, respecto de la urgente necesidad de implementaci\u00f3n del Boleto Estudiantil para los institutos superiores de la Provincia de Buenos Aires. En el mismo sentido se requiere la implementaci\u00f3n de programas de becas universales similares a las de Est\u00edmulos Econ\u00f3micos que exist\u00edan hasta 2015.<\/p>\n<p>&nbsp;<\/p>\n<\/div>\n<div data-blogger-escaped-style=\"color: #333333;\">\n<p><span data-blogger-escaped-style=\"font-family: Verdana,sans-serif;\"><b>Pr\u00f3ximo encuentro<\/b>: mi\u00e9rcoles 6 de marzo a las 13 hs en el ISFT 217 de San Fernando<\/span><\/p>\n<\/div>\n","protected":false},"excerpt":{"rendered":"<p>Reuni\u00f3n Consejo Directores Regi\u00f3n 6 Acta del 5 de diciembre de 2018 utos: 39, 52, 117, 140, 199, 217 y 220 Presentes: Luis Bidegain (director ISFD 39), Daniel Bustos (Vicedirector ISFD 39) , Mariano Bonola (director ISFT 217), Mario Dittler (director ISFT 199 y regente ISFDyT 140), Miguel Enriquez\u00a0 (director ISFD 117), Juliana Dobal (directora &#8230; <a title=\"Acta del 5 de diciembre de 2018\" class=\"read-more\" href=\"https:\/\/isfd52-bue.infd.edu.ar\/sitio\/acta-del-5-de-diciembre-de-2018\/\" aria-label=\"More on Acta del 5 de diciembre de 2018\">[+]<\/a><\/p>\n","protected":false},"author":477,"featured_media":0,"parent":0,"menu_order":0,"comment_status":"closed","ping_status":"closed","template":"","meta":[],"acf":[],"_links":{"self":[{"href":"https:\/\/isfd52-bue.infd.edu.ar\/sitio\/wp-json\/wp\/v2\/pages\/1993"}],"collection":[{"href":"https:\/\/isfd52-bue.infd.edu.ar\/sitio\/wp-json\/wp\/v2\/pages"}],"about":[{"href":"https:\/\/isfd52-bue.infd.edu.ar\/sitio\/wp-json\/wp\/v2\/types\/page"}],"author":[{"embeddable":true,"href":"https:\/\/isfd52-bue.infd.edu.ar\/sitio\/wp-json\/wp\/v2\/users\/477"}],"replies":[{"embeddable":true,"href":"https:\/\/isfd52-bue.infd.edu.ar\/sitio\/wp-json\/wp\/v2\/comments?post=1993"}],"version-history":[{"count":3,"href":"https:\/\/isfd52-bue.infd.edu.ar\/sitio\/wp-json\/wp\/v2\/pages\/1993\/revisions"}],"predecessor-version":[{"id":1995,"href":"https:\/\/isfd52-bue.infd.edu.ar\/sitio\/wp-json\/wp\/v2\/pages\/1993\/revisions\/1995"}],"wp:attachment":[{"href":"https:\/\/isfd52-bue.infd.edu.ar\/sitio\/wp-json\/wp\/v2\/media?parent=1993"}],"curies":[{"name":"wp","href":"https:\/\/api.w.org\/{rel}","templated":true}]}}