{"id":1918,"date":"2018-10-31T16:21:08","date_gmt":"2018-10-31T19:21:08","guid":{"rendered":"https:\/\/isfd52-bue.infd.edu.ar\/sitio\/?page_id=1918"},"modified":"2018-10-31T16:21:08","modified_gmt":"2018-10-31T19:21:08","slug":"acta-del-31-de-octubre-de-2018","status":"publish","type":"page","link":"https:\/\/isfd52-bue.infd.edu.ar\/sitio\/acta-del-31-de-octubre-de-2018\/","title":{"rendered":"Acta del 31 de octubre de 2018"},"content":{"rendered":"<div data-blogger-escaped-data-mce-style=\"text-align: center;\" data-blogger-escaped-style=\"color: #333333; text-align: center;\">\n<p style=\"text-align: center;\"><span style=\"font-family: 'verdana' , sans-serif;\" data-blogger-escaped-style=\"font-family: Verdana,sans-serif;\"><span style=\"font-size: medium;\" data-blogger-escaped-style=\"font-size: small;\"><b>Reuni\u00f3n Consejo Directores Regi\u00f3n 6<\/b><\/span><\/span><\/p>\n<\/div>\n<div style=\"text-align: center;\" data-blogger-escaped-data-mce-style=\"text-align: center;\" data-blogger-escaped-style=\"color: #333333; text-align: center;\"><\/div>\n<div style=\"text-align: center;\" data-blogger-escaped-data-mce-style=\"text-align: center;\" data-blogger-escaped-style=\"color: #333333; text-align: center;\">\n<p><span style=\"font-family: 'verdana' , sans-serif;\" data-blogger-escaped-style=\"font-family: Verdana,sans-serif;\"><b>Acta del 31 de octubre de 2018<\/b><\/span><\/p>\n<\/div>\n<div style=\"text-align: center;\" data-blogger-escaped-data-mce-style=\"text-align: center;\" data-blogger-escaped-style=\"color: #333333; text-align: center;\"><\/div>\n<div style=\"text-align: left;\" data-blogger-escaped-style=\"color: #333333;\">\n<p style=\"text-align: center;\"><span style=\"font-family: 'verdana' , sans-serif;\" data-blogger-escaped-style=\"font-family: Verdana,sans-serif;\">Institutos: 39, 52, 77, 117, 199, 217 y 220<\/span><\/p>\n<\/div>\n<div style=\"text-align: left;\" data-blogger-escaped-style=\"color: #333333;\">\n<p><span style=\"font-family: 'verdana' , sans-serif;\" data-blogger-escaped-style=\"font-family: Verdana,sans-serif;\">Presentes: Luis Bidegain (director ISFD 39), Daniel Bustos (Vicedirector ISFD 39) , Mariano Bonola (director ISFT 217),\u00a0Christian Ayala (jefe de \u00e1rea ISFT 199), Miguel Enriquez\u00a0 (director ISFD 117), Rosana Sfeir (directora ISFD 77), Juliana Dobal (directora ISFT 220) Roberto Rossenblum (director ISFDyT 52)<\/span><\/p>\n<\/div>\n<div style=\"text-align: left;\" data-blogger-escaped-style=\"color: #333333;\">\n<p><span style=\"font-family: 'verdana' , sans-serif;\" data-blogger-escaped-style=\"font-family: Verdana,sans-serif;\">\u00a0<\/span><\/p>\n<\/div>\n<div style=\"text-align: left;\" data-blogger-escaped-style=\"color: #333333;\"><\/div>\n<div style=\"text-align: left;\" data-blogger-escaped-style=\"color: #333333;\"><\/div>\n<div style=\"text-align: left;\" data-blogger-escaped-style=\"color: #333333;\">\n<p><span style=\"font-family: 'verdana' , sans-serif;\" data-blogger-escaped-style=\"font-family: Verdana,sans-serif;\"><span style=\"font-size: medium;\" data-blogger-escaped-style=\"font-size: small;\"><strong>Temario<\/strong><\/span><\/span><\/p>\n<\/div>\n<div style=\"text-align: left;\" data-blogger-escaped-style=\"color: #333333;\">\n<p><span style=\"font-family: 'verdana' , sans-serif;\" data-blogger-escaped-style=\"font-family: Verdana,sans-serif;\"><span style=\"font-size: medium;\" data-blogger-escaped-style=\"font-size: small;\"><strong>\u00a0<\/strong><\/span><\/span><\/p>\n<\/div>\n<div style=\"text-align: left;\" data-blogger-escaped-style=\"color: #333333;\">\n<p><span style=\"font-family: 'verdana' , sans-serif;\" data-blogger-escaped-style=\"font-family: Verdana,sans-serif;\"><span style=\"font-size: medium;\" data-blogger-escaped-style=\"font-size: small;\"><strong>Inscripciones ingresantes 2019 &#8211; Oferta de carreras 2019<\/strong><\/span><\/span><\/p>\n<p><span style=\"font-family: 'verdana' , sans-serif;\" data-blogger-escaped-style=\"font-family: Verdana,sans-serif;\"><span style=\"font-size: medium;\" data-blogger-escaped-style=\"font-size: small;\">Los directores plantean que iniciar\u00e1n la inscripci\u00f3n definitiva en el mes de diciembre. A\u00fan no ha llagado la disposici\u00f3n de oferta de carreras 2019. Por otra parte se expresa su la necesidad de ampliar la preinscripci\u00f3n online en ABC hasta febrero marzo de acuerdo\u00a0 a las necesidades de cada instituto.<\/span><\/span><\/p>\n<p><b>Curso Inicial 2019<\/b><\/p>\n<p>Se acuerda incorporar incorporar el m\u00f3dulo de alfabetizaci\u00f3n acad\u00e9mica y tecnol\u00f3gica (Com 4\/18) para las propuestas de trabajo que dise\u00f1e cada instituto docente y mixto.<\/p>\n<p><span style=\"font-family: 'verdana' , sans-serif;\" data-blogger-escaped-style=\"font-family: Verdana,sans-serif;\"><span style=\"font-size: medium;\" data-blogger-escaped-style=\"font-size: small;\"><strong>Equivalencias\u00a0<\/strong><\/span><\/span><\/p>\n<p><span style=\"font-family: 'verdana' , sans-serif;\" data-blogger-escaped-style=\"font-family: Verdana,sans-serif;\"><span style=\"font-size: medium;\" data-blogger-escaped-style=\"font-size: small;\">Se acuerda en forma regional que se habilite el periodo de presentaci\u00f3n de solicitud de equivalencias desde el 1 de noviembre al 30 de marzo de cada a\u00f1o.<\/span><\/span><\/p>\n<p><span style=\"font-family: 'verdana' , sans-serif;\" data-blogger-escaped-style=\"font-family: Verdana,sans-serif;\"><span style=\"font-size: medium;\" data-blogger-escaped-style=\"font-size: small;\">De acuerdo a las condiciones institucionales de cada instituto se resolver\u00e1n las situaciones de cada solicitud con fecha m\u00e1xima 31 de marzo y no extenderse m\u00e1s all\u00e1 del 30 abril de cada a\u00f1o.<\/span><\/span><\/p>\n<p><span style=\"font-family: 'verdana' , sans-serif;\" data-blogger-escaped-style=\"font-family: Verdana,sans-serif;\"><span style=\"font-size: medium;\" data-blogger-escaped-style=\"font-size: small;\">Se acuerda que la presentaci\u00f3n de solicitudes no tenga restricci\u00f3n de cantidad de a\u00f1os en que se haya acreditado la materia quedando a cargo del criterio acad\u00e9mico de cada docente y director el otorgamiento.<\/span><\/span><\/p>\n<p><span style=\"font-family: 'verdana' , sans-serif;\" data-blogger-escaped-style=\"font-family: Verdana,sans-serif;\"><span style=\"font-size: medium;\" data-blogger-escaped-style=\"font-size: small;\"><strong>Cronograma Inicio de actividades 2019<\/strong><\/span><\/span><\/p>\n<p><span style=\"font-family: verdana, sans-serif;\">Inicio de actividades: 11 de febrero<\/span><\/p>\n<p><span style=\"font-family: verdana, sans-serif;\">Reuniones de personal:<\/span><\/p>\n<p><span style=\"font-family: verdana, sans-serif;\">lunes 18 de febrero: ISFDT 220<\/span><\/p>\n<p><span style=\"font-family: verdana, sans-serif;\">martes 19 de febrero: ISFD 77 &#8211; ISFD 140<\/span><\/p>\n<p><span style=\"font-family: verdana, sans-serif;\">mi\u00e9rcoles 20 de febrero: ISFT 199<\/span><\/p>\n<p><span style=\"font-family: verdana, sans-serif;\">jueves 21 de febrero: ISFD 117<\/span><\/p>\n<p><span style=\"font-family: verdana, sans-serif;\">viernes 22 de febrero ISFT 220<\/span><\/p>\n<p><span style=\"font-family: verdana, sans-serif;\">s\u00e1bado 23 de febrero: ISFD 39<\/span><\/p>\n<p><span style=\"font-family: verdana, sans-serif;\">Mesas de examen Febrero Marzo 2019<\/span><\/p>\n<p><span style=\"font-family: verdana, sans-serif;\">a partir del 25 de febrero al martes 12 de marzo<\/span><\/p>\n<p><span style=\"font-family: verdana, sans-serif;\">Curso Inicia: del 13 de marzo al 31 de marzo<\/span><\/p>\n<p>Inicio de clases: lunes 1 de abril<\/p>\n<p><b>Difusi\u00f3n de las carreras terciarias de la regi\u00f3n<\/b><\/p>\n<p>El director del ISFD 39 comenta que se realizar\u00e1 una exposici\u00f3n en la sede de su instituto para brindar informaci\u00f3n acerca de la oferta de carreras para el a\u00f1o 2019. Eso ser\u00e1 el 5 de noviembre a las 19 hs.<\/p>\n<p>El ISFT 220 realizar\u00e1 la muestra institucional el d\u00eda 15 de noviembre a partir de las 10 hs.<\/p>\n<p>Se acuerda que todos los institutos realicemos este tipo de exposici\u00f3n para difundir en forma conjunta la oferta regional.<\/p>\n<p>Tambi\u00e9n se acuerda realizar en conjunto una presentaci\u00f3n digital compartida para exponer en las jornadas y exposiciones de difusi\u00f3n de la oferta de carreras regional del nivel superior.<\/p>\n<p><b>Cambio de denominaci\u00f3n del ISFT 217<\/b><\/p>\n<p>El director del ISFT 220 comenta que se public\u00f3 la resoluci\u00f3n por la cual se denomina ISFT 217.<\/p>\n<p><b>Cobertura de cargos por pruebas puntuales<\/b><\/p>\n<p>Se menciona que en el mes de noviembre se convoc\u00f3 a pruebas puntuales para cubrir cargos vacantes de los institutos de la regi\u00f3n. Queda pendiente para cubrir el cargo de Secretario\/a del ISFD 117.<\/p>\n<p><strong>Autoevaluaci\u00f3n institucional\u00a0<\/strong><\/p>\n<p>Enriquez plantea que en el 117 se desarroll\u00f3 con normalidad y buena participaci\u00f3n de los estudiantes.<\/p>\n<p>En los institutos 77 y 52 fue muy alto el rechazo a la encuesta y muy escasa la cantidad de estudiantes que la completaron.<\/p>\n<p>En el ISFD 39 se est\u00e1 realizando a\u00fan.<\/p>\n<\/div>\n<div data-blogger-escaped-style=\"color: #333333;\">\n<p style=\"text-align: left;\"><span style=\"font-family: 'verdana' , sans-serif;\" data-blogger-escaped-style=\"font-family: Verdana,sans-serif;\"><b>Pr\u00f3ximo encuentro<\/b>: mi\u00e9rcoles 5 de diciembre a las 13 hs en el ISFT 217 de San Fernando<\/span><\/p>\n<\/div>\n","protected":false},"excerpt":{"rendered":"<p>Reuni\u00f3n Consejo Directores Regi\u00f3n 6 Acta del 31 de octubre de 2018 Institutos: 39, 52, 77, 117, 199, 217 y 220 Presentes: Luis Bidegain (director ISFD 39), Daniel Bustos (Vicedirector ISFD 39) , Mariano Bonola (director ISFT 217),\u00a0Christian Ayala (jefe de \u00e1rea ISFT 199), Miguel Enriquez\u00a0 (director ISFD 117), Rosana Sfeir (directora ISFD 77), Juliana &#8230; <a title=\"Acta del 31 de octubre de 2018\" class=\"read-more\" href=\"https:\/\/isfd52-bue.infd.edu.ar\/sitio\/acta-del-31-de-octubre-de-2018\/\" aria-label=\"More on Acta del 31 de octubre de 2018\">[+]<\/a><\/p>\n","protected":false},"author":477,"featured_media":0,"parent":0,"menu_order":0,"comment_status":"closed","ping_status":"closed","template":"","meta":[],"acf":[],"_links":{"self":[{"href":"https:\/\/isfd52-bue.infd.edu.ar\/sitio\/wp-json\/wp\/v2\/pages\/1918"}],"collection":[{"href":"https:\/\/isfd52-bue.infd.edu.ar\/sitio\/wp-json\/wp\/v2\/pages"}],"about":[{"href":"https:\/\/isfd52-bue.infd.edu.ar\/sitio\/wp-json\/wp\/v2\/types\/page"}],"author":[{"embeddable":true,"href":"https:\/\/isfd52-bue.infd.edu.ar\/sitio\/wp-json\/wp\/v2\/users\/477"}],"replies":[{"embeddable":true,"href":"https:\/\/isfd52-bue.infd.edu.ar\/sitio\/wp-json\/wp\/v2\/comments?post=1918"}],"version-history":[{"count":1,"href":"https:\/\/isfd52-bue.infd.edu.ar\/sitio\/wp-json\/wp\/v2\/pages\/1918\/revisions"}],"predecessor-version":[{"id":1919,"href":"https:\/\/isfd52-bue.infd.edu.ar\/sitio\/wp-json\/wp\/v2\/pages\/1918\/revisions\/1919"}],"wp:attachment":[{"href":"https:\/\/isfd52-bue.infd.edu.ar\/sitio\/wp-json\/wp\/v2\/media?parent=1918"}],"curies":[{"name":"wp","href":"https:\/\/api.w.org\/{rel}","templated":true}]}}