{"id":1824,"date":"2018-10-12T00:22:34","date_gmt":"2018-10-12T03:22:34","guid":{"rendered":"https:\/\/isfd52-bue.infd.edu.ar\/sitio\/?page_id=1824"},"modified":"2020-10-19T20:04:17","modified_gmt":"2020-10-19T23:04:17","slug":"producciones-del-profesorado-y-tecnicatura-superior-en-tecnologias-de-equipos-e-instalaciones-electromecanicas","status":"publish","type":"page","link":"https:\/\/isfd52-bue.infd.edu.ar\/sitio\/producciones-del-profesorado-y-tecnicatura-superior-en-tecnologias-de-equipos-e-instalaciones-electromecanicas\/","title":{"rendered":"Producciones del Profesorado en Tecnolog\u00edas de Equipos e Instalaciones Electromec\u00e1nicas"},"content":{"rendered":"<p>En este link podr\u00e1n encontrar las producciones de lxs estudiantes y docentes del ISFDyT 52 que cursan tercer y cuarto a\u00f1o del\u00a0<strong>Profesorado EN Tecnolog\u00edas de Equipos e Instalaciones Electromec\u00e1nicas:<\/strong><\/p>\n<p><a href=\"https:\/\/www.youtube.com\/watch?v=o4lLuMNDtvs&amp;t=6s\" target=\"_blank\" rel=\"noopener\">Bipedestador automatizado para personas con movilidad reducida (2018)<\/a><\/p>\n<p>&nbsp;<\/p>\n<p><a href=\"https:\/\/www.youtube.com\/watch?v=pgA_S0Nn560\" target=\"_blank\" rel=\"noopener\">Embotelladora de perfumes automatizada (2018)<\/a><\/p>\n<p>&nbsp;<\/p>\n","protected":false},"excerpt":{"rendered":"<p>En este link podr\u00e1n encontrar las producciones de lxs estudiantes y docentes del ISFDyT 52 que cursan tercer y cuarto a\u00f1o del\u00a0Profesorado EN Tecnolog\u00edas de Equipos e Instalaciones Electromec\u00e1nicas: Bipedestador automatizado para personas con movilidad reducida (2018) &nbsp; Embotelladora de perfumes automatizada (2018) &nbsp;<\/p>\n","protected":false},"author":477,"featured_media":0,"parent":0,"menu_order":0,"comment_status":"closed","ping_status":"closed","template":"","meta":[],"acf":[],"_links":{"self":[{"href":"https:\/\/isfd52-bue.infd.edu.ar\/sitio\/wp-json\/wp\/v2\/pages\/1824"}],"collection":[{"href":"https:\/\/isfd52-bue.infd.edu.ar\/sitio\/wp-json\/wp\/v2\/pages"}],"about":[{"href":"https:\/\/isfd52-bue.infd.edu.ar\/sitio\/wp-json\/wp\/v2\/types\/page"}],"author":[{"embeddable":true,"href":"https:\/\/isfd52-bue.infd.edu.ar\/sitio\/wp-json\/wp\/v2\/users\/477"}],"replies":[{"embeddable":true,"href":"https:\/\/isfd52-bue.infd.edu.ar\/sitio\/wp-json\/wp\/v2\/comments?post=1824"}],"version-history":[{"count":4,"href":"https:\/\/isfd52-bue.infd.edu.ar\/sitio\/wp-json\/wp\/v2\/pages\/1824\/revisions"}],"predecessor-version":[{"id":3531,"href":"https:\/\/isfd52-bue.infd.edu.ar\/sitio\/wp-json\/wp\/v2\/pages\/1824\/revisions\/3531"}],"wp:attachment":[{"href":"https:\/\/isfd52-bue.infd.edu.ar\/sitio\/wp-json\/wp\/v2\/media?parent=1824"}],"curies":[{"name":"wp","href":"https:\/\/api.w.org\/{rel}","templated":true}]}}