{"id":1813,"date":"2018-09-28T11:38:26","date_gmt":"2018-09-28T14:38:26","guid":{"rendered":"https:\/\/isfd52-bue.infd.edu.ar\/sitio\/?page_id=1813"},"modified":"2018-09-28T11:43:40","modified_gmt":"2018-09-28T14:43:40","slug":"jornada-sobre-reformas-educativas-en-el-isfdyt-52-2-de-octubre-de-2018","status":"publish","type":"page","link":"https:\/\/isfd52-bue.infd.edu.ar\/sitio\/jornada-sobre-reformas-educativas-en-el-isfdyt-52-2-de-octubre-de-2018\/","title":{"rendered":"Jornada sobre Reformas Educativas en el ISFDyT 52 &#8211; 2 de octubre de 2018"},"content":{"rendered":"<p style=\"text-align: center;\">Instituto Superior de Formaci\u00f3n Docente y T\u00e9cnica N\u00ba\u00a0 52<\/p>\n<p style=\"text-align: center;\">\u201cMaestro Francisco Isauro\u00a0 Arancibia\u201d<\/p>\n<p style=\"text-align: center;\">Proyecto institucional:<\/p>\n<p style=\"text-align: center;\"><strong>\u201cHacia una nueva Pedagog\u00eda de la Formaci\u00f3n<\/strong><\/p>\n<p style=\"text-align: center;\"><strong><em>Propuestas para el desarrollo profesional docente aut\u00f3nomo\u201d<\/em><\/strong><\/p>\n<p style=\"text-align: center;\">Actividades Octubre 2018<\/p>\n<p>&nbsp;<\/p>\n<h2 style=\"text-align: center;\">\u00a0 \u00a0 \u00a0Jornada sobre Reformas Educativas<\/h2>\n<h2 style=\"text-align: center;\">Para analizar y profundizar los debates.<\/h2>\n<h2 style=\"text-align: center;\">Mesas de trabajo y Exposiciones<\/h2>\n<h2 style=\"text-align: center;\">\u00a0 \u00a0 \u00a02 de octubre de 2018 &#8211; 18.30 hs<\/h2>\n<p style=\"text-align: center;\"><strong>\u00a0Entrada libre, no requiere inscripci\u00f3n previa<\/strong><\/p>\n<p style=\"text-align: center;\"><strong>Se otorgar\u00e1n certificados de asistencia y participaci\u00f3n<\/strong><\/p>\n<p style=\"text-align: center;\"><strong>Lugar:\u00a0Rivadavia\u00a0349, San Isidro<\/strong><\/p>\n<p style=\"text-align: center;\"><strong>Consultas: pedagogiadelaformacion52@gmail.com<\/strong><\/p>\n<p>&nbsp;<\/p>\n<p>&nbsp;<\/p>\n<p>&nbsp;<\/p>\n<p>&nbsp;<\/p>\n<p>&nbsp;<\/p>\n<p>&nbsp;<\/p>\n","protected":false},"excerpt":{"rendered":"<p>Instituto Superior de Formaci\u00f3n Docente y T\u00e9cnica N\u00ba\u00a0 52 \u201cMaestro Francisco Isauro\u00a0 Arancibia\u201d Proyecto institucional: \u201cHacia una nueva Pedagog\u00eda de la Formaci\u00f3n Propuestas para el desarrollo profesional docente aut\u00f3nomo\u201d Actividades Octubre 2018 &nbsp; \u00a0 \u00a0 \u00a0Jornada sobre Reformas Educativas Para analizar y profundizar los debates. Mesas de trabajo y Exposiciones \u00a0 \u00a0 \u00a02 de octubre &#8230; <a title=\"Jornada sobre Reformas Educativas en el ISFDyT 52 &#8211; 2 de octubre de 2018\" class=\"read-more\" href=\"https:\/\/isfd52-bue.infd.edu.ar\/sitio\/jornada-sobre-reformas-educativas-en-el-isfdyt-52-2-de-octubre-de-2018\/\" aria-label=\"More on Jornada sobre Reformas Educativas en el ISFDyT 52 &#8211; 2 de octubre de 2018\">[+]<\/a><\/p>\n","protected":false},"author":477,"featured_media":0,"parent":0,"menu_order":0,"comment_status":"closed","ping_status":"closed","template":"","meta":[],"acf":[],"_links":{"self":[{"href":"https:\/\/isfd52-bue.infd.edu.ar\/sitio\/wp-json\/wp\/v2\/pages\/1813"}],"collection":[{"href":"https:\/\/isfd52-bue.infd.edu.ar\/sitio\/wp-json\/wp\/v2\/pages"}],"about":[{"href":"https:\/\/isfd52-bue.infd.edu.ar\/sitio\/wp-json\/wp\/v2\/types\/page"}],"author":[{"embeddable":true,"href":"https:\/\/isfd52-bue.infd.edu.ar\/sitio\/wp-json\/wp\/v2\/users\/477"}],"replies":[{"embeddable":true,"href":"https:\/\/isfd52-bue.infd.edu.ar\/sitio\/wp-json\/wp\/v2\/comments?post=1813"}],"version-history":[{"count":2,"href":"https:\/\/isfd52-bue.infd.edu.ar\/sitio\/wp-json\/wp\/v2\/pages\/1813\/revisions"}],"predecessor-version":[{"id":1816,"href":"https:\/\/isfd52-bue.infd.edu.ar\/sitio\/wp-json\/wp\/v2\/pages\/1813\/revisions\/1816"}],"wp:attachment":[{"href":"https:\/\/isfd52-bue.infd.edu.ar\/sitio\/wp-json\/wp\/v2\/media?parent=1813"}],"curies":[{"name":"wp","href":"https:\/\/api.w.org\/{rel}","templated":true}]}}