{"id":1796,"date":"2018-09-24T10:46:32","date_gmt":"2018-09-24T13:46:32","guid":{"rendered":"https:\/\/isfd52-bue.infd.edu.ar\/sitio\/?page_id=1796"},"modified":"2018-09-24T10:46:39","modified_gmt":"2018-09-24T13:46:39","slug":"acta-del-19-de-setiembre-de-2018","status":"publish","type":"page","link":"https:\/\/isfd52-bue.infd.edu.ar\/sitio\/acta-del-19-de-setiembre-de-2018\/","title":{"rendered":"Acta del 19 de setiembre de 2018"},"content":{"rendered":"<div data-blogger-escaped-data-mce-style=\"text-align: center;\" data-blogger-escaped-style=\"color: #333333; text-align: center;\">\n<p style=\"text-align: center;\"><span style=\"font-family: 'verdana' , sans-serif;\" data-blogger-escaped-style=\"font-family: Verdana,sans-serif;\"><span style=\"font-size: medium;\" data-blogger-escaped-style=\"font-size: small;\"><b>Reuni\u00f3n Consejo Directores Regi\u00f3n 6<\/b><\/span><\/span><\/p>\n<\/div>\n<div style=\"text-align: center;\" data-blogger-escaped-data-mce-style=\"text-align: center;\" data-blogger-escaped-style=\"color: #333333; text-align: center;\"><\/div>\n<div data-blogger-escaped-data-mce-style=\"text-align: center;\" data-blogger-escaped-style=\"color: #333333; text-align: center;\">\n<p style=\"text-align: center;\"><span style=\"font-family: 'verdana' , sans-serif;\" data-blogger-escaped-style=\"font-family: Verdana,sans-serif;\"><b><span style=\"font-size: medium;\" data-blogger-escaped-style=\"font-size: small;\">Acta del 19 de setiembre de 2018<\/span><\/b><\/span><\/p>\n<\/div>\n<div data-blogger-escaped-data-mce-style=\"text-align: center;\" data-blogger-escaped-style=\"color: #333333; text-align: center;\"><\/div>\n<div data-blogger-escaped-style=\"color: #333333;\">\n<p><span style=\"font-family: 'verdana' , sans-serif;\" data-blogger-escaped-style=\"font-family: Verdana,sans-serif;\"><span style=\"font-size: medium;\" data-blogger-escaped-style=\"font-size: small;\">Institutos: 39, 52, 77, 140, 177, 199, 217 y 220<\/span><\/span><\/p>\n<\/div>\n<div data-blogger-escaped-style=\"color: #333333;\">\n<p><span style=\"font-family: 'verdana' , sans-serif;\" data-blogger-escaped-style=\"font-family: Verdana,sans-serif;\"><span style=\"font-size: medium;\" data-blogger-escaped-style=\"font-size: small;\">Presentes: Luis Bidegain (director ISFD 39), Daniel Bustos (Vicedirector ISFD 39) , Mariano Bonola (director ISFT 217),\u00a0Arsenio Gonzalez\u00a0(regente ISFT 199), Miguel Enriquez\u00a0 (director ISFD 117), Rosana Sfeir (directora ISFD 77), Mario Dittler (director ISFT 199), Juliana Dobal (directora ISFT 220) Roberto Rossenblum (director ISFDyT 52)<\/span><\/span><\/p>\n<\/div>\n<div data-blogger-escaped-style=\"color: #333333;\">\n<p><span style=\"font-family: 'verdana' , sans-serif;\" data-blogger-escaped-style=\"font-family: Verdana,sans-serif;\"><span style=\"font-size: medium;\" data-blogger-escaped-style=\"font-size: small;\"><strong>Temario<\/strong><\/span><\/span><\/p>\n<\/div>\n<div data-blogger-escaped-style=\"color: #333333;\">\n<p><span style=\"font-family: 'verdana' , sans-serif;\" data-blogger-escaped-style=\"font-family: Verdana,sans-serif;\"><span style=\"font-size: medium;\" data-blogger-escaped-style=\"font-size: small;\"><strong>\u00a0<\/strong><\/span><\/span><\/p>\n<\/div>\n<div data-blogger-escaped-style=\"color: #333333;\">\n<p><span style=\"font-family: 'verdana' , sans-serif;\" data-blogger-escaped-style=\"font-family: Verdana,sans-serif;\"><span style=\"font-size: medium;\" data-blogger-escaped-style=\"font-size: small;\"><strong>\u00a0Oferta de carreras &#8211; Proyecto regional de Seguridad e Higiene &#8211; Boleto Estudiantil &#8211; Becas &#8211; Infraestructura &#8211; ENCAHIN<\/strong><\/span><\/span><\/p>\n<\/div>\n<div data-blogger-escaped-style=\"color: #333333;\"><\/div>\n<div data-blogger-escaped-style=\"color: #333333;\">\n<p><span style=\"font-family: 'verdana' , sans-serif;\" data-blogger-escaped-style=\"font-family: Verdana,sans-serif;\"><span style=\"font-size: medium;\" data-blogger-escaped-style=\"font-size: small;\"><strong>1- Oferta de carreras<\/strong><\/span><\/span><\/p>\n<\/div>\n<div data-blogger-escaped-style=\"color: #333333;\">\n<p><span style=\"font-family: 'verdana' , sans-serif;\" data-blogger-escaped-style=\"font-family: Verdana,sans-serif;\"><span style=\"font-size: medium;\" data-blogger-escaped-style=\"font-size: small;\"><strong>\u00a0<\/strong><\/span><\/span><\/p>\n<\/div>\n<div data-blogger-escaped-style=\"color: #333333;\">\n<p><span style=\"font-family: 'verdana' , sans-serif;\" data-blogger-escaped-style=\"font-family: Verdana,sans-serif;\"><span style=\"font-size: medium;\" data-blogger-escaped-style=\"font-size: small;\">Dittler plantea las dificultades de cumplir con plazos de la Comunicaci\u00f3n 22\/18 en relaci\u00f3n con el requisito de reuni\u00f3n previa del COPRET.<\/span><\/span><\/p>\n<\/div>\n<div data-blogger-escaped-style=\"color: #333333;\">\n<p><span style=\"font-family: 'verdana' , sans-serif;\" data-blogger-escaped-style=\"font-family: Verdana,sans-serif;\"><span style=\"font-size: medium;\" data-blogger-escaped-style=\"font-size: small;\">Los directores plantean la dificultad de cumplir con las instancias de avales internos, distritales y regional antes del 28 de setiembre.<\/span><\/span><\/p>\n<\/div>\n<div data-blogger-escaped-style=\"color: #333333;\">\n<p><span style=\"font-family: 'verdana' , sans-serif;\" data-blogger-escaped-style=\"font-family: Verdana,sans-serif;\"><span style=\"font-size: medium;\" data-blogger-escaped-style=\"font-size: small;\">En el momento se realiza una comunicaci\u00f3n telef\u00f3nica con Eleonora Cuchiarelli, Directora de Educaci\u00f3n Superior de Formaci\u00f3n Docente Inicial. La directora aclara que ser\u00e1 suficiente con la autorizaci\u00f3n y firma de la Inspecci\u00f3n Regional, y del Consejo Regional de Directores del Nivel Superior.\u00a0<\/span><\/span><\/p>\n<\/div>\n<div data-blogger-escaped-style=\"color: #333333;\">\n<p><span style=\"font-family: 'verdana' , sans-serif;\" data-blogger-escaped-style=\"font-family: Verdana,sans-serif;\"><span style=\"font-size: medium;\" data-blogger-escaped-style=\"font-size: small;\">Tambi\u00e9n se realiz\u00f3 una comunciaci\u00f3n con la Directora de Educaci\u00f3n Superior de Formaci\u00f3n T\u00e9cnica, Roci\u00f3 Orellano, quien expres\u00f3 que el COPRET debe invitar a los ISFT para el an\u00e1lisis y aval de la oferta de carreras 2019. Dado que no se tuvo esa invitaci\u00f3n, la directora se contactar\u00e1 con el COPRET para indicar la respuesta con los pasos a seguir y poder cumplir con los plazos establecidos.<\/span><\/span><\/p>\n<\/div>\n<div data-blogger-escaped-style=\"color: #333333;\"><\/div>\n<div data-blogger-escaped-style=\"color: #333333;\"><\/div>\n<div data-blogger-escaped-style=\"color: #333333;\">\n<p><span style=\"font-family: 'verdana' , sans-serif;\" data-blogger-escaped-style=\"font-family: Verdana,sans-serif;\"><span style=\"font-size: medium;\" data-blogger-escaped-style=\"font-size: small;\">En cuanto a la oferta regional los directores, luego de analizar la propuesta de cada instituto, acuerdan en presentar la misma oferta de carreras del a\u00f1o 2018 a excepci\u00f3n de la solicitud de apertura del Profesorado de Matem\u00e1tica en el turno tarde en sede Baires de Don Torcuato, distrito Tigre del ISFDyT 140. Tambi\u00e9n se aclara que se abre por crecimiento vegetativo el tercer a\u00f1o de la Tecnicatura de Seguridad e Higiene del ISFT 220 de Munro y el tercer a\u00f1o de la Tecnicatura Superior en Administraci\u00f3n de Recursos Humanos del ISFT 199 de Tigre.<\/span><\/span><\/p>\n<\/div>\n<div data-blogger-escaped-style=\"color: #333333;\">\n<p><span style=\"font-family: 'verdana' , sans-serif;\" data-blogger-escaped-style=\"font-family: Verdana,sans-serif;\"><span style=\"font-size: medium;\" data-blogger-escaped-style=\"font-size: small;\">\u00a0<\/span><\/span><\/p>\n<\/div>\n<div data-blogger-escaped-style=\"color: #333333;\">\n<p><span style=\"font-family: 'verdana' , sans-serif;\" data-blogger-escaped-style=\"font-family: Verdana,sans-serif;\"><span style=\"font-size: medium;\" data-blogger-escaped-style=\"font-size: small;\">En cuanto a la preinscripci\u00f3n online en el ABC se plantea nuevamente las disficultades que ha ocasionado. En la reuni\u00f3n de referentes regionales se expres\u00f3 esta situci\u00f3n ante las Directoras provinciales de Formaci\u00f3n Docente y T\u00e9cnica quienes se comprometieron a tener en cuenta estos reclamos. Esto incluy\u00f3 la necesidad de abrir la inscripci\u00f3n en el mes de febrero.<\/span><\/span><\/p>\n<\/div>\n<div data-blogger-escaped-style=\"color: #333333;\"><\/div>\n<div data-blogger-escaped-style=\"color: #333333;\"><\/div>\n<div data-blogger-escaped-style=\"color: #333333;\">\n<p><span style=\"font-family: 'verdana' , sans-serif;\" data-blogger-escaped-style=\"font-family: Verdana,sans-serif;\"><span style=\"font-size: medium;\" data-blogger-escaped-style=\"font-size: small;\"><strong>Proyecto regional de Seguridad e Higiene<\/strong><\/span><\/span><\/p>\n<\/div>\n<div data-blogger-escaped-style=\"color: #333333;\"><\/div>\n<div data-blogger-escaped-style=\"color: #333333;\">\n<p><span style=\"font-family: 'verdana' , sans-serif;\" data-blogger-escaped-style=\"font-family: Verdana,sans-serif;\"><span style=\"font-size: medium;\" data-blogger-escaped-style=\"font-size: small;\">Los directores aprueban y apoyan la presentaci\u00f3n del Proyecto regional de Pr\u00e1cticas Profesionalizantes en Higiene y Seguridad de los ISFT de la regi\u00f3n que presentaremos a la brevedad en la Direcci\u00f3n Provincial de Educaci\u00f3n Superior de Formaci\u00f3n T\u00e9cnica.<\/span><\/span><\/p>\n<\/div>\n<div data-blogger-escaped-style=\"color: #333333;\"><\/div>\n<div data-blogger-escaped-style=\"color: #333333;\">\n<p><span style=\"font-family: 'verdana' , sans-serif;\" data-blogger-escaped-style=\"font-family: Verdana,sans-serif;\"><span style=\"font-size: medium;\" data-blogger-escaped-style=\"font-size: small;\"><b>ENCAHIN 2018<\/b><\/span><\/span><\/p>\n<\/div>\n<p><span style=\"font-family: 'verdana' , sans-serif;\" data-blogger-escaped-style=\"font-family: Verdana,sans-serif;\"><span style=\"font-size: medium;\" data-blogger-escaped-style=\"font-size: small;\">Se informa que por custiones organizativas el Encuentro ENCAHIN 2018 se realizar\u00e1 el 1 de octubre a las 18.30 hs en el ISFD 39 de Vicente Lopez.<\/span><\/span><\/p>\n<p><span style=\"font-family: 'verdana' , sans-serif;\" data-blogger-escaped-style=\"font-family: Verdana,sans-serif;\"><span style=\"font-size: medium;\" data-blogger-escaped-style=\"font-size: small;\"><strong>Boleto Estudiantil &#8211; Becas<\/strong><\/span><\/span><\/p>\n<div data-blogger-escaped-style=\"color: #333333;\">\n<p><span style=\"font-family: 'verdana' , sans-serif;\" data-blogger-escaped-style=\"font-family: Verdana,sans-serif;\"><span style=\"font-size: medium;\" data-blogger-escaped-style=\"font-size: small;\">Los directores plantean nuevamente las dificultades econ\u00f3micas que atraviesan los\/las estudiantes de los institutos y la urgente necesidad de implementar el Boleto Estudiantil y la universalizaci\u00f3n de becas como las existentes hasta 2015 (Becas Est\u00edmulos Econ\u00f3micos).<\/span><\/span><\/p>\n<\/div>\n<div data-blogger-escaped-style=\"color: #333333;\">\n<p><span style=\"font-family: 'verdana' , sans-serif;\" data-blogger-escaped-style=\"font-family: Verdana,sans-serif;\"><span style=\"font-size: medium;\" data-blogger-escaped-style=\"font-size: small;\">Se vienen registrando en todos los institutos preocupantes situaciones en las que los\/las estudianten manifiestan que no pueden asistir por no contar con los medios econ\u00f3micos para el transporte (en muchos casos supera los 50 pesos diarios).<\/span><\/span><\/p>\n<\/div>\n<div data-blogger-escaped-style=\"color: #333333;\">\n<p><span style=\"font-family: 'verdana' , sans-serif;\" data-blogger-escaped-style=\"font-family: Verdana,sans-serif;\"><span style=\"font-size: medium;\" data-blogger-escaped-style=\"font-size: small;\">Bidegain plantea que en el ISFD 39 se autoriz\u00f3 la inasistencia de estudiantes que tienen dificultades econ\u00f3micas para el transporte y sostenimiento de las actividades pedag\u00f3gicas. Los otros directores plantean que generar\u00e1n alternativas de intervenci\u00f3n sobre esta situaci\u00f3n teniendo en cuenta la realidad institucional particular de cada instituto.<\/span><\/span><span style=\"font-family: verdana, sans-serif; font-size: medium;\">\u00a0<\/span><\/p>\n<\/div>\n<div data-blogger-escaped-style=\"color: #333333;\">\n<p><span style=\"font-family: 'verdana' , sans-serif;\" data-blogger-escaped-style=\"font-family: Verdana,sans-serif;\"><span style=\"font-size: medium;\" data-blogger-escaped-style=\"font-size: small;\"><strong>Infraestructura<\/strong><\/span><\/span><\/p>\n<\/div>\n<div data-blogger-escaped-style=\"color: #333333;\">\n<p><span style=\"font-family: 'verdana' , sans-serif;\" data-blogger-escaped-style=\"font-family: Verdana,sans-serif;\"><span style=\"font-size: medium;\" data-blogger-escaped-style=\"font-size: small;\">Los directores plantean dificultades para la ralizaci\u00f3n de obras en de la instalaci\u00f3n de gas, electricidad, plomer\u00eda y reparaci\u00f3n de techos y mamposter\u00eda\u00a0<strong><br \/>\n<\/strong><\/span><\/span><\/p>\n<\/div>\n<div data-blogger-escaped-style=\"color: #333333;\">\n<p>&nbsp;<\/p>\n<\/div>\n<div data-blogger-escaped-style=\"color: #333333;\">\n<p><span style=\"font-family: 'verdana' , sans-serif;\" data-blogger-escaped-style=\"font-family: Verdana,sans-serif;\"><span style=\"font-size: medium;\" data-blogger-escaped-style=\"font-size: small;\">Pr\u00f3ximo encuentro: mi\u00e9rcoles 31 de octubre a las 13 hs en el ISFT 217 de San Fernando<\/span><\/span><\/p>\n<\/div>\n","protected":false},"excerpt":{"rendered":"<p>Reuni\u00f3n Consejo Directores Regi\u00f3n 6 Acta del 19 de setiembre de 2018 Institutos: 39, 52, 77, 140, 177, 199, 217 y 220 Presentes: Luis Bidegain (director ISFD 39), Daniel Bustos (Vicedirector ISFD 39) , Mariano Bonola (director ISFT 217),\u00a0Arsenio Gonzalez\u00a0(regente ISFT 199), Miguel Enriquez\u00a0 (director ISFD 117), Rosana Sfeir (directora ISFD 77), Mario Dittler (director &#8230; <a title=\"Acta del 19 de setiembre de 2018\" class=\"read-more\" href=\"https:\/\/isfd52-bue.infd.edu.ar\/sitio\/acta-del-19-de-setiembre-de-2018\/\" aria-label=\"More on Acta del 19 de setiembre de 2018\">[+]<\/a><\/p>\n","protected":false},"author":477,"featured_media":0,"parent":0,"menu_order":0,"comment_status":"closed","ping_status":"closed","template":"","meta":[],"acf":[],"_links":{"self":[{"href":"https:\/\/isfd52-bue.infd.edu.ar\/sitio\/wp-json\/wp\/v2\/pages\/1796"}],"collection":[{"href":"https:\/\/isfd52-bue.infd.edu.ar\/sitio\/wp-json\/wp\/v2\/pages"}],"about":[{"href":"https:\/\/isfd52-bue.infd.edu.ar\/sitio\/wp-json\/wp\/v2\/types\/page"}],"author":[{"embeddable":true,"href":"https:\/\/isfd52-bue.infd.edu.ar\/sitio\/wp-json\/wp\/v2\/users\/477"}],"replies":[{"embeddable":true,"href":"https:\/\/isfd52-bue.infd.edu.ar\/sitio\/wp-json\/wp\/v2\/comments?post=1796"}],"version-history":[{"count":1,"href":"https:\/\/isfd52-bue.infd.edu.ar\/sitio\/wp-json\/wp\/v2\/pages\/1796\/revisions"}],"predecessor-version":[{"id":1797,"href":"https:\/\/isfd52-bue.infd.edu.ar\/sitio\/wp-json\/wp\/v2\/pages\/1796\/revisions\/1797"}],"wp:attachment":[{"href":"https:\/\/isfd52-bue.infd.edu.ar\/sitio\/wp-json\/wp\/v2\/media?parent=1796"}],"curies":[{"name":"wp","href":"https:\/\/api.w.org\/{rel}","templated":true}]}}