{"id":1791,"date":"2018-09-22T12:14:04","date_gmt":"2018-09-22T15:14:04","guid":{"rendered":"https:\/\/isfd52-bue.infd.edu.ar\/sitio\/?page_id=1791"},"modified":"2018-09-22T12:14:07","modified_gmt":"2018-09-22T15:14:07","slug":"capacitacion-en-pantalla-digital-interactica-pdi-en-el-isfdyt-52","status":"publish","type":"page","link":"https:\/\/isfd52-bue.infd.edu.ar\/sitio\/capacitacion-en-pantalla-digital-interactica-pdi-en-el-isfdyt-52\/","title":{"rendered":"Capacitaci\u00f3n en Pantalla Digital Interactica (PDI) en el ISFDyT 52"},"content":{"rendered":"<p>Informamos que el <strong>jueves 27 de setiembre de 18 a 20 hs se realizar\u00e1 en sede Rivadavia<\/strong> una capacitaci\u00f3n en el uso de la Pantalla Digital Interactiva (PDI) que hemos recibido este a\u00f1o en nuestra instituci\u00f3n como parte del equipamiento inform\u00e1tico.<\/p>\n<p>La actividad est\u00e1 destinada para estudiantes y estudiantes de nuestro instituto y est\u00e1 a cargo del equipo regional de la Direcci\u00f3n Provincial de Tecnolog\u00eda Educativa. No requiere inscripci\u00f3n previa. Se entregar\u00e1n certificados de asistencia y participaci\u00f3n.<\/p>\n<p>Consultas: pedagogiadelaformacion52@gmail.com<\/p>\n","protected":false},"excerpt":{"rendered":"<p>Informamos que el jueves 27 de setiembre de 18 a 20 hs se realizar\u00e1 en sede Rivadavia una capacitaci\u00f3n en el uso de la Pantalla Digital Interactiva (PDI) que hemos recibido este a\u00f1o en nuestra instituci\u00f3n como parte del equipamiento inform\u00e1tico. La actividad est\u00e1 destinada para estudiantes y estudiantes de nuestro instituto y est\u00e1 a &#8230; <a title=\"Capacitaci\u00f3n en Pantalla Digital Interactica (PDI) en el ISFDyT 52\" class=\"read-more\" href=\"https:\/\/isfd52-bue.infd.edu.ar\/sitio\/capacitacion-en-pantalla-digital-interactica-pdi-en-el-isfdyt-52\/\" aria-label=\"More on Capacitaci\u00f3n en Pantalla Digital Interactica (PDI) en el ISFDyT 52\">[+]<\/a><\/p>\n","protected":false},"author":477,"featured_media":0,"parent":0,"menu_order":0,"comment_status":"closed","ping_status":"closed","template":"","meta":[],"acf":[],"_links":{"self":[{"href":"https:\/\/isfd52-bue.infd.edu.ar\/sitio\/wp-json\/wp\/v2\/pages\/1791"}],"collection":[{"href":"https:\/\/isfd52-bue.infd.edu.ar\/sitio\/wp-json\/wp\/v2\/pages"}],"about":[{"href":"https:\/\/isfd52-bue.infd.edu.ar\/sitio\/wp-json\/wp\/v2\/types\/page"}],"author":[{"embeddable":true,"href":"https:\/\/isfd52-bue.infd.edu.ar\/sitio\/wp-json\/wp\/v2\/users\/477"}],"replies":[{"embeddable":true,"href":"https:\/\/isfd52-bue.infd.edu.ar\/sitio\/wp-json\/wp\/v2\/comments?post=1791"}],"version-history":[{"count":1,"href":"https:\/\/isfd52-bue.infd.edu.ar\/sitio\/wp-json\/wp\/v2\/pages\/1791\/revisions"}],"predecessor-version":[{"id":1792,"href":"https:\/\/isfd52-bue.infd.edu.ar\/sitio\/wp-json\/wp\/v2\/pages\/1791\/revisions\/1792"}],"wp:attachment":[{"href":"https:\/\/isfd52-bue.infd.edu.ar\/sitio\/wp-json\/wp\/v2\/media?parent=1791"}],"curies":[{"name":"wp","href":"https:\/\/api.w.org\/{rel}","templated":true}]}}